{"id":1634,"date":"2022-12-20T17:54:00","date_gmt":"2022-12-20T16:54:00","guid":{"rendered":"https:\/\/rocblanc.com\/gastronomia\/restaurant-entrecote-andorra\/"},"modified":"2026-03-06T11:50:54","modified_gmt":"2026-03-06T10:50:54","slug":"restaurant-entrecote-andorra","status":"publish","type":"page","link":"https:\/\/rocblanc.com\/ca\/gastronomia\/restaurant-entrecote-andorra\/","title":{"rendered":"L&#8217;Entrec\u00f4te"},"content":{"rendered":"\n\t<section class=\"section\" id=\"section_565898081\">\n\t\t<div class=\"section-bg fill\" >\n\t\t\t\t\t\t\t\t\t\n\t\t\t\n\n\t\t<\/div>\n\n\t\t\n\n\t\t<div class=\"section-content relative\">\n\t\t\t\n<div class=\"row row-collapse row-full-width\"  id=\"row-1782918430\">\n\n\t<div id=\"col-402696401\" class=\"col small-12 large-12\"  >\n\t\t\t\t<div class=\"col-inner\"  >\n\t\t\t\n\t\t\t\n\n  <div class=\"banner has-hover\" id=\"banner-1887470262\">\n          <div class=\"banner-inner fill\">\n        <div class=\"banner-bg fill\" >\n            <img decoding=\"async\" width=\"2000\" height=\"1125\" src=\"https:\/\/rocblanc.com\/wp-content\/uploads\/2022\/12\/lentrecot-restaurant-roc-blanc-hotel-spa-andorra.webp\" class=\"bg attachment-original size-original\" alt=\"L\u00b4entrecote restaurant interior - roc blanc hotel &amp; spa andorra\" \/>                        <div class=\"overlay\"><\/div>            \n                    <\/div>\n\t\t\n        <div class=\"banner-layers container\">\n            <div class=\"fill banner-link\"><\/div>            \n   <div id=\"text-box-1797844217\" class=\"text-box banner-layer x50 md-x50 lg-x50 y50 md-y50 lg-y50 res-text\">\n                                <div class=\"text-box-content text dark\">\n              \n              <div class=\"text-inner text-center\">\n                  \n<h1>Restaurant L&#8217;Entrec\u00f4te Andorra<\/h1>\n              <\/div>\n           <\/div>\n                            \n<style>\n#text-box-1797844217 {\n  width: 93%;\n}\n#text-box-1797844217 .text-box-content {\n  font-size: 100%;\n}\n@media (min-width:550px) {\n  #text-box-1797844217 {\n    width: 70%;\n  }\n}\n@media (min-width:850px) {\n  #text-box-1797844217 {\n    width: 60%;\n  }\n}\n<\/style>\n    <\/div>\n \n        <\/div>\n      <\/div>\n\n            \n<style>\n#banner-1887470262 {\n  padding-top: 500px;\n}\n#banner-1887470262 .overlay {\n  background-color: rgba(0, 0, 0, 0.4);\n}\n#banner-1887470262 .banner-bg img {\n  object-position: 60% 55%;\n}\n<\/style>\n  <\/div>\n\n\n\t\t<\/div>\n\t\t\t\t\t<\/div>\n\n\t\n<\/div>\n\t\t<\/div>\n\n\t\t\n<style>\n#section_565898081 {\n  padding-top: 0px;\n  padding-bottom: 0px;\n}\n<\/style>\n\t<\/section>\n\t\n\t<div id=\"gap-251516728\" class=\"gap-element clearfix\" style=\"display:block; height:auto;\">\n\t\t\n<style>\n#gap-251516728 {\n  padding-top: 20px;\n}\n@media (min-width:550px) {\n  #gap-251516728 {\n    padding-top: 90px;\n  }\n}\n<\/style>\n\t<\/div>\n\t\n\n\t<section class=\"section\" id=\"section_1440004067\">\n\t\t<div class=\"section-bg fill\" >\n\t\t\t\t\t\t\t\t\t\n\t\t\t\n\n\t\t<\/div>\n\n\t\t\n\n\t\t<div class=\"section-content relative\">\n\t\t\t\n<div class=\"row\"  id=\"row-58859614\">\n\n\t<div id=\"col-1409229311\" class=\"col small-11 large-12\"  >\n\t\t\t\t<div class=\"col-inner text-left\" style=\"background-color:#e8e1d2;\" >\n\t\t\t\n\t\t\t\n<h2>L&#8217;Entrec\u00f4te<\/h2>\n<div class=\"is-divider divider clearfix\" style=\"margin-top:20px;margin-bottom:20px;height:2px;\"><\/div>\n\t<div id=\"text-1382599693\" class=\"text\">\n\t\t\n<p>Troba el millor restaurant de carns d&#8217;Andorra La Vella, L&#8217;Entrecote. Ceneu amb estil a la Pla\u00e7a Copr\u00ednceps just al costat de The Shopping Mile i gaudiu de la millor carn local i ingredients dels Pirineus.<\/p>\n\t\t\n<style>\n#text-1382599693 {\n  text-align: left;\n}\n<\/style>\n\t<\/div>\n\t\n\t\t<\/div>\n\t\t\t\t\n<style>\n#col-1409229311 > .col-inner {\n  padding: 50px 10% 30px 10%;\n  margin: 10% 0px 0px 5%;\n}\n@media (min-width:550px) {\n  #col-1409229311 > .col-inner {\n    padding: 50px 50% 30px 10%;\n    margin: 10% 0px 0px 0px;\n  }\n}\n<\/style>\n\t<\/div>\n\n\t\n\n\t<div id=\"col-1402949165\" class=\"col medium-7 small-12 large-5\"  >\n\t\t\t\t<div class=\"col-inner text-right\"  >\n\t\t\t\n\t\t\t\n\t<div class=\"img has-hover x md-x lg-x y md-y lg-y\" id=\"image_1656946987\">\n\t\t\t\t\t\t\t\t<div class=\"img-inner image-cover box-shadow-2 dark\" style=\"padding-top:100%;\">\n\t\t\t<img decoding=\"async\" width=\"2000\" height=\"1125\" src=\"https:\/\/rocblanc.com\/wp-content\/uploads\/2022\/12\/mesas-lentrecot-restaurant-roc-blanc-hotel-spa-andorra.webp\" class=\"attachment-original size-original\" alt=\"tables at L \u00e9ntrecote restaurant - roc blanc hotel &amp; spa andorra\" srcset=\"https:\/\/rocblanc.com\/wp-content\/uploads\/2022\/12\/mesas-lentrecot-restaurant-roc-blanc-hotel-spa-andorra.webp 2000w, https:\/\/rocblanc.com\/wp-content\/uploads\/2022\/12\/mesas-lentrecot-restaurant-roc-blanc-hotel-spa-andorra-300x169.webp 300w, https:\/\/rocblanc.com\/wp-content\/uploads\/2022\/12\/mesas-lentrecot-restaurant-roc-blanc-hotel-spa-andorra-1024x576.webp 1024w, https:\/\/rocblanc.com\/wp-content\/uploads\/2022\/12\/mesas-lentrecot-restaurant-roc-blanc-hotel-spa-andorra-768x432.webp 768w, https:\/\/rocblanc.com\/wp-content\/uploads\/2022\/12\/mesas-lentrecot-restaurant-roc-blanc-hotel-spa-andorra-1536x864.webp 1536w\" sizes=\"(max-width: 2000px) 100vw, 2000px\" \/>\t\t\t\t\t\t\n\t\t\t\t\t<\/div>\n\t\t\t\t\t\t\t\t\n<style>\n#image_1656946987 {\n  width: 100%;\n}\n<\/style>\n\t<\/div>\n\t\n\t\t<\/div>\n\t\t\t\t\n<style>\n#col-1402949165 > .col-inner {\n  margin: -50px 0px 0px 0px;\n}\n@media (min-width:550px) {\n  #col-1402949165 > .col-inner {\n    margin: -420px 0px 0px 90%;\n  }\n}\n@media (min-width:850px) {\n  #col-1402949165 > .col-inner {\n    margin: -450px 0px 0px 140%;\n  }\n}\n<\/style>\n\t<\/div>\n\n\t\n<\/div>\n\t\t<\/div>\n\n\t\t\n<style>\n#section_1440004067 {\n  padding-top: 0px;\n  padding-bottom: 0px;\n}\n<\/style>\n\t<\/section>\n\t\n\n\t<section class=\"section\" id=\"section_1151392698\">\n\t\t<div class=\"section-bg fill\" >\n\t\t\t\t\t\t\t\t\t\n\t\t\t\n\n\t\t<\/div>\n\n\t\t\n\n\t\t<div class=\"section-content relative\">\n\t\t\t\n<div class=\"row\"  id=\"row-1157724945\">\n\n\t<div id=\"col-787363010\" class=\"col small-11 large-12\"  >\n\t\t\t\t<div class=\"col-inner text-left\" style=\"background-color:#e8e1d2;\" >\n\t\t\t\n\t\t\t\n<h3>INFO<\/h3>\n<div class=\"is-divider divider clearfix\" style=\"margin-top:20px;margin-bottom:20px;height:2px;\"><\/div>\n<p><i class=\"fa-regular fa-clock\"><\/i> Horari<br \/>Esmorzar: 08:00h a 11:ooh <br \/>Menjar: 12:30h a 15:00h <br \/>Sopar: 20:ooh a 22:30h<\/p>\n<p><i class=\"fa-light fa-mobile\"><\/i> Contacto<br \/><i class=\"fa-light fa-phone\"><\/i> <a href=\"tel:+376871475\">+376 871475<\/a><\/p>\n<a href=\"https:\/\/rocblanc.com\/wp-content\/uploads\/2025\/09\/Menu-Entrecote-Invierno-CAT-ES-AF.pdf\" target=\"_blank\" class=\"button primary is-underline is-large\" rel=\"noopener\" >\n\t\t<span>Men\u00fa Principal<\/span>\n\t<\/a>\n\n<a href=\"https:\/\/rocblanc.com\/wp-content\/uploads\/2025\/07\/Menu-Tapas-2025-_TR_compressed.pdf\" target=\"_blank\" class=\"button primary is-underline is-large\" rel=\"noopener\" >\n\t\t<span>Men\u00fa de Tapes<\/span>\n\t<\/a>\n\n\t\t<\/div>\n\t\t\t\t\n<style>\n#col-787363010 > .col-inner {\n  padding: 50px 10% 30px 10%;\n  margin: 10% 0px 0px 5%;\n}\n@media (min-width:550px) {\n  #col-787363010 > .col-inner {\n    padding: 50px 50% 30px 10%;\n    margin: 10% 0px 0px 0px;\n  }\n}\n<\/style>\n\t<\/div>\n\n\t\n\n\t<div id=\"col-1205002123\" class=\"col medium-7 small-12 large-5\"  >\n\t\t\t\t<div class=\"col-inner text-left\"  >\n\t\t\t\n\t\t\t\n\t<div class=\"img has-hover x md-x lg-x y md-y lg-y\" id=\"image_1789843598\">\n\t\t\t\t\t\t\t\t<div class=\"img-inner image-cover box-shadow-2 dark\" style=\"padding-top:110%;\">\n\t\t\t<img decoding=\"async\" width=\"1536\" height=\"2048\" src=\"https:\/\/rocblanc.com\/wp-content\/uploads\/2022\/11\/meat-dish-hotel-roc-blanc.webp\" class=\"attachment-original size-original\" alt=\"\" srcset=\"https:\/\/rocblanc.com\/wp-content\/uploads\/2022\/11\/meat-dish-hotel-roc-blanc.webp 1536w, https:\/\/rocblanc.com\/wp-content\/uploads\/2022\/11\/meat-dish-hotel-roc-blanc-225x300.webp 225w, https:\/\/rocblanc.com\/wp-content\/uploads\/2022\/11\/meat-dish-hotel-roc-blanc-768x1024.webp 768w, https:\/\/rocblanc.com\/wp-content\/uploads\/2022\/11\/meat-dish-hotel-roc-blanc-1152x1536.webp 1152w\" sizes=\"(max-width: 1536px) 100vw, 1536px\" \/>\t\t\t\t\t\t\n\t\t\t\t\t<\/div>\n\t\t\t\t\t\t\t\t\n<style>\n#image_1789843598 {\n  width: 100%;\n}\n<\/style>\n\t<\/div>\n\t\n\t\t<\/div>\n\t\t\t\t\n<style>\n#col-1205002123 > .col-inner {\n  margin: -50px 0px 0px 0px;\n}\n@media (min-width:550px) {\n  #col-1205002123 > .col-inner {\n    margin: -500px 0px 0px 90%;\n  }\n}\n@media (min-width:850px) {\n  #col-1205002123 > .col-inner {\n    margin: -550px 0px 0px 140%;\n  }\n}\n<\/style>\n\t<\/div>\n\n\t\n<\/div>\n\t\t<\/div>\n\n\t\t\n<style>\n#section_1151392698 {\n  padding-top: 0px;\n  padding-bottom: 0px;\n}\n<\/style>\n\t<\/section>\n\t\n\n\t<section class=\"section\" id=\"section_1247046608\">\n\t\t<div class=\"section-bg fill\" >\n\t\t\t\t\t\t\t\t\t\n\t\t\t\n\n\t\t<\/div>\n\n\t\t\n\n\t\t<div class=\"section-content relative\">\n\t\t\t\n<div class=\"row\"  id=\"row-574723396\">\n\n\t<div id=\"col-1457882434\" class=\"col medium-7 small-12 large-5\"  >\n\t\t\t\t<div class=\"col-inner text-left\"  >\n\t\t\t\n\t\t\t\n\t<div class=\"img has-hover x md-x lg-x y md-y lg-y\" id=\"image_1570707903\">\n\t\t\t\t\t\t\t\t<div class=\"img-inner image-cover box-shadow-2 dark\" style=\"padding-top:80%;\">\n\t\t\t<img decoding=\"async\" width=\"1500\" height=\"844\" src=\"https:\/\/rocblanc.com\/wp-content\/uploads\/2023\/05\/wine-and-meat-roc-blanc-hotel-spa-andorra.webp\" class=\"attachment-original size-original\" alt=\"\" srcset=\"https:\/\/rocblanc.com\/wp-content\/uploads\/2023\/05\/wine-and-meat-roc-blanc-hotel-spa-andorra.webp 1500w, https:\/\/rocblanc.com\/wp-content\/uploads\/2023\/05\/wine-and-meat-roc-blanc-hotel-spa-andorra-300x169.webp 300w, https:\/\/rocblanc.com\/wp-content\/uploads\/2023\/05\/wine-and-meat-roc-blanc-hotel-spa-andorra-1024x576.webp 1024w, https:\/\/rocblanc.com\/wp-content\/uploads\/2023\/05\/wine-and-meat-roc-blanc-hotel-spa-andorra-768x432.webp 768w\" sizes=\"(max-width: 1500px) 100vw, 1500px\" \/>\t\t\t\t\t\t\n\t\t\t\t\t<\/div>\n\t\t\t\t\t\t\t\t\n<style>\n#image_1570707903 {\n  width: 100%;\n}\n<\/style>\n\t<\/div>\n\t\n\t\t<\/div>\n\t\t\t\t\n<style>\n#col-1457882434 > .col-inner {\n  margin: -50px 0px 0px 0px;\n}\n@media (min-width:550px) {\n  #col-1457882434 > .col-inner {\n    margin: -500px 0px 0px 90%;\n  }\n}\n@media (min-width:850px) {\n  #col-1457882434 > .col-inner {\n    margin: -430px 0px 0px 140%;\n  }\n}\n<\/style>\n\t<\/div>\n\n\t\n<\/div>\n\t\t<\/div>\n\n\t\t\n<style>\n#section_1247046608 {\n  padding-top: 0px;\n  padding-bottom: 0px;\n}\n<\/style>\n\t<\/section>\n\t\n\t<div id=\"gap-502250125\" class=\"gap-element clearfix\" style=\"display:block; height:auto;\">\n\t\t\n<style>\n#gap-502250125 {\n  padding-top: 60px;\n}\n<\/style>\n\t<\/div>\n\t\n\n\t<section class=\"section\" id=\"section_1878919201\">\n\t\t<div class=\"section-bg fill\" >\n\t\t\t\t\t\t\t\t\t\n\t\t\t\n\n\t\t<\/div>\n\n\t\t\n\n\t\t<div class=\"section-content relative\">\n\t\t\t\n<div class=\"row\"  id=\"row-65285842\">\n\n\t<div id=\"col-1274180454\" class=\"col small-12 large-12\"  >\n\t\t\t\t<div class=\"col-inner\"  >\n\t\t\t\n\t\t\t\n  <div class=\"banner-grid-wrapper\">\n  <div id=\"banner-grid-1758216756\" class=\"banner-grid row row-grid row-small\" data-packery-options=\"\">\n                      \n<div class=\"col grid-col large-3 grid-col-1\" ><div class=\"col-inner\">\n\t<div class=\"img has-hover x md-x lg-x y md-y lg-y\" id=\"image_621139395\">\n\t\t\t\t\t\t\t\t<div class=\"img-inner dark\" >\n\t\t\t<img decoding=\"async\" width=\"1080\" height=\"1350\" src=\"https:\/\/rocblanc.com\/wp-content\/uploads\/2022\/11\/Meat-with-vegetables-dish-Roc-Blanc-Hotel.webp\" class=\"attachment-original size-original\" alt=\"\" srcset=\"https:\/\/rocblanc.com\/wp-content\/uploads\/2022\/11\/Meat-with-vegetables-dish-Roc-Blanc-Hotel.webp 1080w, https:\/\/rocblanc.com\/wp-content\/uploads\/2022\/11\/Meat-with-vegetables-dish-Roc-Blanc-Hotel-240x300.webp 240w, https:\/\/rocblanc.com\/wp-content\/uploads\/2022\/11\/Meat-with-vegetables-dish-Roc-Blanc-Hotel-819x1024.webp 819w, https:\/\/rocblanc.com\/wp-content\/uploads\/2022\/11\/Meat-with-vegetables-dish-Roc-Blanc-Hotel-768x960.webp 768w\" sizes=\"(max-width: 1080px) 100vw, 1080px\" \/>\t\t\t\t\t\t\n\t\t\t\t\t<\/div>\n\t\t\t\t\t\t\t\t\n<style>\n#image_621139395 {\n  width: 100%;\n}\n<\/style>\n\t<\/div>\n\t\n<\/div><\/div>\n<div class=\"col grid-col large-6 grid-col-1\" ><div class=\"col-inner\">\n\t<div class=\"img has-hover x md-x lg-x y md-y lg-y\" id=\"image_659047420\">\n\t\t\t\t\t\t\t\t<div class=\"img-inner dark\" >\n\t\t\t<img decoding=\"async\" width=\"2000\" height=\"1125\" src=\"https:\/\/rocblanc.com\/wp-content\/uploads\/2022\/12\/meat-dish-with-wine-Lentrecote-roc-bland-hotel-spa-andorra-1.webp\" class=\"attachment-original size-original\" alt=\"meat dish with wine L\u00b4entrecote - roc bland hotel &amp; spa andorra\" srcset=\"https:\/\/rocblanc.com\/wp-content\/uploads\/2022\/12\/meat-dish-with-wine-Lentrecote-roc-bland-hotel-spa-andorra-1.webp 2000w, https:\/\/rocblanc.com\/wp-content\/uploads\/2022\/12\/meat-dish-with-wine-Lentrecote-roc-bland-hotel-spa-andorra-1-300x169.webp 300w, https:\/\/rocblanc.com\/wp-content\/uploads\/2022\/12\/meat-dish-with-wine-Lentrecote-roc-bland-hotel-spa-andorra-1-1024x576.webp 1024w, https:\/\/rocblanc.com\/wp-content\/uploads\/2022\/12\/meat-dish-with-wine-Lentrecote-roc-bland-hotel-spa-andorra-1-768x432.webp 768w, https:\/\/rocblanc.com\/wp-content\/uploads\/2022\/12\/meat-dish-with-wine-Lentrecote-roc-bland-hotel-spa-andorra-1-1536x864.webp 1536w\" sizes=\"(max-width: 2000px) 100vw, 2000px\" \/>\t\t\t\t\t\t\n\t\t\t\t\t<\/div>\n\t\t\t\t\t\t\t\t\n<style>\n#image_659047420 {\n  width: 100%;\n}\n<\/style>\n\t<\/div>\n\t\n<\/div><\/div>\n<div class=\"col grid-col large-3 grid-col-1-2\" ><div class=\"col-inner\">\n\t<div class=\"img has-hover x md-x lg-x y md-y lg-y\" id=\"image_578618042\">\n\t\t\t\t\t\t\t\t<div class=\"img-inner dark\" >\n\t\t\t<img decoding=\"async\" width=\"2000\" height=\"1125\" src=\"https:\/\/rocblanc.com\/wp-content\/uploads\/2022\/12\/entrada-lentrecot-restaurant-roc-blanc-hotel-spa-andorra.webp\" class=\"attachment-original size-original\" alt=\"entrance of L \u00b4entrecote restaurant - roc blanc hotel &amp; spa andorra\" srcset=\"https:\/\/rocblanc.com\/wp-content\/uploads\/2022\/12\/entrada-lentrecot-restaurant-roc-blanc-hotel-spa-andorra.webp 2000w, https:\/\/rocblanc.com\/wp-content\/uploads\/2022\/12\/entrada-lentrecot-restaurant-roc-blanc-hotel-spa-andorra-300x169.webp 300w, https:\/\/rocblanc.com\/wp-content\/uploads\/2022\/12\/entrada-lentrecot-restaurant-roc-blanc-hotel-spa-andorra-1024x576.webp 1024w, https:\/\/rocblanc.com\/wp-content\/uploads\/2022\/12\/entrada-lentrecot-restaurant-roc-blanc-hotel-spa-andorra-768x432.webp 768w, https:\/\/rocblanc.com\/wp-content\/uploads\/2022\/12\/entrada-lentrecot-restaurant-roc-blanc-hotel-spa-andorra-1536x864.webp 1536w\" sizes=\"(max-width: 2000px) 100vw, 2000px\" \/>\t\t\t\t\t\t\n\t\t\t\t\t<\/div>\n\t\t\t\t\t\t\t\t\n<style>\n#image_578618042 {\n  width: 100%;\n}\n<\/style>\n\t<\/div>\n\t\n<\/div><\/div>\n<div class=\"col grid-col large-3 grid-col-1-2\" ><div class=\"col-inner\">\n\t<div class=\"img has-hover x md-x lg-x y md-y lg-y\" id=\"image_1608890545\">\n\t\t\t\t\t\t\t\t<div class=\"img-inner dark\" >\n\t\t\t<img decoding=\"async\" width=\"2000\" height=\"1125\" src=\"https:\/\/rocblanc.com\/wp-content\/uploads\/2022\/12\/empty-wine-bottles-roc-blanc-hotel-spa-andorra-1.webp\" class=\"attachment-original size-original\" alt=\"empty wine bottles - L\u00b4entrecote- roc blanc hotel &amp; spa andorra\" srcset=\"https:\/\/rocblanc.com\/wp-content\/uploads\/2022\/12\/empty-wine-bottles-roc-blanc-hotel-spa-andorra-1.webp 2000w, https:\/\/rocblanc.com\/wp-content\/uploads\/2022\/12\/empty-wine-bottles-roc-blanc-hotel-spa-andorra-1-300x169.webp 300w, https:\/\/rocblanc.com\/wp-content\/uploads\/2022\/12\/empty-wine-bottles-roc-blanc-hotel-spa-andorra-1-1024x576.webp 1024w, https:\/\/rocblanc.com\/wp-content\/uploads\/2022\/12\/empty-wine-bottles-roc-blanc-hotel-spa-andorra-1-768x432.webp 768w, https:\/\/rocblanc.com\/wp-content\/uploads\/2022\/12\/empty-wine-bottles-roc-blanc-hotel-spa-andorra-1-1536x864.webp 1536w\" sizes=\"(max-width: 2000px) 100vw, 2000px\" \/>\t\t\t\t\t\t\n\t\t\t\t\t<\/div>\n\t\t\t\t\t\t\t\t\n<style>\n#image_1608890545 {\n  width: 100%;\n}\n<\/style>\n\t<\/div>\n\t\n<\/div><\/div>\n            <\/div>\n    <style>\n    #banner-grid-1758216756 .grid-col-1{height: 600px}\n    #banner-grid-1758216756 .grid-col-1-2{height: 300px}\n    #banner-grid-1758216756 .grid-col-1-3{height:200px}\n    #banner-grid-1758216756 .grid-col-2-3{height: 400px}\n    #banner-grid-1758216756 .grid-col-1-4{height: 150px}\n    #banner-grid-1758216756 .grid-col-3-4{height: 450px}\n\n\n    \n    \n\n  <\/style>\n    <\/div>\n  \n\t\t<\/div>\n\t\t\t\t\t<\/div>\n\n\t\n<\/div>\n\t\t<\/div>\n\n\t\t\n<style>\n#section_1878919201 {\n  padding-top: 30px;\n  padding-bottom: 30px;\n}\n<\/style>\n\t<\/section>\n\t\n\n\t<section class=\"section\" id=\"section_1005705899\">\n\t\t<div class=\"section-bg fill\" >\n\t\t\t\t\t\t\t\t\t\n\t\t\t\n\n\t\t<\/div>\n\n\t\t\n\n\t\t<div class=\"section-content relative\">\n\t\t\t\r\n\r\n<div class=\"row align-equal align-center\"  id=\"row-1769883133\">\r\n\r\n\n\t<div id=\"col-2017824822\" class=\"col small-12 large-12\"  >\n\t\t\t\t<div class=\"col-inner\"  >\n\t\t\t\n\t\t\t\r\n\r\n<div class=\"container section-title-container\" ><h2 class=\"section-title section-title-center\"><b aria-hidden=\"true\"><\/b><span class=\"section-title-main\" >HOTEL OPINIONS<\/span><b aria-hidden=\"true\"><\/b><\/h2><\/div>\r\n\r\n\r\n\t\t<\/div>\n\t\t\t\t\t<\/div>\n\n\t\r\n\n\t<div id=\"col-43002020\" class=\"col medium-6 small-12 large-6\"  >\n\t\t\t\t<div class=\"col-inner text-center\"  >\n\t\t\t\n\t\t\t\r\n\r\n\n\n<div id=\"google-business-reviews-rating\" class=\"google-business-reviews-rating gmbrr badge tiny no-outline link\" data-href=\"https:\/\/search.google.com\/local\/writereview?placeid=ChIJq0TqrUd3pRIREu0kahGY39A\">\r\n\t<p class=\"rating\"><span class=\"attribution google-icon\" title=\"Powered by Google\"><\/span> <span class=\"number\">4,2<\/span> <span class=\"all-stars animate\"><span class=\"star\"><\/span><span class=\"star\"><\/span><span class=\"star\"><\/span><span class=\"star\"><\/span><span class=\"star split-20-80\"><\/span><\/span> <a href=\"https:\/\/search.google.com\/local\/reviews?placeid=ChIJq0TqrUd3pRIREu0kahGY39A\" target=\"_blank\" rel=\"nofollow noopener\" class=\"count\">2.226 reviews<\/a><\/p>\r\n<\/div>\r\n\n\r\n\r\n\t\t<\/div>\n\t\t\t\t\n<style>\n#col-43002020 > .col-inner {\n  margin: -35px 0px 0px 0px;\n}\n<\/style>\n\t<\/div>\n\n\t\r\n\r\n<\/div>\r\n<div class=\"row align-equal\"  id=\"row-1111550446\">\r\n\r\n\n\t<div id=\"col-536415217\" class=\"col medium-4 small-12 large-4\"  >\n\t\t\t\t<div class=\"col-inner box-shadow-3\"  >\n\t\t\t\n\t<div class=\"is-border\"\n\t\tstyle=\"border-color:rgb(1, 38, 69);border-radius:20px;border-width:5px 5px 5px 5;\">\n\t<\/div>\n\t\t\t\r\n\r\n<h4><span style=\"font-size: 110%;\"><i class=\"fa-light fa-people-pants\"><\/i> Estada en parella, Rosa<\/span> <i class=\"fa-light fa-octagon-check\"><\/i><\/h4>\n<p><em>S\u00faper acollidor, molt ben ubicat, i un equip 10 estrelles.....ideal per a una setmana rom\u00e0ntica!<\/em><\/p>\n<p><i class=\"fa-light fa-circle-star\"><\/i> <strong>5\/<span style=\"font-size: 75%;\">5<\/span>- estrelles, Perfecte<\/strong><\/p>\r\n\r\n\t\t<\/div>\n\t\t\t\t\n<style>\n#col-536415217 > .col-inner {\n  padding: 20px 20px 20px 20px;\n  border-radius: 20px;\n}\n<\/style>\n\t<\/div>\n\n\t\r\n\n\t<div id=\"col-335249901\" class=\"col medium-4 small-12 large-4\"  >\n\t\t\t\t<div class=\"col-inner box-shadow-3\"  >\n\t\t\t\n\t<div class=\"is-border\"\n\t\tstyle=\"border-color:rgb(1, 38, 69);border-radius:20px;border-width:5px 5px 5px 5;\">\n\t<\/div>\n\t\t\t\r\n\r\n<h4><span style=\"font-size: 110%;\"><i class=\"fa-light fa-spa\"><\/i> Estada i Spa, Tricia<\/span> <i class=\"fa-light fa-octagon-check\"><\/i><\/h4>\n<p><em>La meva habitaci\u00f3 era pintoresca i adorable. Molt c\u00f2moda amb una banyera enorme... un avantatge total per a mi. El bufet d'esmorzar \u00e9s delici\u00f3s i vaig gaudir molt del meu massatge i l'spa. Va ser una manera genial i relaxant de rebre l'any nou.<\/em><\/p>\n<p><i class=\"fa-light fa-circle-star\"><\/i><strong> 5\/<span style=\"font-size: 75%;\">5<\/span>- estrelles, Excel\u00b7lent<\/strong><\/p>\r\n\r\n\t\t<\/div>\n\t\t\t\t\n<style>\n#col-335249901 > .col-inner {\n  padding: 20px 20px 20px 20px;\n  border-radius: 20px;\n}\n<\/style>\n\t<\/div>\n\n\t\r\n\n\t<div id=\"col-1388054960\" class=\"col medium-4 small-12 large-4\"  >\n\t\t\t\t<div class=\"col-inner box-shadow-3\"  >\n\t\t\t\n\t<div class=\"is-border\"\n\t\tstyle=\"border-color:rgb(1, 38, 69);border-radius:20px;border-width:5 5px 5px 5px;\">\n\t<\/div>\n\t\t\t\r\n\r\n<h4><span style=\"font-size: 110%;\"><i class=\"fa-light fa-bag-shopping\"><\/i> Estada per a Compres i Spa, Bural<\/span> <i class=\"fa-light fa-octagon-check\"><\/i><\/h4>\n<p><em>Immillorable ubicaci\u00f3, al costat de la Zona Comercial i Caldea.<br>\nPersonal molt agradable i servicial. L'habitaci\u00f3 i el desdejuni eren molt bons.<br>\nRecomano totalment visitar!<\/em><\/p>\n<p><i class=\"fa-thin fa-circle-star\"><\/i><strong> 5\/<span style=\"font-size: 75%;\">5<\/span>- estrelles, Imbatible<\/strong><\/p>\r\n\r\n\t\t<\/div>\n\t\t\t\t\n<style>\n#col-1388054960 > .col-inner {\n  padding: 20px 20px 20px 20px;\n  border-radius: 20px;\n}\n<\/style>\n\t<\/div>\n\n\t\r\n\r\n<\/div>\r\n\r\n\t\t<\/div>\n\n\t\t\n<style>\n#section_1005705899 {\n  padding-top: 30px;\n  padding-bottom: 30px;\n}\n<\/style>\n\t<\/section>\n\t\n\t<div id=\"gap-1547679490\" class=\"gap-element clearfix\" style=\"display:block; height:auto;\">\n\t\t\n<style>\n#gap-1547679490 {\n  padding-top: 60px;\n}\n<\/style>\n\t<\/div>\n\t\n\n\t<section class=\"section has-mask mask-arrow-large\" id=\"section_225094476\">\n\t\t<div class=\"section-bg fill\" >\n\t\t\t<img decoding=\"async\" width=\"1920\" height=\"563\" src=\"https:\/\/rocblanc.com\/wp-content\/uploads\/2022\/11\/tejado-del-hotel-y-vistas-de-los-edificios-circundantes-Hotel-Roc-Blanc.webp\" class=\"bg attachment-original size-original\" alt=\"\" \/>\t\t\t\t\t\t<div class=\"section-bg-overlay absolute fill\"><\/div>\n\t\t\t\n\n\t\t<\/div>\n\n\t\t\n\n\t\t<div class=\"section-content relative\">\n\t\t\t\n\n<div class=\"row row-collapse align-middle align-center\"  id=\"row-289384140\">\n\n\n\t<div id=\"col-1649829665\" class=\"col medium-6 small-12 large-6\"  >\n\t\t\t\t<div class=\"col-inner text-center dark\"  >\n\t\t\t\n\t\t\t\n\n\t<div id=\"text-2021692155\" class=\"text\">\n\t\t\n\n<p style=\"font-size: 1.3em; letter-spacing: 0.3em;\"><strong>BENEFICIS DE RESERVA DIRECTA <\/strong><\/p>\n\t\t\n<style>\n#text-2021692155 {\n  text-align: center;\n}\n<\/style>\n\t<\/div>\n\t\n\t<div id=\"text-2610197518\" class=\"text\">\n\t\t\n\n<p style=\"font-size: 1.1em;\"><i class=\"fa-regular fa-tags\"><\/i> Millors Preus \u00b7 <i class=\"fa-regular fa-shuffle\"><\/i> Tarifes Flexibles \u00b7 <i class=\"fa-regular fa-check\"><\/i> Confirmaci\u00f3 de Reserva Immediata \u00b7 <i class=\"fa-regular fa-lock\"><\/i> Pagament Segur<\/p>\n\t\t\n<style>\n#text-2610197518 {\n  text-align: center;\n}\n<\/style>\n\t<\/div>\n\t\n\n\t\t<\/div>\n\t\t\t\t\t<\/div>\n\n\t\n\n\t<div id=\"col-1933584383\" class=\"col medium-5 small-12 large-4\"  >\n\t\t\t\t<div class=\"col-inner text-center\"  >\n\t\t\t\n\t\t\t\n\n<a href=\"https:\/\/reservas.rocblanc.com\/rocblanc\/availability?lang=ca\" target=\"_blank\" class=\"button primary is-large box-shadow-2\" rel=\"noopener\">\n\t\t<span>reservar ara<\/span>\n\t<\/a>\n\n\n\n\t\t<\/div>\n\t\t\t\t\t<\/div>\n\n\t\n\n\n<style>\n#row-289384140 > .col > .col-inner {\n  padding: 50px 20px 0px 20px;\n}\n@media (min-width:550px) {\n  #row-289384140 > .col > .col-inner {\n    padding: 100px 0px 0px 0px;\n  }\n}\n<\/style>\n<\/div>\n\n\t\t<\/div>\n\n\t\t\n<style>\n#section_225094476 {\n  padding-top: 30px;\n  padding-bottom: 30px;\n}\n#section_225094476 .section-bg-overlay {\n  background-color: rgba(0, 0, 0, 0.6);\n}\n<\/style>\n\t<\/section>\n\t\n","protected":false},"excerpt":{"rendered":"","protected":false},"author":2,"featured_media":0,"parent":1624,"menu_order":0,"comment_status":"closed","ping_status":"closed","template":"page-blank.php","meta":{"footnotes":""},"class_list":["post-1634","page","type-page","status-publish","hentry"],"_links":{"self":[{"href":"https:\/\/rocblanc.com\/ca\/wp-json\/wp\/v2\/pages\/1634","targetHints":{"allow":["GET"]}}],"collection":[{"href":"https:\/\/rocblanc.com\/ca\/wp-json\/wp\/v2\/pages"}],"about":[{"href":"https:\/\/rocblanc.com\/ca\/wp-json\/wp\/v2\/types\/page"}],"author":[{"embeddable":true,"href":"https:\/\/rocblanc.com\/ca\/wp-json\/wp\/v2\/users\/2"}],"replies":[{"embeddable":true,"href":"https:\/\/rocblanc.com\/ca\/wp-json\/wp\/v2\/comments?post=1634"}],"version-history":[{"count":0,"href":"https:\/\/rocblanc.com\/ca\/wp-json\/wp\/v2\/pages\/1634\/revisions"}],"up":[{"embeddable":true,"href":"https:\/\/rocblanc.com\/ca\/wp-json\/wp\/v2\/pages\/1624"}],"wp:attachment":[{"href":"https:\/\/rocblanc.com\/ca\/wp-json\/wp\/v2\/media?parent=1634"}],"curies":[{"name":"wp","href":"https:\/\/api.w.org\/{rel}","templated":true}]}}