{"id":1635,"date":"2022-12-20T17:56:24","date_gmt":"2022-12-20T16:56:24","guid":{"rendered":"https:\/\/rocblanc.com\/gastronomia\/cafeteria-terrasssa-andorra\/"},"modified":"2025-09-23T13:01:20","modified_gmt":"2025-09-23T11:01:20","slug":"cafeteria-terrasssa-andorra","status":"publish","type":"page","link":"https:\/\/rocblanc.com\/ca\/gastronomia\/cafeteria-terrasssa-andorra\/","title":{"rendered":"Cafeteria i Terrassa"},"content":{"rendered":"\n\t<section class=\"section\" id=\"section_1916101330\">\n\t\t<div class=\"section-bg fill\" >\n\t\t\t\t\t\t\t\t\t\n\t\t\t\n\n\t\t<\/div>\n\n\t\t\n\n\t\t<div class=\"section-content relative\">\n\t\t\t\n<div class=\"row row-collapse row-full-width\"  id=\"row-1990579697\">\n\n\t<div id=\"col-1762914748\" class=\"col small-12 large-12\"  >\n\t\t\t\t<div class=\"col-inner\"  >\n\t\t\t\n\t\t\t\n\n  <div class=\"banner has-hover\" id=\"banner-790554971\">\n          <div class=\"banner-inner fill\">\n        <div class=\"banner-bg fill\" >\n            <img decoding=\"async\" width=\"2000\" height=\"1125\" src=\"https:\/\/rocblanc.com\/wp-content\/uploads\/2022\/12\/terrace-of-the-hotel-roc-blanc-hotel-spa-andorra-1.webp\" class=\"bg attachment-original size-original\" alt=\"\" \/>                        <div class=\"overlay\"><\/div>            \n                    <\/div>\n\t\t\n        <div class=\"banner-layers container\">\n            <div class=\"fill banner-link\"><\/div>            \n   <div id=\"text-box-1611618376\" class=\"text-box banner-layer x50 md-x50 lg-x50 y50 md-y50 lg-y50 res-text\">\n                                <div class=\"text-box-content text dark\">\n              \n              <div class=\"text-inner text-center\">\n                  \n<h1>Cafeteria &amp; Terrassa Roc Blanc<\/h1>\n              <\/div>\n           <\/div>\n                            \n<style>\n#text-box-1611618376 {\n  width: 93%;\n}\n#text-box-1611618376 .text-box-content {\n  font-size: 100%;\n}\n@media (min-width:550px) {\n  #text-box-1611618376 {\n    width: 60%;\n  }\n}\n<\/style>\n    <\/div>\n \n        <\/div>\n      <\/div>\n\n            \n<style>\n#banner-790554971 {\n  padding-top: 500px;\n}\n#banner-790554971 .overlay {\n  background-color: rgba(0, 0, 0, 0.4);\n}\n#banner-790554971 .banner-bg img {\n  object-position: 15% 69%;\n}\n<\/style>\n  <\/div>\n\n\n\t\t<\/div>\n\t\t\t\t\t<\/div>\n\n\t\n<\/div>\n\t\t<\/div>\n\n\t\t\n<style>\n#section_1916101330 {\n  padding-top: 0px;\n  padding-bottom: 0px;\n}\n<\/style>\n\t<\/section>\n\t\n\n\t<section class=\"section\" id=\"section_1858327688\">\n\t\t<div class=\"section-bg fill\" >\n\t\t\t\t\t\t\t\t\t\n\t\t\t\n\n\t\t<\/div>\n\n\t\t\n\n\t\t<div class=\"section-content relative\">\n\t\t\t\n<div class=\"row align-center\"  id=\"row-1670988466\">\n\n\t<div id=\"col-984263488\" class=\"col medium-9 small-12 large-7\"  >\n\t\t\t\t<div class=\"col-inner text-center box-shadow-3\" style=\"background-color:rgb(255, 255, 255);\" >\n\t\t\t\n\t\t\t\n<p>Gaudeix d&#8217;una experi\u00e8ncia exclusiva a les nostres \u00e0mplies i luxoses suites de l&#8217;Hotel Roc Blanc Andorra.<\/p>\n\t\t<\/div>\n\t\t\t\t\n<style>\n#col-984263488 > .col-inner {\n  padding: 30px 30px 30px 30px;\n  margin: -62px 0px 0px 0px;\n}\n<\/style>\n\t<\/div>\n\n\t\n<\/div>\n\t\t<\/div>\n\n\t\t\n<style>\n#section_1858327688 {\n  padding-top: 0px;\n  padding-bottom: 0px;\n}\n<\/style>\n\t<\/section>\n\t\n\n\t<section class=\"section\" id=\"section_1812879053\">\n\t\t<div class=\"section-bg fill\" >\n\t\t\t\t\t\t\t\t\t\n\t\t\t\n\n\t\t<\/div>\n\n\t\t\n\n\t\t<div class=\"section-content relative\">\n\t\t\t\n<div class=\"row\"  id=\"row-285486552\">\n\n\t<div id=\"col-1934722727\" class=\"col small-11 large-12\"  >\n\t\t\t\t<div class=\"col-inner text-left\" style=\"background-color:#e8e1d2;\" >\n\t\t\t\n\t\t\t\n<h2>Cafeteria i Terrassa<\/h2>\n<div class=\"is-divider divider clearfix\" style=\"margin-top:20px;margin-bottom:20px;height:2px;\"><\/div>\n\t<div id=\"text-3996655083\" class=\"text\">\n\t\t\n<p>Gaudeix d&#8217;un caf\u00e8 o copa a la nostra Cafeteria i Terrassa, la manera perfecta de gaudir d&#8217;una tarda relaxada a la pla\u00e7a o despr\u00e9s de desconnectar despr\u00e9s de tornar de la Milla Comercial que tens a tocar.<br \/>\n\t\t\n<style>\n#text-3996655083 {\n  text-align: left;\n}\n<\/style>\n\t<\/div>\n\t\n\t\t<\/div>\n\t\t\t\t\n<style>\n#col-1934722727 > .col-inner {\n  padding: 50px 10% 30px 10%;\n  margin: 10% 0px 0px 5%;\n}\n@media (min-width:550px) {\n  #col-1934722727 > .col-inner {\n    padding: 50px 50% 30px 5%;\n    margin: 13% 0px 0px 0px;\n  }\n}\n@media (min-width:850px) {\n  #col-1934722727 > .col-inner {\n    padding: 50px 50% 30px 10%;\n  }\n}\n<\/style>\n\t<\/div>\n\n\t\n\n\t<div id=\"col-1260605066\" class=\"col medium-7 small-12 large-5\"  >\n\t\t\t\t<div class=\"col-inner text-right\"  >\n\t\t\t\n\t\t\t\n\t<div class=\"img has-hover x md-x lg-x y md-y lg-y\" id=\"image_288161431\">\n\t\t\t\t\t\t\t\t<div class=\"img-inner image-cover box-shadow-2 dark\" style=\"padding-top:100%;\">\n\t\t\t<img decoding=\"async\" width=\"1920\" height=\"2560\" src=\"https:\/\/rocblanc.com\/wp-content\/uploads\/2022\/11\/image00005-scaled.jpeg\" class=\"attachment-original size-original\" alt=\"\" srcset=\"https:\/\/rocblanc.com\/wp-content\/uploads\/2022\/11\/image00005-scaled.jpeg 1920w, https:\/\/rocblanc.com\/wp-content\/uploads\/2022\/11\/image00005-225x300.jpeg 225w, https:\/\/rocblanc.com\/wp-content\/uploads\/2022\/11\/image00005-768x1024.jpeg 768w, https:\/\/rocblanc.com\/wp-content\/uploads\/2022\/11\/image00005-1152x1536.jpeg 1152w, https:\/\/rocblanc.com\/wp-content\/uploads\/2022\/11\/image00005-1536x2048.jpeg 1536w\" sizes=\"(max-width: 1920px) 100vw, 1920px\" \/>\t\t\t\t\t\t\n\t\t\t\t\t<\/div>\n\t\t\t\t\t\t\t\t\n<style>\n#image_288161431 {\n  width: 100%;\n}\n<\/style>\n\t<\/div>\n\t\n\t\t<\/div>\n\t\t\t\t\n<style>\n#col-1260605066 > .col-inner {\n  margin: -50px 0px 0px 0px;\n}\n@media (min-width:550px) {\n  #col-1260605066 > .col-inner {\n    margin: -430px 0px 0px 90%;\n  }\n}\n@media (min-width:850px) {\n  #col-1260605066 > .col-inner {\n    margin: -450px 0px 0px 140%;\n  }\n}\n<\/style>\n\t<\/div>\n\n\t\n<\/div>\n\t\t<\/div>\n\n\t\t\n<style>\n#section_1812879053 {\n  padding-top: 30px;\n  padding-bottom: 30px;\n}\n<\/style>\n\t<\/section>\n\t\n\n\t<section class=\"section\" id=\"section_985629680\">\n\t\t<div class=\"section-bg fill\" >\n\t\t\t\t\t\t\t\t\t\n\t\t\t\n\n\t\t<\/div>\n\n\t\t\n\n\t\t<div class=\"section-content relative\">\n\t\t\t\n<div class=\"row\"  id=\"row-1135115994\">\n\n\t<div id=\"col-1320665312\" class=\"col small-11 large-12\"  >\n\t\t\t\t<div class=\"col-inner text-left\" style=\"background-color:#e8e1d2;\" >\n\t\t\t\n\t\t\t\n<h3>info<\/h3>\n<div class=\"is-divider divider clearfix\" style=\"margin-top:20px;margin-bottom:20px;height:2px;\"><\/div>\n<p><i class=\"fa-regular fa-location-pin\"><\/i> Ubicaci\u00f3<br \/>Pla\u00e7a Copr\u00ednceps<\/p>\n<p><i class=\"fa-regular fa-clock\"><\/i> Horari<br \/>Des de 12:30h a 15:00h<\/p>\n<p><i class=\"fa-light fa-mobile\"><\/i> Contacte<br \/>+376 871475<\/p>\n\t<div id=\"gap-1771873378\" class=\"gap-element clearfix\" style=\"display:block; height:auto;\">\n\t\t\n<style>\n#gap-1771873378 {\n  padding-top: 15px;\n}\n<\/style>\n\t<\/div>\n\t\n<p><i class=\"fa-regular fa-plate-utensils\"><\/i> Opcions de men\u00fa<\/p>\n\t<div id=\"stack-159692399\" class=\"stack stack-row justify-start items-stretch sm:stack-col\">\n\t\t\n\t<div id=\"text-771452070\" class=\"text\">\n\t\t\n<p style=\"text-decoration-line: underline; text-decoration-color: #b3a05f;\"><a href=\"\/wp-content\/uploads\/2024\/11\/Carta-CAFETERIA2024_compressed.pdf\" target=\"_blank\" rel=\"nofollow noopener\">Men\u00fa des de 08:00h a11:30h<\/a><\/p>\n\t\t\n<style>\n#text-771452070 {\n  text-align: center;\n}\n<\/style>\n\t<\/div>\n\t\n\t<div id=\"text-2347466382\" class=\"text\">\n\t\t\n<p style=\"text-decoration-line: underline; text-decoration-color: #b3a05f;\"><a href=\"\/wp-content\/uploads\/2024\/11\/Carta-de-tapas_invierno_-2024-W.pdf\" target=\"_blank\" rel=\"nofollow noopener\">Men\u00fa Pica Pica des de 16:00h a 00:00h<\/a><\/p>\n\t\t\n<style>\n#text-2347466382 {\n  text-align: center;\n}\n<\/style>\n\t<\/div>\n\t\n\t\t\n<style>\n#stack-159692399 > * {\n  --stack-gap: 1rem;\n}\n@media (min-width:550px) {\n  #stack-159692399 > * {\n    --stack-gap: 4rem;\n  }\n}\n<\/style>\n\t<\/div>\n\t\n\t\t<\/div>\n\t\t\t\t\n<style>\n#col-1320665312 > .col-inner {\n  padding: 50px 10% 30px 10%;\n  margin: 10% 0px 0px 5%;\n}\n@media (min-width:550px) {\n  #col-1320665312 > .col-inner {\n    padding: 50px 50% 30px 5%;\n    margin: 5% 0px 0px 0px;\n  }\n}\n@media (min-width:850px) {\n  #col-1320665312 > .col-inner {\n    padding: 50px 50% 30px 10%;\n  }\n}\n<\/style>\n\t<\/div>\n\n\t\n\n\t<div id=\"col-377905877\" class=\"col medium-7 small-12 large-5\"  >\n\t\t\t\t<div class=\"col-inner text-right\"  >\n\t\t\t\n\t\t\t\n\t<div class=\"img has-hover x md-x lg-x y md-y lg-y\" id=\"image_1168479344\">\n\t\t\t\t\t\t\t\t<div class=\"img-inner image-cover box-shadow-2 dark\" style=\"padding-top:100%;\">\n\t\t\t<img decoding=\"async\" width=\"2000\" height=\"1125\" src=\"https:\/\/rocblanc.com\/wp-content\/uploads\/2022\/12\/terrace-of-the-hotel-roc-blanc-hotel-spa-andorra-1.webp\" class=\"attachment-original size-original\" alt=\"\" srcset=\"https:\/\/rocblanc.com\/wp-content\/uploads\/2022\/12\/terrace-of-the-hotel-roc-blanc-hotel-spa-andorra-1.webp 2000w, https:\/\/rocblanc.com\/wp-content\/uploads\/2022\/12\/terrace-of-the-hotel-roc-blanc-hotel-spa-andorra-1-300x169.webp 300w, https:\/\/rocblanc.com\/wp-content\/uploads\/2022\/12\/terrace-of-the-hotel-roc-blanc-hotel-spa-andorra-1-1024x576.webp 1024w, https:\/\/rocblanc.com\/wp-content\/uploads\/2022\/12\/terrace-of-the-hotel-roc-blanc-hotel-spa-andorra-1-768x432.webp 768w, https:\/\/rocblanc.com\/wp-content\/uploads\/2022\/12\/terrace-of-the-hotel-roc-blanc-hotel-spa-andorra-1-1536x864.webp 1536w\" sizes=\"(max-width: 2000px) 100vw, 2000px\" \/>\t\t\t\t\t\t\n\t\t\t\t\t<\/div>\n\t\t\t\t\t\t\t\t\n<style>\n#image_1168479344 {\n  width: 100%;\n}\n<\/style>\n\t<\/div>\n\t\n\t\t<\/div>\n\t\t\t\t\n<style>\n#col-377905877 > .col-inner {\n  margin: -50px 0px 0px 0px;\n}\n@media (min-width:550px) {\n  #col-377905877 > .col-inner {\n    margin: -450px 0px 0px 90%;\n  }\n}\n@media (min-width:850px) {\n  #col-377905877 > .col-inner {\n    margin: -570px 0px 0px 140%;\n  }\n}\n<\/style>\n\t<\/div>\n\n\t\n<\/div>\n\t\t<\/div>\n\n\t\t\n<style>\n#section_985629680 {\n  padding-top: 60px;\n  padding-bottom: 60px;\n}\n<\/style>\n\t<\/section>\n\t\n\n\t<section class=\"section\" id=\"section_1886648579\">\n\t\t<div class=\"section-bg fill\" >\n\t\t\t\t\t\t\t\t\t\n\t\t\t\n\n\t\t<\/div>\n\n\t\t\n\n\t\t<div class=\"section-content relative\">\n\t\t\t\n  <div class=\"banner-grid-wrapper\">\n  <div id=\"banner-grid-905820124\" class=\"banner-grid row row-grid row-small\" data-packery-options=\"\">\n                      \n<div class=\"col grid-col large-6 grid-col-1\" ><div class=\"col-inner\">\n\t<div class=\"img has-hover x md-x lg-x y md-y lg-y\" id=\"image_1433429702\">\n\t\t\t\t\t\t\t\t<div class=\"img-inner dark\" >\n\t\t\t<img decoding=\"async\" width=\"2000\" height=\"1125\" src=\"https:\/\/rocblanc.com\/wp-content\/uploads\/2022\/12\/plaza-with-christmas-tree-roc-blanc-hotel-spa-andorra-1.webp\" class=\"attachment-original size-original\" alt=\"\" srcset=\"https:\/\/rocblanc.com\/wp-content\/uploads\/2022\/12\/plaza-with-christmas-tree-roc-blanc-hotel-spa-andorra-1.webp 2000w, https:\/\/rocblanc.com\/wp-content\/uploads\/2022\/12\/plaza-with-christmas-tree-roc-blanc-hotel-spa-andorra-1-300x169.webp 300w, https:\/\/rocblanc.com\/wp-content\/uploads\/2022\/12\/plaza-with-christmas-tree-roc-blanc-hotel-spa-andorra-1-1024x576.webp 1024w, https:\/\/rocblanc.com\/wp-content\/uploads\/2022\/12\/plaza-with-christmas-tree-roc-blanc-hotel-spa-andorra-1-768x432.webp 768w, https:\/\/rocblanc.com\/wp-content\/uploads\/2022\/12\/plaza-with-christmas-tree-roc-blanc-hotel-spa-andorra-1-1536x864.webp 1536w\" sizes=\"(max-width: 2000px) 100vw, 2000px\" \/>\t\t\t\t\t\t\n\t\t\t\t\t<\/div>\n\t\t\t\t\t\t\t\t\n<style>\n#image_1433429702 {\n  width: 100%;\n}\n<\/style>\n\t<\/div>\n\t\n<\/div><\/div>\n<div class=\"col grid-col large-3 grid-col-1\" ><div class=\"col-inner\">\n\t<div class=\"img has-hover x md-x lg-x y md-y lg-y\" id=\"image_952494235\">\n\t\t\t\t\t\t\t\t<div class=\"img-inner dark\" >\n\t\t\t<img decoding=\"async\" width=\"2000\" height=\"1125\" src=\"https:\/\/rocblanc.com\/wp-content\/uploads\/2022\/12\/chorizo-meat-platter-roc-blanc-hotel-spa-andorra-1.webp\" class=\"attachment-original size-original\" alt=\"chorizo meat at the breakfast buffet- roc blanc hotel &amp; spa andorra\" srcset=\"https:\/\/rocblanc.com\/wp-content\/uploads\/2022\/12\/chorizo-meat-platter-roc-blanc-hotel-spa-andorra-1.webp 2000w, https:\/\/rocblanc.com\/wp-content\/uploads\/2022\/12\/chorizo-meat-platter-roc-blanc-hotel-spa-andorra-1-300x169.webp 300w, https:\/\/rocblanc.com\/wp-content\/uploads\/2022\/12\/chorizo-meat-platter-roc-blanc-hotel-spa-andorra-1-1024x576.webp 1024w, https:\/\/rocblanc.com\/wp-content\/uploads\/2022\/12\/chorizo-meat-platter-roc-blanc-hotel-spa-andorra-1-768x432.webp 768w, https:\/\/rocblanc.com\/wp-content\/uploads\/2022\/12\/chorizo-meat-platter-roc-blanc-hotel-spa-andorra-1-1536x864.webp 1536w\" sizes=\"(max-width: 2000px) 100vw, 2000px\" \/>\t\t\t\t\t\t\n\t\t\t\t\t<\/div>\n\t\t\t\t\t\t\t\t\n<style>\n#image_952494235 {\n  width: 100%;\n}\n<\/style>\n\t<\/div>\n\t\n<\/div><\/div>\n<div class=\"col grid-col large-3 grid-col-1-2\" ><div class=\"col-inner\">\n\t<div class=\"img has-hover x md-x lg-x y md-y lg-y\" id=\"image_1935047382\">\n\t\t\t\t\t\t\t\t<div class=\"img-inner dark\" >\n\t\t\t<img decoding=\"async\" width=\"2000\" height=\"2000\" src=\"https:\/\/rocblanc.com\/wp-content\/uploads\/2022\/12\/cheese-platter-roc-blanc-hotel-spa-andorra-1.webp\" class=\"attachment-original size-original\" alt=\"cheese platter breakfast buffet- roc blanc hotel &amp; spa andorra\" srcset=\"https:\/\/rocblanc.com\/wp-content\/uploads\/2022\/12\/cheese-platter-roc-blanc-hotel-spa-andorra-1.webp 2000w, https:\/\/rocblanc.com\/wp-content\/uploads\/2022\/12\/cheese-platter-roc-blanc-hotel-spa-andorra-1-300x300.webp 300w, https:\/\/rocblanc.com\/wp-content\/uploads\/2022\/12\/cheese-platter-roc-blanc-hotel-spa-andorra-1-1024x1024.webp 1024w, https:\/\/rocblanc.com\/wp-content\/uploads\/2022\/12\/cheese-platter-roc-blanc-hotel-spa-andorra-1-150x150.webp 150w, https:\/\/rocblanc.com\/wp-content\/uploads\/2022\/12\/cheese-platter-roc-blanc-hotel-spa-andorra-1-768x768.webp 768w, https:\/\/rocblanc.com\/wp-content\/uploads\/2022\/12\/cheese-platter-roc-blanc-hotel-spa-andorra-1-1536x1536.webp 1536w\" sizes=\"(max-width: 2000px) 100vw, 2000px\" \/>\t\t\t\t\t\t\n\t\t\t\t\t<\/div>\n\t\t\t\t\t\t\t\t\n<style>\n#image_1935047382 {\n  width: 100%;\n}\n<\/style>\n\t<\/div>\n\t\n<\/div><\/div>\n<div class=\"col grid-col large-3 grid-col-1-2\" ><div class=\"col-inner\">\n\t<div class=\"img has-hover x md-x lg-x y md-y lg-y\" id=\"image_80984300\">\n\t\t\t\t\t\t\t\t<div class=\"img-inner dark\" >\n\t\t\t<img decoding=\"async\" width=\"2000\" height=\"1125\" src=\"https:\/\/rocblanc.com\/wp-content\/uploads\/2022\/12\/vegetable-dish-with-wine-roc-blanc-hotel-spa-andorra-1.webp\" class=\"attachment-original size-original\" alt=\"vegetable dish with wine -  L\u00b4entrecote - roc blanc hotel &amp; spa andorra\" srcset=\"https:\/\/rocblanc.com\/wp-content\/uploads\/2022\/12\/vegetable-dish-with-wine-roc-blanc-hotel-spa-andorra-1.webp 2000w, https:\/\/rocblanc.com\/wp-content\/uploads\/2022\/12\/vegetable-dish-with-wine-roc-blanc-hotel-spa-andorra-1-300x169.webp 300w, https:\/\/rocblanc.com\/wp-content\/uploads\/2022\/12\/vegetable-dish-with-wine-roc-blanc-hotel-spa-andorra-1-1024x576.webp 1024w, https:\/\/rocblanc.com\/wp-content\/uploads\/2022\/12\/vegetable-dish-with-wine-roc-blanc-hotel-spa-andorra-1-768x432.webp 768w, https:\/\/rocblanc.com\/wp-content\/uploads\/2022\/12\/vegetable-dish-with-wine-roc-blanc-hotel-spa-andorra-1-1536x864.webp 1536w\" sizes=\"(max-width: 2000px) 100vw, 2000px\" \/>\t\t\t\t\t\t\n\t\t\t\t\t<\/div>\n\t\t\t\t\t\t\t\t\n<style>\n#image_80984300 {\n  width: 100%;\n}\n<\/style>\n\t<\/div>\n\t\n<\/div><\/div>\n            <\/div>\n    <style>\n    #banner-grid-905820124 .grid-col-1{height: 600px}\n    #banner-grid-905820124 .grid-col-1-2{height: 300px}\n    #banner-grid-905820124 .grid-col-1-3{height:200px}\n    #banner-grid-905820124 .grid-col-2-3{height: 400px}\n    #banner-grid-905820124 .grid-col-1-4{height: 150px}\n    #banner-grid-905820124 .grid-col-3-4{height: 450px}\n\n\n    \n    \n\n  <\/style>\n    <\/div>\n  \n\t\t<\/div>\n\n\t\t\n<style>\n#section_1886648579 {\n  padding-top: 30px;\n  padding-bottom: 30px;\n}\n<\/style>\n\t<\/section>\n\t\n\n\t<section class=\"section\" id=\"section_1345465859\">\n\t\t<div class=\"section-bg fill\" >\n\t\t\t\t\t\t\t\t\t\n\t\t\t\n\n\t\t<\/div>\n\n\t\t\n\n\t\t<div class=\"section-content relative\">\n\t\t\t\r\n\r\n<div class=\"row align-equal align-center\"  id=\"row-728661894\">\r\n\r\n\n\t<div id=\"col-1984920753\" class=\"col small-12 large-12\"  >\n\t\t\t\t<div class=\"col-inner\"  >\n\t\t\t\n\t\t\t\r\n\r\n<div class=\"container section-title-container\" ><h2 class=\"section-title section-title-center\"><b aria-hidden=\"true\"><\/b><span class=\"section-title-main\" >HOTEL OPINIONS<\/span><b aria-hidden=\"true\"><\/b><\/h2><\/div>\r\n\r\n\r\n\t\t<\/div>\n\t\t\t\t\t<\/div>\n\n\t\r\n\n\t<div id=\"col-1700664790\" class=\"col medium-6 small-12 large-6\"  >\n\t\t\t\t<div class=\"col-inner text-center\"  >\n\t\t\t\n\t\t\t\r\n\r\n\n\n<div id=\"google-business-reviews-rating\" class=\"google-business-reviews-rating gmbrr badge tiny no-outline link\" data-href=\"https:\/\/search.google.com\/local\/writereview?placeid=ChIJq0TqrUd3pRIREu0kahGY39A\">\r\n\t<p class=\"rating\"><span class=\"attribution google-icon\" title=\"Powered by Google\"><\/span> <span class=\"number\">4,2<\/span> <span class=\"all-stars animate\"><span class=\"star\"><\/span><span class=\"star\"><\/span><span class=\"star\"><\/span><span class=\"star\"><\/span><span class=\"star split-20-80\"><\/span><\/span> <a href=\"https:\/\/search.google.com\/local\/reviews?placeid=ChIJq0TqrUd3pRIREu0kahGY39A\" target=\"_blank\" rel=\"nofollow noopener\" class=\"count\">2.226 reviews<\/a><\/p>\r\n<\/div>\r\n\n\r\n\r\n\t\t<\/div>\n\t\t\t\t\n<style>\n#col-1700664790 > .col-inner {\n  margin: -35px 0px 0px 0px;\n}\n<\/style>\n\t<\/div>\n\n\t\r\n\r\n<\/div>\r\n<div class=\"row align-equal\"  id=\"row-1037792719\">\r\n\r\n\n\t<div id=\"col-2015491124\" class=\"col medium-4 small-12 large-4\"  >\n\t\t\t\t<div class=\"col-inner box-shadow-3\"  >\n\t\t\t\n\t<div class=\"is-border\"\n\t\tstyle=\"border-color:rgb(1, 38, 69);border-radius:20px;border-width:5px 5px 5px 5;\">\n\t<\/div>\n\t\t\t\r\n\r\n<h4><span style=\"font-size: 110%;\"><i class=\"fa-light fa-people-pants\"><\/i> Estada en parella, Rosa<\/span> <i class=\"fa-light fa-octagon-check\"><\/i><\/h4>\n<p><em>S\u00faper acollidor, molt ben ubicat, i un equip 10 estrelles.....ideal per a una setmana rom\u00e0ntica!<\/em><\/p>\n<p><i class=\"fa-light fa-circle-star\"><\/i> <strong>5\/<span style=\"font-size: 75%;\">5<\/span>- estrelles, Perfecte<\/strong><\/p>\r\n\r\n\t\t<\/div>\n\t\t\t\t\n<style>\n#col-2015491124 > .col-inner {\n  padding: 20px 20px 20px 20px;\n  border-radius: 20px;\n}\n<\/style>\n\t<\/div>\n\n\t\r\n\n\t<div id=\"col-721956210\" class=\"col medium-4 small-12 large-4\"  >\n\t\t\t\t<div class=\"col-inner box-shadow-3\"  >\n\t\t\t\n\t<div class=\"is-border\"\n\t\tstyle=\"border-color:rgb(1, 38, 69);border-radius:20px;border-width:5px 5px 5px 5;\">\n\t<\/div>\n\t\t\t\r\n\r\n<h4><span style=\"font-size: 110%;\"><i class=\"fa-light fa-spa\"><\/i> Estada i Spa, Tricia<\/span> <i class=\"fa-light fa-octagon-check\"><\/i><\/h4>\n<p><em>La meva habitaci\u00f3 era pintoresca i adorable. Molt c\u00f2moda amb una banyera enorme... un avantatge total per a mi. El bufet d'esmorzar \u00e9s delici\u00f3s i vaig gaudir molt del meu massatge i l'spa. Va ser una manera genial i relaxant de rebre l'any nou.<\/em><\/p>\n<p><i class=\"fa-light fa-circle-star\"><\/i><strong> 5\/<span style=\"font-size: 75%;\">5<\/span>- estrelles, Excel\u00b7lent<\/strong><\/p>\r\n\r\n\t\t<\/div>\n\t\t\t\t\n<style>\n#col-721956210 > .col-inner {\n  padding: 20px 20px 20px 20px;\n  border-radius: 20px;\n}\n<\/style>\n\t<\/div>\n\n\t\r\n\n\t<div id=\"col-1908641971\" class=\"col medium-4 small-12 large-4\"  >\n\t\t\t\t<div class=\"col-inner box-shadow-3\"  >\n\t\t\t\n\t<div class=\"is-border\"\n\t\tstyle=\"border-color:rgb(1, 38, 69);border-radius:20px;border-width:5 5px 5px 5px;\">\n\t<\/div>\n\t\t\t\r\n\r\n<h4><span style=\"font-size: 110%;\"><i class=\"fa-light fa-bag-shopping\"><\/i> Estada per a Compres i Spa, Bural<\/span> <i class=\"fa-light fa-octagon-check\"><\/i><\/h4>\n<p><em>Immillorable ubicaci\u00f3, al costat de la Zona Comercial i Caldea.<br>\nPersonal molt agradable i servicial. L'habitaci\u00f3 i el desdejuni eren molt bons.<br>\nRecomano totalment visitar!<\/em><\/p>\n<p><i class=\"fa-thin fa-circle-star\"><\/i><strong> 5\/<span style=\"font-size: 75%;\">5<\/span>- estrelles, Imbatible<\/strong><\/p>\r\n\r\n\t\t<\/div>\n\t\t\t\t\n<style>\n#col-1908641971 > .col-inner {\n  padding: 20px 20px 20px 20px;\n  border-radius: 20px;\n}\n<\/style>\n\t<\/div>\n\n\t\r\n\r\n<\/div>\r\n\r\n\t\t<\/div>\n\n\t\t\n<style>\n#section_1345465859 {\n  padding-top: 30px;\n  padding-bottom: 30px;\n}\n<\/style>\n\t<\/section>\n\t\n\t<div id=\"gap-1727539514\" class=\"gap-element clearfix\" style=\"display:block; height:auto;\">\n\t\t\n<style>\n#gap-1727539514 {\n  padding-top: 60px;\n}\n<\/style>\n\t<\/div>\n\t\n\n\t<section class=\"section has-mask mask-arrow-large\" id=\"section_640879339\">\n\t\t<div class=\"section-bg fill\" >\n\t\t\t<img decoding=\"async\" width=\"1920\" height=\"563\" src=\"https:\/\/rocblanc.com\/wp-content\/uploads\/2022\/11\/tejado-del-hotel-y-vistas-de-los-edificios-circundantes-Hotel-Roc-Blanc.webp\" class=\"bg attachment-original size-original\" alt=\"\" \/>\t\t\t\t\t\t<div class=\"section-bg-overlay absolute fill\"><\/div>\n\t\t\t\n\n\t\t<\/div>\n\n\t\t\n\n\t\t<div class=\"section-content relative\">\n\t\t\t\n\n<div class=\"row row-collapse align-middle align-center\"  id=\"row-804512480\">\n\n\n\t<div id=\"col-91104734\" class=\"col medium-6 small-12 large-6\"  >\n\t\t\t\t<div class=\"col-inner text-center dark\"  >\n\t\t\t\n\t\t\t\n\n\t<div id=\"text-1033741409\" class=\"text\">\n\t\t\n\n<p style=\"font-size: 1.3em; letter-spacing: 0.3em;\"><strong>BENEFICIS DE RESERVA DIRECTA <\/strong><\/p>\n\t\t\n<style>\n#text-1033741409 {\n  text-align: center;\n}\n<\/style>\n\t<\/div>\n\t\n\t<div id=\"text-4279880855\" class=\"text\">\n\t\t\n\n<p style=\"font-size: 1.1em;\"><i class=\"fa-regular fa-tags\"><\/i> Millors Preus \u00b7 <i class=\"fa-regular fa-shuffle\"><\/i> Tarifes Flexibles \u00b7 <i class=\"fa-regular fa-check\"><\/i> Confirmaci\u00f3 de Reserva Immediata \u00b7 <i class=\"fa-regular fa-lock\"><\/i> Pagament Segur<\/p>\n\t\t\n<style>\n#text-4279880855 {\n  text-align: center;\n}\n<\/style>\n\t<\/div>\n\t\n\n\t\t<\/div>\n\t\t\t\t\t<\/div>\n\n\t\n\n\t<div id=\"col-1877812812\" class=\"col medium-5 small-12 large-4\"  >\n\t\t\t\t<div class=\"col-inner text-center\"  >\n\t\t\t\n\t\t\t\n\n<a href=\"https:\/\/reservas.rocblanc.com\/rocblanc\/availability?lang=ca\" target=\"_blank\" class=\"button primary is-large box-shadow-2\" rel=\"noopener\">\n\t\t<span>reservar ara<\/span>\n\t<\/a>\n\n\n\n\t\t<\/div>\n\t\t\t\t\t<\/div>\n\n\t\n\n\n<style>\n#row-804512480 > .col > .col-inner {\n  padding: 50px 20px 0px 20px;\n}\n@media (min-width:550px) {\n  #row-804512480 > .col > .col-inner {\n    padding: 100px 0px 0px 0px;\n  }\n}\n<\/style>\n<\/div>\n\n\t\t<\/div>\n\n\t\t\n<style>\n#section_640879339 {\n  padding-top: 30px;\n  padding-bottom: 30px;\n}\n#section_640879339 .section-bg-overlay {\n  background-color: rgba(0, 0, 0, 0.6);\n}\n<\/style>\n\t<\/section>\n\t\n","protected":false},"excerpt":{"rendered":"","protected":false},"author":6,"featured_media":0,"parent":1624,"menu_order":0,"comment_status":"closed","ping_status":"closed","template":"page-blank.php","meta":{"footnotes":""},"class_list":["post-1635","page","type-page","status-publish","hentry"],"_links":{"self":[{"href":"https:\/\/rocblanc.com\/ca\/wp-json\/wp\/v2\/pages\/1635","targetHints":{"allow":["GET"]}}],"collection":[{"href":"https:\/\/rocblanc.com\/ca\/wp-json\/wp\/v2\/pages"}],"about":[{"href":"https:\/\/rocblanc.com\/ca\/wp-json\/wp\/v2\/types\/page"}],"author":[{"embeddable":true,"href":"https:\/\/rocblanc.com\/ca\/wp-json\/wp\/v2\/users\/6"}],"replies":[{"embeddable":true,"href":"https:\/\/rocblanc.com\/ca\/wp-json\/wp\/v2\/comments?post=1635"}],"version-history":[{"count":0,"href":"https:\/\/rocblanc.com\/ca\/wp-json\/wp\/v2\/pages\/1635\/revisions"}],"up":[{"embeddable":true,"href":"https:\/\/rocblanc.com\/ca\/wp-json\/wp\/v2\/pages\/1624"}],"wp:attachment":[{"href":"https:\/\/rocblanc.com\/ca\/wp-json\/wp\/v2\/media?parent=1635"}],"curies":[{"name":"wp","href":"https:\/\/api.w.org\/{rel}","templated":true}]}}