{"id":1648,"date":"2022-12-21T12:42:16","date_gmt":"2022-12-21T11:42:16","guid":{"rendered":"https:\/\/rocblanc.com\/spa\/tractaments\/"},"modified":"2026-02-16T13:15:48","modified_gmt":"2026-02-16T12:15:48","slug":"tractaments","status":"publish","type":"page","link":"https:\/\/rocblanc.com\/ca\/spa\/tractaments\/","title":{"rendered":"Tractaments"},"content":{"rendered":"\n\t<section class=\"section dark\" id=\"section_1442136943\">\n\t\t<div class=\"section-bg fill\" >\n\t\t\t<img decoding=\"async\" width=\"2000\" height=\"1125\" src=\"https:\/\/rocblanc.com\/wp-content\/uploads\/2022\/12\/spa-treatment-room-with-massage-tables-Hotel-Roc-Blanc.webp\" class=\"bg attachment-original size-original\" alt=\"\" \/>\t\t\t\t\t\t<div class=\"section-bg-overlay absolute fill\"><\/div>\n\t\t\t\n\n\t\t<\/div>\n\n\t\t\n\n\t\t<div class=\"section-content relative\">\n\t\t\t\n<div class=\"row\"  id=\"row-65591546\">\n\n\t<div id=\"col-228051220\" class=\"col small-12 large-12\"  >\n\t\t\t\t<div class=\"col-inner\"  >\n\t\t\t\n\t\t\t\n\t<div id=\"text-1063243001\" class=\"text\">\n\t\t\n<h1>Tractaments Spa Andorra<\/h1>\n\t\t\n<style>\n#text-1063243001 {\n  text-align: center;\n}\n<\/style>\n\t<\/div>\n\t\n\t\t<\/div>\n\t\t\t\t\t<\/div>\n\n\t\n<\/div>\n\t\t<\/div>\n\n\t\t\n<style>\n#section_1442136943 {\n  padding-top: 0px;\n  padding-bottom: 0px;\n  min-height: 300px;\n}\n#section_1442136943 .section-bg-overlay {\n  background-color: rgba(0, 0, 0, 0.5);\n}\n#section_1442136943 .section-bg img {\n  object-position: 54% 61%;\n}\n<\/style>\n\t<\/section>\n\t\n\n\t<section class=\"section\" id=\"section_1308870439\">\n\t\t<div class=\"section-bg fill\" >\n\t\t\t\t\t\t\t\t\t\n\t\t\t\n\n\t\t<\/div>\n\n\t\t\n\n\t\t<div class=\"section-content relative\">\n\t\t\t\n<div class=\"row align-middle align-center\"  id=\"row-306633148\">\n\n\t<div id=\"col-208453163\" class=\"col medium-5 small-12 large-5\"  >\n\t\t\t\t<div class=\"col-inner\"  >\n\t\t\t\n\t\t\t\n\t<div class=\"img has-hover x md-x lg-x y md-y lg-y\" id=\"image_1881748877\">\n\t\t\t\t\t\t\t\t<div class=\"img-inner image-cover dark\" style=\"padding-top:100%;\">\n\t\t\t<img decoding=\"async\" width=\"943\" height=\"687\" src=\"https:\/\/rocblanc.com\/wp-content\/uploads\/2026\/01\/tratamientos-spa-andorra-masajes-faciales-roc-blanc-hotel.webp\" class=\"attachment-large size-large\" alt=\"\" srcset=\"https:\/\/rocblanc.com\/wp-content\/uploads\/2026\/01\/tratamientos-spa-andorra-masajes-faciales-roc-blanc-hotel.webp 943w, https:\/\/rocblanc.com\/wp-content\/uploads\/2026\/01\/tratamientos-spa-andorra-masajes-faciales-roc-blanc-hotel-300x219.webp 300w, https:\/\/rocblanc.com\/wp-content\/uploads\/2026\/01\/tratamientos-spa-andorra-masajes-faciales-roc-blanc-hotel-768x560.webp 768w\" sizes=\"(max-width: 943px) 100vw, 943px\" \/>\t\t\t\t\t\t\n\t\t\t\t\t<\/div>\n\t\t\t\t\t\t\t\t\n<style>\n#image_1881748877 {\n  width: 100%;\n}\n<\/style>\n\t<\/div>\n\t\n\t\t<\/div>\n\t\t\t\t\t<\/div>\n\n\t\n\n\t<div id=\"col-323602188\" class=\"col medium-7 small-12 large-7\"  >\n\t\t\t\t<div class=\"col-inner\"  >\n\t\t\t\n\t\t\t\n<h2 class=\"uppercase\">Benestar termal al cor d&#8217;Andorra<\/h2>\n<p>Descobreix una <strong>experi\u00e8ncia de benestar hol\u00edstic<\/strong> en un dels spas m\u00e9s emblem\u00e0tics del pa\u00eds. A l&#8217;<a href=\"\/\">Hotel Roc Blanc &amp; Spa<\/a>, els nostres<strong> tractaments d&#8217;spa a Andorra<\/strong> estan dissenyats per adaptar-se a cada moment, a cada cos i a cada necessitat, combinant la tradici\u00f3 termal, les t\u00e8cniques contempor\u00e0nies i el poder de les aig\u00fces mineromedicinals. <\/p>\n<p>La nostra carta de tractaments evoluciona al llarg de l&#8217;any per reflectir l&#8217;estaci\u00f3, el clima i l&#8217;estil de vida dels nostres hostes. M\u00e9s enll\u00e0 dels noms espec\u00edfics, el que realment perdura \u00e9s la nostra filosofia: <strong>personalitzaci\u00f3, qualitat i resultats provats.<\/strong><\/p>\n<a href=\"https:\/\/rocblanc.com\/wp-content\/uploads\/2025\/12\/carta-tratamientos-compressed.pdf\" target=\"_blank\" class=\"button primary\" rel=\"noopener\" >\n\t\t<span>Consultar tractaments<\/span>\n\t<\/a>\n\n\t\t<\/div>\n\t\t\t\t\n<style>\n#col-323602188 > .col-inner {\n  padding: 0px 0px 0px 0px;\n}\n@media (min-width:550px) {\n  #col-323602188 > .col-inner {\n    padding: 0px 0px 0px 30px;\n  }\n}\n<\/style>\n\t<\/div>\n\n\t\n<\/div>\n\t\t<\/div>\n\n\t\t\n<style>\n#section_1308870439 {\n  padding-top: 30px;\n  padding-bottom: 30px;\n}\n@media (min-width:550px) {\n  #section_1308870439 {\n    padding-top: 30px;\n    padding-bottom: 30px;\n  }\n}\n<\/style>\n\t<\/section>\n\t\n\n\t<section class=\"section\" id=\"section_1267058530\">\n\t\t<div class=\"section-bg fill\" >\n\t\t\t\t\t\t\t\t\t\n\t\t\t\n\n\t\t<\/div>\n\n\t\t\n\n\t\t<div class=\"section-content relative\">\n\t\t\t\n<div class=\"row align-middle\"  id=\"row-1778240262\">\n\n\t<div id=\"col-1604847019\" class=\"col medium-6 small-12 large-6\"  >\n\t\t\t\t<div class=\"col-inner\"  >\n\t\t\t\n\t\t\t\n<h2>Tractaments dissenyats per a tu<\/h2>\n<p>A l&#8217;Spa de l&#8217;Hotel Roc Blanc, cada tractament comen\u00e7a amb una valoraci\u00f3 individual. Els nostres terapeutes adapten t\u00e8cniques, ritmes i productes per crear una experi\u00e8ncia totalment a mida. <\/p>\n<p>Pots gaudir de:<\/p>\n<ul>\n<li><strong>Tractaments de relaxaci\u00f3 profunda<\/strong>, ideals per desconnectar de l&#8217;estr\u00e8s diari i recuperar el teu equilibri f\u00edsic i mental.<\/li>\n<li><strong>Rituals de recuperaci\u00f3 muscular<\/strong>, dissenyats per a despr\u00e9s dels teus dies actius, d&#8217;esport o d&#8217;esqu\u00ed a Andorra.<\/li>\n<li><strong>Ter\u00e0pies de drenatge i detox<\/strong>, que afavoreixen la circulaci\u00f3, l&#8217;eliminaci\u00f3 de toxines i una sensaci\u00f3 de lleugeresa.<\/li>\n<li><strong>Tractaments localitzats<\/strong>, enfocats en zones espec\u00edfiques per alliberar la tensi\u00f3 de forma efica\u00e7.<\/li>\n<li><strong>Cura facial personalitzada<\/strong>, adaptada a les necessitats reals de la teva pell durant tot l&#8217;any.<\/li>\n<li><strong>Tractaments corporals personalitzats<\/strong>, amb objectius que van des de la relaxaci\u00f3 fins a l&#8217;activaci\u00f3 i el benestar general.<\/li>\n<\/ul>\n<p>Cada experi\u00e8ncia \u00e9s \u00fanica perqu\u00e8 el teu <strong>benestar \u00e9s \u00fanic<\/strong>.<\/p>\n<a href=\"https:\/\/rocblanc.com\/wp-content\/uploads\/2025\/12\/carta-tratamientos-compressed.pdf\" target=\"_blank\" class=\"button primary\" rel=\"noopener\" >\n\t\t<span>Consultar tractaments<\/span>\n\t<\/a>\n\n\t\t<\/div>\n\t\t\t\t\t<\/div>\n\n\t\n\n\t<div id=\"col-1655609130\" class=\"col medium-12 small-12 large-6 small-col-first\"  >\n\t\t\t\t<div class=\"col-inner\"  >\n\t\t\t\n\t\t\t\n<div class=\"row\"  id=\"row-1063144590\">\n\n\t<div id=\"col-1937480766\" class=\"col medium-6 small-12 large-8\"  >\n\t\t\t\t<div class=\"col-inner\"  >\n\t\t\t\n\t\t\t\n\n  <div class=\"banner has-hover\" id=\"banner-444191101\">\n          <div class=\"banner-inner fill\">\n        <div class=\"banner-bg fill\" >\n            <img decoding=\"async\" width=\"940\" height=\"687\" src=\"https:\/\/rocblanc.com\/wp-content\/uploads\/2026\/01\/tratamientos-spa-andorra-masajes-faciales-roc-blanc-hotel-2.webp\" class=\"bg attachment-large size-large\" alt=\"\" \/>                                    \n                    <\/div>\n\t\t\n        <div class=\"banner-layers container\">\n            <div class=\"fill banner-link\"><\/div>            \n   <div id=\"text-box-1378942117\" class=\"text-box banner-layer x50 md-x50 lg-x50 y50 md-y50 lg-y50 res-text\">\n                                <div class=\"text-box-content text dark\">\n              \n              <div class=\"text-inner text-center\">\n                  \n              <\/div>\n           <\/div>\n                            \n<style>\n#text-box-1378942117 {\n  width: 60%;\n}\n#text-box-1378942117 .text-box-content {\n  font-size: 100%;\n}\n@media (min-width:550px) {\n  #text-box-1378942117 {\n    width: 60%;\n  }\n}\n<\/style>\n    <\/div>\n \n        <\/div>\n      <\/div>\n\n            \n<style>\n#banner-444191101 {\n  padding-top: 99.99%;\n  background-color: rgba(0, 0, 0, 0);\n}\n#banner-444191101 .banner-bg img {\n  object-position: 63% 66%;\n}\n@media (min-width:550px) {\n  #banner-444191101 {\n    padding-top: 150%;\n  }\n}\n@media (min-width:850px) {\n  #banner-444191101 {\n    padding-top: 130%;\n  }\n}\n<\/style>\n  <\/div>\n\n\n\t\t<\/div>\n\t\t\t\t\t<\/div>\n\n\t\n\n\t<div id=\"col-242976533\" class=\"col medium-6 small-12 large-9\"  >\n\t\t\t\t<div class=\"col-inner\"  >\n\t\t\t\n\t\t\t\n\n\t\t<\/div>\n\t\t\t\t\t<\/div>\n\n\t\n<\/div>\n<div class=\"row align-right\"  id=\"row-682496999\">\n\n\t<div id=\"col-1869099791\" class=\"col hide-for-small medium-8 small-12 large-8\"  >\n\t\t\t\t<div class=\"col-inner\"  >\n\t\t\t\n\t\t\t\n\n  <div class=\"banner has-hover\" id=\"banner-779046255\">\n          <div class=\"banner-inner fill\">\n        <div class=\"banner-bg fill\" >\n            <img decoding=\"async\" width=\"1020\" height=\"680\" src=\"https:\/\/rocblanc.com\/wp-content\/uploads\/2025\/12\/hotel-roc-blanc-spa-termal-andorra-wellness-escaldes-11-1024x683.webp\" class=\"bg attachment-large size-large\" alt=\"\" \/>                                    \n                    <\/div>\n\t\t\n        <div class=\"banner-layers container\">\n            <div class=\"fill banner-link\"><\/div>            \n   <div id=\"text-box-1517841518\" class=\"text-box banner-layer x50 md-x50 lg-x50 y50 md-y50 lg-y50 res-text\">\n                                <div class=\"text-box-content text dark\">\n              \n              <div class=\"text-inner text-center\">\n                  \n              <\/div>\n           <\/div>\n                            \n<style>\n#text-box-1517841518 {\n  width: 60%;\n}\n#text-box-1517841518 .text-box-content {\n  font-size: 100%;\n}\n@media (min-width:550px) {\n  #text-box-1517841518 {\n    width: 60%;\n  }\n}\n<\/style>\n    <\/div>\n \n        <\/div>\n      <\/div>\n\n            \n<style>\n#banner-779046255 {\n  padding-top: 60%;\n  background-color: rgba(0, 0, 0, 0);\n}\n#banner-779046255 .banner-bg img {\n  object-position: 26% 100%;\n}\n@media (min-width:550px) {\n  #banner-779046255 {\n    padding-top: 75%;\n  }\n}\n<\/style>\n  <\/div>\n\n\n\t\t<\/div>\n\t\t\t\t\n<style>\n#col-1869099791 > .col-inner {\n  margin: 0 0px 0px 0px;\n}\n@media (min-width:550px) {\n  #col-1869099791 > .col-inner {\n    margin: -290px 0px 0px 0px;\n  }\n}\n@media (min-width:850px) {\n  #col-1869099791 > .col-inner {\n    margin: -185px 0px 0px 0px;\n  }\n}\n<\/style>\n\t<\/div>\n\n\t\n<\/div>\n\t\t<\/div>\n\t\t\t\t\t<\/div>\n\n\t\n<\/div>\n\t\t<\/div>\n\n\t\t\n<style>\n#section_1267058530 {\n  padding-top: 30px;\n  padding-bottom: 30px;\n}\n<\/style>\n\t<\/section>\n\t\n\n\t<section class=\"section\" id=\"section_1504193902\">\n\t\t<div class=\"section-bg fill\" >\n\t\t\t\t\t\t\t\t\t\n\t\t\t\n\n\t\t<\/div>\n\n\t\t\n\n\t\t<div class=\"section-content relative\">\n\t\t\t\n<div class=\"row align-middle align-center\"  id=\"row-1987626388\">\n\n\t<div id=\"col-1173090870\" class=\"col medium-7 small-12 large-7\"  >\n\t\t\t\t<div class=\"col-inner\"  >\n\t\t\t\n\t\t\t\n\t<div id=\"text-2444289891\" class=\"text\">\n\t\t\n<h2>Com reservar el teu tractament d&#8217;spa<\/h2>\n<p>Per reservar els teus<strong> tractaments d&#8217;spa a Andorra<\/strong> a l&#8217;Hotel Roc Blanc, el nostre equip de benestar estar\u00e0 encantat d&#8217;atendre&#8217;t: <\/p>\n<p>Per correu electr\u00f2nic: <span style=\"color: #000000;\"><a style=\"color: #000000;\" href=\"mailto:terma@rocblanchotels.com\" target=\"_blank\" rel=\"noopener\">terma@rocblanchotels.com<\/a><\/span><\/p>\n<p>En persona: Recepci\u00f3 de l&#8217;Spa Termal<\/p>\n<p>Per tel\u00e8fon: <span style=\"color: #000000;\"><a style=\"color: #000000;\" href=\"tel:+376871445\" target=\"_blank\" rel=\"noopener\">+376 871 445<\/a><\/span><\/p>\n<p>El nostre equip t&#8217;assessorar\u00e0 personalment per ajudar-te a triar el tractament que millor s&#8217;adapti a les teves necessitats i al temps de la teva estada.<\/p>\n\t\t\n<style>\n#text-2444289891 {\n  color: rgb(0,0,0);\n}\n#text-2444289891 > * {\n  color: rgb(0,0,0);\n}\n<\/style>\n\t<\/div>\n\t\n\t\t<\/div>\n\t\t\t\t\n<style>\n#col-1173090870 > .col-inner {\n  margin: 40px 0px 0px 0px;\n}\n<\/style>\n\t<\/div>\n\n\t\n\n<\/div>\n\t\t<\/div>\n\n\t\t\n<style>\n#section_1504193902 {\n  padding-top: 0px;\n  padding-bottom: 0px;\n  background-color: #e8e1d2;\n}\n<\/style>\n\t<\/section>\n\t\n\n\t<section class=\"section\" id=\"section_268010457\">\n\t\t<div class=\"section-bg fill\" >\n\t\t\t\t\t\t\t\t\t\n\t\t\t\n\n\t\t<\/div>\n\n\t\t\n\n\t\t<div class=\"section-content relative\">\n\t\t\t\n<div class=\"row align-middle align-center\"  id=\"row-602887368\">\n\n\t<div id=\"col-1226268285\" class=\"col medium-6 small-12 large-6\"  >\n\t\t\t\t<div class=\"col-inner\"  >\n\t\t\t\n\t\t\t\n<h3>Un spa amb hist\u00f2ria i expertesa<\/h3>\n<p>Roc Blanc va ser pioner en el benestar termal a Andorra i compta amb m\u00e9s de 40 anys d&#8217;experi\u00e8ncia en tractaments. El nostre spa combina: <\/p>\n<ul>\n<li>Aig\u00fces mineromedicinals amb propietats terap\u00e8utiques reconegudes<\/li>\n<li>T\u00e8cniques manuals expertes<\/li>\n<li>Productes d&#8217;alta qualitat<\/li>\n<li>Un entorn elegant, tranquil i acollidor<\/li>\n<\/ul>\n<p>Tot aix\u00f2 al bell mig d&#8217;Escaldes-Engordany, a pocs minuts de Caldea i de la principal zona comercial d&#8217;Andorra.<\/p>\n<a href=\"https:\/\/rocblanc.com\/ca\/spa\/\" class=\"button primary is-underline\" >\n\t\t<span>Check Spa<\/span>\n\t<\/a>\n\n\t\t<\/div>\n\t\t\t\t\t<\/div>\n\n\t\n\n\t<div id=\"col-1877616797\" class=\"col medium-5 small-12 large-5 medium-col-first\"  >\n\t\t\t\t<div class=\"col-inner\"  >\n\t\t\t\n\t\t\t\n\t<div class=\"img has-hover x md-x lg-x y md-y lg-y\" id=\"image_1111499303\">\n\t\t\t\t\t\t\t\t<div class=\"img-inner image-cover dark\" style=\"padding-top:100%;\">\n\t\t\t<img decoding=\"async\" width=\"1020\" height=\"680\" src=\"https:\/\/rocblanc.com\/wp-content\/uploads\/2025\/12\/hotel-roc-blanc-spa-termal-andorra-wellness-escaldes-6-1024x683.webp\" class=\"attachment-large size-large\" alt=\"\" srcset=\"https:\/\/rocblanc.com\/wp-content\/uploads\/2025\/12\/hotel-roc-blanc-spa-termal-andorra-wellness-escaldes-6-1024x683.webp 1024w, https:\/\/rocblanc.com\/wp-content\/uploads\/2025\/12\/hotel-roc-blanc-spa-termal-andorra-wellness-escaldes-6-300x200.webp 300w, https:\/\/rocblanc.com\/wp-content\/uploads\/2025\/12\/hotel-roc-blanc-spa-termal-andorra-wellness-escaldes-6-768x512.webp 768w, https:\/\/rocblanc.com\/wp-content\/uploads\/2025\/12\/hotel-roc-blanc-spa-termal-andorra-wellness-escaldes-6-1536x1024.webp 1536w, https:\/\/rocblanc.com\/wp-content\/uploads\/2025\/12\/hotel-roc-blanc-spa-termal-andorra-wellness-escaldes-6.webp 1800w\" sizes=\"(max-width: 1020px) 100vw, 1020px\" \/>\t\t\t\t\t\t\n\t\t\t\t\t<\/div>\n\t\t\t\t\t\t\t\t\n<style>\n#image_1111499303 {\n  width: 100%;\n}\n<\/style>\n\t<\/div>\n\t\n\t\t<\/div>\n\t\t\t\t\t<\/div>\n\n\t\n\n<\/div>\n\t\t<\/div>\n\n\t\t\n<style>\n#section_268010457 {\n  padding-top: 30px;\n  padding-bottom: 30px;\n}\n<\/style>\n\t<\/section>\n\t\n\n\t<section class=\"section\" id=\"section_547945899\">\n\t\t<div class=\"section-bg fill\" >\n\t\t\t<img decoding=\"async\" width=\"1800\" height=\"1200\" src=\"https:\/\/rocblanc.com\/wp-content\/uploads\/2025\/12\/hotel-roc-blanc-spa-termal-andorra-wellness-escaldes-10.webp\" class=\"bg attachment- size-\" alt=\"\" \/>\t\t\t\t\t\t<div class=\"section-bg-overlay absolute fill\"><\/div>\n\t\t\t\n\n\t\t<\/div>\n\n\t\t\n\n\t\t<div class=\"section-content relative\">\n\t\t\t\n<div class=\"row align-middle align-center\"  id=\"row-439029508\">\n\n\t<div id=\"col-1139928140\" class=\"col medium-7 small-12 large-7\"  >\n\t\t\t\t<div class=\"col-inner\"  >\n\t\t\t\n\t\t\t\n\t<div id=\"text-812398403\" class=\"text\">\n\t\t\n<h2>El complement perfecte per a la teva estada a Andorra<\/h2>\n<p>Els nostres tractaments d&#8217;spa a Andorra s\u00f3n el complement ideal tant per a escapades de relax com per a vacances actives o d&#8217;esqu\u00ed. Tant si busques descans, recuperaci\u00f3 o autocura, l&#8217;Spa de l&#8217;Hotel Roc Blanc ofereix l&#8217;equilibri perfecte entre cos i ment. <\/p>\n<p>Els tractaments es poden gaudir de manera individual o combinats amb l&#8217;acc\u00e9s a les nostres instal\u00b7lacions d&#8217;spa t\u00e8rmic per a una experi\u00e8ncia de benestar completa.<\/p>\n\t\t\n<style>\n#text-812398403 {\n  color: rgb(255,255,255);\n}\n#text-812398403 > * {\n  color: rgb(255,255,255);\n}\n<\/style>\n\t<\/div>\n\t\n\t\t<\/div>\n\t\t\t\t\t<\/div>\n\n\t\n\n<\/div>\n\t\t<\/div>\n\n\t\t\n<style>\n#section_547945899 {\n  padding-top: 50px;\n  padding-bottom: 50px;\n}\n#section_547945899 .section-bg-overlay {\n  background-color: rgba(0, 0, 0, 0.599);\n}\n<\/style>\n\t<\/section>\n\t\n\t<div id=\"gap-1461042896\" class=\"gap-element clearfix\" style=\"display:block; height:auto;\">\n\t\t\n<style>\n#gap-1461042896 {\n  padding-top: 60px;\n}\n<\/style>\n\t<\/div>\n\t\n<div class=\"row align-center\"  id=\"row-52321838\">\n\n\t<div id=\"col-553056649\" class=\"col medium-10 small-12 large-10\"  >\n\t\t\t\t<div class=\"col-inner\"  >\n\t\t\t\n\t\t\t\n\n\t<section class=\"section\" id=\"section_553202071\">\n\t\t<div class=\"section-bg fill\" >\n\t\t\t\t\t\t\t\t\t\n\t\t\t\n\n\t\t<\/div>\n\n\t\t\n\n\t\t<div class=\"section-content relative\">\n\t\t\t\n<h3 class=\"accordion_title\">Preguntes freq\u00fcents \u2013 Tractaments d&#039;spa a Andorra<\/h3><div class=\"accordion\">\n\t<div id=\"accordion-2027817949\" class=\"accordion-item\">\n\t\t<a id=\"accordion-2027817949-label\" class=\"accordion-title plain\" href=\"#accordion-item-qu\u00e8-s\u00f3n-els-tractaments-d&#039;spa-a-andorra-a-l&#039;hotel-roc-blanc?\" aria-expanded=\"false\" aria-controls=\"accordion-2027817949-content\">\n\t\t\t<button class=\"toggle\" aria-label=\"Toggle\"><i class=\"icon-angle-down\" aria-hidden=\"true\"><\/i><\/button>\n\t\t\t<span>Qu\u00e8 s\u00f3n els tractaments d&#039;spa a Andorra a l&#039;Hotel Roc Blanc?<\/span>\n\t\t<\/a>\n\t\t<div id=\"accordion-2027817949-content\" class=\"accordion-inner\" aria-labelledby=\"accordion-2027817949-label\">\n\t\t\t\n<p>S\u00f3n experi\u00e8ncies de benestar personalitzades que combinen t\u00e8cniques manuals, tradici\u00f3 termal i un enfocament terap\u00e8utic, adaptades a cada client i a cada estaci\u00f3 de l&#8217;any.<\/p>\n\t\t<\/div>\n\t<\/div>\n\t\n\t<div id=\"accordion-336883062\" class=\"accordion-item\">\n\t\t<a id=\"accordion-336883062-label\" class=\"accordion-title plain\" href=\"#accordion-item-quins-tipus-de-tractaments-d&#039;spa-hi-ha-disponibles-a-l&#039;hotel-roc-blanc?\" aria-expanded=\"false\" aria-controls=\"accordion-336883062-content\">\n\t\t\t<button class=\"toggle\" aria-label=\"Toggle\"><i class=\"icon-angle-down\" aria-hidden=\"true\"><\/i><\/button>\n\t\t\t<span>Quins tipus de tractaments d&#039;spa hi ha disponibles a l&#039;Hotel Roc Blanc?<\/span>\n\t\t<\/a>\n\t\t<div id=\"accordion-336883062-content\" class=\"accordion-inner\" aria-labelledby=\"accordion-336883062-label\">\n\t\t\t\n<p>Oferim tractaments centrats en la relaxaci\u00f3 profunda, la recuperaci\u00f3 muscular, drenatge i detox, cura facial personalitzada i tractaments corporals personalitzats. La carta evoluciona diverses vegades a l&#8217;any.<\/p>\n\t\t<\/div>\n\t<\/div>\n\t\n\t<div id=\"accordion-3402063244\" class=\"accordion-item\">\n\t\t<a id=\"accordion-3402063244-label\" class=\"accordion-title plain\" href=\"#accordion-item-s\u00f3n-personalitzats-els-tractaments-d&#039;spa?\" aria-expanded=\"false\" aria-controls=\"accordion-3402063244-content\">\n\t\t\t<button class=\"toggle\" aria-label=\"Toggle\"><i class=\"icon-angle-down\" aria-hidden=\"true\"><\/i><\/button>\n\t\t\t<span>S\u00f3n personalitzats els tractaments d&#039;spa?<\/span>\n\t\t<\/a>\n\t\t<div id=\"accordion-3402063244-content\" class=\"accordion-inner\" aria-labelledby=\"accordion-3402063244-label\">\n\t\t\t\n<p>S\u00ed. Tots els nostres tractaments d&#8217;spa a Andorra comencen amb una valoraci\u00f3 individual. Els nostres terapeutes adapten les t\u00e8cniques, la intensitat i els productes per crear una experi\u00e8ncia totalment a la teva mida.<\/p>\n\t\t<\/div>\n\t<\/div>\n\t\n\t<div id=\"accordion-1726198945\" class=\"accordion-item\">\n\t\t<a id=\"accordion-1726198945-label\" class=\"accordion-title plain\" href=\"#accordion-item-es-recomanen-els-tractaments-d&#039;spa-despr\u00e9s-d&#039;esquiar-o-de-fer-activitats-esportives-a-andorra?\" aria-expanded=\"false\" aria-controls=\"accordion-1726198945-content\">\n\t\t\t<button class=\"toggle\" aria-label=\"Toggle\"><i class=\"icon-angle-down\" aria-hidden=\"true\"><\/i><\/button>\n\t\t\t<span>Es recomanen els tractaments d&#039;spa despr\u00e9s d&#039;esquiar o de fer activitats esportives a Andorra?<\/span>\n\t\t<\/a>\n\t\t<div id=\"accordion-1726198945-content\" class=\"accordion-inner\" aria-labelledby=\"accordion-1726198945-label\">\n\t\t\t\n<p>S\u00ed, els tractaments d&#8217;spa a Andorra s\u00f3n ideals per alleujar la tensi\u00f3 muscular, afavorir la recuperaci\u00f3 i millorar el teu benestar general despr\u00e9s de l&#8217;esport o de les activitats a la neu.<\/p>\n\t\t<\/div>\n\t<\/div>\n\t\n\t<div id=\"accordion-1390309904\" class=\"accordion-item\">\n\t\t<a id=\"accordion-1390309904-label\" class=\"accordion-title plain\" href=\"#accordion-item-puc-reservar-un-tractament-d&#039;spa-sense-estar-allotjat-a-l&#039;hotel?\" aria-expanded=\"false\" aria-controls=\"accordion-1390309904-content\">\n\t\t\t<button class=\"toggle\" aria-label=\"Toggle\"><i class=\"icon-angle-down\" aria-hidden=\"true\"><\/i><\/button>\n\t\t\t<span>Puc reservar un tractament d&#039;spa sense estar allotjat a l&#039;hotel?<\/span>\n\t\t<\/a>\n\t\t<div id=\"accordion-1390309904-content\" class=\"accordion-inner\" aria-labelledby=\"accordion-1390309904-label\">\n\t\t\t\n<p>S\u00ed, l&#8217;Spa de l&#8217;Hotel Roc Blanc est\u00e0 obert tant als hostes de l&#8217;hotel com a visitants externs, subjecte a disponibilitat i reserva pr\u00e8via.<\/p>\n\t\t<\/div>\n\t<\/div>\n\t\n\t<div id=\"accordion-3633591806\" class=\"accordion-item\">\n\t\t<a id=\"accordion-3633591806-label\" class=\"accordion-title plain\" href=\"#accordion-item-canvien-els-tractaments-d&#039;spa-al-llarg-de-l&#039;any?\" aria-expanded=\"false\" aria-controls=\"accordion-3633591806-content\">\n\t\t\t<button class=\"toggle\" aria-label=\"Toggle\"><i class=\"icon-angle-down\" aria-hidden=\"true\"><\/i><\/button>\n\t\t\t<span>Canvien els tractaments d&#039;spa al llarg de l&#039;any?<\/span>\n\t\t<\/a>\n\t\t<div id=\"accordion-3633591806-content\" class=\"accordion-inner\" aria-labelledby=\"accordion-3633591806-label\">\n\t\t\t\n<p>S\u00ed, la nostra carta de tractaments evoluciona segons la temporada, mantenint sempre la mateixa filosofia de qualitat, personalitzaci\u00f3 i benestar hol\u00edstic.<\/p>\n\t\t<\/div>\n\t<\/div>\n\t\n\t<div id=\"accordion-2152822669\" class=\"accordion-item\">\n\t\t<a id=\"accordion-2152822669-label\" class=\"accordion-title plain\" href=\"#accordion-item-es-poden-combinar-els-tractaments-d&#039;spa-amb-l&#039;acc\u00e9s-a-l&#039;spa-t\u00e8rmic?\" aria-expanded=\"false\" aria-controls=\"accordion-2152822669-content\">\n\t\t\t<button class=\"toggle\" aria-label=\"Toggle\"><i class=\"icon-angle-down\" aria-hidden=\"true\"><\/i><\/button>\n\t\t\t<span>Es poden combinar els tractaments d&#039;spa amb l&#039;acc\u00e9s a l&#039;spa t\u00e8rmic?<\/span>\n\t\t<\/a>\n\t\t<div id=\"accordion-2152822669-content\" class=\"accordion-inner\" aria-labelledby=\"accordion-2152822669-label\">\n\t\t\t\n<p>S\u00ed, els tractaments es poden combinar amb l&#8217;acc\u00e9s a les nostres instal\u00b7lacions d&#8217;spa t\u00e8rmic per gaudir d&#8217;una experi\u00e8ncia de benestar completa.<\/p>\n\t\t<\/div>\n\t<\/div>\n\t\n<\/div>\n\t\t<\/div>\n\n\t\t\n<style>\n#section_553202071 {\n  padding-top: 30px;\n  padding-bottom: 30px;\n}\n<\/style>\n\t<\/section>\n\t\n\t\t<\/div>\n\t\t\t\t\t<\/div>\n\n\t\n<\/div>\n","protected":false},"excerpt":{"rendered":"","protected":false},"author":3,"featured_media":0,"parent":1633,"menu_order":1,"comment_status":"closed","ping_status":"closed","template":"page-blank.php","meta":{"footnotes":""},"class_list":["post-1648","page","type-page","status-publish","hentry"],"_links":{"self":[{"href":"https:\/\/rocblanc.com\/ca\/wp-json\/wp\/v2\/pages\/1648","targetHints":{"allow":["GET"]}}],"collection":[{"href":"https:\/\/rocblanc.com\/ca\/wp-json\/wp\/v2\/pages"}],"about":[{"href":"https:\/\/rocblanc.com\/ca\/wp-json\/wp\/v2\/types\/page"}],"author":[{"embeddable":true,"href":"https:\/\/rocblanc.com\/ca\/wp-json\/wp\/v2\/users\/3"}],"replies":[{"embeddable":true,"href":"https:\/\/rocblanc.com\/ca\/wp-json\/wp\/v2\/comments?post=1648"}],"version-history":[{"count":0,"href":"https:\/\/rocblanc.com\/ca\/wp-json\/wp\/v2\/pages\/1648\/revisions"}],"up":[{"embeddable":true,"href":"https:\/\/rocblanc.com\/ca\/wp-json\/wp\/v2\/pages\/1633"}],"wp:attachment":[{"href":"https:\/\/rocblanc.com\/ca\/wp-json\/wp\/v2\/media?parent=1648"}],"curies":[{"name":"wp","href":"https:\/\/api.w.org\/{rel}","templated":true}]}}