{"id":1654,"date":"2022-12-22T12:32:11","date_gmt":"2022-12-22T11:32:11","guid":{"rendered":"https:\/\/rocblanc.com\/legal\/"},"modified":"2023-11-03T12:15:32","modified_gmt":"2023-11-03T11:15:32","slug":"legal","status":"publish","type":"page","link":"https:\/\/rocblanc.com\/ca\/legal\/","title":{"rendered":"Legal"},"content":{"rendered":"\n\t<section class=\"section sticky-menu\" id=\"section_2120372653\">\n\t\t<div class=\"section-bg fill\" >\n\t\t\t\t\t\t\t\t\t\n\t\t\t\n\n\t\t<\/div>\n\n\t\t\n\n\t\t<div class=\"section-content relative\">\n\t\t\t\n<div class=\"row\"  id=\"row-518161236\">\n\n\t<div id=\"col-1446026463\" class=\"col small-12 large-12\"  >\n\t\t\t\t<div class=\"col-inner\" style=\"background-color:rgb(255,255,255);\" >\n\t\t\t\n\t\t\t\n  <div id=\"page-header-616100716\" class=\"page-header-wrapper\">\n  <div class=\"page-title light simple-title\">\n\n    \n    <div class=\"page-title-inner container align-center text-center flex-row-col medium-flex-wrap\" >\n            <div class=\"title-content flex-col\">\n        <ul class=\"nav sm-touch-scroll nav-line-bottom nav-uppercase text-center nav-center\"><li class=\"nav-single-page hidden\"><\/li><\/ul>      <\/div>\n    <\/div>\n\n       <\/div>\n    <\/div>\n  \n\t\t<\/div>\n\t\t\t\t\n<style>\n#col-1446026463 > .col-inner {\n  padding: 0px 0px 10px 0px;\n}\n<\/style>\n\t<\/div>\n\n\t\n<\/div>\n\t\t<\/div>\n\n\t\t\n<style>\n#section_2120372653 {\n  padding-top: 0px;\n  padding-bottom: 0px;\n}\n<\/style>\n\t<\/section>\n\t\n\n\t<section class=\"section\" id=\"section_2076783255\">\n\t\t<div class=\"section-bg fill\" >\n\t\t\t\t\t\t\t\t\t\n\t\t\t\n\n\t\t<\/div>\n\n\t\t\n\n\t\t<div class=\"section-content relative\">\n\t\t\t\n<span class=\"scroll-to\" data-label=\"Scroll to: #aviso-legal\" data-bullet=\"false\" data-link=\"#aviso-legal\" data-title=\"Aviso Legal\"><a name=\"aviso-legal\"><\/a><\/span>\n<div class=\"row\"  id=\"row-2092079408\">\n\n\t<div id=\"col-886071526\" class=\"col small-12 large-12\"  >\n\t\t\t\t<div class=\"col-inner\"  >\n\t\t\t\n\t\t\t\n<h2 style=\"text-align: center;\">AV\u00cdS LEGAL<\/h2>\n<p>TORM BABOT, SLU, inscrita al Registre de Societats del Principat d\u2019Andorra, amb n\u00famero de registre tributari L708917W, actua com a titular, dinamitzador i gestor de continguts de la present Web. TORM BABOT, SLU informa als Usuaris que compleix amb la vigent normativa de protecci\u00f3 de dades, i amb car\u00e0cter especial, amb la Llei 29\/2021, del 28 d\u2019octubre, qualificada de protecci\u00f3 de dades personals.<\/p>\n<table width=\"100%\">\n<tbody>\n<tr>\n<td width=\"69%\">\n<p><strong>Ra\u00f3 Social o nom de l\u2019empresa<\/strong><\/p>\n<\/td>\n<td width=\"30%\">\n<p><strong>NRT<\/strong><\/p>\n<\/td>\n<\/tr>\n<tr>\n<td width=\"69%\">\n<p>TORM BABOT, SLU<\/p>\n<\/td>\n<td width=\"30%\">\n<p>L708917W<\/p>\n<\/td>\n<\/tr>\n<tr>\n<td colspan=\"2\" width=\"100%\">\n<p><strong>Direcci\u00f3:: Plaza Copr\u00ednceps, 5<\/strong><\/p>\n<\/td>\n<td colspan=\"2\" width=\"100%\"> <\/td>\n<\/tr>\n<tr>\n<td width=\"69%\">\n<p><strong>Poblaci\u00f3:<\/strong><\/p>\n<\/td>\n<td width=\"30%\">\n<p><strong>Codi Postal:<\/strong><\/p>\n<\/td>\n<\/tr>\n<tr>\n<td width=\"69%\">\n<p>Escaldes (Andorra)<\/p>\n<\/td>\n<td width=\"30%\">\n<p>AD700<\/p>\n<\/td>\n<\/tr>\n<\/tbody>\n<\/table>\n\t<div id=\"gap-2111547571\" class=\"gap-element clearfix\" style=\"display:block; height:auto;\">\n\t\t\n<style>\n#gap-2111547571 {\n  padding-top: 30px;\n}\n<\/style>\n\t<\/div>\n\t\n<h3>CONCEPTE D&#8217;USUARI<\/h3>\n<p>La utilitzaci\u00f3 de la Web atribueix la condici\u00f3 d&#8217;Usuari, i implica l&#8217;acceptaci\u00f3 plena i sense reserves de totes i cadascuna de les disposicions incloses en aquest Av\u00eds Legal i en les Pol\u00edtiques de Privadesa en la versi\u00f3 publicada per TORM BABOT, SLU al mateix moment en qu\u00e8 l&#8217;Usuari accedeixi a la web. En conseq\u00fc\u00e8ncia, l&#8217;Usuari ha de llegir atentament el present Av\u00eds Legal i les Pol\u00edtiques de Privadesa en cadascuna de les ocasions en qu\u00e8 es proposi utilitzar la Web, ja que pot tenir modificacions.<\/p>\n\t<div id=\"gap-1189635851\" class=\"gap-element clearfix\" style=\"display:block; height:auto;\">\n\t\t\n<style>\n#gap-1189635851 {\n  padding-top: 30px;\n}\n<\/style>\n\t<\/div>\n\t\n<h3>INFORMACI\u00d3 SOBRE ELS LINKS<\/h3>\n<p>TORM BABOT, SLU no es fa responsable de les webs no pr\u00f2pies a les quals es pot accedir mitjan\u00e7ant vincles &#8220;links&#8221; o de qualsevol contingut posat a disposici\u00f3 per tercers.<\/p>\n<p>Qualsevol \u00fas d&#8217;un vincle o acc\u00e9s a una web no pr\u00f2pia \u00e9s realitzat per voluntat i risc exclusiu de l&#8217;usuari i TORM BABOT, SLU no recomana ni garanteix cap informaci\u00f3 obtinguda a trav\u00e9s d&#8217;un vincle ali\u00e8 a la web de TORM BABOT, SLU ni es responsabilitza de cap p\u00e8rdua, reclamaci\u00f3 o perjudici derivada de l&#8217;\u00fas o mal \u00fas d&#8217;un vincle, o de la informaci\u00f3 obtinguda a trav\u00e9s d&#8217;ell, incloent altres vincles o webs, de la interrupci\u00f3 en el servei o en l&#8217;acc\u00e9s, o de l&#8217;intent d&#8217;usar o usar malament un vincle, tant en connectar-se a la Web de TORM BABOT, SLU com en accedir a la informaci\u00f3 d&#8217;altres webs des de la Web de TORM BABOT, SLU vincles o enlla\u00e7os des d\u2019altres webs externes.<\/p>\n<p>Es prohibeix expressament establir el vincle <a href=\"http:\/\/www.rocblanc.com\">www.rocblanc.com<\/a> des de p\u00e0gines que continguin manifestacions o propaganda de car\u00e0cter racista, xen\u00f2fob, pornogr\u00e0fic, d&#8217;apologia del terrorisme, en contra dels Drets Humans o qualsevol un altre de car\u00e0cter il\u00b7l\u00edcit o contrari a la moral i a l&#8217;ordre p\u00fablic. En cap cas es podr\u00e0 donar a entendre, ni declarar que, TORM BABOT, SLU, interv\u00e9, avala, promociona, participa o ha supervisat en forma alguna els continguts de la p\u00e0gina on figuri l&#8217;enlla\u00e7, ni tan sols que consenti la seva incursi\u00f3, excepte autoritzaci\u00f3 expressa.<\/p>\n\t<div id=\"gap-2069333539\" class=\"gap-element clearfix\" style=\"display:block; height:auto;\">\n\t\t\n<style>\n#gap-2069333539 {\n  padding-top: 30px;\n}\n<\/style>\n\t<\/div>\n\t\n<h3>POLITICA DE PRIVACITAT<\/h3>\n<p>En virtut del previst a la Llei 29\/2021, del 28 d\u2019octubre, qualificada de protecci\u00f3 de dades personals, se l\u2019informa que les dades facilitades per l&#8217;Usuari a trav\u00e9s dels formularis de la web, seran incorporades i tractades en un Registre d&#8217;Activitats de Tractament del que \u00e9s responsable TORM BABOT, SLU, amb la finalitat d&#8217;atendre la relaci\u00f3 establerta entre les parts i emparada per la normativa especialment en mat\u00e8ria de Protecci\u00f3 de Dades de Car\u00e0cter Personal i altra legislaci\u00f3 connexa. Les dades s\u00f3n confidencials i el seu \u00fas respon a les finalitats legalment establertes a cada moment determinat. Si ho desitja pot accedir, rectificar, cancel\u00b7lar i oposar-se al tractament d&#8217;aquestes dades mitjan\u00e7ant escrit dirigit a la Pla\u00e7a Copr\u00ednceps, 5 AD700 Escaldes &#8211; Engordany (Andorra). Per a obtenir m\u00e9s informaci\u00f3 sobre la nostra Pol\u00edtica de Privadesa, si us plau dirigeixi&#8217;s al seg\u00fcent enlla\u00e7 <a href=\"\/ca\/politica-de-privacitat\/\">Pol\u00edtica de Privadesa<\/a>.<\/p>\n\t<div id=\"gap-1229647830\" class=\"gap-element clearfix\" style=\"display:block; height:auto;\">\n\t\t\n<style>\n#gap-1229647830 {\n  padding-top: 30px;\n}\n<\/style>\n\t<\/div>\n\t\n<h3>INFORMACI\u00d3 SOBRE LA UTILITZACI\u00d3 DE COOKIES<\/h3>\n<p>En aquesta Web es poden anar utilitzant Cookies en algunes p\u00e0gines. La finalitat d&#8217;aquestes Cookies \u00e9s millorar el servei que ofereixen als seus clients i als nostres visitants. Si desitja saber m\u00e9s sobre l&#8217;\u00fas de les Cookies per part de TORM BABOT, SLU dirigeixi&#8217;s a la nostra <a href=\"\/ca\/politica-de-cookies\/\">Pol\u00edtica de Cookies<\/a>.<\/p>\n\t<div id=\"gap-1014904002\" class=\"gap-element clearfix\" style=\"display:block; height:auto;\">\n\t\t\n<style>\n#gap-1014904002 {\n  padding-top: 30px;\n}\n<\/style>\n\t<\/div>\n\t\n<h3>RENUNCIA I LIMITACI\u00d3 DE LA RESPONSABILITAT<\/h3>\n<p>TORM BABOT, SLU informa que a tot moment implementa les mesures de seguretat oportunes a fi de presentar als usuaris de la web informacions i serveis adequats, certs i actualitzats; no obstant aix\u00f2, es reserva el dret de rectificaci\u00f3 sobre aquells aspectes que, eventualment i de forma fortu\u00efta, puguin sofrir incorreccions, desactualizacions o errors.<br \/>\nTORM BABOT, SLU ha obtingut la informaci\u00f3 i els materials inclosos a la web de fonts considerades com a fiables, per\u00f2 si b\u00e9 s&#8217;han pres les mesures corresponents per assegurar que la informaci\u00f3 continguda sigui correcta, no garanteix que sigui exacta o actualitzada.<br \/>\nTamb\u00e9 s&#8217;adverteix que els continguts d&#8217;aquesta Web, tenen dues finalitats: una d\u2019informativa en quant a la qualitat, situaci\u00f3, serveis i tarifes i una altra de prestaci\u00f3 de serveis, segons el previst en el present Av\u00eds Legal i la resta de textos legals de la present web.\n<\/p>\n\t<div id=\"gap-1644872773\" class=\"gap-element clearfix\" style=\"display:block; height:auto;\">\n\t\t\n<style>\n#gap-1644872773 {\n  padding-top: 30px;\n}\n<\/style>\n\t<\/div>\n\t\n<h3>INDICACIONS SOBRE ASPECTES T\u00c8CNICS<\/h3>\n<p>TORM BABOT, SLU declina qualsevol responsabilitat en cas que existeixin interrupcions o un mal funcionament dels serveis o continguts oferts en Internet, qualsevol que sigui la seva causa. Aix\u00ed mateix, TORM BABOT, SLU no es fa responsable per caigudes de la xarxa, p\u00e8rdues d&#8217;informaci\u00f3 com a conseq\u00fc\u00e8ncia d&#8217;aquestes caigudes, suspensions temporals del fluid el\u00e8ctric o qualsevol altre tipus de dany indirecte que li pugui ser causat als Usuaris per causes alienes a TORM BABOT, SLU<br \/>\nTORM BABOT, SLU no declara ni garanteix que els serveis o continguts siguin ininterromputs o que estiguin lliures d&#8217;errors, que els defectes siguin corregits, o que el servei o el servidor que ho posa a disposici\u00f3 estiguin lliures de virus o altres components nocius, sense perjudici que TORM BABOT, SLU realitza els seus millors esfor\u00e7os a evitar aquest tipus d&#8217;incidents. En cas que l&#8217;Usuari prengu\u00e9s determinades decisions o realitz\u00e9s accions amb base a la informaci\u00f3 inclosa en qualsevol dels websites, es recomana la comprovaci\u00f3 de la informaci\u00f3 rebuda amb altres fonts.<\/p>\n\t<div id=\"gap-256485399\" class=\"gap-element clearfix\" style=\"display:block; height:auto;\">\n\t\t\n<style>\n#gap-256485399 {\n  padding-top: 30px;\n}\n<\/style>\n\t<\/div>\n\t\n<h3>PROPIETAT INDUSTRIAL I INTEL\u00b7LECTUAL<\/h3>\n<p>Els continguts prestats per TORM BABOT, SLU aix\u00ed com els continguts abocats a la xarxa a trav\u00e9s de les seves p\u00e0gines web, constitueixen una obra en el sentit de la legislaci\u00f3 sobre propietat intel\u00b7lectual pel que es troben protegits per les lleis i convenis internacionals aplicables en la mat\u00e8ria.<br \/>\nQueda prohibida qualsevol forma de reproducci\u00f3, distribuci\u00f3, comunicaci\u00f3 p\u00fablica, transformaci\u00f3, posada a disposici\u00f3 i, en general, qualsevol altre acte d&#8217;explotaci\u00f3 p\u00fablica referit tant a les p\u00e0gines Web com als seus continguts i informaci\u00f3, sense l&#8217;expr\u00e9s i previ consentiment i per escrit de TORM BABOT, SLU.<br \/>\nEn conseq\u00fc\u00e8ncia, tots els continguts que es mostren en la website i especialment, dissenys, textos, gr\u00e0fics, logotips, icones, botons, programari, noms comercials, marques, dibuixos industrials o qualssevol altres signes susceptibles d&#8217;utilitzaci\u00f3 industrial i comercial estan subjectes a drets de propietat intel\u00b7lectual i industrial de TORM BABOT, SLU o de tercers titulars dels mateixos que han autoritzat degudament la seva inclusi\u00f3 en els diferents websites.<br \/>\nEls continguts, imatges, formes, opinions, \u00edndexs i altres expressions formals que formin part de les p\u00e0gines Web, aix\u00ed com el programari necessari per al funcionament i visualitzaci\u00f3 de les mateixes, constitueixen aix\u00ed mateix una obra en el sentit del Dret d&#8217;Autor i queden, per tant, protegides per les convencions internacionals i legislacions nacionals en mat\u00e8ria de Propietat intel\u00b7lectual que resultin aplicables. L&#8217;incompliment de l&#8217;assenyalat implica la comissi\u00f3 de greus actes il\u00b7l\u00edcits i la seva sanci\u00f3 per la legislaci\u00f3 civil i penal.<br \/>\nQueda prohibit tot acte per virtut del quals els Usuaris dels serveis o continguts puguin explotar o servir-se comercialment, directa o indirectament, \u00edntegrament o parcialment, de qualsevol dels continguts, imatges, formes, \u00edndexs i altres expressions formals que formin part de la p\u00e0gina Web sense perm\u00eds previ i per escrit de TORM BABOT, SLU<br \/>\nEn concret, i sense car\u00e0cter exhaustiu, queden prohibits els actes de reproducci\u00f3, distribuci\u00f3, exhibici\u00f3, transmissi\u00f3, retransmissi\u00f3, emissi\u00f3 en qualsevol forma, emmagatzematge en suports f\u00edsics o l\u00f2gics (per exemple, disquets o disc dur d&#8217;ordinadors), digitalitzaci\u00f3 o posada a disposici\u00f3 des de bases de dades diferents de les pertanyents a les autoritzades per TORM BABOT, SLU aix\u00ed com la seva traducci\u00f3, adaptaci\u00f3, arranjament o qualsevol altra transformaci\u00f3 d&#8217;aquestes opinions, imatges, formes, \u00edndexs i altres expressions formals que es posin a la disposici\u00f3 dels Usuaris a trav\u00e9s dels serveis o continguts, en tant tals actes estiguin sotmesos a la legislaci\u00f3 aplicable en mat\u00e8ria de Propietat intel\u00b7lectual, industrial o de protecci\u00f3 de la imatge.<br \/>\nTORM BABOT, SLU \u00e9s lliure de limitar l&#8217;acc\u00e9s a les p\u00e0gines Web, i als productes i\/o serveis en ella oferts, aix\u00ed com la conseg\u00fcent publicaci\u00f3 de les opinions, observacions, imatges o comentaris que els Usuaris puguin fer-li arribar a trav\u00e9s del correu electr\u00f2nic.<br \/>\nTORM BABOT, SLU en aquest sentit, podr\u00e0 establir, si ho considera oport\u00fa, sense perjudici de l&#8217;\u00fanica i exclusiva responsabilitat dels Usuaris, els filtres necessaris a fi d&#8217;evitar que a trav\u00e9s de les seves p\u00e0gines Web puguin abocar-se a la xarxa continguts o opinions, considerats com a racistes, xen\u00f2fobs, discriminatoris, pornogr\u00e0fics, difamatoris o que, de qualsevol manera, fomentin la viol\u00e8ncia o la disseminaci\u00f3 de continguts clarament il\u00b7l\u00edcits o nocius.<br \/>\nAquells Usuaris que envi\u00efn a la p\u00e0gina Web de TORM BABOT, SLU al seu departament de suggeriments, observacions, opinions o comentaris per mitj\u00e0 del servei de correu electr\u00f2nic, tret que expressin de manera certa i inconfusible el contrari, en els casos en els quals per la naturalesa dels serveis o continguts aix\u00f2 sigui possible, s&#8217;ent\u00e9n que autoritzen a TORM BABOT, SLU per a la reproducci\u00f3, distribuci\u00f3, exhibici\u00f3, transmissi\u00f3, retransmissi\u00f3, emissi\u00f3 en qualsevol format, emmagatzematge en suports f\u00edsics o l\u00f2gics (per exemple, disquets o disc dur d&#8217;ordinadors), digitalitzaci\u00f3, posada a disposici\u00f3 des de bases de dades pertanyents a TORM BABOT, SLU traducci\u00f3, adaptaci\u00f3, arranjament o qualsevol altra transformaci\u00f3 de tals observacions, opinions o comentaris, per tot el temps de protecci\u00f3 de dret d&#8217;autor que estigui previst legalment.<br \/>\nAix\u00ed mateix, s&#8217;ent\u00e9n que aquesta autoritzaci\u00f3 es fa a t\u00edtol gratu\u00eft, i que pel sol fet d&#8217;enviar per correu electr\u00f2nic tals observacions, opinions o comentaris, els Usuaris declinen qualsevol pretensi\u00f3 remunerat\u00f2ria per part de TORM BABOT, SLU.<br \/>\nD&#8217;acord amb l&#8217;assenyalat en el par\u00e0graf anterior, TORM BABOT, SLU queda autoritzada igualment per procedir a la modificaci\u00f3 o alteraci\u00f3 de tals observacions, opinions o comentaris, a fi d&#8217;adaptar-los a les necessitats de format editorial de les p\u00e0gines Web, sense que per aix\u00f2 pugui entendre&#8217;s que existeix en absolut qualsevol tipus de lesi\u00f3 de qualssevol de les facultats morals de dret d&#8217;autor que els Usuaris poguessin ostentar sobre aquelles.<br \/>\nQueden prohibits qualssevol dels recursos t\u00e8cnics, l\u00f2gics o tecnol\u00f2gics per virtut dels quals un tercer pugui beneficiar-se, directa o indirectament, amb o sense lucre, de tots i cadascun dels continguts, formes, \u00edndexs i altres expressions formals que formin part de la p\u00e0gina Web, o de l&#8217;esfor\u00e7 dut a terme per TORM BABOT, SLU per al seu funcionament.<br \/>\nEn concret, queda prohibit tot link, hyperlink, framing o vincle similar que pugui establir-se en direcci\u00f3 a les p\u00e0gines Web de TORM BABOT, SLU sense el consentiment previ, expr\u00e9s i per escrit del client. Qualsevol transgressi\u00f3 del que es disposa en aquest punt ser\u00e0 considerada com a lesi\u00f3 dels leg\u00edtims drets de Propietat intel\u00b7lectual de TORM BABOT, SLU sobre les p\u00e0gines web i tots els continguts d&#8217;aquestes.<br \/>\nTORM BABOT, SLU no assumir\u00e0 responsabilitat alguna davant conseq\u00fc\u00e8ncies derivades de les conductes i actuacions abans citades, de la mateixa manera que no assumir\u00e0 responsabilitat alguna pels continguts, serveis, productes, etc., de tercers als quals es pugui accedir directament o a trav\u00e9s de baners, enlla\u00e7os, links, hyperlinks, framing o vincles similars des de la website de TORM BABOT, SLU.<\/p>\n\t\t<\/div>\n\t\t\t\t\t<\/div>\n\n\t\n<\/div>\n\t\t<\/div>\n\n\t\t\n<style>\n#section_2076783255 {\n  padding-top: 30px;\n  padding-bottom: 30px;\n}\n<\/style>\n\t<\/section>\n\t\n","protected":false},"excerpt":{"rendered":"","protected":false},"author":2,"featured_media":0,"parent":0,"menu_order":0,"comment_status":"closed","ping_status":"closed","template":"page-blank.php","meta":{"footnotes":""},"class_list":["post-1654","page","type-page","status-publish","hentry"],"_links":{"self":[{"href":"https:\/\/rocblanc.com\/ca\/wp-json\/wp\/v2\/pages\/1654","targetHints":{"allow":["GET"]}}],"collection":[{"href":"https:\/\/rocblanc.com\/ca\/wp-json\/wp\/v2\/pages"}],"about":[{"href":"https:\/\/rocblanc.com\/ca\/wp-json\/wp\/v2\/types\/page"}],"author":[{"embeddable":true,"href":"https:\/\/rocblanc.com\/ca\/wp-json\/wp\/v2\/users\/2"}],"replies":[{"embeddable":true,"href":"https:\/\/rocblanc.com\/ca\/wp-json\/wp\/v2\/comments?post=1654"}],"version-history":[{"count":0,"href":"https:\/\/rocblanc.com\/ca\/wp-json\/wp\/v2\/pages\/1654\/revisions"}],"wp:attachment":[{"href":"https:\/\/rocblanc.com\/ca\/wp-json\/wp\/v2\/media?parent=1654"}],"curies":[{"name":"wp","href":"https:\/\/api.w.org\/{rel}","templated":true}]}}