{"id":2523,"date":"2023-11-03T11:07:15","date_gmt":"2023-11-03T10:07:15","guid":{"rendered":"https:\/\/rocblanc.com\/?page_id=2523"},"modified":"2023-11-03T11:23:02","modified_gmt":"2023-11-03T10:23:02","slug":"condicions-generals","status":"publish","type":"page","link":"https:\/\/rocblanc.com\/ca\/condicions-generals\/","title":{"rendered":"Condicions Generals"},"content":{"rendered":"\n\t<section class=\"section\" id=\"section_415620025\">\n\t\t<div class=\"section-bg fill\" >\n\t\t\t\t\t\t\t\t\t\n\t\t\t\n\n\t\t<\/div>\n\n\t\t\n\n\t\t<div class=\"section-content relative\">\n\t\t\t\n<div class=\"row\"  id=\"row-1705430709\">\n\n\t<div id=\"col-1764510087\" class=\"col small-12 large-12\"  >\n\t\t\t\t<div class=\"col-inner\"  >\n\t\t\t\n\t\t\t\n<h2 style=\"text-align: center;\">Condicions Generals<\/h2>\n\t<div id=\"gap-1182369781\" class=\"gap-element clearfix\" style=\"display:block; height:auto;\">\n\t\t\n<style>\n#gap-1182369781 {\n  padding-top: 30px;\n}\n<\/style>\n\t<\/div>\n\t\n<p><strong>Pol\u00edtica de Cancel\u00b7laci\u00f3<\/strong><\/p>\n<p>En cas de no presentar-se, l\u2019hotel podr\u00e0 efectuar el cobrament total de la seva reserva.<br \/>Per qualsevol modificaci\u00f3 o cancel\u00b7laci\u00f3, es pot efectuar sense c\u00e0rrec amb antelaci\u00f3 superior a 24 hores abans del dia de l\u2019arribada. Si aquesta s\u00b4efectua amb menys antelaci\u00f3, l\u00b4hotel podr\u00e0 efectuar el cobrament de la primera nit d\u00b4estada com a penalitzaci\u00f3.<\/p>\n<p><strong>Privadesa <\/strong><\/p>\n<p>TORM BABOT, SLU (d&#8217;ara endavant ROC BLANC HOTELS), amb N\u00famero de Registre Tributari (NTR) L708917W i domicili a la Pla\u00e7a Copr\u00ednceps, 5 AD700 Escaldes (Andorra) informa als Usuaris que compleix amb la normativa vigent en mat\u00e8ria de protecci\u00f3 de dades, especialment amb la Llei 29\/2021, de 28 d&#8217;octubre, qualificada de protecci\u00f3 de dades personals. D&#8217;acord amb all\u00f2 que disposa la normativa vigent, ROC BLANC HOTELS nom\u00e9s recull les dades estrictament necess\u00e0ries per oferir els seus serveis. Totes les dades personals proporcionades mitjan\u00e7ant correu electr\u00f2nic o formularis electr\u00f2nics habilitats a la p\u00e0gina web es tracten d\u2019acord amb la normativa vigent sobre protecci\u00f3 de dades personals i en tot cas tenen car\u00e0cter confidencial. En relaci\u00f3 a aix\u00f2, us informem que les respostes a les preguntes plantejades als formularis habilitats de recollida de dades s\u00f3n volunt\u00e0ries, si b\u00e9 en alguns casos la negativa a facilitar-los pot comportar la impossibilitat d&#8217;acc\u00e9s als serveis que les necessitin. En el moment que s&#8217;implementi\/n algun\/s dels formularis que puguin estar inclosos a la website, relatius als serveis prestats per ROC BLANC HOTELS, els Usuaris accepten la inclusi\u00f3 i el tractament de les dades que proporcionin a ROC BLANC HOTELS. En relaci\u00f3 amb aix\u00f2, se&#8217;ls informa que les dades personals facilitades seran tractades per ROC BLANC HOTELS, amb la finalitat de poder atendre la seva sol\u00b7licitud de reserva al nostre establiment hoteler i els tr\u00e0mits administratius i de facturaci\u00f3 que se&#8217;n derivin, podent contactar amb el nostre Delegat de Protecci\u00f3 de Dades al correu electr\u00f2nic <a href=\"mailto:dades@rocblanchotels.com\">dades@rocblanchotels.com<\/a>. Les dades facilitades seran conservades mentre es mantingui la relaci\u00f3 entre ambdues parts i el temps necessari per donar compliment a les obligacions legals i contractuals segons la normativa vigent. La base legal per al tractament de les seves dades es fonamentar\u00e0 en el seu consentiment i en l&#8217;execuci\u00f3 de la relaci\u00f3 contractual subscrita entre ambdues parts i no seran comunicades a tercers menys en aquells casos previstos per la legislaci\u00f3 vigent. Poden exercir els seus drets d&#8217;acc\u00e9s, rectificaci\u00f3, supressi\u00f3, limitaci\u00f3, portabilitat i oposici\u00f3 de forma escrita al domicili social abans esmentat o per e-mail a <a href=\"mailto:dades@rocblanchotels.com\">dades@rocblanchotels.com<\/a>, adjuntant fotoc\u00f2pia de document oficial que us identifiqui. Poden obtenir m\u00e9s informaci\u00f3 sobre els seus drets accedint a la p\u00e0gina web de l&#8217;Ag\u00e8ncia Andorrana de Protecci\u00f3 de Dades, aix\u00ed com presentar una reclamaci\u00f3 davant aquest organisme de considerar-ho oport\u00fa.<\/p>\n<p>\u00a0<\/p>\n<p><strong>Text Legal Informaci\u00f3 LSSI-CE<\/strong><\/p>\n<p>En compliment del deure d&#8217;informaci\u00f3 establert a l&#8217;article 10 de la Llei 34\/2002, d&#8217;11 de juliol, de Serveis de la Societat de la Informaci\u00f3 i de Comer\u00e7 Electr\u00f2nic, els comuniquem que la dinamitzadora i gestora de continguts de la Web \u00e9s ROC BLANC HOTELS, amb domicili a la Pla\u00e7a Copr\u00ednceps, 5 AD700 Escaldes (Andorra) i amb la gesti\u00f3 del domini d&#8217;Internet: <a href=\"http:\/\/www.rocblanc.com\">www.rocblanc.com<\/a>, atenent comunicacions dels usuaris i\/o interessats a trav\u00e9s de l&#8217;e-mail <a href=\"mailto:hotelrocblanc@rocblanchotels.com\">hotelrocblanc@rocblanchotels.com<\/a>.<\/p>\n<p>\u00a0<\/p>\n<p><strong>Jurisdicci\u00f3<\/strong><br \/>Seran competents per con\u00e8ixer qualsevol litigi entre les parts els Tribunals d\u2019Andorra la Vella, amb ren\u00fancia expressa a qualsevol altre fur que pogu\u00e9s correspondre\u2019ls.<\/p>\n\t\t<\/div>\n\t\t\t\t\t<\/div>\n\n\t\n<\/div>\n\t\t<\/div>\n\n\t\t\n<style>\n#section_415620025 {\n  padding-top: 30px;\n  padding-bottom: 30px;\n}\n<\/style>\n\t<\/section>\n\t\n","protected":false},"excerpt":{"rendered":"","protected":false},"author":2,"featured_media":0,"parent":0,"menu_order":0,"comment_status":"closed","ping_status":"closed","template":"","meta":{"footnotes":""},"class_list":["post-2523","page","type-page","status-publish","hentry"],"_links":{"self":[{"href":"https:\/\/rocblanc.com\/ca\/wp-json\/wp\/v2\/pages\/2523","targetHints":{"allow":["GET"]}}],"collection":[{"href":"https:\/\/rocblanc.com\/ca\/wp-json\/wp\/v2\/pages"}],"about":[{"href":"https:\/\/rocblanc.com\/ca\/wp-json\/wp\/v2\/types\/page"}],"author":[{"embeddable":true,"href":"https:\/\/rocblanc.com\/ca\/wp-json\/wp\/v2\/users\/2"}],"replies":[{"embeddable":true,"href":"https:\/\/rocblanc.com\/ca\/wp-json\/wp\/v2\/comments?post=2523"}],"version-history":[{"count":0,"href":"https:\/\/rocblanc.com\/ca\/wp-json\/wp\/v2\/pages\/2523\/revisions"}],"wp:attachment":[{"href":"https:\/\/rocblanc.com\/ca\/wp-json\/wp\/v2\/media?parent=2523"}],"curies":[{"name":"wp","href":"https:\/\/api.w.org\/{rel}","templated":true}]}}