{"id":3900,"date":"2025-05-29T11:24:06","date_gmt":"2025-05-29T09:24:06","guid":{"rendered":"https:\/\/rocblanc.com\/ofertes\/andorra-international-jazz-festival\/"},"modified":"2025-05-29T11:42:17","modified_gmt":"2025-05-29T09:42:17","slug":"andorra-international-jazz-festival","status":"publish","type":"page","link":"https:\/\/rocblanc.com\/ca\/ofertes\/andorra-international-jazz-festival\/","title":{"rendered":"Oferta: Festival de Jazz Andorra 2025"},"content":{"rendered":"\n\t<section class=\"section\" id=\"section_1218922050\">\n\t\t<div class=\"section-bg fill\" >\n\t\t\t\t\t\t\t\t\t<div class=\"section-bg-overlay absolute fill\"><\/div>\n\t\t\t\n\n\t\t<\/div>\n\n\t\t\n\n\t\t<div class=\"section-content relative\">\n\t\t\t\n<div class=\"row row-large align-middle\" style=\"max-width:1400px\" id=\"row-1335874521\">\n\n\t<div id=\"col-1230159712\" class=\"col medium-6 small-12 large-6\"  >\n\t\t\t\t<div class=\"col-inner\"  >\n\t\t\t\n\t\t\t\n<div class=\"slider-wrapper relative\" id=\"slider-322642355\" >\n    <div class=\"slider slider-nav-dots-dashes-spaced slider-nav-simple slider-nav-large slider-nav-dark slider-style-normal\"\n        data-flickity-options='{\n            \"cellAlign\": \"center\",\n            \"imagesLoaded\": true,\n            \"lazyLoad\": 1,\n            \"freeScroll\": false,\n            \"wrapAround\": true,\n            \"autoPlay\": 6000,\n            \"pauseAutoPlayOnHover\" : true,\n            \"prevNextButtons\": true,\n            \"contain\" : true,\n            \"adaptiveHeight\" : true,\n            \"dragThreshold\" : 10,\n            \"percentPosition\": true,\n            \"pageDots\": true,\n            \"rightToLeft\": false,\n            \"draggable\": true,\n            \"selectedAttraction\": 0.1,\n            \"parallax\" : 0,\n            \"friction\": 0.6        }'\n        >\n        \n\t<div class=\"img has-hover x md-x lg-x y md-y lg-y\" id=\"image_527722592\">\n\t\t\t\t\t\t\t\t<div class=\"img-inner image-cover dark\" style=\"padding-top:100%;\">\n\t\t\t<img decoding=\"async\" width=\"1000\" height=\"667\" src=\"https:\/\/rocblanc.com\/wp-content\/uploads\/2024\/06\/Andorra-international-jazz-festival-hotel-roc-blanc.jpg\" class=\"attachment-large size-large\" alt=\"\" srcset=\"https:\/\/rocblanc.com\/wp-content\/uploads\/2024\/06\/Andorra-international-jazz-festival-hotel-roc-blanc.jpg 1000w, https:\/\/rocblanc.com\/wp-content\/uploads\/2024\/06\/Andorra-international-jazz-festival-hotel-roc-blanc-300x200.jpg 300w, https:\/\/rocblanc.com\/wp-content\/uploads\/2024\/06\/Andorra-international-jazz-festival-hotel-roc-blanc-768x512.jpg 768w\" sizes=\"(max-width: 1000px) 100vw, 1000px\" \/>\t\t\t\t\t\t\n\t\t\t\t\t<\/div>\n\t\t\t\t\t\t\t\t\n<style>\n#image_527722592 {\n  width: 100%;\n}\n<\/style>\n\t<\/div>\n\t\n\t<div class=\"img has-hover x md-x lg-x y md-y lg-y\" id=\"image_348364925\">\n\t\t\t\t\t\t\t\t<div class=\"img-inner image-cover dark\" style=\"padding-top:100%;\">\n\t\t\t<img decoding=\"async\" width=\"1500\" height=\"844\" src=\"https:\/\/rocblanc.com\/wp-content\/uploads\/2023\/06\/junior-suite-room-Roc-Blanc-Hotel-Spa-Andorra-1.webp\" class=\"attachment-original size-original\" alt=\"\" srcset=\"https:\/\/rocblanc.com\/wp-content\/uploads\/2023\/06\/junior-suite-room-Roc-Blanc-Hotel-Spa-Andorra-1.webp 1500w, https:\/\/rocblanc.com\/wp-content\/uploads\/2023\/06\/junior-suite-room-Roc-Blanc-Hotel-Spa-Andorra-1-300x169.webp 300w, https:\/\/rocblanc.com\/wp-content\/uploads\/2023\/06\/junior-suite-room-Roc-Blanc-Hotel-Spa-Andorra-1-1024x576.webp 1024w, https:\/\/rocblanc.com\/wp-content\/uploads\/2023\/06\/junior-suite-room-Roc-Blanc-Hotel-Spa-Andorra-1-768x432.webp 768w\" sizes=\"(max-width: 1500px) 100vw, 1500px\" \/>\t\t\t\t\t\t\n\t\t\t\t\t<\/div>\n\t\t\t\t\t\t\t\t\n<style>\n#image_348364925 {\n  width: 100%;\n}\n<\/style>\n\t<\/div>\n\t\n\t<div class=\"img has-hover x md-x lg-x y md-y lg-y\" id=\"image_1554989010\">\n\t\t\t\t\t\t\t\t<div class=\"img-inner image-cover dark\" style=\"padding-top:100%;\">\n\t\t\t<img decoding=\"async\" width=\"1020\" height=\"1020\" src=\"https:\/\/rocblanc.com\/wp-content\/uploads\/2022\/12\/breakfast-options-roc-blanc-hotel-spa-andorra-1-1024x1024.webp\" class=\"attachment-large size-large\" alt=\"\" srcset=\"https:\/\/rocblanc.com\/wp-content\/uploads\/2022\/12\/breakfast-options-roc-blanc-hotel-spa-andorra-1-1024x1024.webp 1024w, https:\/\/rocblanc.com\/wp-content\/uploads\/2022\/12\/breakfast-options-roc-blanc-hotel-spa-andorra-1-300x300.webp 300w, https:\/\/rocblanc.com\/wp-content\/uploads\/2022\/12\/breakfast-options-roc-blanc-hotel-spa-andorra-1-150x150.webp 150w, https:\/\/rocblanc.com\/wp-content\/uploads\/2022\/12\/breakfast-options-roc-blanc-hotel-spa-andorra-1-768x768.webp 768w, https:\/\/rocblanc.com\/wp-content\/uploads\/2022\/12\/breakfast-options-roc-blanc-hotel-spa-andorra-1-1536x1536.webp 1536w, https:\/\/rocblanc.com\/wp-content\/uploads\/2022\/12\/breakfast-options-roc-blanc-hotel-spa-andorra-1.webp 2000w\" sizes=\"(max-width: 1020px) 100vw, 1020px\" \/>\t\t\t\t\t\t\n\t\t\t\t\t<\/div>\n\t\t\t\t\t\t\t\t\n<style>\n#image_1554989010 {\n  width: 100%;\n}\n<\/style>\n\t<\/div>\n\t\n\t<div class=\"img has-hover x md-x lg-x y md-y lg-y\" id=\"image_318172747\">\n\t\t\t\t\t\t\t\t<div class=\"img-inner image-cover dark\" style=\"padding-top:100%;\">\n\t\t\t<img decoding=\"async\" width=\"2200\" height=\"1134\" src=\"https:\/\/rocblanc.com\/wp-content\/uploads\/2023\/03\/RBn.webp\" class=\"attachment-original size-original\" alt=\"\" srcset=\"https:\/\/rocblanc.com\/wp-content\/uploads\/2023\/03\/RBn.webp 2200w, https:\/\/rocblanc.com\/wp-content\/uploads\/2023\/03\/RBn-300x155.webp 300w, https:\/\/rocblanc.com\/wp-content\/uploads\/2023\/03\/RBn-1024x528.webp 1024w, https:\/\/rocblanc.com\/wp-content\/uploads\/2023\/03\/RBn-768x396.webp 768w, https:\/\/rocblanc.com\/wp-content\/uploads\/2023\/03\/RBn-1536x792.webp 1536w, https:\/\/rocblanc.com\/wp-content\/uploads\/2023\/03\/RBn-2048x1056.webp 2048w\" sizes=\"(max-width: 2200px) 100vw, 2200px\" \/>\t\t\t\t\t\t\n\t\t\t\t\t<\/div>\n\t\t\t\t\t\t\t\t\n<style>\n#image_318172747 {\n  width: 100%;\n}\n<\/style>\n\t<\/div>\n\t\n     <\/div>\n\n     <div class=\"loading-spin dark large centered\"><\/div>\n\n\t<\/div>\n\n\n\t\t<\/div>\n\t\t\t\t\t<\/div>\n\n\t\n\n\t<div id=\"col-359740360\" class=\"col medium-6 small-12 large-6\"  >\n\t\t\t\t<div class=\"col-inner text-left\"  >\n\t\t\t\n\t\t\t\n\t<div id=\"stack-1958498850\" class=\"stack stack-row justify-start items-stretch\">\n\t\t\n\t<div id=\"text-1861091415\" class=\"text\">\n\t\t\n<h6 data-padding=\"40px\"><span style=\"background-color: #356d91; padding: 3px;\">oferta especial<\/span><\/h6>\n\t\t\n<style>\n#text-1861091415 {\n  font-size: 0.9rem;\n  color: rgb(255, 255, 255);\n}\n#text-1861091415 > * {\n  color: rgb(255, 255, 255);\n}\n<\/style>\n\t<\/div>\n\t\n\t\t\n<style>\n#stack-1958498850 > * {\n  --stack-gap: 1rem;\n}\n<\/style>\n\t<\/div>\n\t\n\t<div id=\"gap-493078023\" class=\"gap-element clearfix\" style=\"display:block; height:auto;\">\n\t\t\n<style>\n#gap-493078023 {\n  padding-top: 10px;\n}\n<\/style>\n\t<\/div>\n\t\n\t<div id=\"gap-1694357021\" class=\"gap-element clearfix\" style=\"display:block; height:auto;\">\n\t\t\n<style>\n#gap-1694357021 {\n  padding-top: 10px;\n}\n<\/style>\n\t<\/div>\n\t\n\t<div id=\"text-1712891615\" class=\"text nomargin\">\n\t\t\n<h1 data-line-height=\"m\">Festival de Jazz Andorra: Pack Hotel + Entrades <\/h1>\n\t\t\n<style>\n#text-1712891615 {\n  font-size: 0.75rem;\n  color: rgb(0,0,0);\n}\n#text-1712891615 > * {\n  color: rgb(0,0,0);\n}\n<\/style>\n\t<\/div>\n\t\n\t<div id=\"text-2880617986\" class=\"text\">\n\t\t\n<p><span style=\"font-size: 90%;\">Des de <span style=\"font-size: 220%;\">153\u20ac<\/span> p.n*<\/span><\/p>\n\t\t\n<style>\n#text-2880617986 {\n  color: #356d91;\n}\n#text-2880617986 > * {\n  color: #356d91;\n}\n<\/style>\n\t<\/div>\n\t\n<div class=\"row\"  id=\"row-214611247\">\n\n\t<div id=\"col-1735263004\" class=\"col medium-8 small-12 large-8\"  >\n\t\t\t\t<div class=\"col-inner\"  >\n\t\t\t\n\t\t\t\n<a href=\"https:\/\/engine.prod.witbooking.com\/ca\/hotel\/rocblanc\/room?roomId=JAZZ\" target=\"_blank\" class=\"button primary expand\" rel=\"noopener\" style=\"border-radius:50px;\">\n\t\t<span>reservar<\/span>\n\t<\/a>\n\n\t\t<\/div>\n\t\t\t\t\n<style>\n#col-1735263004 > .col-inner {\n  padding: 0px 0px 0px 0px;\n  margin: 0px 0px -30px 0px;\n}\n<\/style>\n\t<\/div>\n\n\t\n<\/div>\n\t<div id=\"gap-1122507648\" class=\"gap-element clearfix\" style=\"display:block; height:auto;\">\n\t\t\n<style>\n#gap-1122507648 {\n  padding-top: 30px;\n}\n@media (min-width:550px) {\n  #gap-1122507648 {\n    padding-top: 0px;\n  }\n}\n<\/style>\n\t<\/div>\n\t\n\t<div id=\"text-2907421622\" class=\"text\">\n\t\t\n<p>Del 3 al 10 de juliol de 2025, Escaldes-Engordany tornar\u00e0 a omplir-se de ritme amb la 41a edici\u00f3 del Festival de Jazz d&#8217;Andorra, que presenta una programaci\u00f3 que barreja tradici\u00f3, innovaci\u00f3 i talent internacional. A l&#8217;Hotel Roc Blanc, t&#8217;oferim un pack especial Hotel + Entrades perqu\u00e8 visquis el festival amb tota la comoditat. <\/p>\n<h3>El Nostre Pack Inclou:<\/h3>\n<ul>\n<li>\n<p>Allotjament a l&#8217;Hotel Roc Blanc<\/p>\n<\/li>\n<li>\n<p>Entrades pels concerts principals del Festival de Jazz Andorra 2025<\/p>\n<\/li>\n<li>\n<p>Esmorzar buffet incl\u00f2s<\/p>\n<\/li>\n<\/ul>\n\t\t\n<style>\n#text-2907421622 {\n  line-height: 1.4;\n}\n<\/style>\n\t<\/div>\n\t\n\t<div id=\"text-4029450288\" class=\"text\">\n\t\t\n\n<p><em>* Reserva segons disponibilitat. Totes les tarifes no inclouen l'impost tur\u00edstic de 2,09\u20ac per persona per nit. (No aplica per a menors de 16 anys ni per a estades majors de 7 nits).<\/em><\/p>\n\n\t\t\n<style>\n#text-4029450288 {\n  font-size: 1rem;\n  color: rgb(143, 140, 133);\n}\n#text-4029450288 > * {\n  color: rgb(143, 140, 133);\n}\n<\/style>\n\t<\/div>\n\t\n\t\t<\/div>\n\t\t\t\t\t<\/div>\n\n\t\n\n<style>\n#row-1335874521 > .col > .col-inner {\n  padding: 60px 0px 0px 0px;\n}\n<\/style>\n<\/div>\n\t\t<\/div>\n\n\t\t\n<style>\n#section_1218922050 {\n  padding-top: 0px;\n  padding-bottom: 0px;\n  background-color: rgb(193, 193, 193);\n}\n#section_1218922050 .section-bg-overlay {\n  background-color: rgba(255, 255, 255, 0.85);\n}\n<\/style>\n\t<\/section>\n\t\n\n\t<section class=\"section\" id=\"section_339787397\">\n\t\t<div class=\"section-bg fill\" >\n\t\t\t\t\t\t\t\t\t<div class=\"section-bg-overlay absolute fill\"><\/div>\n\t\t\t\n\n\t\t<\/div>\n\n\t\t\n\n\t\t<div class=\"section-content relative\">\n\t\t\t\n<div class=\"row row-large align-middle align-center\"  id=\"row-979833994\">\n\n\t<div id=\"col-1786418622\" class=\"col medium-10 small-12 large-10\"  >\n\t\t\t\t<div class=\"col-inner\"  >\n\t\t\t\n\t\t\t\n<h2>Una Setmana de Jazz i Emocions als Pirineus<\/h2>\n<p>Del <strong>3 al 10 de juliol de 2025<\/strong>, Escaldes-Engordany tornar\u00e0 a omplir-se de ritme amb la 41a edici\u00f3 del <strong>Festival de Jazz d&#8217;Andorra<\/strong>, que presenta una programaci\u00f3 que barreja tradici\u00f3, innovaci\u00f3 i talent internacional. A l&#8217;Hotel Roc Blanc, t&#8217;oferim un <strong>pack especial Hotel + Entrades <\/strong>perqu\u00e8 visquis el festival amb tota la comoditat. <\/p>\n<h2>Viu el Festival de Jazz d&#8217;Andorra amb Roc Blanc<\/h2>\n<p>Reserva ara el teu <strong>pack Hotel + Entrades Festival de Jazz Andorra 2025<\/strong> i gaudeix d&#8217;una setmana de m\u00fasica i emocions al cor dels Pirineus.<\/p>\n<a href=\"https:\/\/engine.prod.witbooking.com\/ca\/hotel\/rocblanc\/room?roomId=JAZZ\" target=\"_blank\" class=\"button primary\" rel=\"noopener\" style=\"border-radius:50px;\">\n\t\t<span>reservar<\/span>\n\t<\/a>\n\n\t<div id=\"gap-1896449226\" class=\"gap-element clearfix\" style=\"display:block; height:auto;\">\n\t\t\n<style>\n#gap-1896449226 {\n  padding-top: 30px;\n}\n<\/style>\n\t<\/div>\n\t\n\t\t<\/div>\n\t\t\t\t\t<\/div>\n\n\t\n<\/div>\n\n\t<section class=\"section\" id=\"section_267949215\">\n\t\t<div class=\"section-bg fill\" >\n\t\t\t\t\t\t\t\t\t\n\t\t\t\n\n\t\t<\/div>\n\n\t\t\n\n\t\t<div class=\"section-content relative\">\n\t\t\t\n\n<div class=\"row\"  id=\"row-1316418450\">\n\n\n\t<div id=\"col-923842448\" class=\"col medium-12 small-12 large-12\"  >\n\t\t\t\t<div class=\"col-inner text-left\"  >\n\t\t\t\n\t\t\t\n\n<div class=\"container section-title-container\" ><h2 class=\"section-title section-title-center\"><b aria-hidden=\"true\"><\/b><span class=\"section-title-main\" ><i class=\"icon-gift\" aria-hidden=\"true\"><\/i>m\u00e9s ofertes<\/span><b aria-hidden=\"true\"><\/b><\/h2><\/div>\n\n\n\t\t<\/div>\n\t\t\t\t\n<style>\n#col-923842448 > .col-inner {\n  padding: 0px 0px 0px 0px;\n}\n<\/style>\n\t<\/div>\n\n\t\n\n<\/div>\n<div class=\"row\"  id=\"row-175980697\">\n\n\n\t<div id=\"col-986551693\" class=\"col medium-4 small-12 large-4\"  >\n\t\t\t\t<div class=\"col-inner\"  >\n\t\t\t\n\t\t\t\n\n\t<div class=\"box has-hover   has-hover box-bounce box-text-bottom\" >\n\n\t\t<div class=\"box-image\" >\n\t\t\t<a href=\"https:\/\/rocblanc.com\/ca\/ofertes\/escapada-romantica-andorra\/\">\t\t\t<div class=\"image-overlay-remove image-cover\" style=\"padding-top:75%;\">\n\t\t\t\t<img decoding=\"async\" width=\"2000\" height=\"1125\" src=\"https:\/\/rocblanc.com\/wp-content\/uploads\/2023\/09\/Romactic-Offer-Hotel-Roc-Blanc-2.jpg\" class=\"attachment- size-\" alt=\"\" srcset=\"https:\/\/rocblanc.com\/wp-content\/uploads\/2023\/09\/Romactic-Offer-Hotel-Roc-Blanc-2.jpg 2000w, https:\/\/rocblanc.com\/wp-content\/uploads\/2023\/09\/Romactic-Offer-Hotel-Roc-Blanc-2-300x169.jpg 300w, https:\/\/rocblanc.com\/wp-content\/uploads\/2023\/09\/Romactic-Offer-Hotel-Roc-Blanc-2-1024x576.jpg 1024w, https:\/\/rocblanc.com\/wp-content\/uploads\/2023\/09\/Romactic-Offer-Hotel-Roc-Blanc-2-768x432.jpg 768w, https:\/\/rocblanc.com\/wp-content\/uploads\/2023\/09\/Romactic-Offer-Hotel-Roc-Blanc-2-1536x864.jpg 1536w\" sizes=\"(max-width: 2000px) 100vw, 2000px\" \/>\t\t\t\t<div class=\"overlay\" style=\"background-color:rgba(0, 0, 0, 0.2)\"><\/div>\t\t\t\t\t\t\t<\/div>\n\t\t\t<\/a>\t\t<\/div>\n\n\t\t<div class=\"box-text text-left\" >\n\t\t\t<div class=\"box-text-inner\">\n\t\t\t\t\n\n\t<div id=\"text-1535791589\" class=\"text\">\n\t\t\n\n<p style=\"font-weight: 500;\"><a href=\"https:\/\/rocblanc.com\/ca\/ofertes\/escapada-romantica-andorra\/\">Escala Rom\u00e0ntica<\/a><\/p>\n\t\t\n<style>\n#text-1535791589 {\n  font-size: 1.6rem;\n}\n<\/style>\n\t<\/div>\n\t\n<div class=\"is-divider divider clearfix\" style=\"max-width:40px;height:2px;\"><\/div>\n\n<p>Sorpr\u00e8n la teva parella amb un cap de setmana rom\u00e0ntic a la muntanya.<\/p>\n<p><i class=\"fa-light fa-tags\"><\/i> <em>Des de<\/em> 175\u20ac p.p<\/p>\n<a href=\"https:\/\/rocblanc.com\/ca\/ofertes\/escapada-romantica-andorra\/\" class=\"button primary is-underline\">\n\t\t<span>Descobrir<\/span>\n\t<i class=\"icon-angle-right\" aria-hidden=\"true\"><\/i><\/a>\n\n\n\n\t\t\t<\/div>\n\t\t<\/div>\n\t<\/div>\n\t\n\n\t\t<\/div>\n\t\t\t\t\t<\/div>\n\n\t\n\n\t<div id=\"col-656045006\" class=\"col medium-4 small-12 large-4\"  >\n\t\t\t\t<div class=\"col-inner\"  >\n\t\t\t\n\t\t\t\n\n\t<div class=\"box has-hover   has-hover box-bounce box-text-bottom\" >\n\n\t\t<div class=\"box-image\" >\n\t\t\t<a href=\"https:\/\/rocblanc.com\/ca\/ofertes\/darrera-hora-andorra\/\">\t\t\t<div class=\"image-overlay-remove image-cover\" style=\"padding-top:75%;\">\n\t\t\t\t<img decoding=\"async\" width=\"1000\" height=\"563\" src=\"https:\/\/rocblanc.com\/wp-content\/uploads\/2023\/06\/last-minute-deals-Roc-Blanc-Hotel-and-Spa-Andorra.webp\" class=\"attachment- size-\" alt=\"\" srcset=\"https:\/\/rocblanc.com\/wp-content\/uploads\/2023\/06\/last-minute-deals-Roc-Blanc-Hotel-and-Spa-Andorra.webp 1000w, https:\/\/rocblanc.com\/wp-content\/uploads\/2023\/06\/last-minute-deals-Roc-Blanc-Hotel-and-Spa-Andorra-300x169.webp 300w, https:\/\/rocblanc.com\/wp-content\/uploads\/2023\/06\/last-minute-deals-Roc-Blanc-Hotel-and-Spa-Andorra-768x432.webp 768w\" sizes=\"(max-width: 1000px) 100vw, 1000px\" \/>\t\t\t\t<div class=\"overlay\" style=\"background-color:rgba(0, 0, 0, 0.2)\"><\/div>\t\t\t\t\t\t\t<\/div>\n\t\t\t<\/a>\t\t<\/div>\n\n\t\t<div class=\"box-text text-left\" >\n\t\t\t<div class=\"box-text-inner\">\n\t\t\t\t\n\n\t<div id=\"text-762302426\" class=\"text\">\n\t\t\n\n<p style=\"font-weight: 500;\"><a href=\"https:\/\/rocblanc.com\/ca\/ofertes\/darrera-hora-andorra\/\">\u00daltima Hora<\/a><\/p>\n\t\t\n<style>\n#text-762302426 {\n  font-size: 1.6rem;\n}\n<\/style>\n\t<\/div>\n\t\n<div class=\"is-divider divider clearfix\" style=\"max-width:40px;height:2px;\"><\/div>\n\n<p>Encara no has fet cap plan, per\u00f2 vols anar a algun lloc a \u00faltima hora?<\/p>\n<p><i class=\"fa-light fa-tags\"><\/i>  - 10%<\/p>\n<a href=\"https:\/\/rocblanc.com\/ca\/ofertes\/darrera-hora-andorra\/\" class=\"button primary is-underline\">\n\t\t<span>Descobrir<\/span>\n\t<i class=\"icon-angle-right\" aria-hidden=\"true\"><\/i><\/a>\n\n\n\n\t\t\t<\/div>\n\t\t<\/div>\n\t<\/div>\n\t\n\n\t\t<\/div>\n\t\t\t\t\t<\/div>\n\n\t\n\n\t<div id=\"col-1627586637\" class=\"col medium-4 small-12 large-4\"  >\n\t\t\t\t<div class=\"col-inner\"  >\n\t\t\t\n\t\t\t\n\n\t<div class=\"box has-hover   has-hover box-bounce box-text-bottom\" >\n\n\t\t<div class=\"box-image\" >\n\t\t\t<a href=\"https:\/\/rocblanc.com\/ca\/ofertes\/cap-de-setmana-andorra\/\">\t\t\t<div class=\"image-overlay-remove image-cover\" style=\"padding-top:75%;\">\n\t\t\t\t<img decoding=\"async\" width=\"1920\" height=\"897\" src=\"https:\/\/rocblanc.com\/wp-content\/uploads\/2022\/11\/exterior-del-edificio-del-hotel-por-la-noche-Hotel-Roc-Blanc.jpg\" class=\"attachment- size-\" alt=\"\" srcset=\"https:\/\/rocblanc.com\/wp-content\/uploads\/2022\/11\/exterior-del-edificio-del-hotel-por-la-noche-Hotel-Roc-Blanc.jpg 1920w, https:\/\/rocblanc.com\/wp-content\/uploads\/2022\/11\/exterior-del-edificio-del-hotel-por-la-noche-Hotel-Roc-Blanc-300x140.jpg 300w, https:\/\/rocblanc.com\/wp-content\/uploads\/2022\/11\/exterior-del-edificio-del-hotel-por-la-noche-Hotel-Roc-Blanc-1024x478.jpg 1024w, https:\/\/rocblanc.com\/wp-content\/uploads\/2022\/11\/exterior-del-edificio-del-hotel-por-la-noche-Hotel-Roc-Blanc-768x359.jpg 768w, https:\/\/rocblanc.com\/wp-content\/uploads\/2022\/11\/exterior-del-edificio-del-hotel-por-la-noche-Hotel-Roc-Blanc-1536x718.jpg 1536w\" sizes=\"(max-width: 1920px) 100vw, 1920px\" \/>\t\t\t\t<div class=\"overlay\" style=\"background-color:rgba(0, 0, 0, 0.2)\"><\/div>\t\t\t\t\t\t\t<\/div>\n\t\t\t<\/a>\t\t<\/div>\n\n\t\t<div class=\"box-text text-left\" >\n\t\t\t<div class=\"box-text-inner\">\n\t\t\t\t\n\n\t<div id=\"text-2109370073\" class=\"text\">\n\t\t\n\n<p style=\"font-weight: 500;\"> <a href=\"https:\/\/rocblanc.com\/ca\/ofertes\/cap-de-setmana-andorra\/\">Cap de Setmana Andorra<\/a><\/p>\n\t\t\n<style>\n#text-2109370073 {\n  font-size: 1.6rem;\n}\n<\/style>\n\t<\/div>\n\t\n<div class=\"is-divider divider clearfix\" style=\"max-width:40px;height:2px;\"><\/div>\n\n<p>Escapa el cap de setmana, i ves de compres per Andorra.<\/p>\n<p><i class=\"fa-light fa-tags\"><\/i> <em>Des de<\/em> 115\u20ac p.p<\/p>\n<a href=\"https:\/\/rocblanc.com\/ca\/ofertes\/cap-de-setmana-andorra\/\" class=\"button primary is-underline\">\n\t\t<span>Descobrir<\/span>\n\t<i class=\"icon-angle-right\" aria-hidden=\"true\"><\/i><\/a>\n\n\n\n\t\t\t<\/div>\n\t\t<\/div>\n\t<\/div>\n\t\n\n\t\t<\/div>\n\t\t\t\t\t<\/div>\n\n\t\n\n<\/div>\n\n\t\t<\/div>\n\n\t\t\n<style>\n#section_267949215 {\n  padding-top: 0px;\n  padding-bottom: 0px;\n}\n@media (min-width:550px) {\n  #section_267949215 {\n    padding-top: 30px;\n    padding-bottom: 30px;\n  }\n}\n<\/style>\n\t<\/section>\n\t\n<span class=\"scroll-to\" data-label=\"Scroll to: #reviews\" data-bullet=\"false\" data-link=\"#reviews\" data-title=\"reviews\"><a name=\"reviews\"><\/a><\/span>\n\n\t<section class=\"section\" id=\"section_2023285316\">\n\t\t<div class=\"section-bg fill\" >\n\t\t\t\t\t\t\t\t\t\n\t\t\t\n\n\t\t<\/div>\n\n\t\t\n\n\t\t<div class=\"section-content relative\">\n\t\t\t\r\n\r\n<div class=\"row align-equal align-center\"  id=\"row-520681699\">\r\n\r\n\n\t<div id=\"col-1116121949\" class=\"col small-12 large-12\"  >\n\t\t\t\t<div class=\"col-inner\"  >\n\t\t\t\n\t\t\t\r\n\r\n<div class=\"container section-title-container\" ><h2 class=\"section-title section-title-center\"><b aria-hidden=\"true\"><\/b><span class=\"section-title-main\" >HOTEL OPINIONS<\/span><b aria-hidden=\"true\"><\/b><\/h2><\/div>\r\n\r\n\r\n\t\t<\/div>\n\t\t\t\t\t<\/div>\n\n\t\r\n\n\t<div id=\"col-1739081340\" class=\"col medium-6 small-12 large-6\"  >\n\t\t\t\t<div class=\"col-inner text-center\"  >\n\t\t\t\n\t\t\t\r\n\r\n\n\n<div id=\"google-business-reviews-rating\" class=\"google-business-reviews-rating gmbrr badge tiny no-outline link\" data-href=\"https:\/\/search.google.com\/local\/writereview?placeid=ChIJq0TqrUd3pRIREu0kahGY39A\">\r\n\t<p class=\"rating\"><span class=\"attribution google-icon\" title=\"Powered by Google\"><\/span> <span class=\"number\">4,2<\/span> <span class=\"all-stars animate\"><span class=\"star\"><\/span><span class=\"star\"><\/span><span class=\"star\"><\/span><span class=\"star\"><\/span><span class=\"star split-20-80\"><\/span><\/span> <a href=\"https:\/\/search.google.com\/local\/reviews?placeid=ChIJq0TqrUd3pRIREu0kahGY39A\" target=\"_blank\" rel=\"nofollow noopener\" class=\"count\">2.226 reviews<\/a><\/p>\r\n<\/div>\r\n\n\r\n\r\n\t\t<\/div>\n\t\t\t\t\n<style>\n#col-1739081340 > .col-inner {\n  margin: -35px 0px 0px 0px;\n}\n<\/style>\n\t<\/div>\n\n\t\r\n\r\n<\/div>\r\n<div class=\"row align-equal\"  id=\"row-559193699\">\r\n\r\n\n\t<div id=\"col-50262746\" class=\"col medium-4 small-12 large-4\"  >\n\t\t\t\t<div class=\"col-inner box-shadow-3\"  >\n\t\t\t\n\t<div class=\"is-border\"\n\t\tstyle=\"border-color:rgb(1, 38, 69);border-radius:20px;border-width:5px 5px 5px 5;\">\n\t<\/div>\n\t\t\t\r\n\r\n<h4><span style=\"font-size: 110%;\"><i class=\"fa-light fa-people-pants\"><\/i> Estada en parella, Rosa<\/span> <i class=\"fa-light fa-octagon-check\"><\/i><\/h4>\n<p><em>S\u00faper acollidor, molt ben ubicat, i un equip 10 estrelles.....ideal per a una setmana rom\u00e0ntica!<\/em><\/p>\n<p><i class=\"fa-light fa-circle-star\"><\/i> <strong>5\/<span style=\"font-size: 75%;\">5<\/span>- estrelles, Perfecte<\/strong><\/p>\r\n\r\n\t\t<\/div>\n\t\t\t\t\n<style>\n#col-50262746 > .col-inner {\n  padding: 20px 20px 20px 20px;\n  border-radius: 20px;\n}\n<\/style>\n\t<\/div>\n\n\t\r\n\n\t<div id=\"col-456333176\" class=\"col medium-4 small-12 large-4\"  >\n\t\t\t\t<div class=\"col-inner box-shadow-3\"  >\n\t\t\t\n\t<div class=\"is-border\"\n\t\tstyle=\"border-color:rgb(1, 38, 69);border-radius:20px;border-width:5px 5px 5px 5;\">\n\t<\/div>\n\t\t\t\r\n\r\n<h4><span style=\"font-size: 110%;\"><i class=\"fa-light fa-spa\"><\/i> Estada i Spa, Tricia<\/span> <i class=\"fa-light fa-octagon-check\"><\/i><\/h4>\n<p><em>La meva habitaci\u00f3 era pintoresca i adorable. Molt c\u00f2moda amb una banyera enorme... un avantatge total per a mi. El bufet d'esmorzar \u00e9s delici\u00f3s i vaig gaudir molt del meu massatge i l'spa. Va ser una manera genial i relaxant de rebre l'any nou.<\/em><\/p>\n<p><i class=\"fa-light fa-circle-star\"><\/i><strong> 5\/<span style=\"font-size: 75%;\">5<\/span>- estrelles, Excel\u00b7lent<\/strong><\/p>\r\n\r\n\t\t<\/div>\n\t\t\t\t\n<style>\n#col-456333176 > .col-inner {\n  padding: 20px 20px 20px 20px;\n  border-radius: 20px;\n}\n<\/style>\n\t<\/div>\n\n\t\r\n\n\t<div id=\"col-210166647\" class=\"col medium-4 small-12 large-4\"  >\n\t\t\t\t<div class=\"col-inner box-shadow-3\"  >\n\t\t\t\n\t<div class=\"is-border\"\n\t\tstyle=\"border-color:rgb(1, 38, 69);border-radius:20px;border-width:5 5px 5px 5px;\">\n\t<\/div>\n\t\t\t\r\n\r\n<h4><span style=\"font-size: 110%;\"><i class=\"fa-light fa-bag-shopping\"><\/i> Estada per a Compres i Spa, Bural<\/span> <i class=\"fa-light fa-octagon-check\"><\/i><\/h4>\n<p><em>Immillorable ubicaci\u00f3, al costat de la Zona Comercial i Caldea.<br>\nPersonal molt agradable i servicial. L'habitaci\u00f3 i el desdejuni eren molt bons.<br>\nRecomano totalment visitar!<\/em><\/p>\n<p><i class=\"fa-thin fa-circle-star\"><\/i><strong> 5\/<span style=\"font-size: 75%;\">5<\/span>- estrelles, Imbatible<\/strong><\/p>\r\n\r\n\t\t<\/div>\n\t\t\t\t\n<style>\n#col-210166647 > .col-inner {\n  padding: 20px 20px 20px 20px;\n  border-radius: 20px;\n}\n<\/style>\n\t<\/div>\n\n\t\r\n\r\n<\/div>\r\n\r\n\t\t<\/div>\n\n\t\t\n<style>\n#section_2023285316 {\n  padding-top: 30px;\n  padding-bottom: 30px;\n}\n<\/style>\n\t<\/section>\n\t\n\t\t<\/div>\n\n\t\t\n<style>\n#section_339787397 {\n  padding-top: 40px;\n  padding-bottom: 40px;\n  background-color: rgb(193, 193, 193);\n}\n#section_339787397 .section-bg-overlay {\n  background-color: rgba(255, 255, 255, 0.85);\n}\n<\/style>\n\t<\/section>\n\t\n","protected":false},"excerpt":{"rendered":"","protected":false},"author":10,"featured_media":3048,"parent":1621,"menu_order":0,"comment_status":"closed","ping_status":"closed","template":"page-blank.php","meta":{"footnotes":""},"class_list":["post-3900","page","type-page","status-publish","has-post-thumbnail","hentry"],"_links":{"self":[{"href":"https:\/\/rocblanc.com\/ca\/wp-json\/wp\/v2\/pages\/3900","targetHints":{"allow":["GET"]}}],"collection":[{"href":"https:\/\/rocblanc.com\/ca\/wp-json\/wp\/v2\/pages"}],"about":[{"href":"https:\/\/rocblanc.com\/ca\/wp-json\/wp\/v2\/types\/page"}],"author":[{"embeddable":true,"href":"https:\/\/rocblanc.com\/ca\/wp-json\/wp\/v2\/users\/10"}],"replies":[{"embeddable":true,"href":"https:\/\/rocblanc.com\/ca\/wp-json\/wp\/v2\/comments?post=3900"}],"version-history":[{"count":0,"href":"https:\/\/rocblanc.com\/ca\/wp-json\/wp\/v2\/pages\/3900\/revisions"}],"up":[{"embeddable":true,"href":"https:\/\/rocblanc.com\/ca\/wp-json\/wp\/v2\/pages\/1621"}],"wp:featuredmedia":[{"embeddable":true,"href":"https:\/\/rocblanc.com\/ca\/wp-json\/wp\/v2\/media\/3048"}],"wp:attachment":[{"href":"https:\/\/rocblanc.com\/ca\/wp-json\/wp\/v2\/media?parent=3900"}],"curies":[{"name":"wp","href":"https:\/\/api.w.org\/{rel}","templated":true}]}}