{"id":4291,"date":"2025-09-02T17:20:22","date_gmt":"2025-09-02T15:20:22","guid":{"rendered":"https:\/\/rocblanc.com\/terapies-facials-a-andorra-la-vella\/"},"modified":"2025-09-02T17:20:24","modified_gmt":"2025-09-02T15:20:24","slug":"terapies-facials-a-andorra-la-vella","status":"publish","type":"page","link":"https:\/\/rocblanc.com\/ca\/terapies-facials-a-andorra-la-vella\/","title":{"rendered":"Ter\u00e0pies facials a Andorra la Vella"},"content":{"rendered":"\n\t<section class=\"section dark\" id=\"section_1462500357\">\n\t\t<div class=\"section-bg fill\" >\n\t\t\t<img decoding=\"async\" width=\"1500\" height=\"998\" src=\"https:\/\/rocblanc.com\/wp-content\/uploads\/2024\/08\/tratamientos-faciales-andorra-la-vella.webp\" class=\"bg attachment-original size-original\" alt=\"tratamientos faciales andorra la vella\" \/>\t\t\t\t\t\t<div class=\"section-bg-overlay absolute fill\"><\/div>\n\t\t\t\n\n\t\t<\/div>\n\n\t\t\n\n\t\t<div class=\"section-content relative\">\n\t\t\t\n<div class=\"row row-full-width align-center\"  id=\"row-1545735111\">\n\n\t<div id=\"col-1736895181\" class=\"col medium-8 small-12 large-8\"  >\n\t\t\t\t<div class=\"col-inner\"  >\n\t\t\t\n\t\t\t\n\t<div id=\"text-1876991979\" class=\"text\">\n\t\t\n<h1 class=\"uppercase\">TER\u00c0PIES FACIALS A ANDORRA LA VELLA<\/h1>\n<p>Cuida la teva pell amb els millors tractaments i ter\u00e0pies facials a Andorra la Vella.<br \/>\n\t\t\n<style>\n#text-1876991979 {\n  line-height: 2.2;\n  text-align: center;\n}\n<\/style>\n\t<\/div>\n\t\n\t\t<\/div>\n\t\t\t\t\t<\/div>\n\n\t\n<\/div>\n\t\t<\/div>\n\n\t\t\n<style>\n#section_1462500357 {\n  padding-top: 0px;\n  padding-bottom: 0px;\n  min-height: 400px;\n}\n#section_1462500357 .section-bg-overlay {\n  background-color: rgba(0, 0, 0, 0.436);\n}\n#section_1462500357 .section-bg img {\n  object-position: 49% 60%;\n}\n<\/style>\n\t<\/section>\n\t\n\n\t<section class=\"section\" id=\"section_1867476536\">\n\t\t<div class=\"section-bg fill\" >\n\t\t\t\t\t\t\t\t\t\n\t\t\t\n\n\t\t<\/div>\n\n\t\t\n\n\t\t<div class=\"section-content relative\">\n\t\t\t\n<div class=\"row align-center\"  id=\"row-760487031\">\n\n\t<div id=\"col-1348856640\" class=\"col medium-10 small-12 large-10\"  >\n\t\t\t\t<div class=\"col-inner box-shadow-2\" style=\"background-color:rgb(255, 255, 255);\" >\n\t\t\t\n\t\t\t\n\t<div id=\"text-1017057150\" class=\"text\">\n\t\t\n<p>Descobreix una varietat excepcional de tractaments i ter\u00e0pies facials al nostre exclusiu spa d\u2019Andorra la Vella. Des de neteges profundes i revitalitzaci\u00f3 per a pells apagades fins a ter\u00e0pies avan\u00e7ades de col\u00b7lagen i diat\u00e8rmia amb efecte l\u00edfting, cada tractament est\u00e0 dissenyat per rejovenir i revitalitzar la teva pell. <\/p>\n<p>Viu el luxe de la cura facial en un entorn que combina benestar i resultats visibles.<br \/>\n\t\t\n<style>\n#text-1017057150 {\n  text-align: center;\n}\n<\/style>\n\t<\/div>\n\t\n\t\t<\/div>\n\t\t\t\t\n<style>\n#col-1348856640 > .col-inner {\n  padding: 20px 20px 20px 20px;\n  margin: -50px 0px 0px 0px;\n}\n<\/style>\n\t<\/div>\n\n\t\n<\/div>\n\t\t<\/div>\n\n\t\t\n<style>\n#section_1867476536 {\n  padding-top: 0px;\n  padding-bottom: 0px;\n}\n<\/style>\n\t<\/section>\n\t\n\n\t<section class=\"section\" id=\"section_14384044\">\n\t\t<div class=\"section-bg fill\" >\n\t\t\t\t\t\t\t\t\t\n\t\t\t\n\n\t\t<\/div>\n\n\t\t\n\n\t\t<div class=\"section-content relative\">\n\t\t\t\n<div class=\"row row-small align-middle align-center\"  id=\"row-648402392\">\n\n\t<div id=\"col-249620024\" class=\"col medium-12 small-12 large-5\"  >\n\t\t\t\t<div class=\"col-inner\"  >\n\t\t\t\n\t\t\t\n<h2>LES NOSTRES TER\u00c0PIES FACIALS A ANDORRA<\/h2>\n\t<div id=\"gap-1171452724\" class=\"gap-element clearfix\" style=\"display:block; height:auto;\">\n\t\t\n<style>\n#gap-1171452724 {\n  padding-top: 15px;\n}\n@media (min-width:850px) {\n  #gap-1171452724 {\n    padding-top: 30px;\n  }\n}\n<\/style>\n\t<\/div>\n\t\n<p><strong>NETEJA PURIFICANT <\/strong><br \/>Neteja facial profunda amb productes a base d\u2019aigua termal, ideal per purificar, revitalitzar i equilibrar la pell. <br \/><i class=\"fa-regular fa-clock-rotate-left\"><\/i> 60 min <i class=\"fa-regular fa-tags\"><\/i> 95 \u20ac<\/p>\n<p><strong>TER\u00c0PIA CAVIAR<\/strong><br \/>Tractament d\u2019alta hidrataci\u00f3 i il\u00b7luminaci\u00f3 amb caviar + aigua termal per a una nutrici\u00f3 facial intensa.<br \/><i class=\"fa-regular fa-clock-rotate-left\"><\/i> 60 min <i class=\"fa-regular fa-tags\"><\/i> 95 \u20ac<\/p>\n<p><strong>DIAT\u00c8RMIA EFECTO LIFTING<\/strong><br \/>Tractament complet amb radiofreq\u00fc\u00e8ncia i productes a base d\u2019aigua termal, redueix les l\u00ednies d\u2019expressi\u00f3 millorant visiblement l\u2019aparen\u00e7a de la pell.<br \/>75 min 135 \u20ac<\/p>\n<\/p>\n\t\t<\/div>\n\t\t\t\t\n<style>\n#col-249620024 > .col-inner {\n  padding: 0px 0px 0px 0;\n}\n@media (min-width:850px) {\n  #col-249620024 > .col-inner {\n    padding: 0px 5% 0px 0px;\n  }\n}\n<\/style>\n\t<\/div>\n\n\t\n\n\t<div id=\"col-397557211\" class=\"col medium-6 small-12 large-6 small-col-first\"  >\n\t\t\t\t<div class=\"col-inner text-center\"  >\n\t\t\t\n\t\t\t\n\n  <div class=\"banner has-hover is-full-height\" id=\"banner-1790702904\">\n          <div class=\"banner-inner fill\">\n        <div class=\"banner-bg fill\" >\n            <img decoding=\"async\" width=\"683\" height=\"1024\" src=\"https:\/\/rocblanc.com\/wp-content\/uploads\/2024\/08\/tratamientos-faciales-andorra-la-vella-683x1024.jpg\" class=\"bg attachment-large size-large\" alt=\"\" \/>                                    \n                    <\/div>\n\t\t\n        <div class=\"banner-layers container\">\n            <div class=\"fill banner-link\"><\/div>            \n   <div id=\"text-box-1279684749\" class=\"text-box banner-layer x50 md-x50 lg-x50 y50 md-y50 lg-y50 res-text\">\n                                <div class=\"text-box-content text dark\">\n              \n              <div class=\"text-inner text-center\">\n                  \n              <\/div>\n           <\/div>\n                            \n<style>\n#text-box-1279684749 {\n  width: 60%;\n}\n#text-box-1279684749 .text-box-content {\n  font-size: 100%;\n}\n@media (min-width:550px) {\n  #text-box-1279684749 {\n    width: 60%;\n  }\n}\n<\/style>\n    <\/div>\n \n        <\/div>\n      <\/div>\n\n            \n<style>\n#banner-1790702904 {\n  padding-top: 99.99%;\n  background-color: rgb(255, 255, 255);\n}\n@media (min-width:550px) {\n  #banner-1790702904 {\n    padding-top: 400px;\n  }\n}\n@media (min-width:850px) {\n  #banner-1790702904 {\n    padding-top: 100%;\n  }\n}\n<\/style>\n  <\/div>\n\n\n\t\t<\/div>\n\t\t\t\t\t<\/div>\n\n\t\n<\/div>\n\t<div id=\"gap-85845174\" class=\"gap-element clearfix\" style=\"display:block; height:auto;\">\n\t\t\n<style>\n#gap-85845174 {\n  padding-top: 0px;\n}\n@media (min-width:550px) {\n  #gap-85845174 {\n    padding-top: 50px;\n  }\n}\n<\/style>\n\t<\/div>\n\t\n\t\t<\/div>\n\n\t\t\n<style>\n#section_14384044 {\n  padding-top: 0px;\n  padding-bottom: 0px;\n}\n@media (min-width:550px) {\n  #section_14384044 {\n    padding-top: 10px;\n    padding-bottom: 10px;\n  }\n}\n<\/style>\n\t<\/section>\n\t\n\n\t<section class=\"section\" id=\"section_764744008\">\n\t\t<div class=\"section-bg fill\" >\n\t\t\t\t\t\t\t\t\t\n\t\t\t\n\n\t\t<\/div>\n\n\t\t\n\n\t\t<div class=\"section-content relative\">\n\t\t\t\n<span class=\"scroll-to\" data-label=\"Scroll to: #b-rituals\" data-bullet=\"false\" data-link=\"#b-rituals\" data-title=\"b-rituals\"><a name=\"b-rituals\"><\/a><\/span>\n<div class=\"row row-small align-middle align-center\"  id=\"row-27342988\">\n\n\t<div id=\"col-300367585\" class=\"col medium-6 small-12 large-6 small-col-first\"  >\n\t\t\t\t<div class=\"col-inner text-center\"  >\n\t\t\t\n\t\t\t\n\n  <div class=\"banner has-hover\" id=\"banner-998200116\">\n          <div class=\"banner-inner fill\">\n        <div class=\"banner-bg fill\" >\n            <img decoding=\"async\" width=\"900\" height=\"600\" src=\"https:\/\/rocblanc.com\/wp-content\/uploads\/2024\/08\/tratamientos-faciales-andorra-la-vella-2.webp\" class=\"bg attachment-large size-large\" alt=\"\" \/>                                    \n                    <\/div>\n\t\t\n        <div class=\"banner-layers container\">\n            <div class=\"fill banner-link\"><\/div>            \n   <div id=\"text-box-920718616\" class=\"text-box banner-layer x50 md-x50 lg-x50 y50 md-y50 lg-y50 res-text\">\n                                <div class=\"text-box-content text dark\">\n              \n              <div class=\"text-inner text-center\">\n                  \n              <\/div>\n           <\/div>\n                            \n<style>\n#text-box-920718616 {\n  width: 60%;\n}\n#text-box-920718616 .text-box-content {\n  font-size: 100%;\n}\n@media (min-width:550px) {\n  #text-box-920718616 {\n    width: 60%;\n  }\n}\n<\/style>\n    <\/div>\n \n        <\/div>\n      <\/div>\n\n            \n<style>\n#banner-998200116 {\n  padding-top: 99.99%;\n  background-color: rgb(255, 255, 255);\n}\n@media (min-width:550px) {\n  #banner-998200116 {\n    padding-top: 400px;\n  }\n}\n@media (min-width:850px) {\n  #banner-998200116 {\n    padding-top: 500px;\n  }\n}\n<\/style>\n  <\/div>\n\n\n\t\t<\/div>\n\t\t\t\t\t<\/div>\n\n\t\n\n\t<div id=\"col-48927622\" class=\"col medium-12 small-12 large-5\"  >\n\t\t\t\t<div class=\"col-inner\"  >\n\t\t\t\n\t\t\t\n\t<div id=\"gap-1465632482\" class=\"gap-element clearfix\" style=\"display:block; height:auto;\">\n\t\t\n<style>\n#gap-1465632482 {\n  padding-top: 15px;\n}\n@media (min-width:850px) {\n  #gap-1465632482 {\n    padding-top: 30px;\n  }\n}\n<\/style>\n\t<\/div>\n\t\n<h2>RESERVA EL TEU TRACTAMENT FACIAL A ANDORRA<\/h2>\n<p>Preparat per revitalitzar la teva pell i gaudir d\u2019un moment de relaxaci\u00f3? No hi ha millor lloc que Roc Blanc Hotel &amp; Spa, on les nostres ter\u00e0pies facials han estat dissenyades amb cura per oferir resultats excepcionals i una experi\u00e8ncia de benestar completa. <\/p>\n<p>No esperis m\u00e9s per donar-te la cura que et mereixes. Reserva la teva ter\u00e0pia facial a Andorra la Vella trucant al <a href=\"http:\/\/+376%20871%20400\">+376 871 400<\/a> o escrivint a <a href=\"mailto:holisticwellness@rocblanchotels.com\"> terma@rocblanchotels.com<\/a> <\/p>\n<p>T\u2019esperem per oferir-te una experi\u00e8ncia \u00fanica de relaxaci\u00f3 i rejoveniment!<\/p>\n\t<div id=\"gap-2094055846\" class=\"gap-element clearfix\" style=\"display:block; height:auto;\">\n\t\t\n<style>\n#gap-2094055846 {\n  padding-top: 30px;\n}\n<\/style>\n\t<\/div>\n\t\n\t\t<\/div>\n\t\t\t\t\n<style>\n#col-48927622 > .col-inner {\n  padding: 0px 0px 0px 0;\n}\n@media (min-width:850px) {\n  #col-48927622 > .col-inner {\n    padding: 0px 0px 0px 5%;\n  }\n}\n<\/style>\n\t<\/div>\n\n\t\n<\/div>\n\t<div id=\"gap-845156296\" class=\"gap-element clearfix\" style=\"display:block; height:auto;\">\n\t\t\n<style>\n#gap-845156296 {\n  padding-top: 0px;\n}\n@media (min-width:550px) {\n  #gap-845156296 {\n    padding-top: 50px;\n  }\n}\n<\/style>\n\t<\/div>\n\t\n\t\t<\/div>\n\n\t\t\n<style>\n#section_764744008 {\n  padding-top: 0px;\n  padding-bottom: 0px;\n}\n@media (min-width:550px) {\n  #section_764744008 {\n    padding-top: 10px;\n    padding-bottom: 10px;\n  }\n}\n<\/style>\n\t<\/section>\n\t\n","protected":false},"excerpt":{"rendered":"","protected":false},"author":10,"featured_media":0,"parent":0,"menu_order":0,"comment_status":"closed","ping_status":"closed","template":"","meta":{"footnotes":""},"class_list":["post-4291","page","type-page","status-publish","hentry"],"_links":{"self":[{"href":"https:\/\/rocblanc.com\/ca\/wp-json\/wp\/v2\/pages\/4291","targetHints":{"allow":["GET"]}}],"collection":[{"href":"https:\/\/rocblanc.com\/ca\/wp-json\/wp\/v2\/pages"}],"about":[{"href":"https:\/\/rocblanc.com\/ca\/wp-json\/wp\/v2\/types\/page"}],"author":[{"embeddable":true,"href":"https:\/\/rocblanc.com\/ca\/wp-json\/wp\/v2\/users\/10"}],"replies":[{"embeddable":true,"href":"https:\/\/rocblanc.com\/ca\/wp-json\/wp\/v2\/comments?post=4291"}],"version-history":[{"count":0,"href":"https:\/\/rocblanc.com\/ca\/wp-json\/wp\/v2\/pages\/4291\/revisions"}],"wp:attachment":[{"href":"https:\/\/rocblanc.com\/ca\/wp-json\/wp\/v2\/media?parent=4291"}],"curies":[{"name":"wp","href":"https:\/\/api.w.org\/{rel}","templated":true}]}}