{"id":155,"date":"2022-12-14T13:53:07","date_gmt":"2022-12-14T12:53:07","guid":{"rendered":"https:\/\/rocblanc.com\/?page_id=155"},"modified":"2023-11-03T09:42:40","modified_gmt":"2023-11-03T08:42:40","slug":"legal","status":"publish","type":"page","link":"https:\/\/rocblanc.com\/es\/legal\/","title":{"rendered":"Legal"},"content":{"rendered":"\n\t<section class=\"section sticky-menu\" id=\"section_12170632\">\n\t\t<div class=\"section-bg fill\" >\n\t\t\t\t\t\t\t\t\t\n\t\t\t\n\n\t\t<\/div>\n\n\t\t\n\n\t\t<div class=\"section-content relative\">\n\t\t\t\n<div class=\"row\"  id=\"row-1710338813\">\n\n\t<div id=\"col-536685652\" class=\"col small-12 large-12\"  >\n\t\t\t\t<div class=\"col-inner\" style=\"background-color:rgb(255,255,255);\" >\n\t\t\t\n\t\t\t\n  <div id=\"page-header-1639152756\" class=\"page-header-wrapper\">\n  <div class=\"page-title light simple-title\">\n\n    \n    <div class=\"page-title-inner container align-center text-center flex-row-col medium-flex-wrap\" >\n            <div class=\"title-content flex-col\">\n        <ul class=\"nav sm-touch-scroll nav-line-bottom nav-uppercase text-center nav-center\"><li class=\"nav-single-page hidden\"><\/li><\/ul>      <\/div>\n    <\/div>\n\n       <\/div>\n    <\/div>\n  \n\t\t<\/div>\n\t\t\t\t\n<style>\n#col-536685652 > .col-inner {\n  padding: 0px 0px 10px 0px;\n}\n<\/style>\n\t<\/div>\n\n\t\n<\/div>\n\t\t<\/div>\n\n\t\t\n<style>\n#section_12170632 {\n  padding-top: 0px;\n  padding-bottom: 0px;\n}\n<\/style>\n\t<\/section>\n\t\n\n\t<section class=\"section\" id=\"section_1987203519\">\n\t\t<div class=\"section-bg fill\" >\n\t\t\t\t\t\t\t\t\t\n\t\t\t\n\n\t\t<\/div>\n\n\t\t\n\n\t\t<div class=\"section-content relative\">\n\t\t\t\n<span class=\"scroll-to\" data-label=\"Scroll to: #aviso-legal\" data-bullet=\"false\" data-link=\"#aviso-legal\" data-title=\"Aviso Legal\"><a name=\"aviso-legal\"><\/a><\/span>\n<div class=\"row\"  id=\"row-680001926\">\n\n\t<div id=\"col-1274020946\" class=\"col small-12 large-12\"  >\n\t\t\t\t<div class=\"col-inner\"  >\n\t\t\t\n\t\t\t\n<h2 style=\"text-align: center;\">AVISO LEGAL<\/h2>\n<p>TORM BABOT, SLU, inscrita en el Registro de Sociedades del Principado de Andorra, con n\u00famero de registro tributario L708917W, act\u00faa como titular, dinamizador y gestor de contenidos de la presente Web. TORM BABOT, SLU informa a los Usuarios que cumple con la vigente normativa de protecci\u00f3n de datos, y con car\u00e1cter especial la Ley 29\/2021, del 28 de octubre, calificada de protecci\u00f3n de datos personales.<\/p>\n<table width=\"100%\">\n<tbody>\n<tr>\n<td width=\"69%\">\n<p><strong>Raz\u00f3n Social o Nombre de la Empresa<\/strong><\/p>\n<\/td>\n<td width=\"30%\">\n<p><strong>NRT<\/strong><\/p>\n<\/td>\n<\/tr>\n<tr>\n<td width=\"69%\">\n<p>TORM BABOT, SLU<\/p>\n<\/td>\n<td width=\"30%\">\n<p>L708917W<\/p>\n<\/td>\n<\/tr>\n<tr>\n<td colspan=\"2\" width=\"100%\">\n<p><strong>Direcci\u00f3n: Plaza Copr\u00ednceps, 5<\/strong><\/p>\n<\/td>\n<td colspan=\"2\" width=\"100%\">\u00a0<\/td>\n<\/tr>\n<tr>\n<td width=\"69%\">\n<p><strong>Poblaci\u00f3n:<\/strong><\/p>\n<\/td>\n<td width=\"30%\">\n<p><strong>C\u00f3digo Postal:<\/strong><\/p>\n<\/td>\n<\/tr>\n<tr>\n<td width=\"69%\">\n<p>Escaldes (Andorra)<\/p>\n<\/td>\n<td width=\"30%\">\n<p>AD700<\/p>\n<\/td>\n<\/tr>\n<\/tbody>\n<\/table>\n\t<div id=\"gap-2124939320\" class=\"gap-element clearfix\" style=\"display:block; height:auto;\">\n\t\t\n<style>\n#gap-2124939320 {\n  padding-top: 30px;\n}\n<\/style>\n\t<\/div>\n\t\n<h3>CONCEPTO DE USUARIO<\/h3>\n<p>La utilizaci\u00f3n de la Web atribuye la condici\u00f3n de Usuario, e implica la aceptaci\u00f3n plena y sin reservas de todas y cada una de las disposiciones incluidas en este Aviso Legal y en las Pol\u00edticas de Privacidad en la versi\u00f3n publicada por TORM BABOT, SLU en el mismo momento en que el Usuario acceda a la web. En consecuencia, el Usuario debe leer atentamente el presente Aviso Legal y las Pol\u00edticas de Privacidad en cada una de las ocasiones en que se proponga utilizar la Web, puesto que puede tener modificaciones.<\/p>\n\t<div id=\"gap-454560593\" class=\"gap-element clearfix\" style=\"display:block; height:auto;\">\n\t\t\n<style>\n#gap-454560593 {\n  padding-top: 30px;\n}\n<\/style>\n\t<\/div>\n\t\n<h3>INFORMACI\u00d3N SOBRE LOS LINKS<\/h3>\n<p>TORM BABOT, SLU no se hace responsable de las webs no propias a las que se puede acceder mediante v\u00ednculos \u00ablinks\u00bb o de cualquier contenido puesto a disposici\u00f3n por terceros.<\/p>\n<p>Cualquier uso de un v\u00ednculo o acceso a una web no propia es realizado por voluntad y riesgo exclusivo del usuario y TORM BABOT, SLU no recomienda ni garantiza ninguna informaci\u00f3n obtenida a trav\u00e9s de un v\u00ednculo ajeno a la web de TORM BABOT, SLU ni se responsabiliza de ninguna p\u00e9rdida, reclamaci\u00f3n o perjuicio derivada del uso o mal uso de un v\u00ednculo, o de la informaci\u00f3n obtenida a trav\u00e9s de \u00e9l, incluyendo otros v\u00ednculos o webs, de la interrupci\u00f3n en el servicio o en el acceso, o del intento de usar o usar mal un v\u00ednculo, tanto al conectarse a la Web de TORM BABOT, SLU como al acceder a la informaci\u00f3n de otras webs desde la Web de TORM BABOT, SLU.<\/p>\n\t<div id=\"gap-1504314246\" class=\"gap-element clearfix\" style=\"display:block; height:auto;\">\n\t\t\n<style>\n#gap-1504314246 {\n  padding-top: 30px;\n}\n<\/style>\n\t<\/div>\n\t\n<h3>V\u00cdNCULOS O ENLACES DESDE OTRAS WEBS EXTERNAS<\/h3>\n<p>Se proh\u00edbe expresamente establecer el v\u00ednculo <a href=\"https:\/\/rocblanc.com\/\">www.rocblanc.com<\/a> desde p\u00e1ginas que contengan manifestaciones o propaganda de car\u00e1cter racista, xen\u00f3fobo, pornogr\u00e1fico, de apolog\u00eda del terrorismo, en contra de los Derechos Humanos o cualquier otro de car\u00e1cter il\u00edcito o contrario a la moral y al orden p\u00fablico. En ning\u00fan caso se podr\u00e1 dar a entender, ni declarar que TORM BABOT, SLU, interviene, avala, promociona, participa o ha supervisado en forma alguna los contenidos de la p\u00e1gina donde figure el enlace, ni tan s\u00f3lo que consienta su incursi\u00f3n, excepto autorizaci\u00f3n expresa.<\/p>\n\t<div id=\"gap-254012061\" class=\"gap-element clearfix\" style=\"display:block; height:auto;\">\n\t\t\n<style>\n#gap-254012061 {\n  padding-top: 30px;\n}\n<\/style>\n\t<\/div>\n\t\n<h3>POLITICA DE PRIVACIDAD<\/h3>\n<p>En virtud de lo dispuesto en la Ley 29\/2021, del 28 de octubre, calificada de protecci\u00f3n de datos personales, se informa que los datos facilitados por el Usuario a trav\u00e9s de los formularios de la web ser\u00e1n incorporados y tratados en un Registro de Actividades de Tratamiento del que es responsable TORM BABOT, SLU, con la finalidad de atender la relaci\u00f3n establecida entre las partes y amparada por la normativa en especial en materia de Protecci\u00f3n de Datos de Car\u00e1cter Personal. Los datos son confidenciales y su uso responde a los fines legalmente establecidos en cada momento determinado. Si lo desea puede ejercer sus derechos de acceso, rectificaci\u00f3n, supresi\u00f3n, limitaci\u00f3n, portabilidad y oposici\u00f3n al tratamiento de dichos datos mediante escrito dirigido a la Plaza Copr\u00ednceps, 5 AD700 Escaldes &#8211; Engordany (Andorra). Para obtener m\u00e1s informaci\u00f3n acerca de nuestra Pol\u00edtica de Privacidad, por favor dir\u00edjase al siguiente enlace<a href=\"https:\/\/rocblanc.com\/privacy-policy\/\"> Pol\u00edtica de Privacidad<\/a>.<\/p>\n\t<div id=\"gap-528995472\" class=\"gap-element clearfix\" style=\"display:block; height:auto;\">\n\t\t\n<style>\n#gap-528995472 {\n  padding-top: 30px;\n}\n<\/style>\n\t<\/div>\n\t\n<h3>INFORMACI\u00d3N SOBRE LA UTILIZACI\u00d3N DE COOKIES<\/h3>\n<p>En esta Web se pueden ir utilizando cookies en algunas p\u00e1ginas. La finalidad de dichas cookies es mejorar el servicio que ofrecen a sus clientes y a nuestros visitantes. Si desea saber m\u00e1s sobre el uso de las cookies por parte de TORM BABOT, SLU dir\u00edjase a nuestra <a href=\"https:\/\/rocblanc.com\/cookies-policy\/\">Pol\u00edtica de cookies<\/a>.<\/p>\n\t<div id=\"gap-1947251549\" class=\"gap-element clearfix\" style=\"display:block; height:auto;\">\n\t\t\n<style>\n#gap-1947251549 {\n  padding-top: 30px;\n}\n<\/style>\n\t<\/div>\n\t\n<h3>RENUNCIA Y LIMITACI\u00d3N DE LA RESPONSABILIDAD<\/h3>\n<p>TORM BABOT, SLU  informa que en todo momento implementa las medidas de seguridad oportunas a fin de presentar a los usuarios de la web informaciones y servicios adecuados, ciertos y actualizados. Sin embargo, se reserva el derecho de rectificaci\u00f3n sobre aquellos aspectos que, eventualmente y de forma fortuita, puedan sufrir incorrecciones, desactualizaciones o errores.<\/p>\n<p>TORM BABOT, SLU ha obtenido la informaci\u00f3n y los materiales incluidos en la web de fuentes consideradas como fiables, pero si bien se han tomado las medidas correspondientes por asegurar que la informaci\u00f3n contenida sea correcta, no garantiza que sea exacta o actualizada.<\/p>\n<p>Tambi\u00e9n se advierte que los contenidos de esta Web, tienen dos finalidades: una informativa en cuanto a la calidad, situaci\u00f3n, servicios y tarifas y otra de prestaci\u00f3n de servicios, seg\u00fan lo previsto en el presente aviso legal y el resto de textos legales de la presente web.<\/p>\n\t<div id=\"gap-918520542\" class=\"gap-element clearfix\" style=\"display:block; height:auto;\">\n\t\t\n<style>\n#gap-918520542 {\n  padding-top: 30px;\n}\n<\/style>\n\t<\/div>\n\t\n<h3>INDICACIONES SOBRE ASPECTOS T\u00c9CNICOS<\/h3>\n<p>TORM BABOT, SLU  declina cualquier responsabilidad en caso de que existan interrupciones o un mal funcionamiento de los servicios o contenidos ofrecidos en Internet, cualquiera que sea su causa. Asimismo, TORM BABOT, SLU no se hace responsable por ca\u00eddas de la red, p\u00e9rdidas de informaci\u00f3n como consecuencia de dichas ca\u00eddas, suspensiones temporales del fluido el\u00e9ctrico o cualquier otro tipo de da\u00f1o indirecto que le pueda ser causado a los Usuarios por causas ajenas a TORM BABOT, SLU<\/p>\n<p>TORM BABOT, SLU  no declara ni garantiza que los servicios o contenidos sean ininterrumpidos o que est\u00e9n libres de errores, que los defectos sean corregidos, o que el servicio o el servidor que lo pone a disposici\u00f3n est\u00e9n libres de virus u otros componentes nocivos, sin perjuicio de que TORM BABOT, SLU  realiza sus mejores esfuerzos en evitar este tipo de incidentes. En caso de que el Usuario tomara determinadas decisiones o realizara acciones con base a la informaci\u00f3n incluida en cualquiera de los websites, se recomienda la comprobaci\u00f3n de la informaci\u00f3n recibida con otras fuentes.<\/p>\n\t<div id=\"gap-861813592\" class=\"gap-element clearfix\" style=\"display:block; height:auto;\">\n\t\t\n<style>\n#gap-861813592 {\n  padding-top: 30px;\n}\n<\/style>\n\t<\/div>\n\t\n<h3>PROPIEDAD INDUSTRIAL E INTELECTUAL<\/h3>\n<p>Los contenidos prestados por TORM BABOT, SLU  as\u00ed como los contenidos vertidos en la red a trav\u00e9s de sus p\u00e1ginas web, constituyen una obra en el sentido de la legislaci\u00f3n sobre propiedad intelectual por lo que se hallan protegidos por las leyes y convenios internacionales aplicables en la materia.<\/p>\n<p>Queda prohibida cualquier forma de reproducci\u00f3n, distribuci\u00f3n, comunicaci\u00f3n p\u00fablica, transformaci\u00f3n, puesta a disposici\u00f3n y, en general, cualquier otro acto de explotaci\u00f3n p\u00fablica referido tanto a las p\u00e1ginas Web como a sus contenidos e informaci\u00f3n, sin el expreso y previo consentimiento y por escrito de TORM BABOT, SLU<\/p>\n<p>En consecuencia, todos los contenidos que se muestran en la website y en especial, dise\u00f1os, textos, gr\u00e1ficos, logotipos, iconos, botones, software, nombres comerciales, marcas, dibujos industriales o cualesquiera otros signos susceptibles de utilizaci\u00f3n industrial y comercial est\u00e1n sujetos a derechos de propiedad intelectual e industrial de TORM BABOT, SLU  o de terceros titulares de los mismos que han autorizado debidamente su inclusi\u00f3n en los diferentes websites.<\/p>\n<p>Los contenidos, im\u00e1genes, formas, opiniones, \u00edndices y dem\u00e1s expresiones formales que formen parte de las p\u00e1ginas Web, as\u00ed como el software necesario para el funcionamiento y visualizaci\u00f3n de las mismas, constituyen asimismo una obra en el sentido del Derecho de Autor y quedan, por lo tanto, protegidas por las convenciones internacionales y legislaciones nacionales en materia de Propiedad intelectual que resulten aplicables. El incumplimiento de lo se\u00f1alado implica la comisi\u00f3n de graves actos il\u00edcitos y su sanci\u00f3n por la legislaci\u00f3n civil y penal.<\/p>\n<p>Queda prohibido todo acto por virtud del cual los Usuarios de los servicios o contenidos puedan explotar o servirse comercialmente, directa o indirectamente, en su totalidad o parcialmente, de cualquiera de los contenidos, im\u00e1genes, formas, \u00edndices y dem\u00e1s expresiones formales que formen parte de las p\u00e1ginas Web sin permiso previo y por escrito de TORM BABOT, SLU.<\/p>\n<p>En concreto, y sin car\u00e1cter exhaustivo, quedan prohibidos los actos de reproducci\u00f3n, distribuci\u00f3n, exhibici\u00f3n, transmisi\u00f3n, retransmisi\u00f3n, emisi\u00f3n en cualquier forma, almacenamiento en soportes f\u00edsicos o l\u00f3gicos (por ejemplo, disquetes o disco duro de ordenadores), digitalizaci\u00f3n o puesta a disposici\u00f3n desde bases de datos distintas de las pertenecientes a las autorizadas por TORM BABOT, SLU  as\u00ed como su traducci\u00f3n, adaptaci\u00f3n, arreglo o cualquier otra transformaci\u00f3n de dichas opiniones, im\u00e1genes, formas, \u00edndices y dem\u00e1s expresiones formales que se pongan a disposici\u00f3n de los Usuarios a trav\u00e9s de los servicios o contenidos, en tanto tales actos est\u00e9n sometidos a la legislaci\u00f3n aplicable en materia de Propiedad intelectual, industrial o de protecci\u00f3n de la imagen.<\/p>\n<p>TORM BABOT, SLU  es libre de limitar el acceso a la p\u00e1gina Web, y a los productos y\/o servicios en ella ofrecidos, as\u00ed como la consiguiente publicaci\u00f3n de las opiniones, observaciones, im\u00e1genes o comentarios que los Usuarios puedan hacerle llegar a trav\u00e9s del correo electr\u00f3nico.<\/p>\n<p>TORM BABOT, SLU en este sentido, podr\u00e1 establecer, si lo considera oportuno, sin perjuicio de la \u00fanica y exclusiva responsabilidad de los Usuarios, los filtros necesarios a fin de evitar que a trav\u00e9s de su p\u00e1gina Web puedan verterse en la red contenidos u opiniones, considerados como racistas, xen\u00f3fobos, discriminatorios, pornogr\u00e1ficos, difamatorios o que, de cualquier modo, fomenten la violencia o la diseminaci\u00f3n de contenidos claramente il\u00edcitos o nocivos.<\/p>\n<p>Aquellos Usuarios que env\u00eden a la p\u00e1gina Web de TORM BABOT, SLU a su departamento de sugerencias, observaciones, opiniones o comentarios por medio del servicio de correo electr\u00f3nico, salvo que expresen de manera cierta e inconfundible lo contrario, en los casos en los que por la naturaleza de los servicios o contenidos ello sea posible, se entiende que autorizan a TORM BABOT, SLU  para la reproducci\u00f3n, distribuci\u00f3n, exhibici\u00f3n, transmisi\u00f3n, retransmisi\u00f3n, emisi\u00f3n en cualquier formato, almacenamiento en soportes f\u00edsicos o l\u00f3gicos (por ejemplo, disquetes o disco duro de ordenadores), digitalizaci\u00f3n, puesta a disposici\u00f3n desde bases de datos pertenecientes a TORM BABOT, SLU  traducci\u00f3n, adaptaci\u00f3n, arreglo o cualquier otra transformaci\u00f3n de tales observaciones, opiniones o comentarios, por todo el tiempo de protecci\u00f3n de derecho de autor que est\u00e9 previsto legalmente.<\/p>\n<p>Asimismo, se entiende que esta autorizaci\u00f3n se hace a t\u00edtulo gratuito, y que por el solo hecho de enviar por correo electr\u00f3nico tales observaciones, opiniones o comentarios, los Usuarios declinan cualquier pretensi\u00f3n remuneratoria por parte de TORM BABOT, SLU<\/p>\n<p>De acuerdo con lo se\u00f1alado en el p\u00e1rrafo anterior, TORM BABOT, SLU queda autorizada igualmente para proceder a la modificaci\u00f3n o alteraci\u00f3n de tales observaciones, opiniones o comentarios, a fin de adaptarlos a las necesidades de formato editorial de las p\u00e1ginas Web, sin que por ello pueda entenderse que existe en absoluto cualquier tipo de lesi\u00f3n de cualesquiera de las facultades morales de derecho de autor que los Usuarios pudieran ostentar sobre aqu\u00e9llas.<\/p>\n<p>Quedan prohibidos cualesquiera de los recursos t\u00e9cnicos, l\u00f3gicos o tecnol\u00f3gicos por virtud de los cuales un tercero pueda beneficiarse, directa o indirectamente, con o sin lucro, de todos y cada uno de los contenidos, formas, \u00edndices y dem\u00e1s expresiones formales que formen parte de las p\u00e1ginas Web, o del esfuerzo llevado a cabo por TORM BABOT, SLU para su funcionamiento.<\/p>\n<p>En concreto, queda prohibido todo link, hyperlink, framing o v\u00ednculo similar que pueda establecerse en direcci\u00f3n a las p\u00e1ginas Web de TORM BABOT, SLU sin el consentimiento previo, expreso y por escrito del cliente. Cualquier trasgresi\u00f3n de lo dispuesto en este punto ser\u00e1 considerada como lesi\u00f3n de los leg\u00edtimos derechos de Propiedad intelectual de TORM BABOT, SLU sobre la p\u00e1gina Web y todos los contenidos de la misma.<\/p>\n<p>TORM BABOT, SLU no asumir\u00e1 responsabilidad alguna ante consecuencias derivadas de las conductas y actuaciones antes citadas, del mismo modo que no asumir\u00e1 responsabilidad alguna por los contenidos, servicios, productos, etc., de terceros a los que se pueda acceder directamente o a trav\u00e9s de banners, enlaces, links, hyperlinks, framing o v\u00ednculos similares desde la website de TORM BABOT, SLU. <\/p>\n\t\t<\/div>\n\t\t\t\t\t<\/div>\n\n\t\n<\/div>\n\t\t<\/div>\n\n\t\t\n<style>\n#section_1987203519 {\n  padding-top: 30px;\n  padding-bottom: 30px;\n}\n<\/style>\n\t<\/section>\n\t\n","protected":false},"excerpt":{"rendered":"","protected":false},"author":2,"featured_media":0,"parent":0,"menu_order":0,"comment_status":"closed","ping_status":"closed","template":"page-blank.php","meta":{"footnotes":""},"class_list":["post-155","page","type-page","status-publish","hentry"],"_links":{"self":[{"href":"https:\/\/rocblanc.com\/es\/wp-json\/wp\/v2\/pages\/155","targetHints":{"allow":["GET"]}}],"collection":[{"href":"https:\/\/rocblanc.com\/es\/wp-json\/wp\/v2\/pages"}],"about":[{"href":"https:\/\/rocblanc.com\/es\/wp-json\/wp\/v2\/types\/page"}],"author":[{"embeddable":true,"href":"https:\/\/rocblanc.com\/es\/wp-json\/wp\/v2\/users\/2"}],"replies":[{"embeddable":true,"href":"https:\/\/rocblanc.com\/es\/wp-json\/wp\/v2\/comments?post=155"}],"version-history":[{"count":0,"href":"https:\/\/rocblanc.com\/es\/wp-json\/wp\/v2\/pages\/155\/revisions"}],"wp:attachment":[{"href":"https:\/\/rocblanc.com\/es\/wp-json\/wp\/v2\/media?parent=155"}],"curies":[{"name":"wp","href":"https:\/\/api.w.org\/{rel}","templated":true}]}}