{"id":1585,"date":"2022-12-19T13:04:42","date_gmt":"2022-12-19T12:04:42","guid":{"rendered":"https:\/\/rocblanc.com\/gastronomia\/"},"modified":"2026-03-30T12:58:50","modified_gmt":"2026-03-30T10:58:50","slug":"gastronomia","status":"publish","type":"page","link":"https:\/\/rocblanc.com\/es\/gastronomia\/","title":{"rendered":"Gastronom\u00eda"},"content":{"rendered":"\n\t<section class=\"section\" id=\"section_1660857612\">\n\t\t<div class=\"section-bg fill\" >\n\t\t\t\t\t\t\t\t\t\n\t\t\t\n\n\t\t<\/div>\n\n\t\t\n\n\t\t<div class=\"section-content relative\">\n\t\t\t\n<div class=\"row row-collapse row-full-width\"  id=\"row-1280533732\">\n\n\t<div id=\"col-898170312\" class=\"col small-12 large-12\"  >\n\t\t\t\t<div class=\"col-inner\"  >\n\t\t\t\n\t\t\t\n\n  <div class=\"banner has-hover\" id=\"banner-1758017807\">\n          <div class=\"banner-inner fill\">\n        <div class=\"banner-bg fill\" >\n            <img decoding=\"async\" width=\"1707\" height=\"2560\" src=\"https:\/\/rocblanc.com\/wp-content\/uploads\/2022\/11\/image00007-scaled.jpeg\" class=\"bg attachment-original size-original\" alt=\"\" \/>                        <div class=\"overlay\"><\/div>            \n                    <\/div>\n\t\t\n        <div class=\"banner-layers container\">\n            <div class=\"fill banner-link\"><\/div>            \n   <div id=\"text-box-1638283889\" class=\"text-box banner-layer x50 md-x50 lg-x50 y50 md-y50 lg-y50 res-text\">\n                                <div class=\"text-box-content text dark\">\n              \n              <div class=\"text-inner text-center\">\n                  \n<h1>Gastronom\u00eda en Hotel Roc Blanc Andorra<\/h1>\n              <\/div>\n           <\/div>\n                            \n<style>\n#text-box-1638283889 {\n  width: 93%;\n}\n#text-box-1638283889 .text-box-content {\n  font-size: 100%;\n}\n@media (min-width:550px) {\n  #text-box-1638283889 {\n    width: 45%;\n  }\n}\n<\/style>\n    <\/div>\n \n        <\/div>\n      <\/div>\n\n            \n<style>\n#banner-1758017807 {\n  padding-top: 500px;\n}\n#banner-1758017807 .overlay {\n  background-color: rgba(0, 0, 0, 0.4);\n}\n#banner-1758017807 .banner-bg img {\n  object-position: 60% 55%;\n}\n<\/style>\n  <\/div>\n\n\n\t\t<\/div>\n\t\t\t\t\t<\/div>\n\n\t\n<\/div>\n\t\t<\/div>\n\n\t\t\n<style>\n#section_1660857612 {\n  padding-top: 0px;\n  padding-bottom: 0px;\n}\n<\/style>\n\t<\/section>\n\t\n\n\t<section class=\"section\" id=\"section_1089175251\">\n\t\t<div class=\"section-bg fill\" >\n\t\t\t\t\t\t\t\t\t\n\t\t\t\n\n\t\t<\/div>\n\n\t\t\n\n\t\t<div class=\"section-content relative\">\n\t\t\t\n<div class=\"row align-center\"  id=\"row-1682377409\">\n\n\t<div id=\"col-2063731304\" class=\"col medium-9 small-12 large-8\"  >\n\t\t\t\t<div class=\"col-inner text-center box-shadow-3\" style=\"background-color:rgb(255, 255, 255);\" >\n\t\t\t\n\t\t\t\n<p>Descubre la aut\u00e9ntica<strong> Gastronom\u00eda en Hotel Roc Blanc Andorra<\/strong>, donde cada propuesta culinaria est\u00e1 pensada para enriquecer tu estancia con sabor, calidad y personalidad. En pleno coraz\u00f3n de Escaldes-Engordany, nuestros espacios gastron\u00f3micos combinan tradici\u00f3n, producto local y un enfoque contempor\u00e1neo para ofrecerte momentos \u00fanicos en cada instante del d\u00eda.<\/p>\n\t\t<\/div>\n\t\t\t\t\n<style>\n#col-2063731304 > .col-inner {\n  padding: 30px 30px 30px 30px;\n  margin: -62px 0px 0px 0px;\n}\n<\/style>\n\t<\/div>\n\n\t\n<\/div>\n\t\t<\/div>\n\n\t\t\n<style>\n#section_1089175251 {\n  padding-top: 0px;\n  padding-bottom: 0px;\n}\n<\/style>\n\t<\/section>\n\t\n\n\t<section class=\"section sticky-menu\" id=\"section_1937594401\">\n\t\t<div class=\"section-bg fill\" >\n\t\t\t\t\t\t\t\t\t\n\t\t\t\n\n\t\t<\/div>\n\n\t\t\n\n\t\t<div class=\"section-content relative\">\n\t\t\t\n<div class=\"row align-center\"  id=\"row-1493380730\">\n\n\t<div id=\"col-441231761\" class=\"col medium-8 small-12 large-8\"  >\n\t\t\t\t<div class=\"col-inner text-center\" style=\"background-color:rgb(255, 255, 255);\" >\n\t\t\t\n\t\t\t\n<a href=\"#lentrecote\" class=\"button primary is-underline is-smaller\" >\n\t\t<span>L&#039;entrecote<\/span>\n\t<\/a>\n\n<a href=\"#cafeteria-terrace\" class=\"button primary is-underline is-smaller\" >\n\t\t<span>Cafeter\u00eda y Terraza<\/span>\n\t<\/a>\n\n<a href=\"#breakfast\" class=\"button primary is-underline is-smaller\" >\n\t\t<span>Desayuno<\/span>\n\t<\/a>\n\n\t\t<\/div>\n\t\t\t\t\n<style>\n#col-441231761 > .col-inner {\n  padding: 15px 0px 0px 0px;\n}\n<\/style>\n\t<\/div>\n\n\t\n<\/div>\n\t\t<\/div>\n\n\t\t\n<style>\n#section_1937594401 {\n  padding-top: 0px;\n  padding-bottom: 0px;\n}\n<\/style>\n\t<\/section>\n\t\n\n\t<section class=\"section\" id=\"section_886115193\">\n\t\t<div class=\"section-bg fill\" >\n\t\t\t\t\t\t\t\t\t\n\t\t\t\n\n\t\t<\/div>\n\n\t\t\n\n\t\t<div class=\"section-content relative\">\n\t\t\t\n<span class=\"scroll-to\" data-label=\"Scroll to: #lentrecote\" data-bullet=\"false\" data-link=\"#lentrecote\" data-title=\"L\u2019Entrec\u00f4te\"><a name=\"lentrecote\"><\/a><\/span>\n<div class=\"row align-middle\"  id=\"row-802419283\">\n\n\t<div id=\"col-217530068\" class=\"col medium-7 small-12 large-7\"  >\n\t\t\t\t<div class=\"col-inner text-left\"  >\n\t\t\t\n\t\t\t\n<h2><a href=\"https:\/\/rocblanc.com\/es\/gastronomia\/restaurante-entrecote-andorra\/\">Restaurant L&#8217;Entrec\u00f4te<\/a><\/h2>\n<h3>El arte de lo esencial<\/h3>\n\t<div id=\"text-371006265\" class=\"text\">\n\t\t\n<p>Un cl\u00e1sico que nunca falla. En el <strong>Restaurante L\u2019Entrec\u00f4te<\/strong> rendimos homenaje a la sencillez bien ejecutada:<strong> producto de primera calidad<\/strong>, t\u00e9cnica impecable y un ambiente elegante que invita a disfrutar sin prisas.<\/p>\n<p>Nuestra especialidad \u2014el entrecot con nuestra ic\u00f3nica salsa secreta\u2014 se convierte en el protagonista de <strong>una experiencia gastron\u00f3mica reconocida<\/strong> y apreciada por hu\u00e9spedes y visitantes. Ideal para una cena especial o para quienes valoran los sabores aut\u00e9nticos con personalidad.<\/p>\n<p><i class=\"fa-regular fa-clock\"><\/i> Horario<br \/>Desayuno: 08:00 to 11:00<br \/>Comida: 12:30 to 15:00<br \/>Cena: 20:00 to 22:30<\/p>\n<p><i class=\"fa-light fa-mobile\"><\/i> Contacto<br \/><i class=\"fa-light fa-phone\"><\/i> +376 871475<\/p>\n\t\t\n<style>\n#text-371006265 {\n  text-align: left;\n}\n<\/style>\n\t<\/div>\n\t\n<a href=\"https:\/\/rocblanc.com\/es\/gastronomia\/restaurante-entrecote-andorra\/\" class=\"button primary is-underline\" >\n\t\t<span>Descubrir<\/span>\n\t<\/a>\n\n\t\t<\/div>\n\t\t\t\t\n<style>\n#col-217530068 > .col-inner {\n  padding: 0px 0px 0px 10px;\n  margin: 0px 0px 0px 0px;\n}\n@media (min-width:550px) {\n  #col-217530068 > .col-inner {\n    padding: 50px 50% 30px 5%;\n    margin: 0px 0px 0px 0px;\n  }\n}\n@media (min-width:850px) {\n  #col-217530068 > .col-inner {\n    padding: 30px 30px 0px 0px;\n  }\n}\n<\/style>\n\t<\/div>\n\n\t\n\n\t<div id=\"col-1228744611\" class=\"col medium-5 small-12 large-5 small-col-first\"  >\n\t\t\t\t<div class=\"col-inner text-left\"  >\n\t\t\t\n\t\t\t\n\t<div class=\"img has-hover x md-x lg-x y md-y lg-y\" id=\"image_2067932330\">\n\t\t\t\t\t\t\t\t<div class=\"img-inner image-cover dark\" style=\"padding-top:120%;\">\n\t\t\t<img decoding=\"async\" width=\"1020\" height=\"574\" src=\"https:\/\/rocblanc.com\/wp-content\/uploads\/2025\/11\/Hotel-Roc-Blanc-Andorra-Escaldes-lentrecot-restaurant-31-1024x576.webp\" class=\"attachment-large size-large\" alt=\"\" srcset=\"https:\/\/rocblanc.com\/wp-content\/uploads\/2025\/11\/Hotel-Roc-Blanc-Andorra-Escaldes-lentrecot-restaurant-31-1024x576.webp 1024w, https:\/\/rocblanc.com\/wp-content\/uploads\/2025\/11\/Hotel-Roc-Blanc-Andorra-Escaldes-lentrecot-restaurant-31-300x169.webp 300w, https:\/\/rocblanc.com\/wp-content\/uploads\/2025\/11\/Hotel-Roc-Blanc-Andorra-Escaldes-lentrecot-restaurant-31-768x432.webp 768w, https:\/\/rocblanc.com\/wp-content\/uploads\/2025\/11\/Hotel-Roc-Blanc-Andorra-Escaldes-lentrecot-restaurant-31.webp 1344w\" sizes=\"(max-width: 1020px) 100vw, 1020px\" \/>\t\t\t\t\t\t\n\t\t\t\t\t<\/div>\n\t\t\t\t\t\t\t\t\n<style>\n#image_2067932330 {\n  width: 100%;\n}\n<\/style>\n\t<\/div>\n\t\n\t\t<\/div>\n\t\t\t\t\n<style>\n#col-1228744611 > .col-inner {\n  padding: 0px 0px 0px 0px;\n  margin: 0px 0px 0px 0px;\n}\n@media (min-width:550px) {\n  #col-1228744611 > .col-inner {\n    padding: 50px 50% 30px 5%;\n    margin: 0px 0px 0px 0px;\n  }\n}\n@media (min-width:850px) {\n  #col-1228744611 > .col-inner {\n    padding: 30px 0px 0px 0px;\n  }\n}\n<\/style>\n\t<\/div>\n\n\t\n<\/div>\n\t\t<\/div>\n\n\t\t\n<style>\n#section_886115193 {\n  padding-top: 0px;\n  padding-bottom: 0px;\n}\n@media (min-width:550px) {\n  #section_886115193 {\n    padding-top: 30px;\n    padding-bottom: 30px;\n  }\n}\n<\/style>\n\t<\/section>\n\t\n\n\t<section class=\"section\" id=\"section_590523918\">\n\t\t<div class=\"section-bg fill\" >\n\t\t\t\t\t\t\t\t\t\n\t\t\t\n\n\t\t<\/div>\n\n\t\t\n\n\t\t<div class=\"section-content relative\">\n\t\t\t\n<span class=\"scroll-to\" data-label=\"Scroll to: #cafeteria-terrace\" data-bullet=\"false\" data-link=\"#cafeteria-terrace\" data-title=\"Cafeteria &amp; Terrace\"><a name=\"cafeteria-terrace\"><\/a><\/span>\n<div class=\"row align-middle\"  id=\"row-269370137\">\n\n\t<div id=\"col-1541981380\" class=\"col medium-5 small-12 large-5\"  >\n\t\t\t\t<div class=\"col-inner text-left\"  >\n\t\t\t\n\t\t\t\n\t<div class=\"img has-hover x md-x lg-x y md-y lg-y\" id=\"image_2005485647\">\n\t\t\t\t\t\t\t\t<div class=\"img-inner image-cover dark\" style=\"padding-top:120%;\">\n\t\t\t<img decoding=\"async\" width=\"1020\" height=\"574\" src=\"https:\/\/rocblanc.com\/wp-content\/uploads\/2025\/07\/Terraza-en-Andorra-Restaurante-L-Entrecote-1024x576.webp\" class=\"attachment-large size-large\" alt=\"Terraza del Restaurante L\u2019Entrec\u00f4te, en el coraz\u00f3n de Escaldes-Engordany\" srcset=\"https:\/\/rocblanc.com\/wp-content\/uploads\/2025\/07\/Terraza-en-Andorra-Restaurante-L-Entrecote-1024x576.webp 1024w, https:\/\/rocblanc.com\/wp-content\/uploads\/2025\/07\/Terraza-en-Andorra-Restaurante-L-Entrecote-300x169.webp 300w, https:\/\/rocblanc.com\/wp-content\/uploads\/2025\/07\/Terraza-en-Andorra-Restaurante-L-Entrecote-768x432.webp 768w, https:\/\/rocblanc.com\/wp-content\/uploads\/2025\/07\/Terraza-en-Andorra-Restaurante-L-Entrecote-1536x864.webp 1536w, https:\/\/rocblanc.com\/wp-content\/uploads\/2025\/07\/Terraza-en-Andorra-Restaurante-L-Entrecote.webp 2000w\" sizes=\"(max-width: 1020px) 100vw, 1020px\" \/>\t\t\t\t\t\t\n\t\t\t\t\t<\/div>\n\t\t\t\t\t\t\t\t\n<style>\n#image_2005485647 {\n  width: 100%;\n}\n<\/style>\n\t<\/div>\n\t\n\t\t<\/div>\n\t\t\t\t\n<style>\n#col-1541981380 > .col-inner {\n  padding: 0px 0px 0px 0%;\n  margin: 0px 0px 0px 0px;\n}\n@media (min-width:550px) {\n  #col-1541981380 > .col-inner {\n    padding: 50px 50% 30px 5%;\n    margin: 0px 0px 0px 0px;\n  }\n}\n@media (min-width:850px) {\n  #col-1541981380 > .col-inner {\n    padding: 30px 0px 0px 0px;\n  }\n}\n<\/style>\n\t<\/div>\n\n\t\n\n\t<div id=\"col-104636408\" class=\"col medium-7 small-12 large-7\"  >\n\t\t\t\t<div class=\"col-inner text-left\"  >\n\t\t\t\n\t\t\t\n<h2><a href=\"https:\/\/rocblanc.com\/es\/gastronomia\/cafeteria-terraza-andorra\/\">Cafeter\u00eda y Terraza<\/a><\/h2>\n<h3>momentos para saborear sin prisa<\/h3>\n\t<div id=\"text-3780974338\" class=\"text\">\n\t\t\n<p>Un espacio vers\u00e1til, acogedor y lleno de luz natural donde cada momento del d\u00eda tiene su lugar. Ya sea para un caf\u00e9 por la ma\u00f1ana, un almuerzo ligero o una copa al caer la tarde, nuestra cafeter\u00eda y terraza ofrecen una atm\u00f3sfera relajada en pleno centro de Andorra.<\/p>\n<p>Disfruta de una selecci\u00f3n de tapas, snacks y bebidas en un entorno perfecto para desconectar, socializar o simplemente dejarse llevar por el ritmo pausado de la monta\u00f1a.<\/p>\n<p><i class=\"fa-regular fa-clock\"><\/i> Horario<br \/>De 08:00 a 00:00<\/p>\n<p><i class=\"fa-light fa-mobile\"><\/i> Contacto<br \/><i class=\"fa-light fa-phone\"><\/i> +376 871475<\/p>\n\t\t\n<style>\n#text-3780974338 {\n  text-align: left;\n}\n<\/style>\n\t<\/div>\n\t\n<a href=\"https:\/\/rocblanc.com\/es\/gastronomia\/cafeteria-terraza-andorra\/\" class=\"button primary is-underline\" >\n\t\t<span>Descubrir<\/span>\n\t<\/a>\n\n\t\t<\/div>\n\t\t\t\t\n<style>\n#col-104636408 > .col-inner {\n  padding: 0px 0px 0px 0px;\n  margin: 0px 0px 0px 0px;\n}\n@media (min-width:550px) {\n  #col-104636408 > .col-inner {\n    padding: 50px 50% 30px 5%;\n    margin: 0px 0px 0px 0px;\n  }\n}\n@media (min-width:850px) {\n  #col-104636408 > .col-inner {\n    padding: 30px 0px 30px 30px;\n  }\n}\n<\/style>\n\t<\/div>\n\n\t\n<\/div>\n\t\t<\/div>\n\n\t\t\n<style>\n#section_590523918 {\n  padding-top: 0px;\n  padding-bottom: 0px;\n}\n@media (min-width:550px) {\n  #section_590523918 {\n    padding-top: 30px;\n    padding-bottom: 30px;\n  }\n}\n<\/style>\n\t<\/section>\n\t\n\n\t<section class=\"section\" id=\"section_871450132\">\n\t\t<div class=\"section-bg fill\" >\n\t\t\t\t\t\t\t\t\t\n\t\t\t\n\n\t\t<\/div>\n\n\t\t\n\n\t\t<div class=\"section-content relative\">\n\t\t\t\n<span class=\"scroll-to\" data-label=\"Scroll to: #breakfast\" data-bullet=\"false\" data-link=\"#breakfast\" data-title=\"Breakfast\"><a name=\"breakfast\"><\/a><\/span>\n<div class=\"row align-middle\"  id=\"row-1565590309\">\n\n\t<div id=\"col-1712906149\" class=\"col medium-7 small-12 large-7\"  >\n\t\t\t\t<div class=\"col-inner text-left\"  >\n\t\t\t\n\t\t\t\n<h2><a href=\"https:\/\/rocblanc.com\/es\/gastronomia\/desayuno\/\">Desayuno<\/a><\/h2>\n<h3>el placer de empezar bien el d\u00eda<\/h3>\n\t<div id=\"text-4168274010\" class=\"text\">\n\t\t\n<p>En Roc Blanc, nuestro desayuno buffet en Andorra destaca por su variedad fresca y saludable, pensado para todos los gustos y estilos de vida.<\/p>\n<p>Disfruta de frutas de temporada, batidos naturales, boller\u00eda sin gluten y un rinc\u00f3n dedicado a opciones veganas y vegetarianas con leches vegetales, yogures y cereales integrales. Descubre tambi\u00e9n el sabor de los quesos locales de los Pirineos, embutidos, pan de pay\u00e9s reci\u00e9n horneado y miel artesanal para un aut\u00e9ntico desayuno andorrano.<\/p>\n<p>Adem\u00e1s, encontrar\u00e1s pan fresco, huevos hechos al momento, beicon crujiente, quesos internacionales y boller\u00eda artesanal: una forma ideal de empezar el d\u00eda antes de descubrir todo lo que Andorra tiene para ofrecer.<\/p>\n<p><i class=\"fa-regular fa-clock\"><\/i> Horario<br \/>\nDe 07:30 a 10:30<\/p>\n<p><i class=\"fa-light fa-mobile\"><\/i> Contacto<br \/>\n<i class=\"fa-light fa-phone\"><\/i> +376 871475<\/p>\n\t\t\n<style>\n#text-4168274010 {\n  text-align: left;\n}\n<\/style>\n\t<\/div>\n\t\n<a href=\"https:\/\/rocblanc.com\/es\/gastronomia\/desayuno\/\" class=\"button primary is-underline\" >\n\t\t<span>Descubrir<\/span>\n\t<\/a>\n\n\t\t<\/div>\n\t\t\t\t\n<style>\n#col-1712906149 > .col-inner {\n  padding: 0px 0px 0px 0px;\n  margin: 0px 0px 0px 0px;\n}\n@media (min-width:550px) {\n  #col-1712906149 > .col-inner {\n    padding: 50px 50% 30px 5%;\n    margin: 0px 0px 0px 0px;\n  }\n}\n@media (min-width:850px) {\n  #col-1712906149 > .col-inner {\n    padding: 30px 30px 30px 0px;\n  }\n}\n<\/style>\n\t<\/div>\n\n\t\n\n\t<div id=\"col-224633798\" class=\"col medium-5 small-12 large-5 small-col-first\"  >\n\t\t\t\t<div class=\"col-inner text-left\"  >\n\t\t\t\n\t\t\t\n\t<div class=\"img has-hover x md-x lg-x y md-y lg-y\" id=\"image_734370024\">\n\t\t\t\t\t\t\t\t<div class=\"img-inner image-cover dark\" style=\"padding-top:120%;\">\n\t\t\t<img decoding=\"async\" width=\"1020\" height=\"1020\" src=\"https:\/\/rocblanc.com\/wp-content\/uploads\/2022\/12\/breakfast-options-roc-blanc-hotel-spa-andorra-1-1024x1024.webp\" class=\"attachment-large size-large\" alt=\"opciones de desayuno - roc blanc hotel &amp; spa andorra\" srcset=\"https:\/\/rocblanc.com\/wp-content\/uploads\/2022\/12\/breakfast-options-roc-blanc-hotel-spa-andorra-1-1024x1024.webp 1024w, https:\/\/rocblanc.com\/wp-content\/uploads\/2022\/12\/breakfast-options-roc-blanc-hotel-spa-andorra-1-300x300.webp 300w, https:\/\/rocblanc.com\/wp-content\/uploads\/2022\/12\/breakfast-options-roc-blanc-hotel-spa-andorra-1-150x150.webp 150w, https:\/\/rocblanc.com\/wp-content\/uploads\/2022\/12\/breakfast-options-roc-blanc-hotel-spa-andorra-1-768x768.webp 768w, https:\/\/rocblanc.com\/wp-content\/uploads\/2022\/12\/breakfast-options-roc-blanc-hotel-spa-andorra-1-1536x1536.webp 1536w, https:\/\/rocblanc.com\/wp-content\/uploads\/2022\/12\/breakfast-options-roc-blanc-hotel-spa-andorra-1.webp 2000w\" sizes=\"(max-width: 1020px) 100vw, 1020px\" \/>\t\t\t\t\t\t\n\t\t\t\t\t<\/div>\n\t\t\t\t\t\t\t\t\n<style>\n#image_734370024 {\n  width: 100%;\n}\n<\/style>\n\t<\/div>\n\t\n\t\t<\/div>\n\t\t\t\t\n<style>\n#col-224633798 > .col-inner {\n  padding: 0px 0px 0px 0px;\n  margin: 0px 0px 0px 0px;\n}\n@media (min-width:550px) {\n  #col-224633798 > .col-inner {\n    padding: 50px 50% 30px 5%;\n    margin: 0px 0px 0px 0px;\n  }\n}\n@media (min-width:850px) {\n  #col-224633798 > .col-inner {\n    padding: 30px 5% 30px 0px;\n  }\n}\n<\/style>\n\t<\/div>\n\n\t\n<\/div>\n\t\t<\/div>\n\n\t\t\n<style>\n#section_871450132 {\n  padding-top: 0px;\n  padding-bottom: 0px;\n}\n@media (min-width:550px) {\n  #section_871450132 {\n    padding-top: 30px;\n    padding-bottom: 30px;\n  }\n}\n<\/style>\n\t<\/section>\n\t\n\n\t<section class=\"section\" id=\"section_110748295\">\n\t\t<div class=\"section-bg fill\" >\n\t\t\t\t\t\t\t\t\t\n\t\t\t\n\n\t\t<\/div>\n\n\t\t\n\n\t\t<div class=\"section-content relative\">\n\t\t\t\r\n\r\n<div class=\"row align-equal align-center\"  id=\"row-1557375591\">\r\n\r\n\n\t<div id=\"col-1554440046\" class=\"col small-12 large-12\"  >\n\t\t\t\t<div class=\"col-inner\"  >\n\t\t\t\n\t\t\t\r\n\r\n<div class=\"container section-title-container\" ><h2 class=\"section-title section-title-center\"><b aria-hidden=\"true\"><\/b><span class=\"section-title-main\" >RESE\u00d1AS DEL HOTEL<\/span><b aria-hidden=\"true\"><\/b><\/h2><\/div>\r\n\r\n\r\n\t\t<\/div>\n\t\t\t\t\t<\/div>\n\n\t\r\n\n\t<div id=\"col-520614846\" class=\"col medium-6 small-12 large-6\"  >\n\t\t\t\t<div class=\"col-inner text-center\"  >\n\t\t\t\n\t\t\t\r\n\r\n\n\n<div id=\"google-business-reviews-rating\" class=\"google-business-reviews-rating gmbrr badge tiny no-outline link\" data-href=\"https:\/\/search.google.com\/local\/writereview?placeid=ChIJq0TqrUd3pRIREu0kahGY39A\">\r\n\t<p class=\"rating\"><span class=\"attribution google-icon\" title=\"Powered by Google\"><\/span> <span class=\"number\">4,2<\/span> <span class=\"all-stars animate\"><span class=\"star\"><\/span><span class=\"star\"><\/span><span class=\"star\"><\/span><span class=\"star\"><\/span><span class=\"star split-20-80\"><\/span><\/span> <a href=\"https:\/\/search.google.com\/local\/reviews?placeid=ChIJq0TqrUd3pRIREu0kahGY39A\" target=\"_blank\" rel=\"nofollow noopener\" class=\"count\">2.226 reviews<\/a><\/p>\r\n<\/div>\r\n\n\r\n\r\n\t\t<\/div>\n\t\t\t\t\n<style>\n#col-520614846 > .col-inner {\n  margin: -35px 0px 0px 0px;\n}\n<\/style>\n\t<\/div>\n\n\t\r\n\r\n<\/div>\r\n<div class=\"row align-equal\"  id=\"row-1304370635\">\r\n\r\n\n\t<div id=\"col-540398986\" class=\"col medium-4 small-12 large-4\"  >\n\t\t\t\t<div class=\"col-inner box-shadow-3\"  >\n\t\t\t\n\t<div class=\"is-border\"\n\t\tstyle=\"border-color:rgb(1, 38, 69);border-radius:20px;border-width:5px 5px 5px 5;\">\n\t<\/div>\n\t\t\t\r\n\r\n<h4><span style=\"font-size: 110%;\"><i class=\"fa-light fa-people-pants\"><\/i> Nos alojamos en pareja, Rosa<\/span> <i class=\"fa-light fa-octagon-check\"><\/i><\/h4>\n<p><em>S\u00faper acogedor, muy bien ubicado, y un equipo 10 estrellas.....ideal para una semana rom\u00e1ntica!<\/em><\/p>\n<p><i class=\"fa-light fa-circle-star\"><\/i> <strong>5\/<span style=\"font-size: 75%;\">5<\/span>- estrellas, Perfecto<\/strong><\/p>\r\n\r\n\t\t<\/div>\n\t\t\t\t\n<style>\n#col-540398986 > .col-inner {\n  padding: 20px 20px 20px 20px;\n  border-radius: 20px;\n}\n<\/style>\n\t<\/div>\n\n\t\r\n\n\t<div id=\"col-1653258824\" class=\"col medium-4 small-12 large-4\"  >\n\t\t\t\t<div class=\"col-inner box-shadow-3\"  >\n\t\t\t\n\t<div class=\"is-border\"\n\t\tstyle=\"border-color:rgb(1, 38, 69);border-radius:20px;border-width:5px 5px 5px 5;\">\n\t<\/div>\n\t\t\t\r\n\r\n<h4><span style=\"font-size: 110%;\"><i class=\"fa-light fa-spa\"><\/i> Me aloj\u00e9 y us\u00e9 el Spa, Tricia<\/span> <i class=\"fa-light fa-octagon-check\"><\/i><\/h4>\n<p><em>Mi habitaci\u00f3n era pintoresca y adorable. Muy c\u00f3moda con una ba\u00f1era enorme... una ventaja total para m\u00ed. El buffet de desayuno es delicioso y disfrut\u00e9 mucho de mi masaje y el spa. Fue una forma genial y relajante de recibir el a\u00f1o nuevo.<\/em><\/p>\n<p><i class=\"fa-light fa-circle-star\"><\/i><strong> 5\/<span style=\"font-size: 75%;\">5<\/span>- estrellas, Excelente<\/strong><\/p>\r\n\r\n\t\t<\/div>\n\t\t\t\t\n<style>\n#col-1653258824 > .col-inner {\n  padding: 20px 20px 20px 20px;\n  border-radius: 20px;\n}\n<\/style>\n\t<\/div>\n\n\t\r\n\n\t<div id=\"col-1760831982\" class=\"col medium-4 small-12 large-4\"  >\n\t\t\t\t<div class=\"col-inner box-shadow-3\"  >\n\t\t\t\n\t<div class=\"is-border\"\n\t\tstyle=\"border-color:rgb(1, 38, 69);border-radius:20px;border-width:5 5px 5px 5px;\">\n\t<\/div>\n\t\t\t\r\n\r\n<h4><span style=\"font-size: 110%;\"><i class=\"fa-light fa-bag-shopping\"><\/i> Estancia para Compras y Spa, Bural<\/span> <i class=\"fa-light fa-octagon-check\"><\/i><\/h4>\n<p><em>Inmejorable ubicaci\u00f3n, junto a la Zona Comercial y Caldea.<br>\nPersonal muy agradable y servicial. La habitaci\u00f3n y el desayuno eran muy buenos.<br>\nRecomiendo totalmente visitar!<\/em><\/p>\n<p><i class=\"fa-thin fa-circle-star\"><\/i><strong> 5\/<span style=\"font-size: 75%;\">5<\/span>- estrellas, Imbatible<\/strong><\/p>\r\n\r\n\t\t<\/div>\n\t\t\t\t\n<style>\n#col-1760831982 > .col-inner {\n  padding: 20px 20px 20px 20px;\n  border-radius: 20px;\n}\n<\/style>\n\t<\/div>\n\n\t\r\n\r\n<\/div>\r\n\r\n\t\t<\/div>\n\n\t\t\n<style>\n#section_110748295 {\n  padding-top: 30px;\n  padding-bottom: 30px;\n}\n<\/style>\n\t<\/section>\n\t\n\t<div id=\"gap-2033190209\" class=\"gap-element clearfix\" style=\"display:block; height:auto;\">\n\t\t\n<style>\n#gap-2033190209 {\n  padding-top: 60px;\n}\n<\/style>\n\t<\/div>\n\t\n\n\t<section class=\"section has-mask mask-arrow-large\" id=\"section_210874611\">\n\t\t<div class=\"section-bg fill\" >\n\t\t\t<img decoding=\"async\" width=\"1920\" height=\"563\" src=\"https:\/\/rocblanc.com\/wp-content\/uploads\/2022\/11\/tejado-del-hotel-y-vistas-de-los-edificios-circundantes-Hotel-Roc-Blanc.webp\" class=\"bg attachment-original size-original\" alt=\"\" \/>\t\t\t\t\t\t<div class=\"section-bg-overlay absolute fill\"><\/div>\n\t\t\t\n\n\t\t<\/div>\n\n\t\t\n\n\t\t<div class=\"section-content relative\">\n\t\t\t\n\n<div class=\"row row-collapse align-middle align-center\"  id=\"row-2108727508\">\n\n\n\t<div id=\"col-590871950\" class=\"col medium-6 small-12 large-6\"  >\n\t\t\t\t<div class=\"col-inner text-center dark\"  >\n\t\t\t\n\t\t\t\n\n\t<div id=\"text-2942527471\" class=\"text\">\n\t\t\n\n<p style=\"font-size: 1.3em; letter-spacing: 0.3em;\"><strong>BENEFICIOS DE RESERVA WEB <\/strong><\/p>\n\t\t\n<style>\n#text-2942527471 {\n  text-align: center;\n}\n<\/style>\n\t<\/div>\n\t\n\t<div id=\"text-2603937286\" class=\"text\">\n\t\t\n\n<p style=\"font-size: 1.1em;\"><i class=\"fa-regular fa-tags\"><\/i> Mejores Precios \u00b7 <i class=\"fa-regular fa-shuffle\"><\/i> Tarifas Flexibles \u00b7 <i class=\"fa-regular fa-check\"><\/i> Confirmaci\u00f3n de reserva inmediata \u00b7 <i class=\"fa-regular fa-lock\"><\/i> Pago Seguro<\/p>\n\t\t\n<style>\n#text-2603937286 {\n  text-align: center;\n}\n<\/style>\n\t<\/div>\n\t\n\n\t\t<\/div>\n\t\t\t\t\t<\/div>\n\n\t\n\n\t<div id=\"col-220462077\" class=\"col medium-5 small-12 large-4\"  >\n\t\t\t\t<div class=\"col-inner text-center\"  >\n\t\t\t\n\t\t\t\n\n<a href=\"https:\/\/reservas.rocblanc.com\/rocblanc\/availability?lang=es\" target=\"_blank\" class=\"button primary is-large box-shadow-2\" rel=\"noopener\">\n\t\t<span>Reservar ahora<\/span>\n\t<\/a>\n\n\n\n\t\t<\/div>\n\t\t\t\t\t<\/div>\n\n\t\n\n\n<style>\n#row-2108727508 > .col > .col-inner {\n  padding: 50px 20px 0px 20px;\n}\n@media (min-width:550px) {\n  #row-2108727508 > .col > .col-inner {\n    padding: 100px 0px 0px 0px;\n  }\n}\n<\/style>\n<\/div>\n\n\t\t<\/div>\n\n\t\t\n<style>\n#section_210874611 {\n  padding-top: 30px;\n  padding-bottom: 30px;\n}\n#section_210874611 .section-bg-overlay {\n  background-color: rgba(0, 0, 0, 0.6);\n}\n<\/style>\n\t<\/section>\n\t\n","protected":false},"excerpt":{"rendered":"","protected":false},"author":6,"featured_media":4713,"parent":0,"menu_order":0,"comment_status":"closed","ping_status":"closed","template":"page-blank.php","meta":{"footnotes":""},"class_list":["post-1585","page","type-page","status-publish","has-post-thumbnail","hentry"],"_links":{"self":[{"href":"https:\/\/rocblanc.com\/es\/wp-json\/wp\/v2\/pages\/1585","targetHints":{"allow":["GET"]}}],"collection":[{"href":"https:\/\/rocblanc.com\/es\/wp-json\/wp\/v2\/pages"}],"about":[{"href":"https:\/\/rocblanc.com\/es\/wp-json\/wp\/v2\/types\/page"}],"author":[{"embeddable":true,"href":"https:\/\/rocblanc.com\/es\/wp-json\/wp\/v2\/users\/6"}],"replies":[{"embeddable":true,"href":"https:\/\/rocblanc.com\/es\/wp-json\/wp\/v2\/comments?post=1585"}],"version-history":[{"count":0,"href":"https:\/\/rocblanc.com\/es\/wp-json\/wp\/v2\/pages\/1585\/revisions"}],"wp:featuredmedia":[{"embeddable":true,"href":"https:\/\/rocblanc.com\/es\/wp-json\/wp\/v2\/media\/4713"}],"wp:attachment":[{"href":"https:\/\/rocblanc.com\/es\/wp-json\/wp\/v2\/media?parent=1585"}],"curies":[{"name":"wp","href":"https:\/\/api.w.org\/{rel}","templated":true}]}}