{"id":1586,"date":"2022-12-19T13:20:03","date_gmt":"2022-12-19T12:20:03","guid":{"rendered":"https:\/\/rocblanc.com\/gastronomia\/restaurante-entrecote-andorra\/"},"modified":"2026-03-06T11:51:33","modified_gmt":"2026-03-06T10:51:33","slug":"restaurante-entrecote-andorra","status":"publish","type":"page","link":"https:\/\/rocblanc.com\/es\/gastronomia\/restaurante-entrecote-andorra\/","title":{"rendered":"Restaurant L&#8217;Entrec\u00f4te"},"content":{"rendered":"\n\t<section class=\"section\" id=\"section_1132897912\">\n\t\t<div class=\"section-bg fill\" >\n\t\t\t\t\t\t\t\t\t\n\t\t\t\n\n\t\t<\/div>\n\n\t\t\n\n\t\t<div class=\"section-content relative\">\n\t\t\t\n<div class=\"row row-collapse row-full-width\"  id=\"row-798589653\">\n\n\t<div id=\"col-124159622\" class=\"col small-12 large-12\"  >\n\t\t\t\t<div class=\"col-inner\"  >\n\t\t\t\n\t\t\t\n\n  <div class=\"banner has-hover\" id=\"banner-1892047581\">\n          <div class=\"banner-inner fill\">\n        <div class=\"banner-bg fill\" >\n            <img decoding=\"async\" width=\"2000\" height=\"1125\" src=\"https:\/\/rocblanc.com\/wp-content\/uploads\/2022\/12\/lentrecot-restaurant-roc-blanc-hotel-spa-andorra.webp\" class=\"bg attachment-original size-original\" alt=\"L\u00b4entrecote restaurant interior - roc blanc hotel &amp; spa andorra\" \/>                        <div class=\"overlay\"><\/div>            \n                    <\/div>\n\t\t\n        <div class=\"banner-layers container\">\n            <div class=\"fill banner-link\"><\/div>            \n   <div id=\"text-box-480721568\" class=\"text-box banner-layer x50 md-x50 lg-x50 y50 md-y50 lg-y50 res-text\">\n                                <div class=\"text-box-content text dark\">\n              \n              <div class=\"text-inner text-center\">\n                  \n<h1>Restaurante L&#8217;Entrec\u00f4te Andorra<\/h1>\n              <\/div>\n           <\/div>\n                            \n<style>\n#text-box-480721568 {\n  width: 93%;\n}\n#text-box-480721568 .text-box-content {\n  font-size: 100%;\n}\n@media (min-width:550px) {\n  #text-box-480721568 {\n    width: 70%;\n  }\n}\n@media (min-width:850px) {\n  #text-box-480721568 {\n    width: 60%;\n  }\n}\n<\/style>\n    <\/div>\n \n        <\/div>\n      <\/div>\n\n            \n<style>\n#banner-1892047581 {\n  padding-top: 500px;\n}\n#banner-1892047581 .overlay {\n  background-color: rgba(0, 0, 0, 0.4);\n}\n#banner-1892047581 .banner-bg img {\n  object-position: 60% 55%;\n}\n<\/style>\n  <\/div>\n\n\n\t\t<\/div>\n\t\t\t\t\t<\/div>\n\n\t\n<\/div>\n\t\t<\/div>\n\n\t\t\n<style>\n#section_1132897912 {\n  padding-top: 0px;\n  padding-bottom: 0px;\n}\n<\/style>\n\t<\/section>\n\t\n\t<div id=\"gap-1872256060\" class=\"gap-element clearfix\" style=\"display:block; height:auto;\">\n\t\t\n<style>\n#gap-1872256060 {\n  padding-top: 20px;\n}\n@media (min-width:550px) {\n  #gap-1872256060 {\n    padding-top: 90px;\n  }\n}\n<\/style>\n\t<\/div>\n\t\n\n\t<section class=\"section\" id=\"section_908434132\">\n\t\t<div class=\"section-bg fill\" >\n\t\t\t\t\t\t\t\t\t\n\t\t\t\n\n\t\t<\/div>\n\n\t\t\n\n\t\t<div class=\"section-content relative\">\n\t\t\t\n<div class=\"row\"  id=\"row-415629396\">\n\n\t<div id=\"col-833602030\" class=\"col small-11 large-12\"  >\n\t\t\t\t<div class=\"col-inner text-left\" style=\"background-color:#e8e1d2;\" >\n\t\t\t\n\t\t\t\n<h2>L&#8217;Entrec\u00f4te<\/h2>\n<div class=\"is-divider divider clearfix\" style=\"margin-top:20px;margin-bottom:20px;height:2px;\"><\/div>\n\t<div id=\"text-3697809532\" class=\"text\">\n\t\t\n<p>Encuentra el mejor restaurante de carnes de Andorra La Vella, L&#8217;Entrecote. Cene con estilo en la Pla\u00e7a Copr\u00ednceps justo al lado de The Shopping Mile y disfrute de la mejor carne local e ingredientes de los Pirineos.<\/p>\n\t\t\n<style>\n#text-3697809532 {\n  text-align: left;\n}\n<\/style>\n\t<\/div>\n\t\n\t\t<\/div>\n\t\t\t\t\n<style>\n#col-833602030 > .col-inner {\n  padding: 50px 10% 30px 10%;\n  margin: 10% 0px 0px 5%;\n}\n@media (min-width:550px) {\n  #col-833602030 > .col-inner {\n    padding: 50px 50% 30px 10%;\n    margin: 10% 0px 0px 0px;\n  }\n}\n<\/style>\n\t<\/div>\n\n\t\n\n\t<div id=\"col-825072194\" class=\"col medium-7 small-12 large-5\"  >\n\t\t\t\t<div class=\"col-inner text-right\"  >\n\t\t\t\n\t\t\t\n\t<div class=\"img has-hover x md-x lg-x y md-y lg-y\" id=\"image_66192468\">\n\t\t\t\t\t\t\t\t<div class=\"img-inner image-cover box-shadow-2 dark\" style=\"padding-top:100%;\">\n\t\t\t<img decoding=\"async\" width=\"2000\" height=\"1125\" src=\"https:\/\/rocblanc.com\/wp-content\/uploads\/2022\/12\/mesas-lentrecot-restaurant-roc-blanc-hotel-spa-andorra.webp\" class=\"attachment-original size-original\" alt=\"mesas en el restaurante L \u00e9ntrecote - roc blanc hotel &amp; spa andorra\" srcset=\"https:\/\/rocblanc.com\/wp-content\/uploads\/2022\/12\/mesas-lentrecot-restaurant-roc-blanc-hotel-spa-andorra.webp 2000w, https:\/\/rocblanc.com\/wp-content\/uploads\/2022\/12\/mesas-lentrecot-restaurant-roc-blanc-hotel-spa-andorra-300x169.webp 300w, https:\/\/rocblanc.com\/wp-content\/uploads\/2022\/12\/mesas-lentrecot-restaurant-roc-blanc-hotel-spa-andorra-1024x576.webp 1024w, https:\/\/rocblanc.com\/wp-content\/uploads\/2022\/12\/mesas-lentrecot-restaurant-roc-blanc-hotel-spa-andorra-768x432.webp 768w, https:\/\/rocblanc.com\/wp-content\/uploads\/2022\/12\/mesas-lentrecot-restaurant-roc-blanc-hotel-spa-andorra-1536x864.webp 1536w\" sizes=\"(max-width: 2000px) 100vw, 2000px\" \/>\t\t\t\t\t\t\n\t\t\t\t\t<\/div>\n\t\t\t\t\t\t\t\t\n<style>\n#image_66192468 {\n  width: 100%;\n}\n<\/style>\n\t<\/div>\n\t\n\t\t<\/div>\n\t\t\t\t\n<style>\n#col-825072194 > .col-inner {\n  margin: -50px 0px 0px 0px;\n}\n@media (min-width:550px) {\n  #col-825072194 > .col-inner {\n    margin: -420px 0px 0px 90%;\n  }\n}\n@media (min-width:850px) {\n  #col-825072194 > .col-inner {\n    margin: -450px 0px 0px 140%;\n  }\n}\n<\/style>\n\t<\/div>\n\n\t\n<\/div>\n\t\t<\/div>\n\n\t\t\n<style>\n#section_908434132 {\n  padding-top: 0px;\n  padding-bottom: 0px;\n}\n<\/style>\n\t<\/section>\n\t\n\n\t<section class=\"section\" id=\"section_1903919428\">\n\t\t<div class=\"section-bg fill\" >\n\t\t\t\t\t\t\t\t\t\n\t\t\t\n\n\t\t<\/div>\n\n\t\t\n\n\t\t<div class=\"section-content relative\">\n\t\t\t\n<div class=\"row\"  id=\"row-1775040394\">\n\n\t<div id=\"col-429539926\" class=\"col small-11 large-12\"  >\n\t\t\t\t<div class=\"col-inner text-left\" style=\"background-color:#e8e1d2;\" >\n\t\t\t\n\t\t\t\n<h3>INFO<\/h3>\n<div class=\"is-divider divider clearfix\" style=\"margin-top:20px;margin-bottom:20px;height:2px;\"><\/div>\n<p><i class=\"fa-regular fa-clock\"><\/i> Horario<br \/>Desayuno: 08:00h a 11:ooh <br \/>Almuerzo: 12:30h a 15:00h <br \/>Cena: 20:ooh a 22:30h<\/p>\n<p><i class=\"fa-light fa-mobile\"><\/i> Contacto<br \/><i class=\"fa-light fa-phone\"><\/i> <a href=\"tel:+376871475\">+376 871475<\/a><\/p>\n<a href=\"https:\/\/rocblanc.com\/wp-content\/uploads\/2025\/09\/Menu-Entrecote-Invierno-CAT-ES-AF.pdf\" target=\"_blank\" class=\"button primary is-underline is-large\" rel=\"noopener\" >\n\t\t<span>Men\u00fa Principal<\/span>\n\t<\/a>\n\n<a href=\"https:\/\/rocblanc.com\/wp-content\/uploads\/2025\/07\/Menu-Tapas-2025-_TR_compressed.pdf\" target=\"_blank\" class=\"button primary is-underline is-large\" rel=\"noopener\" >\n\t\t<span>Men\u00fa de Tapas<\/span>\n\t<\/a>\n\n\t\t<\/div>\n\t\t\t\t\n<style>\n#col-429539926 > .col-inner {\n  padding: 50px 10% 30px 10%;\n  margin: 10% 0px 0px 5%;\n}\n@media (min-width:550px) {\n  #col-429539926 > .col-inner {\n    padding: 50px 50% 30px 10%;\n    margin: 10% 0px 0px 0px;\n  }\n}\n<\/style>\n\t<\/div>\n\n\t\n\n\t<div id=\"col-272309646\" class=\"col medium-7 small-12 large-5\"  >\n\t\t\t\t<div class=\"col-inner text-left\"  >\n\t\t\t\n\t\t\t\n\t<div class=\"img has-hover x md-x lg-x y md-y lg-y\" id=\"image_912725430\">\n\t\t\t\t\t\t\t\t<div class=\"img-inner image-cover box-shadow-2 dark\" style=\"padding-top:110%;\">\n\t\t\t<img decoding=\"async\" width=\"1536\" height=\"2048\" src=\"https:\/\/rocblanc.com\/wp-content\/uploads\/2022\/11\/meat-dish-hotel-roc-blanc.webp\" class=\"attachment-original size-original\" alt=\"plato de carne - l&#039;entrecote -hotel roc blanc\" srcset=\"https:\/\/rocblanc.com\/wp-content\/uploads\/2022\/11\/meat-dish-hotel-roc-blanc.webp 1536w, https:\/\/rocblanc.com\/wp-content\/uploads\/2022\/11\/meat-dish-hotel-roc-blanc-225x300.webp 225w, https:\/\/rocblanc.com\/wp-content\/uploads\/2022\/11\/meat-dish-hotel-roc-blanc-768x1024.webp 768w, https:\/\/rocblanc.com\/wp-content\/uploads\/2022\/11\/meat-dish-hotel-roc-blanc-1152x1536.webp 1152w\" sizes=\"(max-width: 1536px) 100vw, 1536px\" \/>\t\t\t\t\t\t\n\t\t\t\t\t<\/div>\n\t\t\t\t\t\t\t\t\n<style>\n#image_912725430 {\n  width: 100%;\n}\n<\/style>\n\t<\/div>\n\t\n\t\t<\/div>\n\t\t\t\t\n<style>\n#col-272309646 > .col-inner {\n  margin: -50px 0px 0px 0px;\n}\n@media (min-width:550px) {\n  #col-272309646 > .col-inner {\n    margin: -500px 0px 0px 90%;\n  }\n}\n@media (min-width:850px) {\n  #col-272309646 > .col-inner {\n    margin: -550px 0px 0px 140%;\n  }\n}\n<\/style>\n\t<\/div>\n\n\t\n<\/div>\n\t\t<\/div>\n\n\t\t\n<style>\n#section_1903919428 {\n  padding-top: 0px;\n  padding-bottom: 0px;\n}\n<\/style>\n\t<\/section>\n\t\n\n\t<section class=\"section\" id=\"section_1498231584\">\n\t\t<div class=\"section-bg fill\" >\n\t\t\t\t\t\t\t\t\t\n\t\t\t\n\n\t\t<\/div>\n\n\t\t\n\n\t\t<div class=\"section-content relative\">\n\t\t\t\n<div class=\"row\"  id=\"row-1311522587\">\n\n\t<div id=\"col-547105987\" class=\"col medium-7 small-12 large-5\"  >\n\t\t\t\t<div class=\"col-inner text-left\"  >\n\t\t\t\n\t\t\t\n\t<div class=\"img has-hover x md-x lg-x y md-y lg-y\" id=\"image_1981357781\">\n\t\t\t\t\t\t\t\t<div class=\"img-inner image-cover box-shadow-2 dark\" style=\"padding-top:80%;\">\n\t\t\t<img decoding=\"async\" width=\"1500\" height=\"844\" src=\"https:\/\/rocblanc.com\/wp-content\/uploads\/2023\/05\/wine-and-meat-roc-blanc-hotel-spa-andorra.webp\" class=\"attachment-original size-original\" alt=\"\" srcset=\"https:\/\/rocblanc.com\/wp-content\/uploads\/2023\/05\/wine-and-meat-roc-blanc-hotel-spa-andorra.webp 1500w, https:\/\/rocblanc.com\/wp-content\/uploads\/2023\/05\/wine-and-meat-roc-blanc-hotel-spa-andorra-300x169.webp 300w, https:\/\/rocblanc.com\/wp-content\/uploads\/2023\/05\/wine-and-meat-roc-blanc-hotel-spa-andorra-1024x576.webp 1024w, https:\/\/rocblanc.com\/wp-content\/uploads\/2023\/05\/wine-and-meat-roc-blanc-hotel-spa-andorra-768x432.webp 768w\" sizes=\"(max-width: 1500px) 100vw, 1500px\" \/>\t\t\t\t\t\t\n\t\t\t\t\t<\/div>\n\t\t\t\t\t\t\t\t\n<style>\n#image_1981357781 {\n  width: 100%;\n}\n<\/style>\n\t<\/div>\n\t\n\t\t<\/div>\n\t\t\t\t\n<style>\n#col-547105987 > .col-inner {\n  margin: -50px 0px 0px 0px;\n}\n@media (min-width:550px) {\n  #col-547105987 > .col-inner {\n    margin: -500px 0px 0px 90%;\n  }\n}\n@media (min-width:850px) {\n  #col-547105987 > .col-inner {\n    margin: -430px 0px 0px 140%;\n  }\n}\n<\/style>\n\t<\/div>\n\n\t\n<\/div>\n\t\t<\/div>\n\n\t\t\n<style>\n#section_1498231584 {\n  padding-top: 0px;\n  padding-bottom: 0px;\n}\n<\/style>\n\t<\/section>\n\t\n\t<div id=\"gap-376172291\" class=\"gap-element clearfix\" style=\"display:block; height:auto;\">\n\t\t\n<style>\n#gap-376172291 {\n  padding-top: 60px;\n}\n<\/style>\n\t<\/div>\n\t\n\n\t<section class=\"section\" id=\"section_735766492\">\n\t\t<div class=\"section-bg fill\" >\n\t\t\t\t\t\t\t\t\t\n\t\t\t\n\n\t\t<\/div>\n\n\t\t\n\n\t\t<div class=\"section-content relative\">\n\t\t\t\n<div class=\"row\"  id=\"row-1358918796\">\n\n\t<div id=\"col-1391761948\" class=\"col small-12 large-12\"  >\n\t\t\t\t<div class=\"col-inner\"  >\n\t\t\t\n\t\t\t\n  <div class=\"banner-grid-wrapper\">\n  <div id=\"banner-grid-1400767417\" class=\"banner-grid row row-grid row-small\" data-packery-options=\"\">\n                      \n<div class=\"col grid-col large-3 grid-col-1\" ><div class=\"col-inner\">\n\t<div class=\"img has-hover x md-x lg-x y md-y lg-y\" id=\"image_1347027198\">\n\t\t\t\t\t\t\t\t<div class=\"img-inner dark\" >\n\t\t\t<img decoding=\"async\" width=\"1080\" height=\"1350\" src=\"https:\/\/rocblanc.com\/wp-content\/uploads\/2022\/11\/Meat-with-vegetables-dish-Roc-Blanc-Hotel.webp\" class=\"attachment-original size-original\" alt=\"Plato de carne con verduras - l&#039;entrecote - Roc Blanc Hotel\" srcset=\"https:\/\/rocblanc.com\/wp-content\/uploads\/2022\/11\/Meat-with-vegetables-dish-Roc-Blanc-Hotel.webp 1080w, https:\/\/rocblanc.com\/wp-content\/uploads\/2022\/11\/Meat-with-vegetables-dish-Roc-Blanc-Hotel-240x300.webp 240w, https:\/\/rocblanc.com\/wp-content\/uploads\/2022\/11\/Meat-with-vegetables-dish-Roc-Blanc-Hotel-819x1024.webp 819w, https:\/\/rocblanc.com\/wp-content\/uploads\/2022\/11\/Meat-with-vegetables-dish-Roc-Blanc-Hotel-768x960.webp 768w\" sizes=\"(max-width: 1080px) 100vw, 1080px\" \/>\t\t\t\t\t\t\n\t\t\t\t\t<\/div>\n\t\t\t\t\t\t\t\t\n<style>\n#image_1347027198 {\n  width: 100%;\n}\n<\/style>\n\t<\/div>\n\t\n<\/div><\/div>\n<div class=\"col grid-col large-6 grid-col-1\" ><div class=\"col-inner\">\n\t<div class=\"img has-hover x md-x lg-x y md-y lg-y\" id=\"image_1362697960\">\n\t\t\t\t\t\t\t\t<div class=\"img-inner dark\" >\n\t\t\t<img decoding=\"async\" width=\"2000\" height=\"1125\" src=\"https:\/\/rocblanc.com\/wp-content\/uploads\/2022\/12\/meat-dish-with-wine-Lentrecote-roc-bland-hotel-spa-andorra-1.webp\" class=\"attachment-original size-original\" alt=\"plato de carne al vino L&#039;entrecote - roc bland hotel &amp; spa andorra\" srcset=\"https:\/\/rocblanc.com\/wp-content\/uploads\/2022\/12\/meat-dish-with-wine-Lentrecote-roc-bland-hotel-spa-andorra-1.webp 2000w, https:\/\/rocblanc.com\/wp-content\/uploads\/2022\/12\/meat-dish-with-wine-Lentrecote-roc-bland-hotel-spa-andorra-1-300x169.webp 300w, https:\/\/rocblanc.com\/wp-content\/uploads\/2022\/12\/meat-dish-with-wine-Lentrecote-roc-bland-hotel-spa-andorra-1-1024x576.webp 1024w, https:\/\/rocblanc.com\/wp-content\/uploads\/2022\/12\/meat-dish-with-wine-Lentrecote-roc-bland-hotel-spa-andorra-1-768x432.webp 768w, https:\/\/rocblanc.com\/wp-content\/uploads\/2022\/12\/meat-dish-with-wine-Lentrecote-roc-bland-hotel-spa-andorra-1-1536x864.webp 1536w\" sizes=\"(max-width: 2000px) 100vw, 2000px\" \/>\t\t\t\t\t\t\n\t\t\t\t\t<\/div>\n\t\t\t\t\t\t\t\t\n<style>\n#image_1362697960 {\n  width: 100%;\n}\n<\/style>\n\t<\/div>\n\t\n<\/div><\/div>\n<div class=\"col grid-col large-3 grid-col-1-2\" ><div class=\"col-inner\">\n\t<div class=\"img has-hover x md-x lg-x y md-y lg-y\" id=\"image_620015860\">\n\t\t\t\t\t\t\t\t<div class=\"img-inner dark\" >\n\t\t\t<img decoding=\"async\" width=\"2000\" height=\"1125\" src=\"https:\/\/rocblanc.com\/wp-content\/uploads\/2022\/12\/entrada-lentrecot-restaurant-roc-blanc-hotel-spa-andorra.webp\" class=\"attachment-original size-original\" alt=\"entrada del restaurante L &#039;entrecote - roc blanc hotel &amp; spa andorra\" srcset=\"https:\/\/rocblanc.com\/wp-content\/uploads\/2022\/12\/entrada-lentrecot-restaurant-roc-blanc-hotel-spa-andorra.webp 2000w, https:\/\/rocblanc.com\/wp-content\/uploads\/2022\/12\/entrada-lentrecot-restaurant-roc-blanc-hotel-spa-andorra-300x169.webp 300w, https:\/\/rocblanc.com\/wp-content\/uploads\/2022\/12\/entrada-lentrecot-restaurant-roc-blanc-hotel-spa-andorra-1024x576.webp 1024w, https:\/\/rocblanc.com\/wp-content\/uploads\/2022\/12\/entrada-lentrecot-restaurant-roc-blanc-hotel-spa-andorra-768x432.webp 768w, https:\/\/rocblanc.com\/wp-content\/uploads\/2022\/12\/entrada-lentrecot-restaurant-roc-blanc-hotel-spa-andorra-1536x864.webp 1536w\" sizes=\"(max-width: 2000px) 100vw, 2000px\" \/>\t\t\t\t\t\t\n\t\t\t\t\t<\/div>\n\t\t\t\t\t\t\t\t\n<style>\n#image_620015860 {\n  width: 100%;\n}\n<\/style>\n\t<\/div>\n\t\n<\/div><\/div>\n<div class=\"col grid-col large-3 grid-col-1-2\" ><div class=\"col-inner\">\n\t<div class=\"img has-hover x md-x lg-x y md-y lg-y\" id=\"image_1399233235\">\n\t\t\t\t\t\t\t\t<div class=\"img-inner dark\" >\n\t\t\t<img decoding=\"async\" width=\"2000\" height=\"1125\" src=\"https:\/\/rocblanc.com\/wp-content\/uploads\/2022\/12\/empty-wine-bottles-roc-blanc-hotel-spa-andorra-1.webp\" class=\"attachment-original size-original\" alt=\"botellas de vino vac\u00edas - L&#039;entrecote- roc blanc hotel &amp; spa andorra\" srcset=\"https:\/\/rocblanc.com\/wp-content\/uploads\/2022\/12\/empty-wine-bottles-roc-blanc-hotel-spa-andorra-1.webp 2000w, https:\/\/rocblanc.com\/wp-content\/uploads\/2022\/12\/empty-wine-bottles-roc-blanc-hotel-spa-andorra-1-300x169.webp 300w, https:\/\/rocblanc.com\/wp-content\/uploads\/2022\/12\/empty-wine-bottles-roc-blanc-hotel-spa-andorra-1-1024x576.webp 1024w, https:\/\/rocblanc.com\/wp-content\/uploads\/2022\/12\/empty-wine-bottles-roc-blanc-hotel-spa-andorra-1-768x432.webp 768w, https:\/\/rocblanc.com\/wp-content\/uploads\/2022\/12\/empty-wine-bottles-roc-blanc-hotel-spa-andorra-1-1536x864.webp 1536w\" sizes=\"(max-width: 2000px) 100vw, 2000px\" \/>\t\t\t\t\t\t\n\t\t\t\t\t<\/div>\n\t\t\t\t\t\t\t\t\n<style>\n#image_1399233235 {\n  width: 100%;\n}\n<\/style>\n\t<\/div>\n\t\n<\/div><\/div>\n            <\/div>\n    <style>\n    #banner-grid-1400767417 .grid-col-1{height: 600px}\n    #banner-grid-1400767417 .grid-col-1-2{height: 300px}\n    #banner-grid-1400767417 .grid-col-1-3{height:200px}\n    #banner-grid-1400767417 .grid-col-2-3{height: 400px}\n    #banner-grid-1400767417 .grid-col-1-4{height: 150px}\n    #banner-grid-1400767417 .grid-col-3-4{height: 450px}\n\n\n    \n    \n\n  <\/style>\n    <\/div>\n  \n\t\t<\/div>\n\t\t\t\t\t<\/div>\n\n\t\n<\/div>\n\t\t<\/div>\n\n\t\t\n<style>\n#section_735766492 {\n  padding-top: 30px;\n  padding-bottom: 30px;\n}\n<\/style>\n\t<\/section>\n\t\n\n\t<section class=\"section\" id=\"section_1432214665\">\n\t\t<div class=\"section-bg fill\" >\n\t\t\t\t\t\t\t\t\t\n\t\t\t\n\n\t\t<\/div>\n\n\t\t\n\n\t\t<div class=\"section-content relative\">\n\t\t\t\r\n\r\n<div class=\"row align-equal align-center\"  id=\"row-378756353\">\r\n\r\n\n\t<div id=\"col-76695173\" class=\"col small-12 large-12\"  >\n\t\t\t\t<div class=\"col-inner\"  >\n\t\t\t\n\t\t\t\r\n\r\n<div class=\"container section-title-container\" ><h2 class=\"section-title section-title-center\"><b aria-hidden=\"true\"><\/b><span class=\"section-title-main\" >RESE\u00d1AS DEL HOTEL<\/span><b aria-hidden=\"true\"><\/b><\/h2><\/div>\r\n\r\n\r\n\t\t<\/div>\n\t\t\t\t\t<\/div>\n\n\t\r\n\n\t<div id=\"col-1164415240\" class=\"col medium-6 small-12 large-6\"  >\n\t\t\t\t<div class=\"col-inner text-center\"  >\n\t\t\t\n\t\t\t\r\n\r\n\n\n<div id=\"google-business-reviews-rating\" class=\"google-business-reviews-rating gmbrr badge tiny no-outline link\" data-href=\"https:\/\/search.google.com\/local\/writereview?placeid=ChIJq0TqrUd3pRIREu0kahGY39A\">\r\n\t<p class=\"rating\"><span class=\"attribution google-icon\" title=\"Powered by Google\"><\/span> <span class=\"number\">4,2<\/span> <span class=\"all-stars animate\"><span class=\"star\"><\/span><span class=\"star\"><\/span><span class=\"star\"><\/span><span class=\"star\"><\/span><span class=\"star split-20-80\"><\/span><\/span> <a href=\"https:\/\/search.google.com\/local\/reviews?placeid=ChIJq0TqrUd3pRIREu0kahGY39A\" target=\"_blank\" rel=\"nofollow noopener\" class=\"count\">2.226 reviews<\/a><\/p>\r\n<\/div>\r\n\n\r\n\r\n\t\t<\/div>\n\t\t\t\t\n<style>\n#col-1164415240 > .col-inner {\n  margin: -35px 0px 0px 0px;\n}\n<\/style>\n\t<\/div>\n\n\t\r\n\r\n<\/div>\r\n<div class=\"row align-equal\"  id=\"row-1742490714\">\r\n\r\n\n\t<div id=\"col-942444950\" class=\"col medium-4 small-12 large-4\"  >\n\t\t\t\t<div class=\"col-inner box-shadow-3\"  >\n\t\t\t\n\t<div class=\"is-border\"\n\t\tstyle=\"border-color:rgb(1, 38, 69);border-radius:20px;border-width:5px 5px 5px 5;\">\n\t<\/div>\n\t\t\t\r\n\r\n<h4><span style=\"font-size: 110%;\"><i class=\"fa-light fa-people-pants\"><\/i> Nos alojamos en pareja, Rosa<\/span> <i class=\"fa-light fa-octagon-check\"><\/i><\/h4>\n<p><em>S\u00faper acogedor, muy bien ubicado, y un equipo 10 estrellas.....ideal para una semana rom\u00e1ntica!<\/em><\/p>\n<p><i class=\"fa-light fa-circle-star\"><\/i> <strong>5\/<span style=\"font-size: 75%;\">5<\/span>- estrellas, Perfecto<\/strong><\/p>\r\n\r\n\t\t<\/div>\n\t\t\t\t\n<style>\n#col-942444950 > .col-inner {\n  padding: 20px 20px 20px 20px;\n  border-radius: 20px;\n}\n<\/style>\n\t<\/div>\n\n\t\r\n\n\t<div id=\"col-79438152\" class=\"col medium-4 small-12 large-4\"  >\n\t\t\t\t<div class=\"col-inner box-shadow-3\"  >\n\t\t\t\n\t<div class=\"is-border\"\n\t\tstyle=\"border-color:rgb(1, 38, 69);border-radius:20px;border-width:5px 5px 5px 5;\">\n\t<\/div>\n\t\t\t\r\n\r\n<h4><span style=\"font-size: 110%;\"><i class=\"fa-light fa-spa\"><\/i> Me aloj\u00e9 y us\u00e9 el Spa, Tricia<\/span> <i class=\"fa-light fa-octagon-check\"><\/i><\/h4>\n<p><em>Mi habitaci\u00f3n era pintoresca y adorable. Muy c\u00f3moda con una ba\u00f1era enorme... una ventaja total para m\u00ed. El buffet de desayuno es delicioso y disfrut\u00e9 mucho de mi masaje y el spa. Fue una forma genial y relajante de recibir el a\u00f1o nuevo.<\/em><\/p>\n<p><i class=\"fa-light fa-circle-star\"><\/i><strong> 5\/<span style=\"font-size: 75%;\">5<\/span>- estrellas, Excelente<\/strong><\/p>\r\n\r\n\t\t<\/div>\n\t\t\t\t\n<style>\n#col-79438152 > .col-inner {\n  padding: 20px 20px 20px 20px;\n  border-radius: 20px;\n}\n<\/style>\n\t<\/div>\n\n\t\r\n\n\t<div id=\"col-595558519\" class=\"col medium-4 small-12 large-4\"  >\n\t\t\t\t<div class=\"col-inner box-shadow-3\"  >\n\t\t\t\n\t<div class=\"is-border\"\n\t\tstyle=\"border-color:rgb(1, 38, 69);border-radius:20px;border-width:5 5px 5px 5px;\">\n\t<\/div>\n\t\t\t\r\n\r\n<h4><span style=\"font-size: 110%;\"><i class=\"fa-light fa-bag-shopping\"><\/i> Estancia para Compras y Spa, Bural<\/span> <i class=\"fa-light fa-octagon-check\"><\/i><\/h4>\n<p><em>Inmejorable ubicaci\u00f3n, junto a la Zona Comercial y Caldea.<br>\nPersonal muy agradable y servicial. La habitaci\u00f3n y el desayuno eran muy buenos.<br>\nRecomiendo totalmente visitar!<\/em><\/p>\n<p><i class=\"fa-thin fa-circle-star\"><\/i><strong> 5\/<span style=\"font-size: 75%;\">5<\/span>- estrellas, Imbatible<\/strong><\/p>\r\n\r\n\t\t<\/div>\n\t\t\t\t\n<style>\n#col-595558519 > .col-inner {\n  padding: 20px 20px 20px 20px;\n  border-radius: 20px;\n}\n<\/style>\n\t<\/div>\n\n\t\r\n\r\n<\/div>\r\n\r\n\t\t<\/div>\n\n\t\t\n<style>\n#section_1432214665 {\n  padding-top: 30px;\n  padding-bottom: 30px;\n}\n<\/style>\n\t<\/section>\n\t\n\t<div id=\"gap-2068102862\" class=\"gap-element clearfix\" style=\"display:block; height:auto;\">\n\t\t\n<style>\n#gap-2068102862 {\n  padding-top: 60px;\n}\n<\/style>\n\t<\/div>\n\t\n\n\t<section class=\"section has-mask mask-arrow-large\" id=\"section_1370719273\">\n\t\t<div class=\"section-bg fill\" >\n\t\t\t<img decoding=\"async\" width=\"1920\" height=\"563\" src=\"https:\/\/rocblanc.com\/wp-content\/uploads\/2022\/11\/tejado-del-hotel-y-vistas-de-los-edificios-circundantes-Hotel-Roc-Blanc.webp\" class=\"bg attachment-original size-original\" alt=\"\" \/>\t\t\t\t\t\t<div class=\"section-bg-overlay absolute fill\"><\/div>\n\t\t\t\n\n\t\t<\/div>\n\n\t\t\n\n\t\t<div class=\"section-content relative\">\n\t\t\t\n\n<div class=\"row row-collapse align-middle align-center\"  id=\"row-1807447155\">\n\n\n\t<div id=\"col-1314133429\" class=\"col medium-6 small-12 large-6\"  >\n\t\t\t\t<div class=\"col-inner text-center dark\"  >\n\t\t\t\n\t\t\t\n\n\t<div id=\"text-3360604815\" class=\"text\">\n\t\t\n\n<p style=\"font-size: 1.3em; letter-spacing: 0.3em;\"><strong>BENEFICIOS DE RESERVA WEB <\/strong><\/p>\n\t\t\n<style>\n#text-3360604815 {\n  text-align: center;\n}\n<\/style>\n\t<\/div>\n\t\n\t<div id=\"text-3800512493\" class=\"text\">\n\t\t\n\n<p style=\"font-size: 1.1em;\"><i class=\"fa-regular fa-tags\"><\/i> Mejores Precios \u00b7 <i class=\"fa-regular fa-shuffle\"><\/i> Tarifas Flexibles \u00b7 <i class=\"fa-regular fa-check\"><\/i> Confirmaci\u00f3n de reserva inmediata \u00b7 <i class=\"fa-regular fa-lock\"><\/i> Pago Seguro<\/p>\n\t\t\n<style>\n#text-3800512493 {\n  text-align: center;\n}\n<\/style>\n\t<\/div>\n\t\n\n\t\t<\/div>\n\t\t\t\t\t<\/div>\n\n\t\n\n\t<div id=\"col-1939712560\" class=\"col medium-5 small-12 large-4\"  >\n\t\t\t\t<div class=\"col-inner text-center\"  >\n\t\t\t\n\t\t\t\n\n<a href=\"https:\/\/reservas.rocblanc.com\/rocblanc\/availability?lang=es\" target=\"_blank\" class=\"button primary is-large box-shadow-2\" rel=\"noopener\">\n\t\t<span>Reservar ahora<\/span>\n\t<\/a>\n\n\n\n\t\t<\/div>\n\t\t\t\t\t<\/div>\n\n\t\n\n\n<style>\n#row-1807447155 > .col > .col-inner {\n  padding: 50px 20px 0px 20px;\n}\n@media (min-width:550px) {\n  #row-1807447155 > .col > .col-inner {\n    padding: 100px 0px 0px 0px;\n  }\n}\n<\/style>\n<\/div>\n\n\t\t<\/div>\n\n\t\t\n<style>\n#section_1370719273 {\n  padding-top: 30px;\n  padding-bottom: 30px;\n}\n#section_1370719273 .section-bg-overlay {\n  background-color: rgba(0, 0, 0, 0.6);\n}\n<\/style>\n\t<\/section>\n\t\n","protected":false},"excerpt":{"rendered":"","protected":false},"author":2,"featured_media":0,"parent":1585,"menu_order":0,"comment_status":"closed","ping_status":"closed","template":"page-blank.php","meta":{"footnotes":""},"class_list":["post-1586","page","type-page","status-publish","hentry"],"_links":{"self":[{"href":"https:\/\/rocblanc.com\/es\/wp-json\/wp\/v2\/pages\/1586","targetHints":{"allow":["GET"]}}],"collection":[{"href":"https:\/\/rocblanc.com\/es\/wp-json\/wp\/v2\/pages"}],"about":[{"href":"https:\/\/rocblanc.com\/es\/wp-json\/wp\/v2\/types\/page"}],"author":[{"embeddable":true,"href":"https:\/\/rocblanc.com\/es\/wp-json\/wp\/v2\/users\/2"}],"replies":[{"embeddable":true,"href":"https:\/\/rocblanc.com\/es\/wp-json\/wp\/v2\/comments?post=1586"}],"version-history":[{"count":0,"href":"https:\/\/rocblanc.com\/es\/wp-json\/wp\/v2\/pages\/1586\/revisions"}],"up":[{"embeddable":true,"href":"https:\/\/rocblanc.com\/es\/wp-json\/wp\/v2\/pages\/1585"}],"wp:attachment":[{"href":"https:\/\/rocblanc.com\/es\/wp-json\/wp\/v2\/media?parent=1586"}],"curies":[{"name":"wp","href":"https:\/\/api.w.org\/{rel}","templated":true}]}}