{"id":2525,"date":"2023-11-03T11:30:08","date_gmt":"2023-11-03T10:30:08","guid":{"rendered":"https:\/\/rocblanc.com\/?page_id=2525"},"modified":"2023-11-03T11:45:13","modified_gmt":"2023-11-03T10:45:13","slug":"condiciones-generales","status":"publish","type":"page","link":"https:\/\/rocblanc.com\/es\/condiciones-generales\/","title":{"rendered":"Condiciones Generales"},"content":{"rendered":"\n\t<section class=\"section\" id=\"section_1656258655\">\n\t\t<div class=\"section-bg fill\" >\n\t\t\t\t\t\t\t\t\t\n\t\t\t\n\n\t\t<\/div>\n\n\t\t\n\n\t\t<div class=\"section-content relative\">\n\t\t\t\n<div class=\"row\"  id=\"row-212790761\">\n\n\t<div id=\"col-193007273\" class=\"col small-12 large-12\"  >\n\t\t\t\t<div class=\"col-inner\"  >\n\t\t\t\n\t\t\t\n<h2 style=\"text-align: center;\">Condiciones Generales<\/h2>\n\t<div id=\"gap-2055422936\" class=\"gap-element clearfix\" style=\"display:block; height:auto;\">\n\t\t\n<style>\n#gap-2055422936 {\n  padding-top: 30px;\n}\n<\/style>\n\t<\/div>\n\t\n<p><strong>Pol\u00edtica de Cancelaci\u00f3n <\/strong><\/p>\n<p>En caso de no presentarse, el Hotel podr\u00e1 efectuar el cobro total de la reserva.<\/p>\n<p>Para cualquier modificaci\u00f3n o cancelaci\u00f3n, puede efectuarse sin cargo con una antelaci\u00f3n superior a 24 horas antes del d\u00eda de llegada. Si se realiza con menor antelaci\u00f3n el hotel podr\u00e1 efectuar el cobro de la primera noche de estancia en concepto de penalizaci\u00f3n.<\/p>\n<p><strong>Privacidad <\/strong><\/p>\n<p>TORM BABOT, SLU (en adelante ROC BLANC HOTELS), con N\u00famero de Registro Tributario (NTR) L708917W y domicilio en la Plaza Copr\u00ednceps, 5 AD700 Escaldes (Andorra) informa a los Usuarios que cumple con la normativa vigente en materia de protecci\u00f3n de datos, especialmente con la Ley 29\/2021, del 28 de octubre, calificada de protecci\u00f3n de datos personales. De acuerdo con lo que dispone la normativa vigente, ROC BLANC HOTELS solamente recoge los datos estrictamente necesarios para ofrecer sus servicios. Todos los datos personales proporcionados mediante correo electr\u00f3nico o formularios electr\u00f3nicos habilitados en la p\u00e1gina web se tratan de acuerdo con la normativa vigente sobre protecci\u00f3n de datos personales y en todo caso tienen car\u00e1cter confidencial. En relaci\u00f3n a esto, les informamos que las respuestas a las preguntas planteadas en los formularios habilitados de recogida de datos son voluntarias, si bien en algunos casos la negativa a facilitarlos puede comportar la imposibilidad de acceso a los servicios que los necesiten. En el momento que se implementen alguno\/s de los formularios que puedan estar incluidos en la website, relativos a los servicios prestados por ROC BLANC HOTELS, los Usuarios aceptan la inclusi\u00f3n y tratamiento de los datos que proporcionen a ROC BLANC HOTELS. En relaci\u00f3n a esto, se les informa que los datos personales facilitados ser\u00e1n tratados por ROC BLANC HOTELS, con la finalidad de poder atender su solicitud de reserva en nuestro establecimiento hotelero y los tr\u00e1mites administrativos y de facturaci\u00f3n que se deriven, pudiendo contactar con nuestro Delegado de Protecci\u00f3n de Datos en el correo electr\u00f3nico <a href=\"mailto:erd@rocblanchotels.com\">dades@rocblanchotels.com<\/a>.\u00a0 Los datos facilitados ser\u00e1n conservados mientras se mantenga la relaci\u00f3n entre ambas partes y durante el tiempo necesario para dar cumplimiento a las obligaciones legales y contractuales seg\u00fan la normativa vigente. La base legal para el tratamiento de sus datos se fundamentar\u00e1 en su consentimiento y en la ejecuci\u00f3n de la relaci\u00f3n contractual suscrita entre ambas partes y no ser\u00e1n comunicados a terceros menos en aquellos casos previstos por la legislaci\u00f3n vigente. Puede ejercer sus derechos de acceso, rectificaci\u00f3n, supresi\u00f3n, limitaci\u00f3n, portabilidad y oposici\u00f3n de forma escrita en el domicilio social anteriormente indicado o v\u00eda email a <a href=\"mailto:erd@rocblanchotels.com\">dades@rocblanchotels.com<\/a>, adjuntando fotocopia de documento oficial que le identifique. Puede obtener m\u00e1s informaci\u00f3n sobre sus derechos acudiendo a la p\u00e1gina web de la Agencia Andorrana de Protecci\u00f3n de Datos, as\u00ed como presentar una reclamaci\u00f3n ante este organismo de considerarlo oportuno.<\/p>\n<p><strong>Texto Legal Informaci\u00f3n LSSI-CE <\/strong><\/p>\n<p>En cumplimiento del deber de informaci\u00f3n establecido en el art\u00edculo 10 de la Ley 34\/2002, de 11 de julio, de Servicios de la Sociedad de la Informaci\u00f3n y de Comercio Electr\u00f3nico, les comunicamos que el dinamizador y gestor de contenidos de la Web es ROC BLANC HOTELS, con domicilio en la Plaza Copr\u00ednceps, 5 AD700 Escaldes (Andorra) y con la gesti\u00f3n del dominio de Internet: <a href=\"http:\/\/www.rocblanc.com\">www.rocblanc.com<\/a>, atendiendo a comunicaciones de los usuarios y\/o interesados \u200b\u200ba trav\u00e9s del email <a href=\"mailto:hotelrocblanc@rocblanchotels.com\">hotelrocblanc@rocblanchotels.com<\/a>.<\/p>\n<p>\u00a0<\/p>\n<p><strong>Jurisdicci\u00f3n<\/strong><br \/>Ser\u00e1n competentes para reconocer cualquier litigio entre las partes los Tribunales de Andorra la Vella, con renuncia expresa a cualquier otro fuero que pueda corresponder.<\/p>\n<\/p>\n\t\t<\/div>\n\t\t\t\t\t<\/div>\n\n\t\n<\/div>\n\t\t<\/div>\n\n\t\t\n<style>\n#section_1656258655 {\n  padding-top: 30px;\n  padding-bottom: 30px;\n}\n<\/style>\n\t<\/section>\n\t\n","protected":false},"excerpt":{"rendered":"","protected":false},"author":2,"featured_media":0,"parent":0,"menu_order":0,"comment_status":"closed","ping_status":"closed","template":"","meta":{"footnotes":""},"class_list":["post-2525","page","type-page","status-publish","hentry"],"_links":{"self":[{"href":"https:\/\/rocblanc.com\/es\/wp-json\/wp\/v2\/pages\/2525","targetHints":{"allow":["GET"]}}],"collection":[{"href":"https:\/\/rocblanc.com\/es\/wp-json\/wp\/v2\/pages"}],"about":[{"href":"https:\/\/rocblanc.com\/es\/wp-json\/wp\/v2\/types\/page"}],"author":[{"embeddable":true,"href":"https:\/\/rocblanc.com\/es\/wp-json\/wp\/v2\/users\/2"}],"replies":[{"embeddable":true,"href":"https:\/\/rocblanc.com\/es\/wp-json\/wp\/v2\/comments?post=2525"}],"version-history":[{"count":0,"href":"https:\/\/rocblanc.com\/es\/wp-json\/wp\/v2\/pages\/2525\/revisions"}],"wp:attachment":[{"href":"https:\/\/rocblanc.com\/es\/wp-json\/wp\/v2\/media?parent=2525"}],"curies":[{"name":"wp","href":"https:\/\/api.w.org\/{rel}","templated":true}]}}