{"id":3206,"date":"2024-07-30T13:53:39","date_gmt":"2024-07-30T11:53:39","guid":{"rendered":"https:\/\/rocblanc.com\/?page_id=3206"},"modified":"2024-10-18T17:37:48","modified_gmt":"2024-10-18T15:37:48","slug":"tarifas-corporativas","status":"publish","type":"page","link":"https:\/\/rocblanc.com\/es\/tarifas-corporativas\/","title":{"rendered":"Tarifa Corporativa para Empresas"},"content":{"rendered":"\n\t<section class=\"section\" id=\"section_1318520070\">\n\t\t<div class=\"section-bg fill\" >\n\t\t\t\t\t\t\t\t\t<div class=\"section-bg-overlay absolute fill\"><\/div>\n\t\t\t\n\n\t\t<\/div>\n\n\t\t\n\n\t\t<div class=\"section-content relative\">\n\t\t\t\n<div class=\"row row-large align-middle\" style=\"max-width:1400px\" id=\"row-705623470\">\n\n\t<div id=\"col-877405039\" class=\"col medium-6 small-12 large-6\"  >\n\t\t\t\t<div class=\"col-inner text-left\"  >\n\t\t\t\n\t\t\t\n\t<div id=\"gap-1925848070\" class=\"gap-element clearfix\" style=\"display:block; height:auto;\">\n\t\t\n<style>\n#gap-1925848070 {\n  padding-top: 10px;\n}\n<\/style>\n\t<\/div>\n\t\n\t<div id=\"gap-696348891\" class=\"gap-element clearfix\" style=\"display:block; height:auto;\">\n\t\t\n<style>\n#gap-696348891 {\n  padding-top: 10px;\n}\n<\/style>\n\t<\/div>\n\t\n\t<div id=\"text-1793165442\" class=\"text nomargin\">\n\t\t\n<h1 data-line-height=\"m\">Tarifa Corporativa para Empresas<\/h1>\n\t\t\n<style>\n#text-1793165442 {\n  color: rgb(0,0,0);\n}\n#text-1793165442 > * {\n  color: rgb(0,0,0);\n}\n<\/style>\n\t<\/div>\n\t\n\t<div id=\"gap-2022650615\" class=\"gap-element clearfix\" style=\"display:block; height:auto;\">\n\t\t\n<style>\n#gap-2022650615 {\n  padding-top: 40px;\n}\n<\/style>\n\t<\/div>\n\t\n\t<div id=\"text-3802058020\" class=\"text\">\n\t\t\n<p>En el Hotel Roc Blanc, entendemos las necesidades \u00fanicas de los profesionales y las empresas. Ya seas un Travel Manager encargado de gestionar las reservas de alojamiento para tu empresa, o un aut\u00f3nomo buscando un lugar c\u00f3modo y eficiente para tu pr\u00f3ximo viaje de negocios, estamos aqu\u00ed para ayudarte.<\/p>\n<p>Ofrecemos <strong>tarifas exclusivas<\/strong> y promociones especiales dise\u00f1adas espec\u00edficamente para tus <strong>viajes de empresa<\/strong>. Nuestro compromiso es proporcionar una estancia que combine confort, funcionalidad y una excelente relaci\u00f3n calidad-precio.<\/p>\n\t\t\n<style>\n#text-3802058020 {\n  font-size: 1.3rem;\n  line-height: 1.4;\n}\n<\/style>\n\t<\/div>\n\t\n<div class=\"row\"  id=\"row-1805598244\">\n\n\t<div id=\"col-1124333867\" class=\"col medium-8 small-12 large-8\"  >\n\t\t\t\t<div class=\"col-inner\"  >\n\t\t\t\n\t\t\t\n<a class=\"button primary expand\" style=\"border-radius:50px;\">\n\t\t<span>Contactar<\/span>\n\t<\/a>\n\n\t\t<\/div>\n\t\t\t\t\n<style>\n#col-1124333867 > .col-inner {\n  padding: 0px 0px 0px 0px;\n  margin: 0px 0px -30px 0px;\n}\n<\/style>\n\t<\/div>\n\n\t\n<\/div>\n\t<div id=\"gap-1292552238\" class=\"gap-element clearfix\" style=\"display:block; height:auto;\">\n\t\t\n<style>\n#gap-1292552238 {\n  padding-top: 30px;\n}\n@media (min-width:550px) {\n  #gap-1292552238 {\n    padding-top: 0px;\n  }\n}\n<\/style>\n\t<\/div>\n\t\n\t\t<\/div>\n\t\t\t\t\t<\/div>\n\n\t\n\n\t<div id=\"col-1632240516\" class=\"col medium-6 small-12 large-6\"  >\n\t\t\t\t<div class=\"col-inner\"  >\n\t\t\t\n\t\t\t\n<div class=\"slider-wrapper relative\" id=\"slider-540321675\" >\n    <div class=\"slider slider-nav-dots-dashes-spaced slider-nav-simple slider-nav-large slider-nav-dark slider-style-normal\"\n        data-flickity-options='{\n            \"cellAlign\": \"center\",\n            \"imagesLoaded\": true,\n            \"lazyLoad\": 1,\n            \"freeScroll\": false,\n            \"wrapAround\": true,\n            \"autoPlay\": 6000,\n            \"pauseAutoPlayOnHover\" : true,\n            \"prevNextButtons\": true,\n            \"contain\" : true,\n            \"adaptiveHeight\" : true,\n            \"dragThreshold\" : 10,\n            \"percentPosition\": true,\n            \"pageDots\": true,\n            \"rightToLeft\": false,\n            \"draggable\": true,\n            \"selectedAttraction\": 0.1,\n            \"parallax\" : 0,\n            \"friction\": 0.6        }'\n        >\n        \n\t<div class=\"img has-hover x md-x lg-x y md-y lg-y\" id=\"image_1581623780\">\n\t\t\t\t\t\t\t\t<div class=\"img-inner image-cover dark\" style=\"padding-top:100%;\">\n\t\t\t<img decoding=\"async\" width=\"1020\" height=\"573\" src=\"https:\/\/rocblanc.com\/wp-content\/uploads\/2024\/05\/hotel-cerca-de-caldea-roc-bla-andorra-1024x575.webp\" class=\"attachment-large size-large\" alt=\"hotel cerca de caldea con vistas a Caldea en Andorra\" srcset=\"https:\/\/rocblanc.com\/wp-content\/uploads\/2024\/05\/hotel-cerca-de-caldea-roc-bla-andorra-1024x575.webp 1024w, https:\/\/rocblanc.com\/wp-content\/uploads\/2024\/05\/hotel-cerca-de-caldea-roc-bla-andorra-300x169.webp 300w, https:\/\/rocblanc.com\/wp-content\/uploads\/2024\/05\/hotel-cerca-de-caldea-roc-bla-andorra-768x432.webp 768w, https:\/\/rocblanc.com\/wp-content\/uploads\/2024\/05\/hotel-cerca-de-caldea-roc-bla-andorra-1536x863.webp 1536w, https:\/\/rocblanc.com\/wp-content\/uploads\/2024\/05\/hotel-cerca-de-caldea-roc-bla-andorra.webp 1600w\" sizes=\"(max-width: 1020px) 100vw, 1020px\" \/>\t\t\t\t\t\t\n\t\t\t\t\t<\/div>\n\t\t\t\t\t\t\t\t\n<style>\n#image_1581623780 {\n  width: 100%;\n}\n<\/style>\n\t<\/div>\n\t\n\t<div class=\"img has-hover x md-x lg-x y md-y lg-y\" id=\"image_1375437067\">\n\t\t\t\t\t\t\t\t<div class=\"img-inner image-cover dark\" style=\"padding-top:100%;\">\n\t\t\t<img decoding=\"async\" width=\"1020\" height=\"574\" src=\"https:\/\/rocblanc.com\/wp-content\/uploads\/2023\/05\/double-bed-suite-roc-blanc-hotel-spa-andorra-1024x576.webp\" class=\"attachment-large size-large\" alt=\"\" srcset=\"https:\/\/rocblanc.com\/wp-content\/uploads\/2023\/05\/double-bed-suite-roc-blanc-hotel-spa-andorra-1024x576.webp 1024w, https:\/\/rocblanc.com\/wp-content\/uploads\/2023\/05\/double-bed-suite-roc-blanc-hotel-spa-andorra-300x169.webp 300w, https:\/\/rocblanc.com\/wp-content\/uploads\/2023\/05\/double-bed-suite-roc-blanc-hotel-spa-andorra-768x432.webp 768w, https:\/\/rocblanc.com\/wp-content\/uploads\/2023\/05\/double-bed-suite-roc-blanc-hotel-spa-andorra.webp 1500w\" sizes=\"(max-width: 1020px) 100vw, 1020px\" \/>\t\t\t\t\t\t\n\t\t\t\t\t<\/div>\n\t\t\t\t\t\t\t\t\n<style>\n#image_1375437067 {\n  width: 100%;\n}\n<\/style>\n\t<\/div>\n\t\n\t<div class=\"img has-hover x md-x lg-x y md-y lg-y\" id=\"image_1655969678\">\n\t\t\t\t\t\t\t\t<div class=\"img-inner image-cover dark\" style=\"padding-top:100%;\">\n\t\t\t<img decoding=\"async\" width=\"1020\" height=\"765\" src=\"https:\/\/rocblanc.com\/wp-content\/uploads\/2023\/09\/Romantic-Escape-Andorra-Hotel-Roc-Blanc-1024x768.webp\" class=\"attachment-large size-large\" alt=\"\" srcset=\"https:\/\/rocblanc.com\/wp-content\/uploads\/2023\/09\/Romantic-Escape-Andorra-Hotel-Roc-Blanc-1024x768.webp 1024w, https:\/\/rocblanc.com\/wp-content\/uploads\/2023\/09\/Romantic-Escape-Andorra-Hotel-Roc-Blanc-300x225.webp 300w, https:\/\/rocblanc.com\/wp-content\/uploads\/2023\/09\/Romantic-Escape-Andorra-Hotel-Roc-Blanc-768x576.webp 768w, https:\/\/rocblanc.com\/wp-content\/uploads\/2023\/09\/Romantic-Escape-Andorra-Hotel-Roc-Blanc.webp 1440w\" sizes=\"(max-width: 1020px) 100vw, 1020px\" \/>\t\t\t\t\t\t\n\t\t\t\t\t<\/div>\n\t\t\t\t\t\t\t\t\n<style>\n#image_1655969678 {\n  width: 100%;\n}\n<\/style>\n\t<\/div>\n\t\n\t<div class=\"img has-hover x md-x lg-x y md-y lg-y\" id=\"image_255228958\">\n\t\t\t\t\t\t\t\t<div class=\"img-inner image-cover dark\" style=\"padding-top:100%;\">\n\t\t\t<img decoding=\"async\" width=\"1020\" height=\"574\" src=\"https:\/\/rocblanc.com\/wp-content\/uploads\/2022\/12\/espacio-trabajo-hotel-roc-blanc-andorra-1024x576.webp\" class=\"attachment-large size-large\" alt=\"espacio de trabajo en una de las salas de oficinas - roc blanc hotel &amp; spa andorra\" srcset=\"https:\/\/rocblanc.com\/wp-content\/uploads\/2022\/12\/espacio-trabajo-hotel-roc-blanc-andorra-1024x576.webp 1024w, https:\/\/rocblanc.com\/wp-content\/uploads\/2022\/12\/espacio-trabajo-hotel-roc-blanc-andorra-300x169.webp 300w, https:\/\/rocblanc.com\/wp-content\/uploads\/2022\/12\/espacio-trabajo-hotel-roc-blanc-andorra-768x432.webp 768w, https:\/\/rocblanc.com\/wp-content\/uploads\/2022\/12\/espacio-trabajo-hotel-roc-blanc-andorra-1536x864.webp 1536w, https:\/\/rocblanc.com\/wp-content\/uploads\/2022\/12\/espacio-trabajo-hotel-roc-blanc-andorra.webp 2000w\" sizes=\"(max-width: 1020px) 100vw, 1020px\" \/>\t\t\t\t\t\t\n\t\t\t\t\t<\/div>\n\t\t\t\t\t\t\t\t\n<style>\n#image_255228958 {\n  width: 100%;\n}\n<\/style>\n\t<\/div>\n\t\n\t<div class=\"img has-hover x md-x lg-x y md-y lg-y\" id=\"image_1439471444\">\n\t\t\t\t\t\t\t\t<div class=\"img-inner image-cover dark\" style=\"padding-top:100%;\">\n\t\t\t<img decoding=\"async\" width=\"1020\" height=\"574\" src=\"https:\/\/rocblanc.com\/wp-content\/uploads\/2022\/12\/conference-room-meetings-roc-blanc-hotel-spa-andorra-1024x576.webp\" class=\"attachment-large size-large\" alt=\"sala de reuniones con grandes ventanales y botellas de agua - roc blanc hotel &amp; spa andorra\" srcset=\"https:\/\/rocblanc.com\/wp-content\/uploads\/2022\/12\/conference-room-meetings-roc-blanc-hotel-spa-andorra-1024x576.webp 1024w, https:\/\/rocblanc.com\/wp-content\/uploads\/2022\/12\/conference-room-meetings-roc-blanc-hotel-spa-andorra-300x169.webp 300w, https:\/\/rocblanc.com\/wp-content\/uploads\/2022\/12\/conference-room-meetings-roc-blanc-hotel-spa-andorra-768x432.webp 768w, https:\/\/rocblanc.com\/wp-content\/uploads\/2022\/12\/conference-room-meetings-roc-blanc-hotel-spa-andorra-1536x864.webp 1536w, https:\/\/rocblanc.com\/wp-content\/uploads\/2022\/12\/conference-room-meetings-roc-blanc-hotel-spa-andorra.webp 2000w\" sizes=\"(max-width: 1020px) 100vw, 1020px\" \/>\t\t\t\t\t\t\n\t\t\t\t\t<\/div>\n\t\t\t\t\t\t\t\t\n<style>\n#image_1439471444 {\n  width: 100%;\n}\n<\/style>\n\t<\/div>\n\t\n\t<div class=\"img has-hover x md-x lg-x y md-y lg-y\" id=\"image_1107949627\">\n\t\t\t\t\t\t\t\t<div class=\"img-inner image-cover dark\" style=\"padding-top:100%;\">\n\t\t\t<img decoding=\"async\" width=\"1020\" height=\"1020\" src=\"https:\/\/rocblanc.com\/wp-content\/uploads\/2022\/12\/coffee-with-breakfast-roc-blanc-hotel-spa-andorra-1-1024x1024.webp\" class=\"attachment-large size-large\" alt=\"caf\u00e9 con desayuno - roc blanc hotel &amp; spa andorra\" srcset=\"https:\/\/rocblanc.com\/wp-content\/uploads\/2022\/12\/coffee-with-breakfast-roc-blanc-hotel-spa-andorra-1-1024x1024.webp 1024w, https:\/\/rocblanc.com\/wp-content\/uploads\/2022\/12\/coffee-with-breakfast-roc-blanc-hotel-spa-andorra-1-300x300.webp 300w, https:\/\/rocblanc.com\/wp-content\/uploads\/2022\/12\/coffee-with-breakfast-roc-blanc-hotel-spa-andorra-1-150x150.webp 150w, https:\/\/rocblanc.com\/wp-content\/uploads\/2022\/12\/coffee-with-breakfast-roc-blanc-hotel-spa-andorra-1-768x768.webp 768w, https:\/\/rocblanc.com\/wp-content\/uploads\/2022\/12\/coffee-with-breakfast-roc-blanc-hotel-spa-andorra-1-1536x1536.webp 1536w, https:\/\/rocblanc.com\/wp-content\/uploads\/2022\/12\/coffee-with-breakfast-roc-blanc-hotel-spa-andorra-1.webp 2000w\" sizes=\"(max-width: 1020px) 100vw, 1020px\" \/>\t\t\t\t\t\t\n\t\t\t\t\t<\/div>\n\t\t\t\t\t\t\t\t\n<style>\n#image_1107949627 {\n  width: 100%;\n}\n<\/style>\n\t<\/div>\n\t\n     <\/div>\n\n     <div class=\"loading-spin dark large centered\"><\/div>\n\n\t<\/div>\n\n\n\t\t<\/div>\n\t\t\t\t\t<\/div>\n\n\t\n\n<style>\n#row-705623470 > .col > .col-inner {\n  padding: 60px 0px 0px 0px;\n}\n<\/style>\n<\/div>\n\t\t<\/div>\n\n\t\t\n<style>\n#section_1318520070 {\n  padding-top: 0px;\n  padding-bottom: 0px;\n  background-color: rgb(193, 193, 193);\n}\n#section_1318520070 .section-bg-overlay {\n  background-color: rgba(255, 255, 255, 0.85);\n}\n<\/style>\n\t<\/section>\n\t\n\n\t<section class=\"section\" id=\"section_1867724743\">\n\t\t<div class=\"section-bg fill\" >\n\t\t\t\t\t\t\t\t\t<div class=\"section-bg-overlay absolute fill\"><\/div>\n\t\t\t\n\n\t\t<\/div>\n\n\t\t\n\n\t\t<div class=\"section-content relative\">\n\t\t\t\n<div class=\"row row-large align-middle align-center\"  id=\"row-273232181\">\n\n\t<div id=\"col-1568224111\" class=\"col small-12 large-12\"  >\n\t\t\t\t<div class=\"col-inner\"  >\n\t\t\t\n\t\t\t\n\t<div id=\"gap-1785196306\" class=\"gap-element clearfix\" style=\"display:block; height:auto;\">\n\t\t\n<style>\n#gap-1785196306 {\n  padding-top: 40px;\n}\n<\/style>\n\t<\/div>\n\t\n\t<div id=\"text-911499104\" class=\"text\">\n\t\t\n<h2><span style=\"font-size: 130%;\">Ventajas de nuestras tarifas corporativas:<\/span><\/h2>\n\t\t\n<style>\n#text-911499104 {\n  text-align: left;\n}\n<\/style>\n\t<\/div>\n\t\n\t<div id=\"gap-1848770944\" class=\"gap-element clearfix\" style=\"display:block; height:auto;\">\n\t\t\n<style>\n#gap-1848770944 {\n  padding-top: 40px;\n}\n<\/style>\n\t<\/div>\n\t\n<ul>\n<li><strong>Descuentos exclusivos:<\/strong> Tarifas reducidas y promociones especiales para estancias frecuentes.<\/li>\n<li><strong>Flexibilidad en reservas:<\/strong> Condiciones flexibles para cambios y cancelaciones, adapt\u00e1ndonos a tus necesidades empresariales.<\/li>\n<li><strong>Instalaciones de primera clase:<\/strong> Habitaciones equipadas con todas las comodidades, salas de reuniones, conexi\u00f3n Wi-Fi de alta velocidad y m\u00e1s.<\/li>\n<li><strong>Servicios adicionales:<\/strong> Desayuno buffet, acceso al spa y al gimnasio, parking y servicio de transporte seg\u00fan disponibilidad.<\/li>\n<li><strong>Atenci\u00f3n personalizada:<\/strong> Un equipo dedicado a asegurar que tu estancia sea lo m\u00e1s productiva y agradable posible.<\/li>\n<\/ul>\n\t<div id=\"gap-679903924\" class=\"gap-element clearfix\" style=\"display:block; height:auto;\">\n\t\t\n<style>\n#gap-679903924 {\n  padding-top: 30px;\n}\n<\/style>\n\t<\/div>\n\t\n\t\t<\/div>\n\t\t\t\t\t<\/div>\n\n\t\n\n\t<div id=\"col-1166999812\" class=\"col medium-9 small-12 large-9\"  >\n\t\t\t\t<div class=\"col-inner text-center\" style=\"background-color:#b39b6b;\" >\n\t\t\t\n\t\t\t\n\t<div id=\"text-340661108\" class=\"text\">\n\t\t\n<h3>Contacta con Nosotros para M\u00e1s Informaci\u00f3n<\/h3>\n<p>Ponte en contacto con nosotros para m\u00e1s informaci\u00f3n sobre nuestras tarifas corporativas y c\u00f3mo podemos colaborar para hacer de tus viajes de negocios una experiencia excepcional. En el Hotel Roc Blanc, tu comodidad y satisfacci\u00f3n son nuestra prioridad.<\/p>\n\t\t\n<style>\n#text-340661108 {\n  font-size: 1.35rem;\n  color: rgb(255,255,255);\n}\n#text-340661108 > * {\n  color: rgb(255,255,255);\n}\n<\/style>\n\t<\/div>\n\t\n<a class=\"button white\" >\n\t<i class=\"icon-envelop\" aria-hidden=\"true\"><\/i>\t<span>Contactar<\/span>\n\t<\/a>\n\n\t\t<\/div>\n\t\t\t\t\n<style>\n#col-1166999812 > .col-inner {\n  padding: 30px 30px 30px 30px;\n}\n<\/style>\n\t<\/div>\n\n\t\n<\/div>\n\t<div id=\"gap-1949057227\" class=\"gap-element clearfix\" style=\"display:block; height:auto;\">\n\t\t\n<style>\n#gap-1949057227 {\n  padding-top: 50px;\n}\n<\/style>\n\t<\/div>\n\t\n\t\t<\/div>\n\n\t\t\n<style>\n#section_1867724743 {\n  padding-top: 40px;\n  padding-bottom: 40px;\n  background-color: rgb(193, 193, 193);\n}\n#section_1867724743 .section-bg-overlay {\n  background-color: rgba(255, 255, 255, 0.85);\n}\n<\/style>\n\t<\/section>\n\t\n","protected":false},"excerpt":{"rendered":"","protected":false},"author":10,"featured_media":0,"parent":0,"menu_order":0,"comment_status":"closed","ping_status":"closed","template":"page-blank.php","meta":{"footnotes":""},"class_list":["post-3206","page","type-page","status-publish","hentry"],"_links":{"self":[{"href":"https:\/\/rocblanc.com\/es\/wp-json\/wp\/v2\/pages\/3206","targetHints":{"allow":["GET"]}}],"collection":[{"href":"https:\/\/rocblanc.com\/es\/wp-json\/wp\/v2\/pages"}],"about":[{"href":"https:\/\/rocblanc.com\/es\/wp-json\/wp\/v2\/types\/page"}],"author":[{"embeddable":true,"href":"https:\/\/rocblanc.com\/es\/wp-json\/wp\/v2\/users\/10"}],"replies":[{"embeddable":true,"href":"https:\/\/rocblanc.com\/es\/wp-json\/wp\/v2\/comments?post=3206"}],"version-history":[{"count":0,"href":"https:\/\/rocblanc.com\/es\/wp-json\/wp\/v2\/pages\/3206\/revisions"}],"wp:attachment":[{"href":"https:\/\/rocblanc.com\/es\/wp-json\/wp\/v2\/media?parent=3206"}],"curies":[{"name":"wp","href":"https:\/\/api.w.org\/{rel}","templated":true}]}}