{"id":3389,"date":"2024-09-02T09:10:43","date_gmt":"2024-09-02T07:10:43","guid":{"rendered":"https:\/\/rocblanc.com\/?page_id=3389"},"modified":"2025-09-02T16:53:19","modified_gmt":"2025-09-02T14:53:19","slug":"terapias-faciales-en-andorra-la-vella","status":"publish","type":"page","link":"https:\/\/rocblanc.com\/es\/terapias-faciales-en-andorra-la-vella\/","title":{"rendered":"Terapias faciales en Andorra la Vella"},"content":{"rendered":"\n\t<section class=\"section dark\" id=\"section_1242284534\">\n\t\t<div class=\"section-bg fill\" >\n\t\t\t<img decoding=\"async\" width=\"1500\" height=\"998\" src=\"https:\/\/rocblanc.com\/wp-content\/uploads\/2024\/08\/tratamientos-faciales-andorra-la-vella.webp\" class=\"bg attachment-original size-original\" alt=\"tratamientos faciales andorra la vella\" \/>\t\t\t\t\t\t<div class=\"section-bg-overlay absolute fill\"><\/div>\n\t\t\t\n\n\t\t<\/div>\n\n\t\t\n\n\t\t<div class=\"section-content relative\">\n\t\t\t\n<div class=\"row row-full-width align-center\"  id=\"row-226459709\">\n\n\t<div id=\"col-419486552\" class=\"col medium-8 small-12 large-8\"  >\n\t\t\t\t<div class=\"col-inner\"  >\n\t\t\t\n\t\t\t\n\t<div id=\"text-4068244260\" class=\"text\">\n\t\t\n<h1 class=\"uppercase\">TERAPIAS FACIALES EN ANDORRA LA VELLA<\/h1>\n<p>Cuida tu piel con los mejores tratamientos y terapias faciales en Andorra la Vella<br \/>\n\t\t\n<style>\n#text-4068244260 {\n  line-height: 2.2;\n  text-align: center;\n}\n<\/style>\n\t<\/div>\n\t\n\t\t<\/div>\n\t\t\t\t\t<\/div>\n\n\t\n<\/div>\n\t\t<\/div>\n\n\t\t\n<style>\n#section_1242284534 {\n  padding-top: 0px;\n  padding-bottom: 0px;\n  min-height: 400px;\n}\n#section_1242284534 .section-bg-overlay {\n  background-color: rgba(0, 0, 0, 0.436);\n}\n#section_1242284534 .section-bg img {\n  object-position: 49% 60%;\n}\n<\/style>\n\t<\/section>\n\t\n\n\t<section class=\"section\" id=\"section_99570908\">\n\t\t<div class=\"section-bg fill\" >\n\t\t\t\t\t\t\t\t\t\n\t\t\t\n\n\t\t<\/div>\n\n\t\t\n\n\t\t<div class=\"section-content relative\">\n\t\t\t\n<div class=\"row align-center\"  id=\"row-577698560\">\n\n\t<div id=\"col-454921265\" class=\"col medium-10 small-12 large-10\"  >\n\t\t\t\t<div class=\"col-inner box-shadow-2\" style=\"background-color:rgb(255, 255, 255);\" >\n\t\t\t\n\t\t\t\n\t<div id=\"text-2428694774\" class=\"text\">\n\t\t\n<p>Descubre una variedad excepcional de tratamientos y terapias faciales en nuestro exclusivo spa en Andorra la Vella. Desde limpiezas profundas y revitalizaci\u00f3n para pieles apagadas hasta terapias avanzadas de col\u00e1geno y diatermia con efecto lifting, cada tratamiento est\u00e1 dise\u00f1ado para rejuvenecer y revitalizar tu piel.<\/p>\n<p>Experimenta el lujo de cuidado facial en un entorno que combina bienestar y resultados visibles.<br \/>\n\t\t\n<style>\n#text-2428694774 {\n  text-align: center;\n}\n<\/style>\n\t<\/div>\n\t\n\t\t<\/div>\n\t\t\t\t\n<style>\n#col-454921265 > .col-inner {\n  padding: 20px 20px 20px 20px;\n  margin: -50px 0px 0px 0px;\n}\n<\/style>\n\t<\/div>\n\n\t\n<\/div>\n\t\t<\/div>\n\n\t\t\n<style>\n#section_99570908 {\n  padding-top: 0px;\n  padding-bottom: 0px;\n}\n<\/style>\n\t<\/section>\n\t\n\n\t<section class=\"section\" id=\"section_504649193\">\n\t\t<div class=\"section-bg fill\" >\n\t\t\t\t\t\t\t\t\t\n\t\t\t\n\n\t\t<\/div>\n\n\t\t\n\n\t\t<div class=\"section-content relative\">\n\t\t\t\n<div class=\"row row-small align-middle align-center\"  id=\"row-2091980540\">\n\n\t<div id=\"col-1080528128\" class=\"col medium-12 small-12 large-5\"  >\n\t\t\t\t<div class=\"col-inner\"  >\n\t\t\t\n\t\t\t\n<h2>NUESTRAS TERAPIAS FACIALES EN ANDORRA<\/h2>\n\t<div id=\"gap-337547256\" class=\"gap-element clearfix\" style=\"display:block; height:auto;\">\n\t\t\n<style>\n#gap-337547256 {\n  padding-top: 15px;\n}\n@media (min-width:850px) {\n  #gap-337547256 {\n    padding-top: 30px;\n  }\n}\n<\/style>\n\t<\/div>\n\t\n<p><strong>LIMPIEZA PURIFICANTE<\/strong><br \/>Limpieza facial profunda con productos a base de agua termal, ideal para purificar, revitalizar y equilibrar la piel.<br \/><i class=\"fa-regular fa-clock-rotate-left\"><\/i> 60 min <i class=\"fa-regular fa-tags\"><\/i> 95 \u20ac<\/p>\n<p><strong>TERAPIA CAVIAR<\/strong><br \/>Tratamiento de alta hidrataci\u00f3n e iluminaci\u00f3n con caviar+ agua termal por una nutrici\u00f3n facial intensa.<br \/><i class=\"fa-regular fa-clock-rotate-left\"><\/i> 60 min <i class=\"fa-regular fa-tags\"><\/i> 95 \u20ac<\/p>\n<p><strong>DIATERMIA\u00a0 EFECTO LIFTING<\/strong><br \/>Tratamiento completo con radiofrequ\u00e8ncia y productos a base de agua termal, reduce las l\u00edneas de expresi\u00f3n mejorando visiblemente la apariencia de la piel<br \/>75 min 135 \u20ac<\/p>\n<p>\u00a0<\/p>\n\t\t<\/div>\n\t\t\t\t\n<style>\n#col-1080528128 > .col-inner {\n  padding: 0px 0px 0px 0;\n}\n@media (min-width:850px) {\n  #col-1080528128 > .col-inner {\n    padding: 0px 5% 0px 0px;\n  }\n}\n<\/style>\n\t<\/div>\n\n\t\n\n\t<div id=\"col-1936286877\" class=\"col medium-6 small-12 large-6 small-col-first\"  >\n\t\t\t\t<div class=\"col-inner text-center\"  >\n\t\t\t\n\t\t\t\n\n  <div class=\"banner has-hover is-full-height\" id=\"banner-909906524\">\n          <div class=\"banner-inner fill\">\n        <div class=\"banner-bg fill\" >\n            <img decoding=\"async\" width=\"683\" height=\"1024\" src=\"https:\/\/rocblanc.com\/wp-content\/uploads\/2024\/08\/tratamientos-faciales-andorra-la-vella-683x1024.jpg\" class=\"bg attachment-large size-large\" alt=\"\" \/>                                    \n                    <\/div>\n\t\t\n        <div class=\"banner-layers container\">\n            <div class=\"fill banner-link\"><\/div>            \n   <div id=\"text-box-104995344\" class=\"text-box banner-layer x50 md-x50 lg-x50 y50 md-y50 lg-y50 res-text\">\n                                <div class=\"text-box-content text dark\">\n              \n              <div class=\"text-inner text-center\">\n                  \n              <\/div>\n           <\/div>\n                            \n<style>\n#text-box-104995344 {\n  width: 60%;\n}\n#text-box-104995344 .text-box-content {\n  font-size: 100%;\n}\n@media (min-width:550px) {\n  #text-box-104995344 {\n    width: 60%;\n  }\n}\n<\/style>\n    <\/div>\n \n        <\/div>\n      <\/div>\n\n            \n<style>\n#banner-909906524 {\n  padding-top: 99.99%;\n  background-color: rgb(255, 255, 255);\n}\n@media (min-width:550px) {\n  #banner-909906524 {\n    padding-top: 400px;\n  }\n}\n@media (min-width:850px) {\n  #banner-909906524 {\n    padding-top: 100%;\n  }\n}\n<\/style>\n  <\/div>\n\n\n\t\t<\/div>\n\t\t\t\t\t<\/div>\n\n\t\n<\/div>\n\t<div id=\"gap-1176348197\" class=\"gap-element clearfix\" style=\"display:block; height:auto;\">\n\t\t\n<style>\n#gap-1176348197 {\n  padding-top: 0px;\n}\n@media (min-width:550px) {\n  #gap-1176348197 {\n    padding-top: 50px;\n  }\n}\n<\/style>\n\t<\/div>\n\t\n\t\t<\/div>\n\n\t\t\n<style>\n#section_504649193 {\n  padding-top: 0px;\n  padding-bottom: 0px;\n}\n@media (min-width:550px) {\n  #section_504649193 {\n    padding-top: 10px;\n    padding-bottom: 10px;\n  }\n}\n<\/style>\n\t<\/section>\n\t\n\n\t<section class=\"section\" id=\"section_188070780\">\n\t\t<div class=\"section-bg fill\" >\n\t\t\t\t\t\t\t\t\t\n\t\t\t\n\n\t\t<\/div>\n\n\t\t\n\n\t\t<div class=\"section-content relative\">\n\t\t\t\n<span class=\"scroll-to\" data-label=\"Scroll to: #b-rituals\" data-bullet=\"false\" data-link=\"#b-rituals\" data-title=\"b-rituals\"><a name=\"b-rituals\"><\/a><\/span>\n<div class=\"row row-small align-middle align-center\"  id=\"row-137690060\">\n\n\t<div id=\"col-1160738031\" class=\"col medium-6 small-12 large-6 small-col-first\"  >\n\t\t\t\t<div class=\"col-inner text-center\"  >\n\t\t\t\n\t\t\t\n\n  <div class=\"banner has-hover\" id=\"banner-118818669\">\n          <div class=\"banner-inner fill\">\n        <div class=\"banner-bg fill\" >\n            <img decoding=\"async\" width=\"900\" height=\"600\" src=\"https:\/\/rocblanc.com\/wp-content\/uploads\/2024\/08\/tratamientos-faciales-andorra-la-vella-2.webp\" class=\"bg attachment-large size-large\" alt=\"\" \/>                                    \n                    <\/div>\n\t\t\n        <div class=\"banner-layers container\">\n            <div class=\"fill banner-link\"><\/div>            \n   <div id=\"text-box-623911122\" class=\"text-box banner-layer x50 md-x50 lg-x50 y50 md-y50 lg-y50 res-text\">\n                                <div class=\"text-box-content text dark\">\n              \n              <div class=\"text-inner text-center\">\n                  \n              <\/div>\n           <\/div>\n                            \n<style>\n#text-box-623911122 {\n  width: 60%;\n}\n#text-box-623911122 .text-box-content {\n  font-size: 100%;\n}\n@media (min-width:550px) {\n  #text-box-623911122 {\n    width: 60%;\n  }\n}\n<\/style>\n    <\/div>\n \n        <\/div>\n      <\/div>\n\n            \n<style>\n#banner-118818669 {\n  padding-top: 99.99%;\n  background-color: rgb(255, 255, 255);\n}\n@media (min-width:550px) {\n  #banner-118818669 {\n    padding-top: 400px;\n  }\n}\n@media (min-width:850px) {\n  #banner-118818669 {\n    padding-top: 500px;\n  }\n}\n<\/style>\n  <\/div>\n\n\n\t\t<\/div>\n\t\t\t\t\t<\/div>\n\n\t\n\n\t<div id=\"col-1231660534\" class=\"col medium-12 small-12 large-5\"  >\n\t\t\t\t<div class=\"col-inner\"  >\n\t\t\t\n\t\t\t\n\t<div id=\"gap-939701460\" class=\"gap-element clearfix\" style=\"display:block; height:auto;\">\n\t\t\n<style>\n#gap-939701460 {\n  padding-top: 15px;\n}\n@media (min-width:850px) {\n  #gap-939701460 {\n    padding-top: 30px;\n  }\n}\n<\/style>\n\t<\/div>\n\t\n<h2>RESERVA TU TRATAMIENTO FACIAL EN ANDORRA<\/h2>\n<p>\u00bfListo para revitalizar tu piel y disfrutar de un momento de relajaci\u00f3n? No hay mejor lugar que Roc Blanc Hotel &amp;Spa , donde nuestras terapias faciales han sido cuidadosamente dise\u00f1adas para ofrecer resultados excepcionales y una experiencia de bienestar completa.<\/p>\n<p>No esperes m\u00e1s para darte el cuidado que te mereces. Reserva tu terapia facial en Andorra la Vella llamando al <a href=\"http:\/\/+376 871 400\">+376 871 400<\/a> o escribiendo a <a href=\"mailto:holisticwellness@rocblanchotels.com\"> terma@rocblanchotels.com<\/a><\/p>\n<p>\u00a1Te esperamos para ofrecerte una experiencia \u00fanica de relajaci\u00f3n y rejuvenecimiento!<\/p>\n\t<div id=\"gap-710873952\" class=\"gap-element clearfix\" style=\"display:block; height:auto;\">\n\t\t\n<style>\n#gap-710873952 {\n  padding-top: 30px;\n}\n<\/style>\n\t<\/div>\n\t\n\t\t<\/div>\n\t\t\t\t\n<style>\n#col-1231660534 > .col-inner {\n  padding: 0px 0px 0px 0;\n}\n@media (min-width:850px) {\n  #col-1231660534 > .col-inner {\n    padding: 0px 0px 0px 5%;\n  }\n}\n<\/style>\n\t<\/div>\n\n\t\n<\/div>\n\t<div id=\"gap-527981441\" class=\"gap-element clearfix\" style=\"display:block; height:auto;\">\n\t\t\n<style>\n#gap-527981441 {\n  padding-top: 0px;\n}\n@media (min-width:550px) {\n  #gap-527981441 {\n    padding-top: 50px;\n  }\n}\n<\/style>\n\t<\/div>\n\t\n\t\t<\/div>\n\n\t\t\n<style>\n#section_188070780 {\n  padding-top: 0px;\n  padding-bottom: 0px;\n}\n@media (min-width:550px) {\n  #section_188070780 {\n    padding-top: 10px;\n    padding-bottom: 10px;\n  }\n}\n<\/style>\n\t<\/section>\n\t\n","protected":false},"excerpt":{"rendered":"","protected":false},"author":10,"featured_media":0,"parent":0,"menu_order":0,"comment_status":"closed","ping_status":"closed","template":"","meta":{"footnotes":""},"class_list":["post-3389","page","type-page","status-publish","hentry"],"_links":{"self":[{"href":"https:\/\/rocblanc.com\/es\/wp-json\/wp\/v2\/pages\/3389","targetHints":{"allow":["GET"]}}],"collection":[{"href":"https:\/\/rocblanc.com\/es\/wp-json\/wp\/v2\/pages"}],"about":[{"href":"https:\/\/rocblanc.com\/es\/wp-json\/wp\/v2\/types\/page"}],"author":[{"embeddable":true,"href":"https:\/\/rocblanc.com\/es\/wp-json\/wp\/v2\/users\/10"}],"replies":[{"embeddable":true,"href":"https:\/\/rocblanc.com\/es\/wp-json\/wp\/v2\/comments?post=3389"}],"version-history":[{"count":0,"href":"https:\/\/rocblanc.com\/es\/wp-json\/wp\/v2\/pages\/3389\/revisions"}],"wp:attachment":[{"href":"https:\/\/rocblanc.com\/es\/wp-json\/wp\/v2\/media?parent=3389"}],"curies":[{"name":"wp","href":"https:\/\/api.w.org\/{rel}","templated":true}]}}