{"id":3576,"date":"2024-11-18T10:31:07","date_gmt":"2024-11-18T09:31:07","guid":{"rendered":"https:\/\/rocblanc.com\/?page_id=3576"},"modified":"2025-03-10T11:11:39","modified_gmt":"2025-03-10T10:11:39","slug":"hotel-pet-friendly-andorra","status":"publish","type":"page","link":"https:\/\/rocblanc.com\/es\/hotel-pet-friendly-andorra\/","title":{"rendered":"Hotel Pet Friendly en Andorra"},"content":{"rendered":"\n\t<section class=\"section\" id=\"section_650046145\">\n\t\t<div class=\"section-bg fill\" >\n\t\t\t\t\t\t\t\t\t<div class=\"section-bg-overlay absolute fill\"><\/div>\n\t\t\t\n\n\t\t<\/div>\n\n\t\t\n\n\t\t<div class=\"section-content relative\">\n\t\t\t\n<div class=\"row row-large align-middle\"  id=\"row-781139871\">\n\n\t<div id=\"col-1112979648\" class=\"col medium-6 small-12 large-6\"  >\n\t\t\t\t<div class=\"col-inner text-left\"  >\n\t\t\t\n\t\t\t\n\t<div id=\"gap-1920187295\" class=\"gap-element clearfix\" style=\"display:block; height:auto;\">\n\t\t\n<style>\n#gap-1920187295 {\n  padding-top: 10px;\n}\n<\/style>\n\t<\/div>\n\t\n\t<div id=\"text-3772382137\" class=\"text nomargin\">\n\t\t\n<h1 data-line-height=\"m\">Hotel Pet Friendly en Andorra<\/h1>\n\t\t\n<style>\n#text-3772382137 {\n  color: rgb(0,0,0);\n}\n#text-3772382137 > * {\n  color: rgb(0,0,0);\n}\n<\/style>\n\t<\/div>\n\t\n\t<div id=\"gap-1246283587\" class=\"gap-element clearfix\" style=\"display:block; height:auto;\">\n\t\t\n<style>\n#gap-1246283587 {\n  padding-top: 10px;\n}\n@media (min-width:550px) {\n  #gap-1246283587 {\n    padding-top: 30px;\n  }\n}\n<\/style>\n\t<\/div>\n\t\n\t<div id=\"text-3349314340\" class=\"text\">\n\t\t\n<p>\u00a1Bienvenidos al <strong>Hotel Roc Blanc<\/strong>! En nuestro <strong>hotel pet friendly en Andorra<\/strong>, nos enorgullece recibir tanto a nuestros hu\u00e9spedes como a sus fieles compa\u00f1eros de cuatro patas. Sabemos que tu mascota es parte de tu familia, y por eso hemos preparado un espacio acogedor donde todos puedan disfrutar de una experiencia inolvidable.\u00a0<\/p>\n<div><b>Precio<\/b>: 19 \u20ac por noche y mascota (incluye limpieza, bebedor y cama).<\/div>\n<div><b>Condiciones:<\/b><\/div>\n<ul>\n<li>\n<div>No se permite que las mascotas permanezcan solas en la habitaci\u00f3n.<\/div>\n<\/li>\n<li>\n<div>El personal de limpieza no podr\u00e1 realizar el servicio de limpieza mientras haya mascotas en la habitaci\u00f3n.<\/div>\n<\/li>\n<li>\n<div>Las mascotas pueden acceder s\u00f3lo al sal\u00f3n del restaurante L&#8217;Entrec\u00f4te en la planta baja.<\/div>\n<\/li>\n<li>\n<div>No se permite el acceso con mascotas al desayuno buf\u00e9. Por favor, consulte con nuestro personal para conocer las alternativas.<\/div>\n<\/li>\n<li>\n<div>Cualquier da\u00f1o, ruptura o suciedad generada por la mascota podr\u00eda generar un cargo adicional.<\/div>\n<\/li>\n<\/ul>\n\t\t\n<style>\n#text-3349314340 {\n  font-size: 1.3rem;\n  line-height: 1.4;\n}\n<\/style>\n\t<\/div>\n\t\n\t<div id=\"gap-1312004639\" class=\"gap-element clearfix\" style=\"display:block; height:auto;\">\n\t\t\n<style>\n#gap-1312004639 {\n  padding-top: 0px;\n}\n@media (min-width:550px) {\n  #gap-1312004639 {\n    padding-top: 0px;\n  }\n}\n<\/style>\n\t<\/div>\n\t\n\t\t<\/div>\n\t\t\t\t\t<\/div>\n\n\t\n\n\t<div id=\"col-1314485490\" class=\"col medium-6 small-12 large-6 small-col-first\"  >\n\t\t\t\t<div class=\"col-inner\"  >\n\t\t\t\n\t\t\t\n<div class=\"slider-wrapper relative\" id=\"slider-1378110376\" >\n    <div class=\"slider slider-nav-dots-dashes-spaced slider-nav-simple slider-nav-large slider-nav-dark slider-style-normal\"\n        data-flickity-options='{\n            \"cellAlign\": \"center\",\n            \"imagesLoaded\": true,\n            \"lazyLoad\": 1,\n            \"freeScroll\": false,\n            \"wrapAround\": true,\n            \"autoPlay\": 4000,\n            \"pauseAutoPlayOnHover\" : true,\n            \"prevNextButtons\": false,\n            \"contain\" : true,\n            \"adaptiveHeight\" : true,\n            \"dragThreshold\" : 10,\n            \"percentPosition\": true,\n            \"pageDots\": true,\n            \"rightToLeft\": false,\n            \"draggable\": true,\n            \"selectedAttraction\": 0.1,\n            \"parallax\" : 0,\n            \"friction\": 0.6        }'\n        >\n        \n\t<div class=\"img has-hover x md-x lg-x y md-y lg-y\" id=\"image_1627282731\">\n\t\t\t\t\t\t\t\t<div class=\"img-inner image-cover dark\" style=\"padding-top:100%;\">\n\t\t\t<img decoding=\"async\" width=\"900\" height=\"766\" src=\"https:\/\/rocblanc.com\/wp-content\/uploads\/2024\/11\/hotel-pet-friendly-andorra.webp\" class=\"attachment-large size-large\" alt=\"\" srcset=\"https:\/\/rocblanc.com\/wp-content\/uploads\/2024\/11\/hotel-pet-friendly-andorra.webp 900w, https:\/\/rocblanc.com\/wp-content\/uploads\/2024\/11\/hotel-pet-friendly-andorra-300x255.webp 300w, https:\/\/rocblanc.com\/wp-content\/uploads\/2024\/11\/hotel-pet-friendly-andorra-768x654.webp 768w\" sizes=\"(max-width: 900px) 100vw, 900px\" \/>\t\t\t\t\t\t\n\t\t\t\t\t<\/div>\n\t\t\t\t\t\t\t\t\n<style>\n#image_1627282731 {\n  width: 100%;\n}\n<\/style>\n\t<\/div>\n\t\n\t<div class=\"img has-hover x md-x lg-x y md-y lg-y\" id=\"image_1234130395\">\n\t\t\t\t\t\t\t\t<div class=\"img-inner image-cover dark\" style=\"padding-top:100%;\">\n\t\t\t<img decoding=\"async\" width=\"1020\" height=\"573\" src=\"https:\/\/rocblanc.com\/wp-content\/uploads\/2024\/05\/hotel-cerca-de-caldea-roc-bla-andorra-1024x575.webp\" class=\"attachment-large size-large\" alt=\"hotel cerca de caldea con vistas a Caldea en Andorra\" srcset=\"https:\/\/rocblanc.com\/wp-content\/uploads\/2024\/05\/hotel-cerca-de-caldea-roc-bla-andorra-1024x575.webp 1024w, https:\/\/rocblanc.com\/wp-content\/uploads\/2024\/05\/hotel-cerca-de-caldea-roc-bla-andorra-300x169.webp 300w, https:\/\/rocblanc.com\/wp-content\/uploads\/2024\/05\/hotel-cerca-de-caldea-roc-bla-andorra-768x432.webp 768w, https:\/\/rocblanc.com\/wp-content\/uploads\/2024\/05\/hotel-cerca-de-caldea-roc-bla-andorra-1536x863.webp 1536w, https:\/\/rocblanc.com\/wp-content\/uploads\/2024\/05\/hotel-cerca-de-caldea-roc-bla-andorra.webp 1600w\" sizes=\"(max-width: 1020px) 100vw, 1020px\" \/>\t\t\t\t\t\t\n\t\t\t\t\t<\/div>\n\t\t\t\t\t\t\t\t\n<style>\n#image_1234130395 {\n  width: 100%;\n}\n<\/style>\n\t<\/div>\n\t\n\t<div class=\"img has-hover x md-x lg-x y md-y lg-y\" id=\"image_818358203\">\n\t\t\t\t\t\t\t\t<div class=\"img-inner image-cover dark\" style=\"padding-top:100%;\">\n\t\t\t<img decoding=\"async\" width=\"1020\" height=\"574\" src=\"https:\/\/rocblanc.com\/wp-content\/uploads\/2023\/05\/double-bed-suite-roc-blanc-hotel-spa-andorra-1024x576.webp\" class=\"attachment-large size-large\" alt=\"\" srcset=\"https:\/\/rocblanc.com\/wp-content\/uploads\/2023\/05\/double-bed-suite-roc-blanc-hotel-spa-andorra-1024x576.webp 1024w, https:\/\/rocblanc.com\/wp-content\/uploads\/2023\/05\/double-bed-suite-roc-blanc-hotel-spa-andorra-300x169.webp 300w, https:\/\/rocblanc.com\/wp-content\/uploads\/2023\/05\/double-bed-suite-roc-blanc-hotel-spa-andorra-768x432.webp 768w, https:\/\/rocblanc.com\/wp-content\/uploads\/2023\/05\/double-bed-suite-roc-blanc-hotel-spa-andorra.webp 1500w\" sizes=\"(max-width: 1020px) 100vw, 1020px\" \/>\t\t\t\t\t\t\n\t\t\t\t\t<\/div>\n\t\t\t\t\t\t\t\t\n<style>\n#image_818358203 {\n  width: 100%;\n}\n<\/style>\n\t<\/div>\n\t\n\t<div class=\"img has-hover x md-x lg-x y md-y lg-y\" id=\"image_1430898412\">\n\t\t\t\t\t\t\t\t<div class=\"img-inner image-cover dark\" style=\"padding-top:100%;\">\n\t\t\t<img decoding=\"async\" width=\"1020\" height=\"765\" src=\"https:\/\/rocblanc.com\/wp-content\/uploads\/2023\/09\/Romantic-Escape-Andorra-Hotel-Roc-Blanc-1024x768.webp\" class=\"attachment-large size-large\" alt=\"\" srcset=\"https:\/\/rocblanc.com\/wp-content\/uploads\/2023\/09\/Romantic-Escape-Andorra-Hotel-Roc-Blanc-1024x768.webp 1024w, https:\/\/rocblanc.com\/wp-content\/uploads\/2023\/09\/Romantic-Escape-Andorra-Hotel-Roc-Blanc-300x225.webp 300w, https:\/\/rocblanc.com\/wp-content\/uploads\/2023\/09\/Romantic-Escape-Andorra-Hotel-Roc-Blanc-768x576.webp 768w, https:\/\/rocblanc.com\/wp-content\/uploads\/2023\/09\/Romantic-Escape-Andorra-Hotel-Roc-Blanc.webp 1440w\" sizes=\"(max-width: 1020px) 100vw, 1020px\" \/>\t\t\t\t\t\t\n\t\t\t\t\t<\/div>\n\t\t\t\t\t\t\t\t\n<style>\n#image_1430898412 {\n  width: 100%;\n}\n<\/style>\n\t<\/div>\n\t\n     <\/div>\n\n     <div class=\"loading-spin dark large centered\"><\/div>\n\n\t<\/div>\n\n\n\t\t<\/div>\n\t\t\t\t\t<\/div>\n\n\t\n\n<style>\n#row-781139871 > .col > .col-inner {\n  padding: 0px 0px 0px 0px;\n}\n@media (min-width:550px) {\n  #row-781139871 > .col > .col-inner {\n    padding: 60px 0px 0px 0px;\n  }\n}\n<\/style>\n<\/div>\n\t\t<\/div>\n\n\t\t\n<style>\n#section_650046145 {\n  padding-top: 0px;\n  padding-bottom: 0px;\n  background-color: rgb(193, 193, 193);\n}\n#section_650046145 .section-bg-overlay {\n  background-color: rgba(255, 255, 255, 0.85);\n}\n<\/style>\n\t<\/section>\n\t\n\n\t<section class=\"section\" id=\"section_1295428047\">\n\t\t<div class=\"section-bg fill\" >\n\t\t\t\t\t\t\t\t\t<div class=\"section-bg-overlay absolute fill\"><\/div>\n\t\t\t\n\n\t\t<\/div>\n\n\t\t\n\n\t\t<div class=\"section-content relative\">\n\t\t\t\n<div class=\"row row-large align-middle align-center\"  id=\"row-1567177743\">\n\n\t<div id=\"col-1206295669\" class=\"col small-12 large-12\"  >\n\t\t\t\t<div class=\"col-inner\"  >\n\t\t\t\n\t\t\t\n\t<div id=\"text-1633893879\" class=\"text\">\n\t\t\n<h2>Pautas para una estancia perfecta en nuestro hotel pet friendly en Andorra<\/h2>\n\t\t\n<style>\n#text-1633893879 {\n  text-align: left;\n}\n<\/style>\n\t<\/div>\n\t\n\t<div id=\"gap-1318930251\" class=\"gap-element clearfix\" style=\"display:block; height:auto;\">\n\t\t\n<style>\n#gap-1318930251 {\n  padding-top: 20px;\n}\n<\/style>\n\t<\/div>\n\t\n<h3><strong>1. Nunca solos en la habitaci\u00f3n<\/strong><\/h3>\n<p>Entendemos que a veces quieras salir, pero pedimos que tu mascota no se quede sola en la habitaci\u00f3n. Esto no solo les har\u00e1 sentir m\u00e1s seguros, sino que nuestro personal no podr\u00e1 acceder a la habitaci\u00f3n si tu amigo peludo est\u00e1 dentro.<\/p>\n<h3><strong>2. Siempre juntos y atados<\/strong><\/h3>\n<p>Por el bienestar de todos, cuando paseas con tu mascota por el hotel, es imprescindible que vaya siempre atada. As\u00ed todos estar\u00e1n tranquilos y seguros.<\/p>\n<h3><strong>3. La cama, para ti<\/strong><\/h3>\n<p>Sabemos que tu mascota necesita un rinc\u00f3n especial para descansar.<\/p>\n<ul>\n<li>Si nos informas durante tu reserva, encontrar\u00e1s en tu habitaci\u00f3n una cama y un bebedero para tu mascota, sin coste adicional.<\/li>\n<li>Aceptamos mascotas de <strong>todos los tama\u00f1os y pesos<\/strong>: \u00a1todas son bienvenidas!<\/li>\n<li>Pedimos que tu compa\u00f1ero peludo no utilice la ropa de cama ni las toallas. Si necesitas algo m\u00e1s, contacta con recepci\u00f3n: estamos para ayudarte.<\/li>\n<\/ul>\n<h3><strong>4. Respetemos la tranquilidad de todos<\/strong><\/h3>\n<p>Es importante que tu mascota no altere el descanso de los hu\u00e9spedes en las habitaciones colindantes. La convivencia tranquila es nuestra prioridad.<\/p>\n<h3><strong>5. Espacios compartidos en nuestro hotel pet friendly en Andorra<\/strong><\/h3>\n<ul>\n<li>Puedes pasar tiempo con tu mascota en el hall del hotel.<\/li>\n<li>En el restaurante <a href=\"https:\/\/rocblanc.com\/es\/gastronomia\/restaurante-entrecote-andorra\/\"><strong>L\u2019Entrecot<\/strong><\/a>, tenemos opciones para que compart\u00e1is momentos inolvidables durante las comidas.<\/li>\n<li>En la zona de cafeter\u00eda, tambi\u00e9n podemos preparar una mesa para ti y tu mascota (seg\u00fan disponibilidad).<\/li>\n<li>Si tienes <a href=\"https:\/\/rocblanc.com\/es\/gastronomia\/desayuno\/\">desayuno buffet<\/a> incluido, pregunta a nuestro personal para gestionar c\u00f3mo disfrutarlo junto a tu fiel amigo.<\/li>\n<li>Recuerda que el <a href=\"https:\/\/rocblanc.com\/es\/spa\/\">Spa<\/a> es un espacio exclusivo para personas.<\/li>\n<\/ul>\n<h3><strong>6. Informaci\u00f3n sobre el coste<\/strong><\/h3>\n<p>El coste por mascota es de <strong>19 \u20ac por d\u00eda<\/strong>. Este cargo asegura que podamos ofrecerte el mejor servicio y los elementos esenciales para que tu peludo disfrute de una estancia confortable.<\/p>\n<p>Cuidamos de todos los detalles para que la estancia sea perfecta, pero cualquier incidente o desperfecto ocasionado por no seguir estas indicaciones podr\u00eda generar un coste adicional.<\/p>\n\t\t<\/div>\n\t\t\t\t\t<\/div>\n\n\t\n<\/div>\n<div class=\"row align-center\"  id=\"row-1815164568\">\n\n\t<div id=\"col-1636504407\" class=\"col medium-7 small-12 large-7\"  >\n\t\t\t\t<div class=\"col-inner text-center\" style=\"background-color:#b39b6b;\" >\n\t\t\t\n\t\t\t\n\t<div id=\"text-922545770\" class=\"text nomargin\">\n\t\t\n<h2>Disfruta con tu Mascota en roc blanc: <strong>Hotel Pet Friendly en Andorra<\/strong><\/h2>\n\t\t\n<style>\n#text-922545770 {\n  color: rgb(255,255,255);\n}\n#text-922545770 > * {\n  color: rgb(255,255,255);\n}\n<\/style>\n\t<\/div>\n\t\n\t<div id=\"gap-879448395\" class=\"gap-element clearfix\" style=\"display:block; height:auto;\">\n\t\t\n<style>\n#gap-879448395 {\n  padding-top: 15px;\n}\n<\/style>\n\t<\/div>\n\t\n\t<div id=\"text-3463799667\" class=\"text\">\n\t\t\n<p style=\"text-align: center;\"><span style=\"font-size: 120%;\">En el Hotel Roc Blanc, estamos encantados de recibirte junto a tu mejor amigo peludo. Nuestro objetivo es hacer que tu estancia en este <strong>Hotel Pet Friendly en Andorra<\/strong> sea inolvidable para toda la familia.<\/span><\/p>\n<p>Para m\u00e1s informaci\u00f3n, no dudes en llamarnos al <strong>+376 871 400<\/strong> o escribirnos a hotelrocblanc@rocblanchotels.com.<\/p>\n\t\t\n<style>\n#text-3463799667 {\n  color: rgb(255,255,255);\n}\n#text-3463799667 > * {\n  color: rgb(255,255,255);\n}\n<\/style>\n\t<\/div>\n\t\n\t\t<\/div>\n\t\t\t\t\n<style>\n#col-1636504407 > .col-inner {\n  padding: 30px 30px 30px 30px;\n}\n<\/style>\n\t<\/div>\n\n\t\n<\/div>\n\t\t<\/div>\n\n\t\t\n<style>\n#section_1295428047 {\n  padding-top: 20px;\n  padding-bottom: 20px;\n  background-color: rgb(193, 193, 193);\n}\n#section_1295428047 .section-bg-overlay {\n  background-color: rgba(255, 255, 255, 0.85);\n}\n<\/style>\n\t<\/section>\n\t\n\n\t<section class=\"section\" id=\"section_1818999359\">\n\t\t<div class=\"section-bg fill\" >\n\t\t\t\t\t\t\t\t\t<div class=\"section-bg-overlay absolute fill\"><\/div>\n\t\t\t\n\n\t\t<\/div>\n\n\t\t\n\n\t\t<div class=\"section-content relative\">\n\t\t\t\n<div class=\"row row-large align-middle\"  id=\"row-1452405056\">\n\n\t<div id=\"col-914486507\" class=\"col medium-6 small-12 large-6\"  >\n\t\t\t\t<div class=\"col-inner\"  >\n\t\t\t\n\t\t\t\n\t<div class=\"img has-hover x md-x lg-x y md-y lg-y\" id=\"image_1645893019\">\n\t\t\t\t\t\t\t\t<div class=\"img-inner image-cover dark\" style=\"padding-top:120%;\">\n\t\t\t<img decoding=\"async\" width=\"1020\" height=\"681\" src=\"https:\/\/rocblanc.com\/wp-content\/uploads\/2024\/11\/hotel-pet-friendly-andorra-visitar-1024x684.jpg\" class=\"attachment-large size-large\" alt=\"\" srcset=\"https:\/\/rocblanc.com\/wp-content\/uploads\/2024\/11\/hotel-pet-friendly-andorra-visitar-1024x684.jpg 1024w, https:\/\/rocblanc.com\/wp-content\/uploads\/2024\/11\/hotel-pet-friendly-andorra-visitar-300x200.jpg 300w, https:\/\/rocblanc.com\/wp-content\/uploads\/2024\/11\/hotel-pet-friendly-andorra-visitar-768x513.jpg 768w, https:\/\/rocblanc.com\/wp-content\/uploads\/2024\/11\/hotel-pet-friendly-andorra-visitar-1536x1025.jpg 1536w, https:\/\/rocblanc.com\/wp-content\/uploads\/2024\/11\/hotel-pet-friendly-andorra-visitar-2048x1367.jpg 2048w\" sizes=\"(max-width: 1020px) 100vw, 1020px\" \/>\t\t\t\t\t\t\n\t\t\t\t\t<\/div>\n\t\t\t\t\t\t\t\t\n<style>\n#image_1645893019 {\n  width: 100%;\n}\n<\/style>\n\t<\/div>\n\t\n\t\t<\/div>\n\t\t\t\t\t<\/div>\n\n\t\n\n\t<div id=\"col-468413491\" class=\"col medium-6 small-12 large-6\"  >\n\t\t\t\t<div class=\"col-inner text-left\"  >\n\t\t\t\n\t\t\t\n\t<div id=\"gap-462545760\" class=\"gap-element clearfix\" style=\"display:block; height:auto;\">\n\t\t\n<style>\n#gap-462545760 {\n  padding-top: 10px;\n}\n<\/style>\n\t<\/div>\n\t\n\t<div id=\"gap-1293710507\" class=\"gap-element clearfix\" style=\"display:block; height:auto;\">\n\t\t\n<style>\n#gap-1293710507 {\n  padding-top: 10px;\n}\n<\/style>\n\t<\/div>\n\t\n\t<div id=\"text-1926655321\" class=\"text nomargin\">\n\t\t\n<h2>aventura \u00fanica con tu mascota en Andorra<\/h2>\n\t\t\n<style>\n#text-1926655321 {\n  color: rgb(0,0,0);\n}\n#text-1926655321 > * {\n  color: rgb(0,0,0);\n}\n<\/style>\n\t<\/div>\n\t\n\t<div id=\"gap-717660188\" class=\"gap-element clearfix\" style=\"display:block; height:auto;\">\n\t\t\n<style>\n#gap-717660188 {\n  padding-top: 10px;\n}\n<\/style>\n\t<\/div>\n\t\n\t<div id=\"text-3620365646\" class=\"text\">\n\t\t\n<p>Andorra es un destino privilegiado para disfrutar con tu compa\u00f1ero de cuatro patas. Rodeado de majestuosos paisajes de monta\u00f1a, este peque\u00f1o para\u00edso ofrece una amplia variedad de zonas al aire libre donde tu mascota podr\u00e1 correr, explorar y jugar libremente.<\/p>\n<ul>\n<li><strong>Parques caninos:<\/strong> Cerca del hotel encontrar\u00e1s espacios dise\u00f1ados espec\u00edficamente para mascotas, con \u00e1reas seguras y equipadas para que tu peludo amigo socialice y se divierta con otros animales.<\/li>\n<li><strong>Senderos y rutas naturales:<\/strong> Descubre <a href=\"\/experiencias\/explora-las-mejores-rutas-en-andorra-la-vella\/\">las mejores rutas en Andorra la Vella<\/a> con sus numerosos caminos y senderos pet friendly. Desde paseos tranquilos por el valle hasta rutas m\u00e1s aventureras en las monta\u00f1as, hay opciones para todos los niveles de energ\u00eda. Recuerda llevar agua y alguna golosina para tu amigo peludo, \u00a1seguro le encantar\u00e1 el paseo!<\/li>\n<li><strong>Rincones perfectos para un descanso:<\/strong> Si prefieres un momento m\u00e1s relajado, hay muchas zonas verdes donde puedes sentarte y disfrutar de la naturaleza mientras tu mascota se estira o simplemente se relaja contigo.<\/li>\n<\/ul>\n<p>Con tanto por explorar, tu fiel compa\u00f1ero vivir\u00e1 una experiencia inolvidable en un entorno que combina diversi\u00f3n, tranquilidad y la majestuosidad de la naturaleza.<\/p>\n\t\t\n<style>\n#text-3620365646 {\n  font-size: 1.3rem;\n  line-height: 1.4;\n}\n<\/style>\n\t<\/div>\n\t\n\t<div id=\"gap-1782685779\" class=\"gap-element clearfix\" style=\"display:block; height:auto;\">\n\t\t\n<style>\n#gap-1782685779 {\n  padding-top: 30px;\n}\n@media (min-width:550px) {\n  #gap-1782685779 {\n    padding-top: 0px;\n  }\n}\n<\/style>\n\t<\/div>\n\t\n\t\t<\/div>\n\t\t\t\t\t<\/div>\n\n\t\n\n<style>\n#row-1452405056 > .col > .col-inner {\n  padding: 0px 0px 0px 0px;\n}\n@media (min-width:550px) {\n  #row-1452405056 > .col > .col-inner {\n    padding: 20px 0px 0px 0px;\n  }\n}\n<\/style>\n<\/div>\n\n\t<section class=\"section\" id=\"section_1101036955\">\n\t\t<div class=\"section-bg fill\" >\n\t\t\t\t\t\t\t\t\t\n\t\t\t\n\n\t\t<\/div>\n\n\t\t\n\n\t\t<div class=\"section-content relative\">\n\t\t\t\n\n<div class=\"container section-title-container\" ><h3 class=\"section-title section-title-center\"><b aria-hidden=\"true\"><\/b><span class=\"section-title-main\" >Ubicaci\u00f3n<\/span><b aria-hidden=\"true\"><\/b><\/h3><\/div>\n\n<div class=\"row row-collapse align-middle align-center\" style=\"max-width:80%\" id=\"row-1707260375\">\n\n\n\t<div id=\"col-549456966\" class=\"col medium-5 small-12 large-5\"  >\n\t\t\t\t<div class=\"col-inner\"  >\n\t\t\t\n\t\t\t\n\n\t<div id=\"text-3104542560\" class=\"text\">\n\t\t\n\n<h2>Roc Blanc Hotel &amp; Spa<\/h2>\n\t\t\n<style>\n#text-3104542560 {\n  text-align: center;\n}\n<\/style>\n\t<\/div>\n\t\n<div class=\"text-center\"><div class=\"is-divider divider clearfix\" style=\"height:2px;\"><\/div><\/div>\n\n<div class=\"row row-small\"  id=\"row-932392085\">\n\n\n\t<div id=\"col-1369745996\" class=\"col medium-12 small-12 large-6\"  >\n\t\t\t\t<div class=\"col-inner\"  >\n\t\t\t\n\t\t\t\n\n\t<div id=\"text-2844858715\" class=\"text\">\n\t\t\n\n<strong>Pla\u00e7a Copr\u00ednceps, 5<\/strong>\nAD700 Escaldes-Engordany\nAndorra\n\n<em>Nuestro <a href=\"https:\/\/rocblanc.com\/es\/hotel-4-estrellas-andorra\/\">hotel 4 estrellas<\/a> est\u00e1 situado en el centro de la ciudad, en el distrito de <a href=\"https:\/\/rocblanc.com\/es\/hotel-escaldes-engordany\/\">Escaldes-Engordany<\/a> de <a href=\"https:\/\/rocblanc.com\/es\/\">Andorra la Vella<\/a>, en la famosa Pla\u00e7a Copr\u00ednceps, justo en The Shopping Mile y cerca de <a href=\"https:\/\/rocblanc.com\/es\/hotel-cerca-de-caldea\/\">Caldea<\/a>.<\/em>\n\n<a href=\"https:\/\/rocblanc.com\/es\/ubicacion\/\">Ubicaci\u00f3n y Direcciones<\/a>\n\t\t\n<style>\n#text-2844858715 {\n  text-align: center;\n}\n<\/style>\n\t<\/div>\n\t\n\n\t\t<\/div>\n\t\t\t\t\t<\/div>\n\n\t\n\n\t<div id=\"col-254236236\" class=\"col medium-12 small-12 large-6\"  >\n\t\t\t\t<div class=\"col-inner\"  >\n\t\t\t\n\t\t\t\n\n<h4><i class=\"fa-solid fa-hotel\"><\/i> ROC BLANC HOTEL &amp; SPA<\/h4>\n<p><i class=\"fa-regular fa-bag-shopping\"><\/i> The Shopping Mile - 50 m<\/p>\n<p><i class=\"fa-regular fa-bag-shopping\"><\/i> Centre Comercial Illa Carlemany - 350 m<\/p>\n<p><i class=\"fa-regular fa-spa\"><\/i> Caldea Spa - 350 m<\/p>\n<p><i class=\"fa-regular fa-location-pin\"><\/i> Andorra la Vella - 500 m<\/p>\n<p><i class=\"fa-solid fa-person-skiing\"><\/i> Ski Bus Stop - 20 m<\/p>\n<p><i class=\"fa-solid fa-person-skiing\"><\/i> Vall Nord - 9 Km<\/p>\n\n\t\t<\/div>\n\t\t\t\t\t<\/div>\n\n\t\n\n<\/div>\n\n\t\t<\/div>\n\t\t\t\t\n<style>\n#col-549456966 > .col-inner {\n  padding: 5% 5% 5% 5%;\n}\n<\/style>\n\t<\/div>\n\n\t\n\n\t<div id=\"col-229768484\" class=\"col medium-7 small-12 large-7\"  >\n\t\t\t\t<div class=\"col-inner text-center\"  >\n\t\t\t\n\t\t\t\n\n\t<div class=\"img has-hover x md-x lg-x y md-y lg-y\" id=\"image_2015782171\">\n\t\t<a class=\"\" href=\"https:\/\/g.co\/kgs\/aXSWsu3\" target=\"_blank\" rel=\"noopener\" >\t\t\t\t\t\t<div class=\"img-inner box-shadow-3 dark\" >\n\t\t\t<img decoding=\"async\" width=\"768\" height=\"576\" src=\"https:\/\/rocblanc.com\/wp-content\/uploads\/2024\/04\/hotel-roc-blanc-andorra-location-1-768x576.jpg\" class=\"attachment-medium_large size-medium_large\" alt=\"\" srcset=\"https:\/\/rocblanc.com\/wp-content\/uploads\/2024\/04\/hotel-roc-blanc-andorra-location-1-768x576.jpg 768w, https:\/\/rocblanc.com\/wp-content\/uploads\/2024\/04\/hotel-roc-blanc-andorra-location-1-300x225.jpg 300w, https:\/\/rocblanc.com\/wp-content\/uploads\/2024\/04\/hotel-roc-blanc-andorra-location-1.jpg 800w\" sizes=\"(max-width: 768px) 100vw, 768px\" \/>\t\t\t\t\t\t\n\t\t\t\t\t<\/div>\n\t\t\t\t\t\t<\/a>\t\t\n<style>\n#image_2015782171 {\n  width: 85%;\n}\n<\/style>\n\t<\/div>\n\t\n\n\n\t\t<\/div>\n\t\t\t\t\t<\/div>\n\n\t\n\n<\/div>\n\n\t\t<\/div>\n\n\t\t\n<style>\n#section_1101036955 {\n  padding-top: 30px;\n  padding-bottom: 30px;\n}\n<\/style>\n\t<\/section>\n\t\n\t\t<\/div>\n\n\t\t\n<style>\n#section_1818999359 {\n  padding-top: 0px;\n  padding-bottom: 0px;\n  background-color: rgb(193, 193, 193);\n}\n#section_1818999359 .section-bg-overlay {\n  background-color: rgba(255, 255, 255, 0.85);\n}\n<\/style>\n\t<\/section>\n\t\n","protected":false},"excerpt":{"rendered":"","protected":false},"author":10,"featured_media":3577,"parent":0,"menu_order":0,"comment_status":"closed","ping_status":"closed","template":"page-blank.php","meta":{"footnotes":""},"class_list":["post-3576","page","type-page","status-publish","has-post-thumbnail","hentry"],"_links":{"self":[{"href":"https:\/\/rocblanc.com\/es\/wp-json\/wp\/v2\/pages\/3576","targetHints":{"allow":["GET"]}}],"collection":[{"href":"https:\/\/rocblanc.com\/es\/wp-json\/wp\/v2\/pages"}],"about":[{"href":"https:\/\/rocblanc.com\/es\/wp-json\/wp\/v2\/types\/page"}],"author":[{"embeddable":true,"href":"https:\/\/rocblanc.com\/es\/wp-json\/wp\/v2\/users\/10"}],"replies":[{"embeddable":true,"href":"https:\/\/rocblanc.com\/es\/wp-json\/wp\/v2\/comments?post=3576"}],"version-history":[{"count":0,"href":"https:\/\/rocblanc.com\/es\/wp-json\/wp\/v2\/pages\/3576\/revisions"}],"wp:featuredmedia":[{"embeddable":true,"href":"https:\/\/rocblanc.com\/es\/wp-json\/wp\/v2\/media\/3577"}],"wp:attachment":[{"href":"https:\/\/rocblanc.com\/es\/wp-json\/wp\/v2\/media?parent=3576"}],"curies":[{"name":"wp","href":"https:\/\/api.w.org\/{rel}","templated":true}]}}