{"id":1640,"date":"2022-12-21T11:05:00","date_gmt":"2022-12-21T10:05:00","guid":{"rendered":"https:\/\/rocblanc.com\/traitements\/"},"modified":"2026-03-02T10:46:45","modified_gmt":"2026-03-02T09:46:45","slug":"soins","status":"publish","type":"page","link":"https:\/\/rocblanc.com\/fr\/spa\/soins\/","title":{"rendered":"Soins"},"content":{"rendered":"\n\t<section class=\"section dark\" id=\"section_1938495587\">\n\t\t<div class=\"section-bg fill\" >\n\t\t\t<img decoding=\"async\" width=\"2000\" height=\"1125\" src=\"https:\/\/rocblanc.com\/wp-content\/uploads\/2022\/12\/spa-treatment-room-with-massage-tables-Hotel-Roc-Blanc.webp\" class=\"bg attachment-original size-original\" alt=\"\" \/>\t\t\t\t\t\t<div class=\"section-bg-overlay absolute fill\"><\/div>\n\t\t\t\n\n\t\t<\/div>\n\n\t\t\n\n\t\t<div class=\"section-content relative\">\n\t\t\t\n<div class=\"row\"  id=\"row-2010444683\">\n\n\t<div id=\"col-456849331\" class=\"col small-12 large-12\"  >\n\t\t\t\t<div class=\"col-inner\"  >\n\t\t\t\n\t\t\t\n\t<div id=\"text-3006685542\" class=\"text\">\n\t\t\n<h1>Soins de spa en Andorre<\/h1>\n\t\t\n<style>\n#text-3006685542 {\n  text-align: center;\n}\n<\/style>\n\t<\/div>\n\t\n\t\t<\/div>\n\t\t\t\t\t<\/div>\n\n\t\n<\/div>\n\t\t<\/div>\n\n\t\t\n<style>\n#section_1938495587 {\n  padding-top: 0px;\n  padding-bottom: 0px;\n  min-height: 300px;\n}\n#section_1938495587 .section-bg-overlay {\n  background-color: rgba(0, 0, 0, 0.5);\n}\n#section_1938495587 .section-bg img {\n  object-position: 54% 61%;\n}\n<\/style>\n\t<\/section>\n\t\n\n\t<section class=\"section\" id=\"section_2125994518\">\n\t\t<div class=\"section-bg fill\" >\n\t\t\t\t\t\t\t\t\t\n\t\t\t\n\n\t\t<\/div>\n\n\t\t\n\n\t\t<div class=\"section-content relative\">\n\t\t\t\n<div class=\"row align-middle align-center\"  id=\"row-1044281186\">\n\n\t<div id=\"col-1561087738\" class=\"col medium-5 small-12 large-5\"  >\n\t\t\t\t<div class=\"col-inner\"  >\n\t\t\t\n\t\t\t\n\t<div class=\"img has-hover x md-x lg-x y md-y lg-y\" id=\"image_929804510\">\n\t\t\t\t\t\t\t\t<div class=\"img-inner image-cover dark\" style=\"padding-top:100%;\">\n\t\t\t<img decoding=\"async\" width=\"943\" height=\"687\" src=\"https:\/\/rocblanc.com\/wp-content\/uploads\/2026\/01\/tratamientos-spa-andorra-masajes-faciales-roc-blanc-hotel.webp\" class=\"attachment-large size-large\" alt=\"\" srcset=\"https:\/\/rocblanc.com\/wp-content\/uploads\/2026\/01\/tratamientos-spa-andorra-masajes-faciales-roc-blanc-hotel.webp 943w, https:\/\/rocblanc.com\/wp-content\/uploads\/2026\/01\/tratamientos-spa-andorra-masajes-faciales-roc-blanc-hotel-300x219.webp 300w, https:\/\/rocblanc.com\/wp-content\/uploads\/2026\/01\/tratamientos-spa-andorra-masajes-faciales-roc-blanc-hotel-768x560.webp 768w\" sizes=\"(max-width: 943px) 100vw, 943px\" \/>\t\t\t\t\t\t\n\t\t\t\t\t<\/div>\n\t\t\t\t\t\t\t\t\n<style>\n#image_929804510 {\n  width: 100%;\n}\n<\/style>\n\t<\/div>\n\t\n\t\t<\/div>\n\t\t\t\t\t<\/div>\n\n\t\n\n\t<div id=\"col-9079384\" class=\"col medium-7 small-12 large-7\"  >\n\t\t\t\t<div class=\"col-inner\"  >\n\t\t\t\n\t\t\t\n<h2 class=\"uppercase\">Bien-\u00eatre thermal au c\u0153ur de l\u2019Andorre<\/h2>\n<p>D\u00e9couvrez une <strong>exp\u00e9rience de bien-\u00eatre holistique <\/strong>dans l\u2019un des spas les plus embl\u00e9matiques du pays. \u00c0 l<a href=\"\/\">\u2019H\u00f4tel Roc Blanc &amp; Spa<\/a>, nos <strong>soins spa en Andorre<\/strong> sont con\u00e7us pour s\u2019adapter \u00e0 chaque instant, \u00e0 chaque corps et \u00e0 chaque besoin, alliant tradition thermale, techniques contemporaines et vertus des eaux min\u00e9rales-m\u00e9dicinales. <\/p>\n<p>Notre carte de soins \u00e9volue tout au long de l\u2019ann\u00e9e pour refl\u00e9ter la saison, le climat et le mode de vie de nos clients. Au-del\u00e0 des noms des soins, ce qui demeure v\u00e9ritablement, c\u2019est notre philosophie : <strong>personnalisation, qualit\u00e9 et r\u00e9sultats \u00e9prouv\u00e9s.<\/strong><\/p>\n<a href=\"https:\/\/rocblanc.com\/wp-content\/uploads\/2025\/12\/carta-tratamientos-compressed.pdf\" target=\"_blank\" class=\"button primary\" rel=\"noopener\" >\n\t\t<span>Consultez nos soins<\/span>\n\t<\/a>\n\n\t\t<\/div>\n\t\t\t\t\n<style>\n#col-9079384 > .col-inner {\n  padding: 0px 0px 0px 0px;\n}\n@media (min-width:550px) {\n  #col-9079384 > .col-inner {\n    padding: 0px 0px 0px 30px;\n  }\n}\n<\/style>\n\t<\/div>\n\n\t\n<\/div>\n\t\t<\/div>\n\n\t\t\n<style>\n#section_2125994518 {\n  padding-top: 30px;\n  padding-bottom: 30px;\n}\n@media (min-width:550px) {\n  #section_2125994518 {\n    padding-top: 30px;\n    padding-bottom: 30px;\n  }\n}\n<\/style>\n\t<\/section>\n\t\n\n\t<section class=\"section\" id=\"section_796640543\">\n\t\t<div class=\"section-bg fill\" >\n\t\t\t\t\t\t\t\t\t\n\t\t\t\n\n\t\t<\/div>\n\n\t\t\n\n\t\t<div class=\"section-content relative\">\n\t\t\t\n<div class=\"row align-middle\"  id=\"row-1177377514\">\n\n\t<div id=\"col-1869068496\" class=\"col medium-6 small-12 large-6\"  >\n\t\t\t\t<div class=\"col-inner\"  >\n\t\t\t\n\t\t\t\n<h2>Soins con\u00e7us pour vous<\/h2>\n<p>Au Spa de l\u2019H\u00f4tel Roc Blanc, chaque soin commence par une \u00e9valuation individuelle. Nos th\u00e9rapeutes adaptent les techniques, les rythmes et les produits afin de cr\u00e9er une exp\u00e9rience enti\u00e8rement sur-mesure. <\/p>\n<p>Vous pouvez profiter de :<\/p>\n<ul>\n<li><strong>Des soins de relaxation profonde<\/strong>, id\u00e9aux pour se d\u00e9connecter du stress quotidien et retrouver l\u2019\u00e9quilibre physique et mental.<\/li>\n<li><strong>Rituels de r\u00e9cup\u00e9ration musculaire<\/strong>, con\u00e7us apr\u00e8s des journ\u00e9es actives, du sport ou du ski en Andorre.<\/li>\n<li><strong>Soins de drainage et de d\u00e9toxification<\/strong>, favorisant la circulation, l\u2019\u00e9limination des toxines et une sensation de l\u00e9g\u00e8ret\u00e9.<\/li>\n<li><strong>Soins cibl\u00e9s<\/strong>, concentr\u00e9s sur des zones sp\u00e9cifiques pour lib\u00e9rer efficacement les tensions.<\/li>\n<li><strong>Soins du visage personnalis\u00e9s<\/strong>, adapt\u00e9s aux v\u00e9ritables besoins de votre peau tout au long de l\u2019ann\u00e9e.<\/li>\n<li><strong>Soins du corps personnalis\u00e9s<\/strong>, visant la d\u00e9tente, la stimulation ou le bien-\u00eatre global.<\/li>\n<\/ul>\n<p><strong>Chaque exp\u00e9rience est unique,<\/strong> car votre bien-\u00eatre l\u2019est aussi.<\/p>\n<a href=\"https:\/\/rocblanc.com\/wp-content\/uploads\/2025\/12\/carta-tratamientos-compressed.pdf\" target=\"_blank\" class=\"button primary\" rel=\"noopener\" >\n\t\t<span>Consultez nos soins<\/span>\n\t<\/a>\n\n\t\t<\/div>\n\t\t\t\t\t<\/div>\n\n\t\n\n\t<div id=\"col-1261525991\" class=\"col medium-12 small-12 large-6 small-col-first\"  >\n\t\t\t\t<div class=\"col-inner\"  >\n\t\t\t\n\t\t\t\n<div class=\"row\"  id=\"row-524446608\">\n\n\t<div id=\"col-850481433\" class=\"col medium-6 small-12 large-8\"  >\n\t\t\t\t<div class=\"col-inner\"  >\n\t\t\t\n\t\t\t\n\n  <div class=\"banner has-hover\" id=\"banner-1143536735\">\n          <div class=\"banner-inner fill\">\n        <div class=\"banner-bg fill\" >\n            <img decoding=\"async\" width=\"940\" height=\"687\" src=\"https:\/\/rocblanc.com\/wp-content\/uploads\/2026\/01\/tratamientos-spa-andorra-masajes-faciales-roc-blanc-hotel-2.webp\" class=\"bg attachment-large size-large\" alt=\"\" \/>                                    \n                    <\/div>\n\t\t\n        <div class=\"banner-layers container\">\n            <div class=\"fill banner-link\"><\/div>            \n   <div id=\"text-box-1870697237\" class=\"text-box banner-layer x50 md-x50 lg-x50 y50 md-y50 lg-y50 res-text\">\n                                <div class=\"text-box-content text dark\">\n              \n              <div class=\"text-inner text-center\">\n                  \n              <\/div>\n           <\/div>\n                            \n<style>\n#text-box-1870697237 {\n  width: 60%;\n}\n#text-box-1870697237 .text-box-content {\n  font-size: 100%;\n}\n@media (min-width:550px) {\n  #text-box-1870697237 {\n    width: 60%;\n  }\n}\n<\/style>\n    <\/div>\n \n        <\/div>\n      <\/div>\n\n            \n<style>\n#banner-1143536735 {\n  padding-top: 99.99%;\n  background-color: rgba(0, 0, 0, 0);\n}\n#banner-1143536735 .banner-bg img {\n  object-position: 63% 66%;\n}\n@media (min-width:550px) {\n  #banner-1143536735 {\n    padding-top: 150%;\n  }\n}\n@media (min-width:850px) {\n  #banner-1143536735 {\n    padding-top: 130%;\n  }\n}\n<\/style>\n  <\/div>\n\n\n\t\t<\/div>\n\t\t\t\t\t<\/div>\n\n\t\n\n\t<div id=\"col-290863924\" class=\"col medium-6 small-12 large-9\"  >\n\t\t\t\t<div class=\"col-inner\"  >\n\t\t\t\n\t\t\t\n\n\t\t<\/div>\n\t\t\t\t\t<\/div>\n\n\t\n<\/div>\n<div class=\"row align-right\"  id=\"row-575152136\">\n\n\t<div id=\"col-1028800679\" class=\"col hide-for-small medium-8 small-12 large-8\"  >\n\t\t\t\t<div class=\"col-inner\"  >\n\t\t\t\n\t\t\t\n\n  <div class=\"banner has-hover\" id=\"banner-1771116877\">\n          <div class=\"banner-inner fill\">\n        <div class=\"banner-bg fill\" >\n            <img decoding=\"async\" width=\"1020\" height=\"680\" src=\"https:\/\/rocblanc.com\/wp-content\/uploads\/2025\/12\/hotel-roc-blanc-spa-termal-andorra-wellness-escaldes-11-1024x683.webp\" class=\"bg attachment-large size-large\" alt=\"\" \/>                                    \n                    <\/div>\n\t\t\n        <div class=\"banner-layers container\">\n            <div class=\"fill banner-link\"><\/div>            \n   <div id=\"text-box-233046789\" class=\"text-box banner-layer x50 md-x50 lg-x50 y50 md-y50 lg-y50 res-text\">\n                                <div class=\"text-box-content text dark\">\n              \n              <div class=\"text-inner text-center\">\n                  \n              <\/div>\n           <\/div>\n                            \n<style>\n#text-box-233046789 {\n  width: 60%;\n}\n#text-box-233046789 .text-box-content {\n  font-size: 100%;\n}\n@media (min-width:550px) {\n  #text-box-233046789 {\n    width: 60%;\n  }\n}\n<\/style>\n    <\/div>\n \n        <\/div>\n      <\/div>\n\n            \n<style>\n#banner-1771116877 {\n  padding-top: 60%;\n  background-color: rgba(0, 0, 0, 0);\n}\n#banner-1771116877 .banner-bg img {\n  object-position: 26% 100%;\n}\n@media (min-width:550px) {\n  #banner-1771116877 {\n    padding-top: 75%;\n  }\n}\n<\/style>\n  <\/div>\n\n\n\t\t<\/div>\n\t\t\t\t\n<style>\n#col-1028800679 > .col-inner {\n  margin: 0 0px 0px 0px;\n}\n@media (min-width:550px) {\n  #col-1028800679 > .col-inner {\n    margin: -290px 0px 0px 0px;\n  }\n}\n@media (min-width:850px) {\n  #col-1028800679 > .col-inner {\n    margin: -185px 0px 0px 0px;\n  }\n}\n<\/style>\n\t<\/div>\n\n\t\n<\/div>\n\t\t<\/div>\n\t\t\t\t\t<\/div>\n\n\t\n<\/div>\n\t\t<\/div>\n\n\t\t\n<style>\n#section_796640543 {\n  padding-top: 30px;\n  padding-bottom: 30px;\n}\n<\/style>\n\t<\/section>\n\t\n\n\t<section class=\"section\" id=\"section_1439911555\">\n\t\t<div class=\"section-bg fill\" >\n\t\t\t\t\t\t\t\t\t\n\t\t\t\n\n\t\t<\/div>\n\n\t\t\n\n\t\t<div class=\"section-content relative\">\n\t\t\t\n<div class=\"row align-middle align-center\"  id=\"row-1818391936\">\n\n\t<div id=\"col-907636305\" class=\"col medium-7 small-12 large-7\"  >\n\t\t\t\t<div class=\"col-inner\"  >\n\t\t\t\n\t\t\t\n\t<div id=\"text-1111589193\" class=\"text\">\n\t\t\n<h2>Comment r\u00e9server votre soin au spa<\/h2>\n<p>Pour r\u00e9server vos <strong>soins au spa de l\u2019H\u00f4tel Roc Blanc en Andorre<\/strong>, notre \u00e9quipe bien-\u00eatre se fera un plaisir de vous assister : <\/p>\n<p><span style=\"color: #000000;\">Par e-mail <\/span>: <a style=\"color: #000000;\" href=\"mailto:terma@rocblanchotels.com\" target=\"_blank\" rel=\"noopener\">terma@rocblanchotels.com<\/a><\/p>\n<p>Sur place : \u00e0 la r\u00e9ception du Spa Thermal<\/p>\n<p><span style=\"color: #000000;\">Par t\u00e9l\u00e9phone <\/span>: <a style=\"color: #000000;\" href=\"tel:+376871445\" target=\"_blank\" rel=\"noopener\">+376 871 445<\/a><\/p>\n<p>Notre \u00e9quipe vous guidera de mani\u00e8re personnalis\u00e9e pour s\u00e9lectionner le soin id\u00e9al, en fonction de vos besoins et du temps dont vous disposez lors de votre s\u00e9jour.<\/p>\n\t\t\n<style>\n#text-1111589193 {\n  color: rgb(0,0,0);\n}\n#text-1111589193 > * {\n  color: rgb(0,0,0);\n}\n<\/style>\n\t<\/div>\n\t\n\t\t<\/div>\n\t\t\t\t\n<style>\n#col-907636305 > .col-inner {\n  margin: 40px 0px 0px 0px;\n}\n<\/style>\n\t<\/div>\n\n\t\n\n<\/div>\n\t\t<\/div>\n\n\t\t\n<style>\n#section_1439911555 {\n  padding-top: 0px;\n  padding-bottom: 0px;\n  background-color: #e8e1d2;\n}\n<\/style>\n\t<\/section>\n\t\n\n\t<section class=\"section\" id=\"section_1726456246\">\n\t\t<div class=\"section-bg fill\" >\n\t\t\t\t\t\t\t\t\t\n\t\t\t\n\n\t\t<\/div>\n\n\t\t\n\n\t\t<div class=\"section-content relative\">\n\t\t\t\n<div class=\"row align-middle align-center\"  id=\"row-165428343\">\n\n\t<div id=\"col-1217899193\" class=\"col medium-6 small-12 large-6\"  >\n\t\t\t\t<div class=\"col-inner\"  >\n\t\t\t\n\t\t\t\n<h3>Un spa avec histoire et expertise<\/h3>\n<p>Pionnier du bien-\u00eatre thermal en Andorre, Roc Blanc cumule plus de 40 ans d\u2019exp\u00e9rience dans les soins spa. Notre spa r\u00e9unit : <\/p>\n<ul>\n<li>Des eaux min\u00e9rales-m\u00e9dicinales aux propri\u00e9t\u00e9s th\u00e9rapeutiques reconnues<\/li>\n<li>Techniques manuelles expertes<\/li>\n<li>Produits de haute qualit\u00e9<\/li>\n<li>Un cadre \u00e9l\u00e9gant, apaisant et chaleureux<\/li>\n<\/ul>\n<p>Le tout au c\u0153ur d\u2019Escaldes-Engordany, \u00e0 quelques minutes de Caldea et du principal quartier commer\u00e7ant d\u2019Andorre<\/p>\n<a href=\"https:\/\/rocblanc.com\/fr\/spa\/\" class=\"button primary is-underline\" >\n\t\t<span>D\u00e9couvrez le spa<\/span>\n\t<\/a>\n\n\t\t<\/div>\n\t\t\t\t\t<\/div>\n\n\t\n\n\t<div id=\"col-1360725192\" class=\"col medium-5 small-12 large-5 medium-col-first\"  >\n\t\t\t\t<div class=\"col-inner\"  >\n\t\t\t\n\t\t\t\n\t<div class=\"img has-hover x md-x lg-x y md-y lg-y\" id=\"image_1239841705\">\n\t\t\t\t\t\t\t\t<div class=\"img-inner image-cover dark\" style=\"padding-top:100%;\">\n\t\t\t<img decoding=\"async\" width=\"1020\" height=\"680\" src=\"https:\/\/rocblanc.com\/wp-content\/uploads\/2025\/12\/hotel-roc-blanc-spa-termal-andorra-wellness-escaldes-6-1024x683.webp\" class=\"attachment-large size-large\" alt=\"\" srcset=\"https:\/\/rocblanc.com\/wp-content\/uploads\/2025\/12\/hotel-roc-blanc-spa-termal-andorra-wellness-escaldes-6-1024x683.webp 1024w, https:\/\/rocblanc.com\/wp-content\/uploads\/2025\/12\/hotel-roc-blanc-spa-termal-andorra-wellness-escaldes-6-300x200.webp 300w, https:\/\/rocblanc.com\/wp-content\/uploads\/2025\/12\/hotel-roc-blanc-spa-termal-andorra-wellness-escaldes-6-768x512.webp 768w, https:\/\/rocblanc.com\/wp-content\/uploads\/2025\/12\/hotel-roc-blanc-spa-termal-andorra-wellness-escaldes-6-1536x1024.webp 1536w, https:\/\/rocblanc.com\/wp-content\/uploads\/2025\/12\/hotel-roc-blanc-spa-termal-andorra-wellness-escaldes-6.webp 1800w\" sizes=\"(max-width: 1020px) 100vw, 1020px\" \/>\t\t\t\t\t\t\n\t\t\t\t\t<\/div>\n\t\t\t\t\t\t\t\t\n<style>\n#image_1239841705 {\n  width: 100%;\n}\n<\/style>\n\t<\/div>\n\t\n\t\t<\/div>\n\t\t\t\t\t<\/div>\n\n\t\n\n<\/div>\n\t\t<\/div>\n\n\t\t\n<style>\n#section_1726456246 {\n  padding-top: 30px;\n  padding-bottom: 30px;\n}\n<\/style>\n\t<\/section>\n\t\n\n\t<section class=\"section\" id=\"section_473203016\">\n\t\t<div class=\"section-bg fill\" >\n\t\t\t<img decoding=\"async\" width=\"1800\" height=\"1200\" src=\"https:\/\/rocblanc.com\/wp-content\/uploads\/2025\/12\/hotel-roc-blanc-spa-termal-andorra-wellness-escaldes-10.webp\" class=\"bg attachment- size-\" alt=\"\" \/>\t\t\t\t\t\t<div class=\"section-bg-overlay absolute fill\"><\/div>\n\t\t\t\n\n\t\t<\/div>\n\n\t\t\n\n\t\t<div class=\"section-content relative\">\n\t\t\t\n<div class=\"row align-middle align-center\"  id=\"row-1980518673\">\n\n\t<div id=\"col-1791300112\" class=\"col medium-7 small-12 large-7\"  >\n\t\t\t\t<div class=\"col-inner\"  >\n\t\t\t\n\t\t\t\n\t<div id=\"text-4285746186\" class=\"text\">\n\t\t\n<h2>Le compl\u00e9ment parfait \u00e0 votre s\u00e9jour en Andorre<\/h2>\n<p>Nos soins spa en Andorre sont le compl\u00e9ment id\u00e9al tant pour les escapades relaxantes que pour les s\u00e9jours sportifs ou de ski. Que vous recherchiez le repos, la r\u00e9cup\u00e9ration ou le soin de soi, le Spa de l\u2019H\u00f4tel Roc Blanc offre l\u2019\u00e9quilibre parfait entre le corps et l\u2019esprit. <\/p>\n<p>Les soins peuvent \u00eatre appr\u00e9ci\u00e9s individuellement ou combin\u00e9s avec l\u2019acc\u00e8s \u00e0 nos installations thermales pour une exp\u00e9rience bien-\u00eatre compl\u00e8te.<\/p>\n\t\t\n<style>\n#text-4285746186 {\n  color: rgb(255,255,255);\n}\n#text-4285746186 > * {\n  color: rgb(255,255,255);\n}\n<\/style>\n\t<\/div>\n\t\n\t\t<\/div>\n\t\t\t\t\t<\/div>\n\n\t\n\n<\/div>\n\t\t<\/div>\n\n\t\t\n<style>\n#section_473203016 {\n  padding-top: 50px;\n  padding-bottom: 50px;\n}\n#section_473203016 .section-bg-overlay {\n  background-color: rgba(0, 0, 0, 0.599);\n}\n<\/style>\n\t<\/section>\n\t\n\t<div id=\"gap-2051862030\" class=\"gap-element clearfix\" style=\"display:block; height:auto;\">\n\t\t\n<style>\n#gap-2051862030 {\n  padding-top: 60px;\n}\n<\/style>\n\t<\/div>\n\t\n<div class=\"row align-center\"  id=\"row-71222074\">\n\n\t<div id=\"col-674591574\" class=\"col medium-10 small-12 large-10\"  >\n\t\t\t\t<div class=\"col-inner\"  >\n\t\t\t\n\t\t\t\n\n\t<section class=\"section\" id=\"section_1847746805\">\n\t\t<div class=\"section-bg fill\" >\n\t\t\t\t\t\t\t\t\t\n\t\t\t\n\n\t\t<\/div>\n\n\t\t\n\n\t\t<div class=\"section-content relative\">\n\t\t\t\n<h3 class=\"accordion_title\">Questions fr\u00e9quentes \u2013 Soins spa en Andorre<\/h3><div class=\"accordion\">\n\t<div id=\"accordion-3793375417\" class=\"accordion-item\">\n\t\t<a id=\"accordion-3793375417-label\" class=\"accordion-title plain\" href=\"#accordion-item-qu\u2019est\u2011ce-que-les-soins-spa-en-andorre-\u00e0-l\u2019h\u00f4tel-roc-blanc\u202f?\" aria-expanded=\"false\" aria-controls=\"accordion-3793375417-content\">\n\t\t\t<button class=\"toggle\" aria-label=\"Basculer\"><i class=\"icon-angle-down\" aria-hidden=\"true\"><\/i><\/button>\n\t\t\t<span>Qu\u2019est\u2011ce que les soins spa en Andorre \u00e0 l\u2019H\u00f4tel Roc Blanc\u202f?<\/span>\n\t\t<\/a>\n\t\t<div id=\"accordion-3793375417-content\" class=\"accordion-inner\" aria-labelledby=\"accordion-3793375417-label\">\n\t\t\t\n<p>Ce sont des exp\u00e9riences de bien-\u00eatre personnalis\u00e9es, alliant techniques manuelles, tradition thermale et approche th\u00e9rapeutique, adapt\u00e9es \u00e0 chaque client et \u00e0 chaque saison.<\/p>\n\t\t<\/div>\n\t<\/div>\n\t\n\t<div id=\"accordion-850083201\" class=\"accordion-item\">\n\t\t<a id=\"accordion-850083201-label\" class=\"accordion-title plain\" href=\"#accordion-item-quels-types-de-soins-spa-propose-l\u2019h\u00f4tel-roc-blanc-?\" aria-expanded=\"false\" aria-controls=\"accordion-850083201-content\">\n\t\t\t<button class=\"toggle\" aria-label=\"Basculer\"><i class=\"icon-angle-down\" aria-hidden=\"true\"><\/i><\/button>\n\t\t\t<span>Quels types de soins spa propose l\u2019H\u00f4tel Roc Blanc ?<\/span>\n\t\t<\/a>\n\t\t<div id=\"accordion-850083201-content\" class=\"accordion-inner\" aria-labelledby=\"accordion-850083201-label\">\n\t\t\t\n<p>Nous offrons des soins d\u00e9di\u00e9s \u00e0 la relaxation profonde, \u00e0 la r\u00e9cup\u00e9ration musculaire, au drainage et \u00e0 la d\u00e9tox, ainsi qu\u2019aux soins du visage personnalis\u00e9s et aux soins du corps sur-mesure. Notre menu de soins \u00e9volue tout au long de l\u2019ann\u00e9e.<\/p>\n\t\t<\/div>\n\t<\/div>\n\t\n\t<div id=\"accordion-609161062\" class=\"accordion-item\">\n\t\t<a id=\"accordion-609161062-label\" class=\"accordion-title plain\" href=\"#accordion-item-les-soins-spa-sont-ils-personnalis\u00e9s-?\" aria-expanded=\"false\" aria-controls=\"accordion-609161062-content\">\n\t\t\t<button class=\"toggle\" aria-label=\"Basculer\"><i class=\"icon-angle-down\" aria-hidden=\"true\"><\/i><\/button>\n\t\t\t<span>Les soins spa sont-ils personnalis\u00e9s ?<\/span>\n\t\t<\/a>\n\t\t<div id=\"accordion-609161062-content\" class=\"accordion-inner\" aria-labelledby=\"accordion-609161062-label\">\n\t\t\t\n<p>Oui. Tous nos soins spa en Andorre commencent par une \u00e9valuation individuelle. Nos th\u00e9rapeutes adaptent les techniques, l\u2019intensit\u00e9 et les produits afin de cr\u00e9er une exp\u00e9rience enti\u00e8rement sur-mesure.<\/p>\n\t\t<\/div>\n\t<\/div>\n\t\n\t<div id=\"accordion-1988739448\" class=\"accordion-item\">\n\t\t<a id=\"accordion-1988739448-label\" class=\"accordion-title plain\" href=\"#accordion-item-les-soins-spa-sont-ils-recommand\u00e9s-apr\u00e8s-le-ski-ou-les-activit\u00e9s-sportives-en-andorre-?\" aria-expanded=\"false\" aria-controls=\"accordion-1988739448-content\">\n\t\t\t<button class=\"toggle\" aria-label=\"Basculer\"><i class=\"icon-angle-down\" aria-hidden=\"true\"><\/i><\/button>\n\t\t\t<span>Les soins spa sont-ils recommand\u00e9s apr\u00e8s le ski ou les activit\u00e9s sportives en Andorre ?<\/span>\n\t\t<\/a>\n\t\t<div id=\"accordion-1988739448-content\" class=\"accordion-inner\" aria-labelledby=\"accordion-1988739448-label\">\n\t\t\t\n<p>Oui, nos soins spa en Andorre sont parfaits pour d\u00e9tendre les muscles, optimiser la r\u00e9cup\u00e9ration et renforcer le bien-\u00eatre apr\u00e8s vos activit\u00e9s sportives ou vos journ\u00e9es de ski.<\/p>\n\t\t<\/div>\n\t<\/div>\n\t\n\t<div id=\"accordion-3920804160\" class=\"accordion-item\">\n\t\t<a id=\"accordion-3920804160-label\" class=\"accordion-title plain\" href=\"#accordion-item-est-il-possible-de-r\u00e9server-un-soin-spa-sans-s\u00e9journer-\u00e0-l\u2019h\u00f4tel-?\" aria-expanded=\"false\" aria-controls=\"accordion-3920804160-content\">\n\t\t\t<button class=\"toggle\" aria-label=\"Basculer\"><i class=\"icon-angle-down\" aria-hidden=\"true\"><\/i><\/button>\n\t\t\t<span>Est-il possible de r\u00e9server un soin spa sans s\u00e9journer \u00e0 l\u2019h\u00f4tel ?<\/span>\n\t\t<\/a>\n\t\t<div id=\"accordion-3920804160-content\" class=\"accordion-inner\" aria-labelledby=\"accordion-3920804160-label\">\n\t\t\t\n<p>Oui, le Spa de l\u2019H\u00f4tel Roc Blanc accueille \u00e0 la fois les clients de l\u2019h\u00f4tel et les visiteurs externes, selon disponibilit\u00e9 et sur r\u00e9servation pr\u00e9alable.<\/p>\n\t\t<\/div>\n\t<\/div>\n\t\n\t<div id=\"accordion-2508061243\" class=\"accordion-item\">\n\t\t<a id=\"accordion-2508061243-label\" class=\"accordion-title plain\" href=\"#accordion-item-les-soins-spa-changent-ils-au-cours-de-l\u2019ann\u00e9e-?\" aria-expanded=\"false\" aria-controls=\"accordion-2508061243-content\">\n\t\t\t<button class=\"toggle\" aria-label=\"Basculer\"><i class=\"icon-angle-down\" aria-hidden=\"true\"><\/i><\/button>\n\t\t\t<span>Les soins spa changent-ils au cours de l\u2019ann\u00e9e ?<\/span>\n\t\t<\/a>\n\t\t<div id=\"accordion-2508061243-content\" class=\"accordion-inner\" aria-labelledby=\"accordion-2508061243-label\">\n\t\t\t\n<p>Oui, notre menu de soins \u00e9volue selon les saisons, tout en conservant toujours la m\u00eame philosophie : qualit\u00e9, personnalisation et bien-\u00eatre holistique.<\/p>\n\t\t<\/div>\n\t<\/div>\n\t\n\t<div id=\"accordion-2771968808\" class=\"accordion-item\">\n\t\t<a id=\"accordion-2771968808-label\" class=\"accordion-title plain\" href=\"#accordion-item-est-il-possible-d\u2019associer-les-soins-spa-\u00e0-l\u2019acc\u00e8s-au-spa-thermal-?\" aria-expanded=\"false\" aria-controls=\"accordion-2771968808-content\">\n\t\t\t<button class=\"toggle\" aria-label=\"Basculer\"><i class=\"icon-angle-down\" aria-hidden=\"true\"><\/i><\/button>\n\t\t\t<span>Est-il possible d\u2019associer les soins spa \u00e0 l\u2019acc\u00e8s au spa thermal ?<\/span>\n\t\t<\/a>\n\t\t<div id=\"accordion-2771968808-content\" class=\"accordion-inner\" aria-labelledby=\"accordion-2771968808-label\">\n\t\t\t\n<p>Oui, les soins peuvent \u00eatre combin\u00e9s avec l\u2019acc\u00e8s \u00e0 nos installations thermales pour une exp\u00e9rience bien-\u00eatre compl\u00e8te.<\/p>\n\t\t<\/div>\n\t<\/div>\n\t\n<\/div>\n\t\t<\/div>\n\n\t\t\n<style>\n#section_1847746805 {\n  padding-top: 30px;\n  padding-bottom: 30px;\n}\n<\/style>\n\t<\/section>\n\t\n\t\t<\/div>\n\t\t\t\t\t<\/div>\n\n\t\n<\/div>\n","protected":false},"excerpt":{"rendered":"","protected":false},"author":3,"featured_media":0,"parent":1682,"menu_order":1,"comment_status":"closed","ping_status":"closed","template":"page-blank.php","meta":{"footnotes":""},"class_list":["post-1640","page","type-page","status-publish","hentry"],"_links":{"self":[{"href":"https:\/\/rocblanc.com\/fr\/wp-json\/wp\/v2\/pages\/1640","targetHints":{"allow":["GET"]}}],"collection":[{"href":"https:\/\/rocblanc.com\/fr\/wp-json\/wp\/v2\/pages"}],"about":[{"href":"https:\/\/rocblanc.com\/fr\/wp-json\/wp\/v2\/types\/page"}],"author":[{"embeddable":true,"href":"https:\/\/rocblanc.com\/fr\/wp-json\/wp\/v2\/users\/3"}],"replies":[{"embeddable":true,"href":"https:\/\/rocblanc.com\/fr\/wp-json\/wp\/v2\/comments?post=1640"}],"version-history":[{"count":0,"href":"https:\/\/rocblanc.com\/fr\/wp-json\/wp\/v2\/pages\/1640\/revisions"}],"up":[{"embeddable":true,"href":"https:\/\/rocblanc.com\/fr\/wp-json\/wp\/v2\/pages\/1682"}],"wp:attachment":[{"href":"https:\/\/rocblanc.com\/fr\/wp-json\/wp\/v2\/media?parent=1640"}],"curies":[{"name":"wp","href":"https:\/\/api.w.org\/{rel}","templated":true}]}}