{"id":1668,"date":"2022-12-22T17:43:29","date_gmt":"2022-12-22T16:43:29","guid":{"rendered":"https:\/\/rocblanc.com\/gastronomie\/"},"modified":"2026-03-30T13:43:48","modified_gmt":"2026-03-30T11:43:48","slug":"gastronomie","status":"publish","type":"page","link":"https:\/\/rocblanc.com\/fr\/gastronomie\/","title":{"rendered":"Gastronomie"},"content":{"rendered":"\n\t<section class=\"section\" id=\"section_1521060724\">\n\t\t<div class=\"section-bg fill\" >\n\t\t\t\t\t\t\t\t\t\n\t\t\t\n\n\t\t<\/div>\n\n\t\t\n\n\t\t<div class=\"section-content relative\">\n\t\t\t\n<div class=\"row row-collapse row-full-width\"  id=\"row-21544366\">\n\n\t<div id=\"col-39986811\" class=\"col small-12 large-12\"  >\n\t\t\t\t<div class=\"col-inner\"  >\n\t\t\t\n\t\t\t\n\n  <div class=\"banner has-hover\" id=\"banner-852358077\">\n          <div class=\"banner-inner fill\">\n        <div class=\"banner-bg fill\" >\n            <img decoding=\"async\" width=\"1707\" height=\"2560\" src=\"https:\/\/rocblanc.com\/wp-content\/uploads\/2022\/11\/image00007-scaled.jpeg\" class=\"bg attachment-original size-original\" alt=\"\" \/>                        <div class=\"overlay\"><\/div>            \n                    <\/div>\n\t\t\n        <div class=\"banner-layers container\">\n            <div class=\"fill banner-link\"><\/div>            \n   <div id=\"text-box-299317848\" class=\"text-box banner-layer x50 md-x50 lg-x50 y50 md-y50 lg-y50 res-text\">\n                                <div class=\"text-box-content text dark\">\n              \n              <div class=\"text-inner text-center\">\n                  \n<h1>Gastronomie \u00e0 l\u2019H\u00f4tel Roc Blanc Andorre<\/h1>\n              <\/div>\n           <\/div>\n                            \n<style>\n#text-box-299317848 {\n  width: 93%;\n}\n#text-box-299317848 .text-box-content {\n  font-size: 100%;\n}\n@media (min-width:550px) {\n  #text-box-299317848 {\n    width: 45%;\n  }\n}\n<\/style>\n    <\/div>\n \n        <\/div>\n      <\/div>\n\n            \n<style>\n#banner-852358077 {\n  padding-top: 500px;\n}\n#banner-852358077 .overlay {\n  background-color: rgba(0, 0, 0, 0.4);\n}\n#banner-852358077 .banner-bg img {\n  object-position: 60% 55%;\n}\n<\/style>\n  <\/div>\n\n\n\t\t<\/div>\n\t\t\t\t\t<\/div>\n\n\t\n<\/div>\n\t\t<\/div>\n\n\t\t\n<style>\n#section_1521060724 {\n  padding-top: 0px;\n  padding-bottom: 0px;\n}\n<\/style>\n\t<\/section>\n\t\n\n\t<section class=\"section\" id=\"section_1724827421\">\n\t\t<div class=\"section-bg fill\" >\n\t\t\t\t\t\t\t\t\t\n\t\t\t\n\n\t\t<\/div>\n\n\t\t\n\n\t\t<div class=\"section-content relative\">\n\t\t\t\n<div class=\"row align-center\"  id=\"row-1345800957\">\n\n\t<div id=\"col-1664507780\" class=\"col medium-9 small-12 large-8\"  >\n\t\t\t\t<div class=\"col-inner text-center box-shadow-3\" style=\"background-color:rgb(255, 255, 255);\" >\n\t\t\t\n\t\t\t\n<p>D\u00e9couvrez la v\u00e9ritable <strong>gastronomie \u00e0 l\u2019H\u00f4tel Roc Blanc Andorre<\/strong>, o\u00f9 chaque proposition culinaire est con\u00e7ue pour enrichir votre s\u00e9jour avec saveur, qualit\u00e9 et personnalit\u00e9. Au c\u0153ur d\u2019Escaldes-Engordany, nos espaces gastronomiques allient tradition, produits locaux et approche contemporaine pour vous offrir des moments uniques \u00e0 chaque instant de la journ\u00e9e. <\/p>\n\t\t<\/div>\n\t\t\t\t\n<style>\n#col-1664507780 > .col-inner {\n  padding: 30px 30px 30px 30px;\n  margin: -62px 0px 0px 0px;\n}\n<\/style>\n\t<\/div>\n\n\t\n<\/div>\n\t\t<\/div>\n\n\t\t\n<style>\n#section_1724827421 {\n  padding-top: 0px;\n  padding-bottom: 0px;\n}\n<\/style>\n\t<\/section>\n\t\n\n\t<section class=\"section sticky-menu\" id=\"section_1916424383\">\n\t\t<div class=\"section-bg fill\" >\n\t\t\t\t\t\t\t\t\t\n\t\t\t\n\n\t\t<\/div>\n\n\t\t\n\n\t\t<div class=\"section-content relative\">\n\t\t\t\n<div class=\"row align-center\"  id=\"row-1617113046\">\n\n\t<div id=\"col-1544718823\" class=\"col medium-8 small-12 large-8\"  >\n\t\t\t\t<div class=\"col-inner text-center\" style=\"background-color:rgb(255, 255, 255);\" >\n\t\t\t\n\t\t\t\n<a href=\"#lentrecote\" class=\"button primary is-underline is-smaller\" >\n\t\t<span>L&#039;entrec\u00f4te<\/span>\n\t<\/a>\n\n<a href=\"#cafeteria-terrace\" class=\"button primary is-underline is-smaller\" >\n\t\t<span>Caf\u00e9 &amp; Terrace<\/span>\n\t<\/a>\n\n<a href=\"#breakfast\" class=\"button primary is-underline is-smaller\" >\n\t\t<span>Petit-d\u00e9jeuner<\/span>\n\t<\/a>\n\n\t\t<\/div>\n\t\t\t\t\n<style>\n#col-1544718823 > .col-inner {\n  padding: 15px 0px 0px 0px;\n}\n<\/style>\n\t<\/div>\n\n\t\n<\/div>\n\t\t<\/div>\n\n\t\t\n<style>\n#section_1916424383 {\n  padding-top: 0px;\n  padding-bottom: 0px;\n}\n<\/style>\n\t<\/section>\n\t\n\n\t<section class=\"section\" id=\"section_1483231026\">\n\t\t<div class=\"section-bg fill\" >\n\t\t\t\t\t\t\t\t\t\n\t\t\t\n\n\t\t<\/div>\n\n\t\t\n\n\t\t<div class=\"section-content relative\">\n\t\t\t\n<span class=\"scroll-to\" data-label=\"Scroll to: #lentrecote\" data-bullet=\"false\" data-link=\"#lentrecote\" data-title=\"L\u2019Entrec\u00f4te\"><a name=\"lentrecote\"><\/a><\/span>\n<div class=\"row align-middle\"  id=\"row-704807473\">\n\n\t<div id=\"col-1967732527\" class=\"col medium-7 small-12 large-7\"  >\n\t\t\t\t<div class=\"col-inner text-left\"  >\n\t\t\t\n\t\t\t\n<h2><a href=\"https:\/\/rocblanc.com\/fr\/gastronomie\/restaurant-entrecote-andorre\/\">Restaurant L&rsquo;Entrec\u00f4te<\/a><\/h2>\n<h3>L\u2019art de l\u2019essentiel<\/h3>\n\t<div id=\"text-3883848059\" class=\"text\">\n\t\t\n<p>Un classique qui ne d\u00e9\u00e7oit jamais. Au <strong>Restaurant L\u2019Entrec\u00f4te<\/strong>, nous rendons hommage \u00e0 la simplicit\u00e9 bien ex\u00e9cut\u00e9e : <strong>des produits de premi\u00e8re qualit\u00e9<\/strong>, une technique impeccable et une ambiance \u00e9l\u00e9gante qui invite \u00e0 savourer chaque instant sans h\u00e2te. <\/p>\n<p>Notre sp\u00e9cialit\u00e9 \u2014 l\u2019entrec\u00f4te accompagn\u00e9e de notre sauce secr\u00e8te embl\u00e9matique \u2014 devient la star d\u2019une <strong>exp\u00e9rience gastronomique reconnue<\/strong> et appr\u00e9ci\u00e9e par nos clients et visiteurs. Id\u00e9ale pour un d\u00eener sp\u00e9cial ou pour ceux qui appr\u00e9cient les saveurs authentiques et pleines de caract\u00e8re. <\/p>\n<p><i class=\"fa-regular fa-clock\"><\/i> Horaires<br \/>Petit-d\u00e9jeuner : 8h00 \u2013 11h00<br \/>D\u00e9jeuner : 12h30 \u2013 15h00<br \/>D\u00eener : 20h00 \u2013 22h30<\/p>\n<p><i class=\"fa-light fa-mobile\"><\/i> Contact<br \/><i class=\"fa-light fa-phone\"><\/i>+376 871475<\/p>\n\t\t\n<style>\n#text-3883848059 {\n  text-align: left;\n}\n<\/style>\n\t<\/div>\n\t\n<a href=\"https:\/\/rocblanc.com\/fr\/gastronomie\/restaurant-entrecote-andorre\/\" class=\"button primary is-underline\" >\n\t\t<span>D\u00e9couvrir<\/span>\n\t<\/a>\n\n\t\t<\/div>\n\t\t\t\t\n<style>\n#col-1967732527 > .col-inner {\n  padding: 0px 0px 0px 10px;\n  margin: 0px 0px 0px 0px;\n}\n@media (min-width:550px) {\n  #col-1967732527 > .col-inner {\n    padding: 50px 50% 30px 5%;\n    margin: 0px 0px 0px 0px;\n  }\n}\n@media (min-width:850px) {\n  #col-1967732527 > .col-inner {\n    padding: 30px 30px 0px 0px;\n  }\n}\n<\/style>\n\t<\/div>\n\n\t\n\n\t<div id=\"col-456198821\" class=\"col medium-5 small-12 large-5 small-col-first\"  >\n\t\t\t\t<div class=\"col-inner text-left\"  >\n\t\t\t\n\t\t\t\n\t<div class=\"img has-hover x md-x lg-x y md-y lg-y\" id=\"image_1587691107\">\n\t\t\t\t\t\t\t\t<div class=\"img-inner image-cover dark\" style=\"padding-top:120%;\">\n\t\t\t<img decoding=\"async\" width=\"1020\" height=\"574\" src=\"https:\/\/rocblanc.com\/wp-content\/uploads\/2025\/11\/Hotel-Roc-Blanc-Andorra-Escaldes-lentrecot-restaurant-31-1024x576.webp\" class=\"attachment-large size-large\" alt=\"\" srcset=\"https:\/\/rocblanc.com\/wp-content\/uploads\/2025\/11\/Hotel-Roc-Blanc-Andorra-Escaldes-lentrecot-restaurant-31-1024x576.webp 1024w, https:\/\/rocblanc.com\/wp-content\/uploads\/2025\/11\/Hotel-Roc-Blanc-Andorra-Escaldes-lentrecot-restaurant-31-300x169.webp 300w, https:\/\/rocblanc.com\/wp-content\/uploads\/2025\/11\/Hotel-Roc-Blanc-Andorra-Escaldes-lentrecot-restaurant-31-768x432.webp 768w, https:\/\/rocblanc.com\/wp-content\/uploads\/2025\/11\/Hotel-Roc-Blanc-Andorra-Escaldes-lentrecot-restaurant-31.webp 1344w\" sizes=\"(max-width: 1020px) 100vw, 1020px\" \/>\t\t\t\t\t\t\n\t\t\t\t\t<\/div>\n\t\t\t\t\t\t\t\t\n<style>\n#image_1587691107 {\n  width: 100%;\n}\n<\/style>\n\t<\/div>\n\t\n\t\t<\/div>\n\t\t\t\t\n<style>\n#col-456198821 > .col-inner {\n  padding: 0px 0px 0px 0px;\n  margin: 0px 0px 0px 0px;\n}\n@media (min-width:550px) {\n  #col-456198821 > .col-inner {\n    padding: 50px 50% 30px 5%;\n    margin: 0px 0px 0px 0px;\n  }\n}\n@media (min-width:850px) {\n  #col-456198821 > .col-inner {\n    padding: 30px 0px 0px 0px;\n  }\n}\n<\/style>\n\t<\/div>\n\n\t\n<\/div>\n\t\t<\/div>\n\n\t\t\n<style>\n#section_1483231026 {\n  padding-top: 0px;\n  padding-bottom: 0px;\n}\n@media (min-width:550px) {\n  #section_1483231026 {\n    padding-top: 30px;\n    padding-bottom: 30px;\n  }\n}\n<\/style>\n\t<\/section>\n\t\n\n\t<section class=\"section\" id=\"section_1157836796\">\n\t\t<div class=\"section-bg fill\" >\n\t\t\t\t\t\t\t\t\t\n\t\t\t\n\n\t\t<\/div>\n\n\t\t\n\n\t\t<div class=\"section-content relative\">\n\t\t\t\n<span class=\"scroll-to\" data-label=\"Scroll to: #cafeteria-terrace\" data-bullet=\"false\" data-link=\"#cafeteria-terrace\" data-title=\"Caf\u00e9 &amp; Terrasse\"><a name=\"cafeteria-terrace\"><\/a><\/span>\n<div class=\"row align-middle\"  id=\"row-273156132\">\n\n\t<div id=\"col-1763553349\" class=\"col medium-5 small-12 large-5\"  >\n\t\t\t\t<div class=\"col-inner text-left\"  >\n\t\t\t\n\t\t\t\n\t<div class=\"img has-hover x md-x lg-x y md-y lg-y\" id=\"image_230974293\">\n\t\t\t\t\t\t\t\t<div class=\"img-inner image-cover dark\" style=\"padding-top:120%;\">\n\t\t\t<img decoding=\"async\" width=\"1020\" height=\"574\" src=\"https:\/\/rocblanc.com\/wp-content\/uploads\/2025\/07\/Terraza-en-Andorra-Restaurante-L-Entrecote-1024x576.webp\" class=\"attachment-large size-large\" alt=\"Terraza del Restaurante L\u2019Entrec\u00f4te, en el coraz\u00f3n de Escaldes-Engordany\" srcset=\"https:\/\/rocblanc.com\/wp-content\/uploads\/2025\/07\/Terraza-en-Andorra-Restaurante-L-Entrecote-1024x576.webp 1024w, https:\/\/rocblanc.com\/wp-content\/uploads\/2025\/07\/Terraza-en-Andorra-Restaurante-L-Entrecote-300x169.webp 300w, https:\/\/rocblanc.com\/wp-content\/uploads\/2025\/07\/Terraza-en-Andorra-Restaurante-L-Entrecote-768x432.webp 768w, https:\/\/rocblanc.com\/wp-content\/uploads\/2025\/07\/Terraza-en-Andorra-Restaurante-L-Entrecote-1536x864.webp 1536w, https:\/\/rocblanc.com\/wp-content\/uploads\/2025\/07\/Terraza-en-Andorra-Restaurante-L-Entrecote.webp 2000w\" sizes=\"(max-width: 1020px) 100vw, 1020px\" \/>\t\t\t\t\t\t\n\t\t\t\t\t<\/div>\n\t\t\t\t\t\t\t\t\n<style>\n#image_230974293 {\n  width: 100%;\n}\n<\/style>\n\t<\/div>\n\t\n\t\t<\/div>\n\t\t\t\t\n<style>\n#col-1763553349 > .col-inner {\n  padding: 0px 0px 0px 0%;\n  margin: 0px 0px 0px 0px;\n}\n@media (min-width:550px) {\n  #col-1763553349 > .col-inner {\n    padding: 50px 50% 30px 5%;\n    margin: 0px 0px 0px 0px;\n  }\n}\n@media (min-width:850px) {\n  #col-1763553349 > .col-inner {\n    padding: 30px 0px 0px 0px;\n  }\n}\n<\/style>\n\t<\/div>\n\n\t\n\n\t<div id=\"col-1582625186\" class=\"col medium-7 small-12 large-7\"  >\n\t\t\t\t<div class=\"col-inner text-left\"  >\n\t\t\t\n\t\t\t\n<h2><a href=\"https:\/\/rocblanc.com\/fr\/gastronomie\/cafeteria-terrasse-andorra\/\">Caf\u00e9 &amp; Terrace<\/a><\/h2>\n<h3>Des moments \u00e0 savourer sans se presser<\/h3>\n\t<div id=\"text-109702392\" class=\"text\">\n\t\t\n<p>Un espace polyvalent, chaleureux et baign\u00e9 de lumi\u00e8re naturelle, o\u00f9 chaque moment de la journ\u00e9e trouve sa place. Que ce soit pour un caf\u00e9 le matin, un d\u00e9jeuner l\u00e9ger ou un verre en fin d\u2019apr\u00e8s-midi, notre caf\u00e9 et sa terrasse offrent une atmosph\u00e8re d\u00e9tendue au c\u0153ur d\u2019Andorre. <\/p>\n<p>Savourez une s\u00e9lection de tapas, encas et boissons dans un cadre id\u00e9al pour se d\u00e9tendre, socialiser ou simplement se laisser porter par le rythme tranquille de la montagne.<\/p>\n<p><i class=\"fa-regular fa-clock\"><\/i> Horaires<br \/>8h00 \u2013 00h00<\/p>\n<p><i class=\"fa-light fa-mobile\"><\/i> Contact<br \/><i class=\"fa-light fa-phone\"><\/i>+376 871475<\/p>\n\t\t\n<style>\n#text-109702392 {\n  text-align: left;\n}\n<\/style>\n\t<\/div>\n\t\n<a href=\"https:\/\/rocblanc.com\/fr\/gastronomie\/cafeteria-terrasse-andorra\/\" class=\"button primary is-underline\" >\n\t\t<span>D\u00e9couvrir<\/span>\n\t<\/a>\n\n\t\t<\/div>\n\t\t\t\t\n<style>\n#col-1582625186 > .col-inner {\n  padding: 0px 0px 0px 0px;\n  margin: 0px 0px 0px 0px;\n}\n@media (min-width:550px) {\n  #col-1582625186 > .col-inner {\n    padding: 50px 50% 30px 5%;\n    margin: 0px 0px 0px 0px;\n  }\n}\n@media (min-width:850px) {\n  #col-1582625186 > .col-inner {\n    padding: 30px 0px 30px 30px;\n  }\n}\n<\/style>\n\t<\/div>\n\n\t\n<\/div>\n\t\t<\/div>\n\n\t\t\n<style>\n#section_1157836796 {\n  padding-top: 0px;\n  padding-bottom: 0px;\n}\n@media (min-width:550px) {\n  #section_1157836796 {\n    padding-top: 30px;\n    padding-bottom: 30px;\n  }\n}\n<\/style>\n\t<\/section>\n\t\n\n\t<section class=\"section\" id=\"section_1112340598\">\n\t\t<div class=\"section-bg fill\" >\n\t\t\t\t\t\t\t\t\t\n\t\t\t\n\n\t\t<\/div>\n\n\t\t\n\n\t\t<div class=\"section-content relative\">\n\t\t\t\n<span class=\"scroll-to\" data-label=\"Scroll to: #breakfast\" data-bullet=\"false\" data-link=\"#breakfast\" data-title=\"Petit-d\u00e9jeuner\"><a name=\"breakfast\"><\/a><\/span>\n<div class=\"row align-middle\"  id=\"row-2066482793\">\n\n\t<div id=\"col-2120303843\" class=\"col medium-7 small-12 large-7\"  >\n\t\t\t\t<div class=\"col-inner text-left\"  >\n\t\t\t\n\t\t\t\n<h2><a href=\"https:\/\/rocblanc.com\/fr\/gastronomie\/petit-dejeuner\/\">Petit-d\u00e9jeuner<\/a><\/h2>\n<h3>Le plaisir de bien commencer la journ\u00e9e<\/h3>\n\t<div id=\"text-2474072817\" class=\"text\">\n\t\t\n<p>\u00c0 Roc Blanc, notre buffet petit-d\u00e9jeuner en Andorre se distingue par sa vari\u00e9t\u00e9 fra\u00eeche et saine, pens\u00e9e pour tous les go\u00fbts et tous les modes de vie.<\/p>\n<p>Savourez des fruits de saison, des smoothies naturels, des viennoiseries sans gluten et un espace d\u00e9di\u00e9 aux options v\u00e9g\u00e9taliennes et v\u00e9g\u00e9tariennes avec des laits v\u00e9g\u00e9taux, des yaourts et des c\u00e9r\u00e9ales compl\u00e8tes. D\u00e9couvrez \u00e9galement les saveurs des fromages locaux des Pyr\u00e9n\u00e9es, des charcuteries, du pain de campagne fra\u00eechement cuit et du miel artisanal pour un v\u00e9ritable petit-d\u00e9jeuner andorran. <\/p>\n<p>Vous trouverez \u00e9galement du pain frais, des \u0153ufs pr\u00e9par\u00e9s \u00e0 la demande, du bacon croustillant, des fromages internationaux et des viennoiseries artisanales : une mani\u00e8re id\u00e9ale de commencer la journ\u00e9e avant de d\u00e9couvrir tout ce qu\u2019Andorre a \u00e0 offrir.<\/p>\n<p><i class=\"fa-regular fa-clock\"><\/i> Horaires<br \/>7h30 \u2013 10h30<\/p>\n<p><i class=\"fa-light fa-mobile\"><\/i> Contact<br \/><i class=\"fa-light fa-phone\"><\/i> +376 871475<\/p>\n\t\t\n<style>\n#text-2474072817 {\n  text-align: left;\n}\n<\/style>\n\t<\/div>\n\t\n<a href=\"https:\/\/rocblanc.com\/fr\/gastronomie\/petit-dejeuner\/\" class=\"button primary is-underline\" >\n\t\t<span>D\u00e9couvrir<\/span>\n\t<\/a>\n\n\t\t<\/div>\n\t\t\t\t\n<style>\n#col-2120303843 > .col-inner {\n  padding: 0px 0px 0px 0px;\n  margin: 0px 0px 0px 0px;\n}\n@media (min-width:550px) {\n  #col-2120303843 > .col-inner {\n    padding: 50px 50% 30px 5%;\n    margin: 0px 0px 0px 0px;\n  }\n}\n@media (min-width:850px) {\n  #col-2120303843 > .col-inner {\n    padding: 30px 30px 30px 0px;\n  }\n}\n<\/style>\n\t<\/div>\n\n\t\n\n\t<div id=\"col-1295029846\" class=\"col medium-5 small-12 large-5 small-col-first\"  >\n\t\t\t\t<div class=\"col-inner text-left\"  >\n\t\t\t\n\t\t\t\n\t<div class=\"img has-hover x md-x lg-x y md-y lg-y\" id=\"image_1436191303\">\n\t\t\t\t\t\t\t\t<div class=\"img-inner image-cover dark\" style=\"padding-top:120%;\">\n\t\t\t<img decoding=\"async\" width=\"1020\" height=\"1020\" src=\"https:\/\/rocblanc.com\/wp-content\/uploads\/2022\/12\/breakfast-options-roc-blanc-hotel-spa-andorra-1-1024x1024.webp\" class=\"attachment-large size-large\" alt=\"\" srcset=\"https:\/\/rocblanc.com\/wp-content\/uploads\/2022\/12\/breakfast-options-roc-blanc-hotel-spa-andorra-1-1024x1024.webp 1024w, https:\/\/rocblanc.com\/wp-content\/uploads\/2022\/12\/breakfast-options-roc-blanc-hotel-spa-andorra-1-300x300.webp 300w, https:\/\/rocblanc.com\/wp-content\/uploads\/2022\/12\/breakfast-options-roc-blanc-hotel-spa-andorra-1-150x150.webp 150w, https:\/\/rocblanc.com\/wp-content\/uploads\/2022\/12\/breakfast-options-roc-blanc-hotel-spa-andorra-1-768x768.webp 768w, https:\/\/rocblanc.com\/wp-content\/uploads\/2022\/12\/breakfast-options-roc-blanc-hotel-spa-andorra-1-1536x1536.webp 1536w, https:\/\/rocblanc.com\/wp-content\/uploads\/2022\/12\/breakfast-options-roc-blanc-hotel-spa-andorra-1.webp 2000w\" sizes=\"(max-width: 1020px) 100vw, 1020px\" \/>\t\t\t\t\t\t\n\t\t\t\t\t<\/div>\n\t\t\t\t\t\t\t\t\n<style>\n#image_1436191303 {\n  width: 100%;\n}\n<\/style>\n\t<\/div>\n\t\n\t\t<\/div>\n\t\t\t\t\n<style>\n#col-1295029846 > .col-inner {\n  padding: 0px 0px 0px 0px;\n  margin: 0px 0px 0px 0px;\n}\n@media (min-width:550px) {\n  #col-1295029846 > .col-inner {\n    padding: 50px 50% 30px 5%;\n    margin: 0px 0px 0px 0px;\n  }\n}\n@media (min-width:850px) {\n  #col-1295029846 > .col-inner {\n    padding: 30px 5% 30px 0px;\n  }\n}\n<\/style>\n\t<\/div>\n\n\t\n<\/div>\n\t\t<\/div>\n\n\t\t\n<style>\n#section_1112340598 {\n  padding-top: 0px;\n  padding-bottom: 0px;\n}\n@media (min-width:550px) {\n  #section_1112340598 {\n    padding-top: 30px;\n    padding-bottom: 30px;\n  }\n}\n<\/style>\n\t<\/section>\n\t\n\n\t<section class=\"section\" id=\"section_1911584402\">\n\t\t<div class=\"section-bg fill\" >\n\t\t\t\t\t\t\t\t\t\n\t\t\t\n\n\t\t<\/div>\n\n\t\t\n\n\t\t<div class=\"section-content relative\">\n\t\t\t\r\n\r\n<div class=\"row align-equal align-center\"  id=\"row-607371956\">\r\n\r\n\n\t<div id=\"col-355622147\" class=\"col small-12 large-12\"  >\n\t\t\t\t<div class=\"col-inner\"  >\n\t\t\t\n\t\t\t\r\n\r\n<div class=\"container section-title-container\" ><h2 class=\"section-title section-title-center\"><b aria-hidden=\"true\"><\/b><span class=\"section-title-main\" >AVIS DE L'HOTEL<\/span><b aria-hidden=\"true\"><\/b><\/h2><\/div>\r\n\r\n\r\n\t\t<\/div>\n\t\t\t\t\t<\/div>\n\n\t\r\n\n\t<div id=\"col-897585238\" class=\"col medium-6 small-12 large-6\"  >\n\t\t\t\t<div class=\"col-inner text-center\"  >\n\t\t\t\n\t\t\t\r\n\r\n\n\n<div id=\"google-business-reviews-rating\" class=\"google-business-reviews-rating gmbrr badge tiny no-outline link\" data-href=\"https:\/\/search.google.com\/local\/writereview?placeid=ChIJq0TqrUd3pRIREu0kahGY39A\">\r\n\t<p class=\"rating\"><span class=\"attribution google-icon\" title=\"Powered by Google\"><\/span> <span class=\"number\">4,2<\/span> <span class=\"all-stars animate\"><span class=\"star\"><\/span><span class=\"star\"><\/span><span class=\"star\"><\/span><span class=\"star\"><\/span><span class=\"star split-20-80\"><\/span><\/span> <a href=\"https:\/\/search.google.com\/local\/reviews?placeid=ChIJq0TqrUd3pRIREu0kahGY39A\" target=\"_blank\" rel=\"nofollow noopener\" class=\"count\">2\u00a0226 reviews<\/a><\/p>\r\n<\/div>\r\n\n\r\n\r\n\t\t<\/div>\n\t\t\t\t\n<style>\n#col-897585238 > .col-inner {\n  margin: -35px 0px 0px 0px;\n}\n<\/style>\n\t<\/div>\n\n\t\r\n\r\n<\/div>\r\n<div class=\"row align-equal\"  id=\"row-421081822\">\r\n\r\n\n\t<div id=\"col-535999229\" class=\"col medium-4 small-12 large-4\"  >\n\t\t\t\t<div class=\"col-inner box-shadow-3\"  >\n\t\t\t\n\t<div class=\"is-border\"\n\t\tstyle=\"border-color:rgb(1, 38, 69);border-radius:20px;border-width:5px 5px 5px 5;\">\n\t<\/div>\n\t\t\t\r\n\r\n<h4><span style=\"font-size: 110%;\"><i class=\"fa-light fa-people-pants\"><\/i> S\u00e9jour en couple, Rosa<\/span> <i class=\"fa-light fa-octagon-check\"><\/i><\/h4>\n<p><em>Super douillet, tr\u00e8s bien situ\u00e9, et une \u00e9quipe 10 \u00e9toiles..... id\u00e9al pour une semaine romantique !<\/em><\/p>\n<p><i class=\"fa-light fa-circle-star\"><\/i> <strong>5\/<span style=\"font-size: 75%;\">5<\/span>-\u00e9toiles, Parfait<\/strong><\/p>\r\n\r\n\t\t<\/div>\n\t\t\t\t\n<style>\n#col-535999229 > .col-inner {\n  padding: 20px 20px 20px 20px;\n  border-radius: 20px;\n}\n<\/style>\n\t<\/div>\n\n\t\r\n\n\t<div id=\"col-1085274150\" class=\"col medium-4 small-12 large-4\"  >\n\t\t\t\t<div class=\"col-inner box-shadow-3\"  >\n\t\t\t\n\t<div class=\"is-border\"\n\t\tstyle=\"border-color:rgb(1, 38, 69);border-radius:20px;border-width:5px 5px 5px 5;\">\n\t<\/div>\n\t\t\t\r\n\r\n<h4><span style=\"font-size: 110%;\"><i class=\"fa-light fa-spa\"><\/i> S\u00e9journer au Spa, Tricia<\/span> <i class=\"fa-light fa-octagon-check\"><\/i><\/h4>\n<p><em>Ma chambre \u00e9tait pittoresque et adorable. Tr\u00e8s confortable avec une \u00e9norme baignoire... un vrai plus pour moi. Le buffet du petit-d\u00e9jeuner est d\u00e9licieux et j'ai beaucoup appr\u00e9ci\u00e9 mon massage et le spa. C'\u00e9tait une fa\u00e7on formidable et relaxante de c\u00e9l\u00e9brer la nouvelle ann\u00e9e.<\/em><\/p>\n<p><i class=\"fa-light fa-circle-star\"><\/i><strong> 5\/<span style=\"font-size: 75%;\">5<\/span>-\u00e9toiles, Grand<\/strong><\/p>\r\n\r\n\t\t<\/div>\n\t\t\t\t\n<style>\n#col-1085274150 > .col-inner {\n  padding: 20px 20px 20px 20px;\n  border-radius: 20px;\n}\n<\/style>\n\t<\/div>\n\n\t\r\n\n\t<div id=\"col-593594082\" class=\"col medium-4 small-12 large-4\"  >\n\t\t\t\t<div class=\"col-inner box-shadow-3\"  >\n\t\t\t\n\t<div class=\"is-border\"\n\t\tstyle=\"border-color:rgb(1, 38, 69);border-radius:20px;border-width:5 5px 5px 5px;\">\n\t<\/div>\n\t\t\t\r\n\r\n<h4><span style=\"font-size: 110%;\"><i class=\"fa-light fa-bag-shopping\"><\/i> S\u00e9jour pour faire du Shopping et Spa, Bural<\/span> <i class=\"fa-light fa-octagon-check\"><\/i><\/h4>\n<p><em>Emplacement imbattable, \u00e0 c\u00f4t\u00e9 de la zone commerciale et de Caldea.<br>\nPersonnel tr\u00e8s gentil et serviable. La chambre et le petit-d\u00e9jeuner \u00e9taient tr\u00e8s bons.<br>\nJe vous recommande vivement de le visiter !<\/em><\/p>\n<p><i class=\"fa-thin fa-circle-star\"><\/i><strong> 5\/<span style=\"font-size: 75%;\">5<\/span>-\u00e9toiles, Imbattable<\/strong><\/p>\r\n\r\n\t\t<\/div>\n\t\t\t\t\n<style>\n#col-593594082 > .col-inner {\n  padding: 20px 20px 20px 20px;\n  border-radius: 20px;\n}\n<\/style>\n\t<\/div>\n\n\t\r\n\r\n<\/div>\r\n\r\n\t\t<\/div>\n\n\t\t\n<style>\n#section_1911584402 {\n  padding-top: 30px;\n  padding-bottom: 30px;\n}\n<\/style>\n\t<\/section>\n\t\n\t<div id=\"gap-767700859\" class=\"gap-element clearfix\" style=\"display:block; height:auto;\">\n\t\t\n<style>\n#gap-767700859 {\n  padding-top: 60px;\n}\n<\/style>\n\t<\/div>\n\t\n\n\t<section class=\"section has-mask mask-arrow-large\" id=\"section_1650224902\">\n\t\t<div class=\"section-bg fill\" >\n\t\t\t<img decoding=\"async\" width=\"1920\" height=\"563\" src=\"https:\/\/rocblanc.com\/wp-content\/uploads\/2022\/11\/tejado-del-hotel-y-vistas-de-los-edificios-circundantes-Hotel-Roc-Blanc.webp\" class=\"bg attachment-original size-original\" alt=\"\" \/>\t\t\t\t\t\t<div class=\"section-bg-overlay absolute fill\"><\/div>\n\t\t\t\n\n\t\t<\/div>\n\n\t\t\n\n\t\t<div class=\"section-content relative\">\n\t\t\t\n\n<div class=\"row row-collapse align-middle align-center\"  id=\"row-397338347\">\n\n\n\t<div id=\"col-558777316\" class=\"col medium-6 small-12 large-6\"  >\n\t\t\t\t<div class=\"col-inner text-center dark\"  >\n\t\t\t\n\t\t\t\n\n\t<div id=\"text-4170242574\" class=\"text\">\n\t\t\n\n<p style=\"font-size: 1.3em; letter-spacing: 0.3em;\"><strong>AVANTAGES DES R\u00c9SERVATIONS DIRECTES <\/strong><\/p>\n\t\t\n<style>\n#text-4170242574 {\n  text-align: center;\n}\n<\/style>\n\t<\/div>\n\t\n\t<div id=\"text-878845357\" class=\"text\">\n\t\t\n\n<p style=\"font-size: 1.1em;\"><i class=\"fa-regular fa-tags\"><\/i> Meilleurs Prix Direct \u00b7 <i class=\"fa-regular fa-shuffle\"><\/i> Tarifs Flexibles \u00b7 <i class=\"fa-regular fa-check\"><\/i> Confirmation Imm\u00e9diate de la R\u00e9servation \u00b7 <i class=\"fa-regular fa-lock\"><\/i> Paiement S\u00e9curis\u00e9<\/p>\n\t\t\n<style>\n#text-878845357 {\n  text-align: center;\n}\n<\/style>\n\t<\/div>\n\t\n\n\t\t<\/div>\n\t\t\t\t\t<\/div>\n\n\t\n\n\t<div id=\"col-201582499\" class=\"col medium-5 small-12 large-4\"  >\n\t\t\t\t<div class=\"col-inner text-center\"  >\n\t\t\t\n\t\t\t\n\n<a href=\"https:\/\/reservas.rocblanc.com\/rocblanc\/availability?lang=fr\" target=\"_blank\" class=\"button primary is-large box-shadow-2\" rel=\"noopener\">\n\t\t<span>r\u00e9server maintenant<\/span>\n\t<\/a>\n\n\n\n\t\t<\/div>\n\t\t\t\t\t<\/div>\n\n\t\n\n\n<style>\n#row-397338347 > .col > .col-inner {\n  padding: 50px 20px 0px 20px;\n}\n@media (min-width:550px) {\n  #row-397338347 > .col > .col-inner {\n    padding: 100px 0px 0px 0px;\n  }\n}\n<\/style>\n<\/div>\n\n\t\t<\/div>\n\n\t\t\n<style>\n#section_1650224902 {\n  padding-top: 30px;\n  padding-bottom: 30px;\n}\n#section_1650224902 .section-bg-overlay {\n  background-color: rgba(0, 0, 0, 0.6);\n}\n<\/style>\n\t<\/section>\n\t\n","protected":false},"excerpt":{"rendered":"","protected":false},"author":6,"featured_media":4712,"parent":0,"menu_order":0,"comment_status":"closed","ping_status":"closed","template":"page-blank.php","meta":{"footnotes":""},"class_list":["post-1668","page","type-page","status-publish","has-post-thumbnail","hentry"],"_links":{"self":[{"href":"https:\/\/rocblanc.com\/fr\/wp-json\/wp\/v2\/pages\/1668","targetHints":{"allow":["GET"]}}],"collection":[{"href":"https:\/\/rocblanc.com\/fr\/wp-json\/wp\/v2\/pages"}],"about":[{"href":"https:\/\/rocblanc.com\/fr\/wp-json\/wp\/v2\/types\/page"}],"author":[{"embeddable":true,"href":"https:\/\/rocblanc.com\/fr\/wp-json\/wp\/v2\/users\/6"}],"replies":[{"embeddable":true,"href":"https:\/\/rocblanc.com\/fr\/wp-json\/wp\/v2\/comments?post=1668"}],"version-history":[{"count":0,"href":"https:\/\/rocblanc.com\/fr\/wp-json\/wp\/v2\/pages\/1668\/revisions"}],"wp:featuredmedia":[{"embeddable":true,"href":"https:\/\/rocblanc.com\/fr\/wp-json\/wp\/v2\/media\/4712"}],"wp:attachment":[{"href":"https:\/\/rocblanc.com\/fr\/wp-json\/wp\/v2\/media?parent=1668"}],"curies":[{"name":"wp","href":"https:\/\/api.w.org\/{rel}","templated":true}]}}