{"id":1679,"date":"2022-12-23T10:41:24","date_gmt":"2022-12-23T09:41:24","guid":{"rendered":"https:\/\/rocblanc.com\/avis\/"},"modified":"2025-09-18T13:04:39","modified_gmt":"2025-09-18T11:04:39","slug":"avis","status":"publish","type":"page","link":"https:\/\/rocblanc.com\/fr\/avis\/","title":{"rendered":"Avis"},"content":{"rendered":"\n\t<section class=\"section\" id=\"section_871244402\">\n\t\t<div class=\"section-bg fill\" >\n\t\t\t<img decoding=\"async\" width=\"2000\" height=\"1125\" src=\"https:\/\/rocblanc.com\/wp-content\/uploads\/2022\/12\/escaleras-mecanicas-hotel-roc-blanc-andorra-spa.webp\" class=\"bg attachment-original size-original\" alt=\"electric stairs in hotel - roc blanc hotel &amp; spa andorra\" \/>\t\t\t\t\t\t<div class=\"section-bg-overlay absolute fill\"><\/div>\n\t\t\t\n\n\t\t<\/div>\n\n\t\t\n\n\t\t<div class=\"section-content relative\">\n\t\t\t\n<div class=\"row align-center\"  id=\"row-1544339897\">\n\n\t<div id=\"col-1855999724\" class=\"col medium-7 small-12 large-7\"  >\n\t\t\t\t<div class=\"col-inner\"  >\n\t\t\t\n\t\t\t\n\t<div id=\"text-777969674\" class=\"text\">\n\t\t\n<h1>Avis H\u00f4tel Roc Blanc Andorre<\/h1>\n\t\t\n<style>\n#text-777969674 {\n  font-size: 1.4rem;\n  text-align: center;\n}\n<\/style>\n\t<\/div>\n\t\n\t\t<\/div>\n\t\t\t\t\t<\/div>\n\n\t\n<\/div>\n\t\t<\/div>\n\n\t\t\n<style>\n#section_871244402 {\n  padding-top: 0px;\n  padding-bottom: 0px;\n  min-height: 300px;\n}\n#section_871244402 .section-bg-overlay {\n  background-color: rgba(255, 255, 255, 0.86);\n}\n#section_871244402 .section-bg img {\n  object-position: 65% 29%;\n}\n<\/style>\n\t<\/section>\n\t\n\n\t<section class=\"section\" id=\"section_2025210919\">\n\t\t<div class=\"section-bg fill\" >\n\t\t\t\t\t\t\t\t\t\n\t\t\t\n\n\t\t<\/div>\n\n\t\t\n\n\t\t<div class=\"section-content relative\">\n\t\t\t\n<div class=\"row align-center\"  id=\"row-1229750591\">\n\n\t<div id=\"col-1351911688\" class=\"col medium-7 small-12 large-7\"  >\n\t\t\t\t<div class=\"col-inner\"  >\n\t\t\t\n\t\t\t\n\t<div id=\"gap-1225471067\" class=\"gap-element clearfix\" style=\"display:block; height:auto;\">\n\t\t\n<style>\n#gap-1225471067 {\n  padding-top: 30px;\n}\n<\/style>\n\t<\/div>\n\t\n\t<div id=\"text-654089486\" class=\"text\">\n\t\t\n<h2 class=\"thin-font\">Ce que disent nos clients<\/h2>\n<p>\u00c0 <strong>l\u2019H\u00f4tel Roc Blanc Andorre<\/strong>, hospitalit\u00e9 et tradition se rencontrent au c\u0153ur d\u2019Escaldes-Engordany. R\u00e9put\u00e9 pour son c\u00e9l\u00e8bre <a href=\"https:\/\/rocblanc.com\/fr\/spa\/\">spa thermal<\/a>, son emplacement central et son histoire, le Roc Blanc est une v\u00e9ritable <strong>r\u00e9f\u00e9rence de l\u2019hospitalit\u00e9 andorrane<\/strong>. <\/p>\n<p>Voici ce que disent nos clients dans leurs avis sur <a href=\"https:\/\/rocblanc.com\/fr\">l\u2019H\u00f4tel Roc Blanc Andorre<\/a>.<\/p>\n\t\t\n<style>\n#text-654089486 {\n  text-align: center;\n}\n<\/style>\n\t<\/div>\n\t\n\t\t<\/div>\n\t\t\t\t\t<\/div>\n\n\t\n<\/div>\n<div class=\"row align-equal\"  id=\"row-2014123825\">\n\n\t<div id=\"col-1932448512\" class=\"col medium-4 small-12 large-4\"  >\n\t\t\t\t<div class=\"col-inner\" style=\"background-color:rgb(240, 240, 240);\" >\n\t\t\t\n\t\t\t\n  <div class=\"icon-box testimonial-box icon-box-center text-center\">\n                <div class=\"icon-box-img testimonial-image circle\" style=\"width: 80px\">\n              <img decoding=\"async\" width=\"150\" height=\"150\" src=\"https:\/\/rocblanc.com\/wp-content\/uploads\/2025\/09\/Reviews-Hotel-Roc-Blanc-Andorra-32-150x150.webp\" class=\"attachment-thumbnail size-thumbnail\" alt=\"\" srcset=\"https:\/\/rocblanc.com\/wp-content\/uploads\/2025\/09\/Reviews-Hotel-Roc-Blanc-Andorra-32-150x150.webp 150w, https:\/\/rocblanc.com\/wp-content\/uploads\/2025\/09\/Reviews-Hotel-Roc-Blanc-Andorra-32-300x300.webp 300w, https:\/\/rocblanc.com\/wp-content\/uploads\/2025\/09\/Reviews-Hotel-Roc-Blanc-Andorra-32.webp 500w\" sizes=\"(max-width: 150px) 100vw, 150px\" \/>        <\/div>\n                <div class=\"icon-box-text p-last-0\">\n          <div class=\"star-rating\" role=\"img\" aria-label=\"Rated 5 out of 5\"><span style=\"width:100%\"><strong class=\"rating\"><\/strong><\/span><\/div>  \t\t\t\t<div class=\"testimonial-text line-height-small italic test_text first-reset last-reset is-italic\">\n            \n\t<div id=\"gap-937786630\" class=\"gap-element clearfix\" style=\"display:block; height:auto;\">\n\t\t\n<style>\n#gap-937786630 {\n  padding-top: 10px;\n}\n<\/style>\n\t<\/div>\n\t\n<h3>Un spa incroyable et un emplacement parfait<\/h3>\n<p><em>\u201cLe spa thermal \u00e9tait merveilleux apr\u00e8s une journ\u00e9e de shopping et de ski. L\u2019emplacement est id\u00e9al, en plein centre-ville.\u201d<\/em><\/p>\n          <\/div>\n          <div class=\"testimonial-meta pt-half\">\n             <strong class=\"testimonial-name test_name\">Maria Fern\u00e1ndez<\/strong>\n                          <span class=\"testimonial-company test_company\"><\/span>\n          <\/div>\n        <\/div>\n  <\/div>\n\n  \n\t\t<\/div>\n\t\t\t\t\n<style>\n#col-1932448512 > .col-inner {\n  padding: 20px 30px 30px 30px;\n  margin: 0px 0px 0px 0px;\n}\n<\/style>\n\t<\/div>\n\n\t\n\n\t<div id=\"col-1930346430\" class=\"col medium-4 small-12 large-4\"  >\n\t\t\t\t<div class=\"col-inner\" style=\"background-color:rgb(240, 240, 240);\" >\n\t\t\t\n\t\t\t\n  <div class=\"icon-box testimonial-box icon-box-center text-center\">\n                <div class=\"icon-box-img testimonial-image circle\" style=\"width: 80px\">\n              <img decoding=\"async\" width=\"150\" height=\"150\" src=\"https:\/\/rocblanc.com\/wp-content\/uploads\/2025\/09\/Reviews-Hotel-Roc-Blanc-Andorra-1-150x150.webp\" class=\"attachment-thumbnail size-thumbnail\" alt=\"\" srcset=\"https:\/\/rocblanc.com\/wp-content\/uploads\/2025\/09\/Reviews-Hotel-Roc-Blanc-Andorra-1-150x150.webp 150w, https:\/\/rocblanc.com\/wp-content\/uploads\/2025\/09\/Reviews-Hotel-Roc-Blanc-Andorra-1-300x300.webp 300w, https:\/\/rocblanc.com\/wp-content\/uploads\/2025\/09\/Reviews-Hotel-Roc-Blanc-Andorra-1.webp 500w\" sizes=\"(max-width: 150px) 100vw, 150px\" \/>        <\/div>\n                <div class=\"icon-box-text p-last-0\">\n          <div class=\"star-rating\" role=\"img\" aria-label=\"Rated 5 out of 5\"><span style=\"width:100%\"><strong class=\"rating\"><\/strong><\/span><\/div>  \t\t\t\t<div class=\"testimonial-text line-height-small italic test_text first-reset last-reset is-italic\">\n            \n\t<div id=\"gap-1476021332\" class=\"gap-element clearfix\" style=\"display:block; height:auto;\">\n\t\t\n<style>\n#gap-1476021332 {\n  padding-top: 10px;\n}\n<\/style>\n\t<\/div>\n\t\n<h3>Excellent service et confort<\/h3>\n<p>\u201cLe personnel \u00e9tait tr\u00e8s professionnel et attentionn\u00e9. La chambre spacieuse et propre, et le petit-d\u00e9jeuner d\u00e9licieux. Un s\u00e9jour parfait !\u201d<\/p>\n          <\/div>\n          <div class=\"testimonial-meta pt-half\">\n             <strong class=\"testimonial-name test_name\">Jean-Luc Moreau<\/strong>\n                          <span class=\"testimonial-company test_company\"><\/span>\n          <\/div>\n        <\/div>\n  <\/div>\n\n  \n\t\t<\/div>\n\t\t\t\t\n<style>\n#col-1930346430 > .col-inner {\n  padding: 20px 30px 30px 30px;\n  margin: 0px 0px 0px 0px;\n}\n<\/style>\n\t<\/div>\n\n\t\n\n\t<div id=\"col-105385052\" class=\"col medium-4 small-12 large-4\"  >\n\t\t\t\t<div class=\"col-inner\" style=\"background-color:rgb(240, 240, 240);\" >\n\t\t\t\n\t\t\t\n  <div class=\"icon-box testimonial-box icon-box-center text-center\">\n                <div class=\"icon-box-img testimonial-image circle\" style=\"width: 80px\">\n              <img decoding=\"async\" width=\"150\" height=\"150\" src=\"https:\/\/rocblanc.com\/wp-content\/uploads\/2025\/09\/Reviews-Hotel-Roc-Blanc-Andorra-3-150x150.webp\" class=\"attachment-thumbnail size-thumbnail\" alt=\"Reviews Hotel Roc Blanc Andorra\" srcset=\"https:\/\/rocblanc.com\/wp-content\/uploads\/2025\/09\/Reviews-Hotel-Roc-Blanc-Andorra-3-150x150.webp 150w, https:\/\/rocblanc.com\/wp-content\/uploads\/2025\/09\/Reviews-Hotel-Roc-Blanc-Andorra-3-300x300.webp 300w, https:\/\/rocblanc.com\/wp-content\/uploads\/2025\/09\/Reviews-Hotel-Roc-Blanc-Andorra-3.webp 500w\" sizes=\"(max-width: 150px) 100vw, 150px\" \/>        <\/div>\n                <div class=\"icon-box-text p-last-0\">\n          <div class=\"star-rating\" role=\"img\" aria-label=\"Rated 5 out of 5\"><span style=\"width:100%\"><strong class=\"rating\"><\/strong><\/span><\/div>  \t\t\t\t<div class=\"testimonial-text line-height-small italic test_text first-reset last-reset is-italic\">\n            \n\t<div id=\"gap-947513236\" class=\"gap-element clearfix\" style=\"display:block; height:auto;\">\n\t\t\n<style>\n#gap-947513236 {\n  padding-top: 10px;\n}\n<\/style>\n\t<\/div>\n\t\n<h3>Une exp\u00e9rience authentique d\u2019Andorre<\/h3>\n<p><em>\u201cL\u2019h\u00f4tel a beaucoup d\u2019histoire et de caract\u00e8re. On se sent vraiment plong\u00e9 dans la culture andorrane. Le spa et le restaurant sont fortement recommand\u00e9s.\u201d<\/em><\/p>\n          <\/div>\n          <div class=\"testimonial-meta pt-half\">\n             <strong class=\"testimonial-name test_name\">Floor Jansen<\/strong>\n                          <span class=\"testimonial-company test_company\"><\/span>\n          <\/div>\n        <\/div>\n  <\/div>\n\n  \n\t\t<\/div>\n\t\t\t\t\n<style>\n#col-105385052 > .col-inner {\n  padding: 20px 30px 30px 30px;\n  margin: 0px 0px 0px 0px;\n}\n<\/style>\n\t<\/div>\n\n\t\n<\/div>\n\t\t<\/div>\n\n\t\t\n<style>\n#section_2025210919 {\n  padding-top: 30px;\n  padding-bottom: 30px;\n}\n<\/style>\n\t<\/section>\n\t\n\n\t<section class=\"section\" id=\"section_1696316920\">\n\t\t<div class=\"section-bg fill\" >\n\t\t\t\t\t\t\t\t\t\n\t\t\t\n\n\t\t<\/div>\n\n\t\t\n\n\t\t<div class=\"section-content relative\">\n\t\t\t\n<div class=\"row\"  id=\"row-2139845711\">\n\n\t<div id=\"col-1366756087\" class=\"col small-12 large-12\"  >\n\t\t\t\t<div class=\"col-inner box-shadow-4\"  >\n\t\t\t\n\t\t\t\n\n  <div class=\"banner has-hover\" id=\"banner-1789226798\">\n          <div class=\"banner-inner fill\">\n        <div class=\"banner-bg fill\" >\n            <img decoding=\"async\" width=\"1637\" height=\"1091\" src=\"https:\/\/rocblanc.com\/wp-content\/uploads\/2025\/08\/hotel-roc-blanc-andorra-escaldes-4.webp\" class=\"bg attachment-original size-original\" alt=\"\" \/>                        <div class=\"overlay\"><\/div>            \n                    <\/div>\n\t\t\n        <div class=\"banner-layers container\">\n            <div class=\"fill banner-link\"><\/div>            \n   <div id=\"text-box-745764933\" class=\"text-box banner-layer x10 md-x15 lg-x15 y50 md-y50 lg-y50 res-text\">\n                                <div class=\"text-box-content text dark\">\n              \n              <div class=\"text-inner text-center\">\n                  \n\t<div id=\"text-2466720222\" class=\"text\">\n\t\t\n<h3 class=\"uppercase\">95%<\/h3>\n\t\t\n<style>\n#text-2466720222 {\n  font-size: 4rem;\n  text-align: left;\n}\n@media (min-width:550px) {\n  #text-2466720222 {\n    font-size: 4rem;\n  }\n}\n<\/style>\n\t<\/div>\n\t\n\t<div id=\"text-3725282498\" class=\"text\">\n\t\t\n<p>de nos clients recommandent l\u2019H\u00f4tel Roc Blanc pour son spa, son confort et son emplacement privil\u00e9gi\u00e9 \u00e0 Escaldes-Engordany.<\/p>\n\t\t\n<style>\n#text-3725282498 {\n  font-size: 1.7rem;\n  line-height: 1.25;\n  text-align: left;\n}\n@media (min-width:550px) {\n  #text-3725282498 {\n    font-size: 2rem;\n  }\n}\n<\/style>\n\t<\/div>\n\t\n              <\/div>\n           <\/div>\n                            \n<style>\n#text-box-745764933 {\n  width: 80%;\n}\n#text-box-745764933 .text-box-content {\n  font-size: 100%;\n}\n@media (min-width:550px) {\n  #text-box-745764933 {\n    width: 40%;\n  }\n}\n<\/style>\n    <\/div>\n \n        <\/div>\n      <\/div>\n\n            \n<style>\n#banner-1789226798 {\n  padding-top: 500px;\n}\n#banner-1789226798 .overlay {\n  background-color: rgba(0,0,0,.5);\n}\n<\/style>\n  <\/div>\n\n\n\t\t<\/div>\n\t\t\t\t\t<\/div>\n\n\t\n<\/div>\n\t\t<\/div>\n\n\t\t\n<style>\n#section_1696316920 {\n  padding-top: 0px;\n  padding-bottom: 0px;\n}\n<\/style>\n\t<\/section>\n\t\n\n\t<section class=\"section\" id=\"section_974373487\">\n\t\t<div class=\"section-bg fill\" >\n\t\t\t\t\t\t\t\t\t\n\t\t\t\n\n\t\t<\/div>\n\n\t\t\n\n\t\t<div class=\"section-content relative\">\n\t\t\t\n<div class=\"row\"  id=\"row-1631755937\">\n\n\t<div id=\"col-1842121855\" class=\"col small-12 large-12\"  >\n\t\t\t\t<div class=\"col-inner text-center\"  >\n\t\t\t\n\t\t\t\n<div class=\"row align-center\"  id=\"row-566175954\">\n\n\t<div id=\"col-1338786820\" class=\"col medium-8 small-12 large-8\"  >\n\t\t\t\t<div class=\"col-inner\"  >\n\t\t\t\n\t\t\t\n\t<div id=\"text-2768836706\" class=\"text\">\n\t\t\n<h2>Derniers Avis de Nos Clients sur Google<\/h2>\n\t\t\n<style>\n#text-2768836706 {\n  font-size: 1.35rem;\n}\n<\/style>\n\t<\/div>\n\t\n\t\t<\/div>\n\t\t\t\t\t<\/div>\n\n\t\n<\/div>\n\t<div class=\"img has-hover x md-x lg-x y md-y lg-y\" id=\"image_653271049\">\n\t\t\t\t\t\t\t\t<div class=\"img-inner dark\" >\n\t\t\t\t\t\t\t\t\t\n\t\t\t\t\t<\/div>\n\t\t\t\t\t\t\t\t\n<style>\n#image_653271049 {\n  width: 18%;\n}\n<\/style>\n\t<\/div>\n\t\n\t<div class=\"img has-hover x md-x lg-x y md-y lg-y\" id=\"image_1223937285\">\n\t\t\t\t\t\t\t\t<div class=\"img-inner dark\" >\n\t\t\t\t\t\t\t\t\t\n\t\t\t\t\t<\/div>\n\t\t\t\t\t\t\t\t\n<style>\n#image_1223937285 {\n  width: 15%;\n}\n<\/style>\n\t<\/div>\n\t\n\t<div id=\"gap-2004924844\" class=\"gap-element clearfix\" style=\"display:block; height:auto;\">\n\t\t\n<style>\n#gap-2004924844 {\n  padding-top: 30px;\n}\n<\/style>\n\t<\/div>\n\t\n\n\n\n\t<div id=\"gap-1968379553\" class=\"gap-element clearfix\" style=\"display:block; height:auto;\">\n\t\t\n<style>\n#gap-1968379553 {\n  padding-top: 30px;\n}\n<\/style>\n\t<\/div>\n\t\n\t<div id=\"text-3661476897\" class=\"text\">\n\t\t\n<h2>Vous avez appr\u00e9ci\u00e9 votre s\u00e9jour ?<\/h2>\n<p>Laissez votre avis et aidez les futurs clients \u00e0 d\u00e9couvrir le charme de l\u2019H\u00f4tel Roc Blanc Andorre.<\/p>\n\t\t\n<style>\n#text-3661476897 {\n  text-align: center;\n}\n<\/style>\n\t<\/div>\n\t\n<a href=\"https:\/\/search.google.com\/local\/writereview?placeid=ChIJq0TqrUd3pRIREu0kahGY39A\" target=\"_blank\" class=\"button success\" rel=\"noopener\">\n\t\t<span>Laissez votre avis<\/span>\n\t<\/a>\n\n<a href=\"https:\/\/reservas.rocblanc.com\/en\/hotel\/rocblanc\" target=\"_blank\" class=\"button primary\" rel=\"noopener\">\n\t\t<span>r\u00e9server<\/span>\n\t<\/a>\n\n\t\t<\/div>\n\t\t\t\t\t<\/div>\n\n\t\n<\/div>\n\t\t<\/div>\n\n\t\t\n<style>\n#section_974373487 {\n  padding-top: 30px;\n  padding-bottom: 30px;\n}\n<\/style>\n\t<\/section>\n\t\n\t<div id=\"gap-669723732\" class=\"gap-element clearfix\" style=\"display:block; height:auto;\">\n\t\t\n<style>\n#gap-669723732 {\n  padding-top: 60px;\n}\n<\/style>\n\t<\/div>\n\t\n\n\t<section class=\"section has-mask mask-arrow-large\" id=\"section_503575184\">\n\t\t<div class=\"section-bg fill\" >\n\t\t\t<img decoding=\"async\" width=\"1920\" height=\"563\" src=\"https:\/\/rocblanc.com\/wp-content\/uploads\/2022\/11\/tejado-del-hotel-y-vistas-de-los-edificios-circundantes-Hotel-Roc-Blanc.webp\" class=\"bg attachment-original size-original\" alt=\"\" \/>\t\t\t\t\t\t<div class=\"section-bg-overlay absolute fill\"><\/div>\n\t\t\t\n\n\t\t<\/div>\n\n\t\t\n\n\t\t<div class=\"section-content relative\">\n\t\t\t\n\n<div class=\"row row-collapse align-middle align-center\"  id=\"row-293983026\">\n\n\n\t<div id=\"col-1224495476\" class=\"col medium-6 small-12 large-6\"  >\n\t\t\t\t<div class=\"col-inner text-center dark\"  >\n\t\t\t\n\t\t\t\n\n\t<div id=\"text-3115520512\" class=\"text\">\n\t\t\n\n<p style=\"font-size: 1.3em; letter-spacing: 0.3em;\"><strong>AVANTAGES DES R\u00c9SERVATIONS DIRECTES <\/strong><\/p>\n\t\t\n<style>\n#text-3115520512 {\n  text-align: center;\n}\n<\/style>\n\t<\/div>\n\t\n\t<div id=\"text-3069640577\" class=\"text\">\n\t\t\n\n<p style=\"font-size: 1.1em;\"><i class=\"fa-regular fa-tags\"><\/i> Meilleurs Prix Direct \u00b7 <i class=\"fa-regular fa-shuffle\"><\/i> Tarifs Flexibles \u00b7 <i class=\"fa-regular fa-check\"><\/i> Confirmation Imm\u00e9diate de la R\u00e9servation \u00b7 <i class=\"fa-regular fa-lock\"><\/i> Paiement S\u00e9curis\u00e9<\/p>\n\t\t\n<style>\n#text-3069640577 {\n  text-align: center;\n}\n<\/style>\n\t<\/div>\n\t\n\n\t\t<\/div>\n\t\t\t\t\t<\/div>\n\n\t\n\n\t<div id=\"col-774386320\" class=\"col medium-5 small-12 large-4\"  >\n\t\t\t\t<div class=\"col-inner text-center\"  >\n\t\t\t\n\t\t\t\n\n<a href=\"https:\/\/reservas.rocblanc.com\/rocblanc\/availability?lang=fr\" target=\"_blank\" class=\"button primary is-large box-shadow-2\" rel=\"noopener\">\n\t\t<span>r\u00e9server maintenant<\/span>\n\t<\/a>\n\n\n\n\t\t<\/div>\n\t\t\t\t\t<\/div>\n\n\t\n\n\n<style>\n#row-293983026 > .col > .col-inner {\n  padding: 50px 20px 0px 20px;\n}\n@media (min-width:550px) {\n  #row-293983026 > .col > .col-inner {\n    padding: 100px 0px 0px 0px;\n  }\n}\n<\/style>\n<\/div>\n\n\t\t<\/div>\n\n\t\t\n<style>\n#section_503575184 {\n  padding-top: 30px;\n  padding-bottom: 30px;\n}\n#section_503575184 .section-bg-overlay {\n  background-color: rgba(0, 0, 0, 0.6);\n}\n<\/style>\n\t<\/section>\n\t\n","protected":false},"excerpt":{"rendered":"","protected":false},"author":6,"featured_media":4082,"parent":0,"menu_order":0,"comment_status":"closed","ping_status":"closed","template":"page-blank.php","meta":{"footnotes":""},"class_list":["post-1679","page","type-page","status-publish","has-post-thumbnail","hentry"],"_links":{"self":[{"href":"https:\/\/rocblanc.com\/fr\/wp-json\/wp\/v2\/pages\/1679","targetHints":{"allow":["GET"]}}],"collection":[{"href":"https:\/\/rocblanc.com\/fr\/wp-json\/wp\/v2\/pages"}],"about":[{"href":"https:\/\/rocblanc.com\/fr\/wp-json\/wp\/v2\/types\/page"}],"author":[{"embeddable":true,"href":"https:\/\/rocblanc.com\/fr\/wp-json\/wp\/v2\/users\/6"}],"replies":[{"embeddable":true,"href":"https:\/\/rocblanc.com\/fr\/wp-json\/wp\/v2\/comments?post=1679"}],"version-history":[{"count":0,"href":"https:\/\/rocblanc.com\/fr\/wp-json\/wp\/v2\/pages\/1679\/revisions"}],"wp:featuredmedia":[{"embeddable":true,"href":"https:\/\/rocblanc.com\/fr\/wp-json\/wp\/v2\/media\/4082"}],"wp:attachment":[{"href":"https:\/\/rocblanc.com\/fr\/wp-json\/wp\/v2\/media?parent=1679"}],"curies":[{"name":"wp","href":"https:\/\/api.w.org\/{rel}","templated":true}]}}