{"id":1681,"date":"2022-12-23T11:02:03","date_gmt":"2022-12-23T10:02:03","guid":{"rendered":"https:\/\/rocblanc.com\/offres\/"},"modified":"2025-07-24T10:49:11","modified_gmt":"2025-07-24T08:49:11","slug":"offres","status":"publish","type":"page","link":"https:\/\/rocblanc.com\/fr\/offres\/","title":{"rendered":"Offres"},"content":{"rendered":"\n\t<section class=\"section\" id=\"section_2094519734\">\n\t\t<div class=\"section-bg fill\" >\n\t\t\t<img decoding=\"async\" width=\"1500\" height=\"844\" src=\"https:\/\/rocblanc.com\/wp-content\/uploads\/2023\/05\/superior-room-balcony-Roc-Blanc-Hotel-and-Spa-Andorra.webp\" class=\"bg attachment-original size-original\" alt=\"\" \/>\t\t\t\t\t\t<div class=\"section-bg-overlay absolute fill\"><\/div>\n\t\t\t\n\n\t\t<\/div>\n\n\t\t\n\n\t\t<div class=\"section-content relative\">\n\t\t\t\n<div class=\"row\"  id=\"row-1836436503\">\n\n\t<div id=\"col-1451578276\" class=\"col small-12 large-12\"  >\n\t\t\t\t<div class=\"col-inner text-center dark\"  >\n\t\t\t\n\t\t\t\n<h1>Offres et forfaits pour les h\u00f4tels d&rsquo;Andorre<\/h1>\n\t\t<\/div>\n\t\t\t\t\t<\/div>\n\n\t\n<\/div>\n\t\t<\/div>\n\n\t\t\n<style>\n#section_2094519734 {\n  padding-top: 0px;\n  padding-bottom: 0px;\n  min-height: 400px;\n}\n#section_2094519734 .section-bg-overlay {\n  background-color: rgba(0, 0, 0, 0.2);\n}\n#section_2094519734 .section-bg img {\n  object-position: 51% 29%;\n}\n<\/style>\n\t<\/section>\n\t\n\n\t<section class=\"section\" id=\"section_2010927867\">\n\t\t<div class=\"section-bg fill\" >\n\t\t\t\t\t\t\t\t\t\n\t\t\t\n\n\t\t<\/div>\n\n\t\t\n\n\t\t<div class=\"section-content relative\">\n\t\t\t\n<div class=\"row align-center\"  id=\"row-547626626\">\n\n\t<div id=\"col-58316596\" class=\"col medium-8 small-12 large-8\"  >\n\t\t\t\t<div class=\"col-inner text-center box-shadow-2\" style=\"background-color:rgb(255, 255, 255);\" >\n\t\t\t\n\t\t\t\n<p>D\u00e9couvre nos offres et packages h\u00f4teliers en Andorre par l&rsquo;<a href=\"https:\/\/rocblanc.com\/fr\">H\u00f4tel Roc Blanc &amp; Spa<\/a>. Pour b\u00e9n\u00e9ficier des meilleures offres, r\u00e9servez en ligne l&rsquo;un des forfaits suivants.<\/p>\n\t\t<\/div>\n\t\t\t\t\n<style>\n#col-58316596 > .col-inner {\n  padding: 30px 30px 30px 30px;\n  margin: -50px 0px 0px 0px;\n}\n<\/style>\n\t<\/div>\n\n\t\n<\/div>\n\t\t<\/div>\n\n\t\t\n<style>\n#section_2010927867 {\n  padding-top: 0px;\n  padding-bottom: 0px;\n}\n<\/style>\n\t<\/section>\n\t\n\n\t<section class=\"section\" id=\"section_1085673780\">\n\t\t<div class=\"section-bg fill\" >\n\t\t\t\t\t\t\t\t\t\n\t\t\t\n\n\t\t<\/div>\n\n\t\t\n\n\t\t<div class=\"section-content relative\">\n\t\t\t\n<div class=\"row align-equal\"  id=\"row-1843026167\">\n\n\t<div id=\"col-1780589973\" class=\"col small-12 large-12\"  >\n\t\t\t\t<div class=\"col-inner\"  >\n\t\t\t\n\t\t\t\n<div class=\"slider-wrapper relative\" id=\"slider-838229517\" >\n    <div class=\"slider slider-nav-circle slider-nav-large slider-nav-light slider-style-normal slider-show-nav\"\n        data-flickity-options='{\n            \"cellAlign\": \"left\",\n            \"imagesLoaded\": true,\n            \"lazyLoad\": 1,\n            \"freeScroll\": true,\n            \"wrapAround\": true,\n            \"autoPlay\": false,\n            \"pauseAutoPlayOnHover\" : false,\n            \"prevNextButtons\": true,\n            \"contain\" : true,\n            \"adaptiveHeight\" : true,\n            \"dragThreshold\" : 10,\n            \"percentPosition\": true,\n            \"pageDots\": false,\n            \"rightToLeft\": false,\n            \"draggable\": true,\n            \"selectedAttraction\": 0.1,\n            \"parallax\" : 0,\n            \"friction\": 0.6        }'\n        >\n        \n<div class=\"row\"  id=\"row-1064428976\">\n\n\t<div id=\"col-1016500945\" class=\"col medium-4 small-12 large-4\"  >\n\t\t\t\t<div class=\"col-inner\"  >\n\t\t\t\n\t\t\t\n\n  <div class=\"banner has-hover bg-overlay-remove\" id=\"banner-351790959\">\n          <div class=\"banner-inner fill\">\n        <div class=\"banner-bg fill\" >\n            <img decoding=\"async\" width=\"780\" height=\"801\" src=\"https:\/\/rocblanc.com\/wp-content\/uploads\/2023\/09\/Romantic-Escape-Hotel-Roc-Blanc-Andorra.webp\" class=\"bg attachment-large size-large\" alt=\"\" \/>                        <div class=\"overlay\"><\/div>            \n\t<div class=\"is-border\"\n\t\tstyle=\"border-color:rgb(253, 249, 249);border-width:0px 10px 0px 10px;\">\n\t<\/div>\n                    <\/div>\n\t\t\n        <div class=\"banner-layers container\">\n            <a class=\"fill\" href=\"https:\/\/rocblanc.com\/fr\/offres\/escapade-romantique-andorre\/\"><div class=\"fill banner-link\"><\/div><\/a>            \n   <div id=\"text-box-1067332981\" class=\"text-box banner-layer x10 md-x10 lg-x10 y95 md-y95 lg-y95 res-text\">\n                                <div class=\"text-box-content text dark\">\n              \n              <div class=\"text-inner text-left\">\n                  \n\t<div id=\"text-2693065549\" class=\"text\">\n\t\t\n<h2><a href=\"https:\/\/rocblanc.com\/fr\/offres\/escapade-romantique-andorre\/\">Escapade romantique<\/a><\/h2>\n\t\t\n<style>\n#text-2693065549 {\n  text-align: left;\n}\n<\/style>\n\t<\/div>\n\t\n<div class=\"is-divider divider clearfix\" style=\"margin-top:0px;margin-bottom:0px;max-width:39px;height:2px;\"><\/div>\n\t<div id=\"text-3770700676\" class=\"text\">\n\t\t\n<p><span style=\"font-weight: 400;\">Spa et shopping en couple<\/span><\/p>\n<p><i class=\"fa-light fa-tags\"><\/i> \u00c0 partir de 175\u20ac p.p<\/p>\n\t\t\n<style>\n#text-3770700676 {\n  font-size: 0.9rem;\n  text-align: left;\n}\n<\/style>\n\t<\/div>\n\t\n<a href=\"https:\/\/rocblanc.com\/fr\/offres\/escapade-romantique-andorre\/\" class=\"button primary is-underline is-large\" >\n\t\t<span>D\u00e9couvrez<\/span>\n\t<\/a>\n\n              <\/div>\n           <\/div>\n                            \n<style>\n#text-box-1067332981 {\n  width: 84%;\n}\n#text-box-1067332981 .text-box-content {\n  font-size: 100%;\n}\n<\/style>\n    <\/div>\n \n        <\/div>\n      <\/div>\n\n            \n<style>\n#banner-351790959 {\n  padding-top: 500px;\n}\n#banner-351790959 .overlay {\n  background-color: rgba(0,0,0,.5);\n}\n#banner-351790959 .banner-bg img {\n  object-position: 53% 44%;\n}\n<\/style>\n  <\/div>\n\n\n\t\t<\/div>\n\t\t\t\t\t<\/div>\n\n\t\n\n\t<div id=\"col-2086181083\" class=\"col medium-4 small-12 large-4\"  >\n\t\t\t\t<div class=\"col-inner\"  >\n\t\t\t\n\t\t\t\n\n  <div class=\"banner has-hover bg-overlay-remove\" id=\"banner-1467978281\">\n          <div class=\"banner-inner fill\">\n        <div class=\"banner-bg fill\" >\n            <img decoding=\"async\" width=\"1020\" height=\"574\" src=\"https:\/\/rocblanc.com\/wp-content\/uploads\/2023\/03\/deluxe-balcon-Roc-Blanc-Hotel-Spa-Andorra-1024x576.webp\" class=\"bg attachment-large size-large\" alt=\"\" \/>                        <div class=\"overlay\"><\/div>            \n\t<div class=\"is-border\"\n\t\tstyle=\"border-width:0px 10px 0px 10px;\">\n\t<\/div>\n                    <\/div>\n\t\t\n        <div class=\"banner-layers container\">\n            <a class=\"fill\" href=\"https:\/\/rocblanc.com\/fr\/offres\/week-end-andorre\/\"><div class=\"fill banner-link\"><\/div><\/a>            \n   <div id=\"text-box-1464897571\" class=\"text-box banner-layer x10 md-x10 lg-x10 y95 md-y95 lg-y95 res-text\">\n                                <div class=\"text-box-content text dark\">\n              \n              <div class=\"text-inner text-left\">\n                  \n\t<div id=\"text-1156457695\" class=\"text\">\n\t\t\n<h2><a href=\"https:\/\/rocblanc.com\/fr\/offres\/week-end-andorre\/\">Week-end en Andorre<\/a><\/h2>\n\t\t\n<style>\n#text-1156457695 {\n  text-align: left;\n}\n<\/style>\n\t<\/div>\n\t\n<div class=\"is-divider divider clearfix\" style=\"margin-top:0px;margin-bottom:0px;max-width:39px;height:2px;\"><\/div>\n\t<div id=\"text-458807597\" class=\"text\">\n\t\t\n<p><span style=\"font-weight: 400;\">S&rsquo;\u00e9vader dans les montagnes<\/span><\/p>\n<p><i class=\"fa-light fa-tags\"><\/i> \u00c0 partir de 115\u20ac p.p<\/p>\n\t\t\n<style>\n#text-458807597 {\n  font-size: 0.9rem;\n  text-align: left;\n}\n<\/style>\n\t<\/div>\n\t\n<a href=\"https:\/\/rocblanc.com\/fr\/offres\/week-end-andorre\/\" class=\"button secondary is-underline is-large\" >\n\t\t<span>D\u00e9couvrez<\/span>\n\t<\/a>\n\n              <\/div>\n           <\/div>\n                            \n<style>\n#text-box-1464897571 {\n  width: 84%;\n}\n#text-box-1464897571 .text-box-content {\n  font-size: 100%;\n}\n<\/style>\n    <\/div>\n \n        <\/div>\n      <\/div>\n\n            \n<style>\n#banner-1467978281 {\n  padding-top: 500px;\n}\n#banner-1467978281 .overlay {\n  background-color: rgba(0,0,0,.5);\n}\n#banner-1467978281 .banner-bg img {\n  object-position: 53% 44%;\n}\n<\/style>\n  <\/div>\n\n\n\t\t<\/div>\n\t\t\t\t\t<\/div>\n\n\t\n\n\t<div id=\"col-980171381\" class=\"col medium-4 small-12 large-4\"  >\n\t\t\t\t<div class=\"col-inner\"  >\n\t\t\t\n\t\t\t\n\n  <div class=\"banner has-hover bg-overlay-remove\" id=\"banner-414969447\">\n          <div class=\"banner-inner fill\">\n        <div class=\"banner-bg fill\" >\n            <img decoding=\"async\" width=\"840\" height=\"680\" src=\"https:\/\/rocblanc.com\/wp-content\/uploads\/2023\/06\/Rooms-Roc-Blanc-Hotel-and-Spa-Andorra.webp\" class=\"bg attachment-large size-large\" alt=\"\" \/>                        <div class=\"overlay\"><\/div>            \n\t<div class=\"is-border\"\n\t\tstyle=\"border-color:rgb(255, 255, 255);border-width:0px 10px 0px 10px;\">\n\t<\/div>\n                    <\/div>\n\t\t\n        <div class=\"banner-layers container\">\n            <a class=\"fill\" href=\"https:\/\/rocblanc.com\/fr\/offres\/derniere-minute-andorre\/\"><div class=\"fill banner-link\"><\/div><\/a>            \n   <div id=\"text-box-1340127556\" class=\"text-box banner-layer x10 md-x10 lg-x10 y95 md-y95 lg-y95 res-text\">\n                                <div class=\"text-box-content text dark\">\n              \n              <div class=\"text-inner text-left\">\n                  \n\t<div id=\"text-3864031604\" class=\"text\">\n\t\t\n<h2><a href=\"https:\/\/rocblanc.com\/fr\/offres\/derniere-minute-andorre\/\">Derni\u00e8re minute<\/a><\/h2>\n\t\t\n<style>\n#text-3864031604 {\n  text-align: left;\n}\n<\/style>\n\t<\/div>\n\t\n<div class=\"is-divider divider clearfix\" style=\"margin-top:0px;margin-bottom:0px;max-width:39px;height:2px;\"><\/div>\n\t<div id=\"text-1479291259\" class=\"text\">\n\t\t\n<p><span style=\"font-weight: 400;\">R\u00e9servez un voyage de derni\u00e8re minute en Andorre.<\/span><\/p>\n<p><i class=\"fa-light fa-tags\"><\/i>  &#8211; 10%<\/p>\n\t\t\n<style>\n#text-1479291259 {\n  font-size: 0.9rem;\n  text-align: left;\n}\n<\/style>\n\t<\/div>\n\t\n<a href=\"https:\/\/rocblanc.com\/fr\/offres\/derniere-minute-andorre\/\" class=\"button primary is-underline is-large\" >\n\t\t<span>D\u00e9couvrez<\/span>\n\t<\/a>\n\n              <\/div>\n           <\/div>\n                            \n<style>\n#text-box-1340127556 {\n  width: 84%;\n}\n#text-box-1340127556 .text-box-content {\n  font-size: 100%;\n}\n<\/style>\n    <\/div>\n \n        <\/div>\n      <\/div>\n\n            \n<style>\n#banner-414969447 {\n  padding-top: 500px;\n}\n#banner-414969447 .overlay {\n  background-color: rgba(0,0,0,.5);\n}\n#banner-414969447 .banner-bg img {\n  object-position: 53% 44%;\n}\n<\/style>\n  <\/div>\n\n\n\t\t<\/div>\n\t\t\t\t\t<\/div>\n\n\t\n<\/div>\n     <\/div>\n\n     <div class=\"loading-spin dark large centered\"><\/div>\n\n\t<\/div>\n\n\n\t\t<\/div>\n\t\t\t\t\t<\/div>\n\n\t\n<\/div>\n\t\t<\/div>\n\n\t\t\n<style>\n#section_1085673780 {\n  padding-top: 30px;\n  padding-bottom: 30px;\n}\n<\/style>\n\t<\/section>\n\t\n\t<div id=\"gap-1080743590\" class=\"gap-element clearfix\" style=\"display:block; height:auto;\">\n\t\t\n<style>\n#gap-1080743590 {\n  padding-top: 50px;\n}\n<\/style>\n\t<\/div>\n\t\n\n\t<section class=\"section\" id=\"section_1708763101\">\n\t\t<div class=\"section-bg fill\" >\n\t\t\t\t\t\t\t\t\t\n\t\t\t\n\n\t\t<\/div>\n\n\t\t\n\n\t\t<div class=\"section-content relative\">\n\t\t\t\n\n<div class=\"container section-title-container\" ><h3 class=\"section-title section-title-center\"><b aria-hidden=\"true\"><\/b><span class=\"section-title-main\" >Emplacement<\/span><b aria-hidden=\"true\"><\/b><\/h3><\/div>\n\n<div class=\"row row-collapse align-middle align-center\" style=\"max-width:80%\" id=\"row-81014409\">\n\n\n\t<div id=\"col-1473484632\" class=\"col medium-5 small-12 large-5\"  >\n\t\t\t\t<div class=\"col-inner\"  >\n\t\t\t\n\t\t\t\n\n\t<div id=\"text-2141998393\" class=\"text\">\n\t\t\n\n<h2>Roc Blanc Hotel &amp; Spa<\/h2>\n\t\t\n<style>\n#text-2141998393 {\n  text-align: center;\n}\n<\/style>\n\t<\/div>\n\t\n<div class=\"text-center\"><div class=\"is-divider divider clearfix\" style=\"height:2px;\"><\/div><\/div>\n\n<div class=\"row row-small\"  id=\"row-1082262790\">\n\n\n\t<div id=\"col-837952605\" class=\"col medium-12 small-12 large-6\"  >\n\t\t\t\t<div class=\"col-inner\"  >\n\t\t\t\n\t\t\t\n\n\t<div id=\"text-1028800775\" class=\"text\">\n\t\t\n\n<strong>Pla\u00e7a Copr\u00ednceps, 5<\/strong>\r\nAD700 Escaldes-Engordany\r\nAndorra\r\n\r\n<em>Notre<a href=\"https:\/\/rocblanc.com\/fr\/hotel-4-etoiles-andorre\/\">h\u00f4tel 4 \u00e9toiles<\/a> est situ\u00e9 dans le centre-ville, dans le quartier <a href=\"https:\/\/rocblanc.com\/fr\/hotel-escaldes-engordany\/\">Escaldes-Engordany<\/a> d'<a href=\"https:\/\/rocblanc.com\/fr\">Andorre-la-Vieille<\/a>, sur la c\u00e9l\u00e8bre Pla\u00e7a Copr\u00ednceps, \u00e0 proximit\u00e9 imm\u00e9diate de la rue commer\u00e7ante et du centre thermal <a href=\"\/\">Caldea<\/a>.<\/em>\r\n\r\n<a href=\"https:\/\/rocblanc.com\/fr\/emplacement\/\">Emplacement et acc\u00e8s<\/a>\n\t\t\n<style>\n#text-1028800775 {\n  text-align: center;\n}\n<\/style>\n\t<\/div>\n\t\n\n\t\t<\/div>\n\t\t\t\t\t<\/div>\n\n\t\n\n\t<div id=\"col-534386743\" class=\"col medium-12 small-12 large-6\"  >\n\t\t\t\t<div class=\"col-inner\"  >\n\t\t\t\n\t\t\t\n\n<h4><i class=\"fa-solid fa-hotel\"><\/i> ROC BLANC HOTEL &amp; SPA<\/h4>\n<p><i class=\"fa-regular fa-bag-shopping\"><\/i> The Shopping Mile - 50 m<\/p>\n<p><i class=\"fa-regular fa-bag-shopping\"><\/i> Centre Comercial Illa Carlemany - 350 m<\/p>\n<p><i class=\"fa-regular fa-spa\"><\/i> Caldea Spa - 350 m<\/p>\n<p><i class=\"fa-regular fa-location-pin\"><\/i> Andorre-la-Vieille - 500 m<\/p>\n<p><i class=\"fa-solid fa-person-skiing\"><\/i> Ski Bus Stop - 20 m<\/p>\n<p><i class=\"fa-solid fa-person-skiing\"><\/i> Vall Nord - 9 Km<\/p>\n\n\t\t<\/div>\n\t\t\t\t\t<\/div>\n\n\t\n\n<\/div>\n\n\t\t<\/div>\n\t\t\t\t\n<style>\n#col-1473484632 > .col-inner {\n  padding: 5% 5% 5% 5%;\n}\n<\/style>\n\t<\/div>\n\n\t\n\n\t<div id=\"col-237904426\" class=\"col medium-7 small-12 large-7\"  >\n\t\t\t\t<div class=\"col-inner text-center\"  >\n\t\t\t\n\t\t\t\n\n\t<div class=\"img has-hover x md-x lg-x y md-y lg-y\" id=\"image_133047268\">\n\t\t<a class=\"\" href=\"https:\/\/g.co\/kgs\/aXSWsu3\" target=\"_blank\" rel=\"noopener\" >\t\t\t\t\t\t<div class=\"img-inner box-shadow-3 dark\" >\n\t\t\t<img decoding=\"async\" width=\"768\" height=\"576\" src=\"https:\/\/rocblanc.com\/wp-content\/uploads\/2024\/04\/hotel-roc-blanc-andorra-location-1-768x576.jpg\" class=\"attachment-medium_large size-medium_large\" alt=\"\" srcset=\"https:\/\/rocblanc.com\/wp-content\/uploads\/2024\/04\/hotel-roc-blanc-andorra-location-1-768x576.jpg 768w, https:\/\/rocblanc.com\/wp-content\/uploads\/2024\/04\/hotel-roc-blanc-andorra-location-1-300x225.jpg 300w, https:\/\/rocblanc.com\/wp-content\/uploads\/2024\/04\/hotel-roc-blanc-andorra-location-1.jpg 800w\" sizes=\"(max-width: 768px) 100vw, 768px\" \/>\t\t\t\t\t\t\n\t\t\t\t\t<\/div>\n\t\t\t\t\t\t<\/a>\t\t\n<style>\n#image_133047268 {\n  width: 85%;\n}\n<\/style>\n\t<\/div>\n\t\n\n\n\t\t<\/div>\n\t\t\t\t\t<\/div>\n\n\t\n\n<\/div>\n\n\t\t<\/div>\n\n\t\t\n<style>\n#section_1708763101 {\n  padding-top: 30px;\n  padding-bottom: 30px;\n}\n<\/style>\n\t<\/section>\n\t\n\n\t<section class=\"section\" id=\"section_1352877696\">\n\t\t<div class=\"section-bg fill\" >\n\t\t\t\t\t\t\t\t\t\n\t\t\t\n\n\t\t<\/div>\n\n\t\t\n\n\t\t<div class=\"section-content relative\">\n\t\t\t\r\n\r\n<div class=\"row align-equal align-center\"  id=\"row-1466886597\">\r\n\r\n\n\t<div id=\"col-2073778802\" class=\"col small-12 large-12\"  >\n\t\t\t\t<div class=\"col-inner\"  >\n\t\t\t\n\t\t\t\r\n\r\n<div class=\"container section-title-container\" ><h2 class=\"section-title section-title-center\"><b aria-hidden=\"true\"><\/b><span class=\"section-title-main\" >AVIS DE L'HOTEL<\/span><b aria-hidden=\"true\"><\/b><\/h2><\/div>\r\n\r\n\r\n\t\t<\/div>\n\t\t\t\t\t<\/div>\n\n\t\r\n\n\t<div id=\"col-1187810100\" class=\"col medium-6 small-12 large-6\"  >\n\t\t\t\t<div class=\"col-inner text-center\"  >\n\t\t\t\n\t\t\t\r\n\r\n\n\n<div id=\"google-business-reviews-rating\" class=\"google-business-reviews-rating gmbrr badge tiny no-outline link\" data-href=\"https:\/\/search.google.com\/local\/writereview?placeid=ChIJq0TqrUd3pRIREu0kahGY39A\">\r\n\t<p class=\"rating\"><span class=\"attribution google-icon\" title=\"Powered by Google\"><\/span> <span class=\"number\">4,2<\/span> <span class=\"all-stars animate\"><span class=\"star\"><\/span><span class=\"star\"><\/span><span class=\"star\"><\/span><span class=\"star\"><\/span><span class=\"star split-20-80\"><\/span><\/span> <a href=\"https:\/\/search.google.com\/local\/reviews?placeid=ChIJq0TqrUd3pRIREu0kahGY39A\" target=\"_blank\" rel=\"nofollow noopener\" class=\"count\">2\u00a0226 reviews<\/a><\/p>\r\n<\/div>\r\n\n\r\n\r\n\t\t<\/div>\n\t\t\t\t\n<style>\n#col-1187810100 > .col-inner {\n  margin: -35px 0px 0px 0px;\n}\n<\/style>\n\t<\/div>\n\n\t\r\n\r\n<\/div>\r\n<div class=\"row align-equal\"  id=\"row-1590441349\">\r\n\r\n\n\t<div id=\"col-960039520\" class=\"col medium-4 small-12 large-4\"  >\n\t\t\t\t<div class=\"col-inner box-shadow-3\"  >\n\t\t\t\n\t<div class=\"is-border\"\n\t\tstyle=\"border-color:rgb(1, 38, 69);border-radius:20px;border-width:5px 5px 5px 5;\">\n\t<\/div>\n\t\t\t\r\n\r\n<h4><span style=\"font-size: 110%;\"><i class=\"fa-light fa-people-pants\"><\/i> S\u00e9jour en couple, Rosa<\/span> <i class=\"fa-light fa-octagon-check\"><\/i><\/h4>\n<p><em>Super douillet, tr\u00e8s bien situ\u00e9, et une \u00e9quipe 10 \u00e9toiles..... id\u00e9al pour une semaine romantique !<\/em><\/p>\n<p><i class=\"fa-light fa-circle-star\"><\/i> <strong>5\/<span style=\"font-size: 75%;\">5<\/span>-\u00e9toiles, Parfait<\/strong><\/p>\r\n\r\n\t\t<\/div>\n\t\t\t\t\n<style>\n#col-960039520 > .col-inner {\n  padding: 20px 20px 20px 20px;\n  border-radius: 20px;\n}\n<\/style>\n\t<\/div>\n\n\t\r\n\n\t<div id=\"col-957682930\" class=\"col medium-4 small-12 large-4\"  >\n\t\t\t\t<div class=\"col-inner box-shadow-3\"  >\n\t\t\t\n\t<div class=\"is-border\"\n\t\tstyle=\"border-color:rgb(1, 38, 69);border-radius:20px;border-width:5px 5px 5px 5;\">\n\t<\/div>\n\t\t\t\r\n\r\n<h4><span style=\"font-size: 110%;\"><i class=\"fa-light fa-spa\"><\/i> S\u00e9journer au Spa, Tricia<\/span> <i class=\"fa-light fa-octagon-check\"><\/i><\/h4>\n<p><em>Ma chambre \u00e9tait pittoresque et adorable. Tr\u00e8s confortable avec une \u00e9norme baignoire... un vrai plus pour moi. Le buffet du petit-d\u00e9jeuner est d\u00e9licieux et j'ai beaucoup appr\u00e9ci\u00e9 mon massage et le spa. C'\u00e9tait une fa\u00e7on formidable et relaxante de c\u00e9l\u00e9brer la nouvelle ann\u00e9e.<\/em><\/p>\n<p><i class=\"fa-light fa-circle-star\"><\/i><strong> 5\/<span style=\"font-size: 75%;\">5<\/span>-\u00e9toiles, Grand<\/strong><\/p>\r\n\r\n\t\t<\/div>\n\t\t\t\t\n<style>\n#col-957682930 > .col-inner {\n  padding: 20px 20px 20px 20px;\n  border-radius: 20px;\n}\n<\/style>\n\t<\/div>\n\n\t\r\n\n\t<div id=\"col-355019168\" class=\"col medium-4 small-12 large-4\"  >\n\t\t\t\t<div class=\"col-inner box-shadow-3\"  >\n\t\t\t\n\t<div class=\"is-border\"\n\t\tstyle=\"border-color:rgb(1, 38, 69);border-radius:20px;border-width:5 5px 5px 5px;\">\n\t<\/div>\n\t\t\t\r\n\r\n<h4><span style=\"font-size: 110%;\"><i class=\"fa-light fa-bag-shopping\"><\/i> S\u00e9jour pour faire du Shopping et Spa, Bural<\/span> <i class=\"fa-light fa-octagon-check\"><\/i><\/h4>\n<p><em>Emplacement imbattable, \u00e0 c\u00f4t\u00e9 de la zone commerciale et de Caldea.<br>\nPersonnel tr\u00e8s gentil et serviable. La chambre et le petit-d\u00e9jeuner \u00e9taient tr\u00e8s bons.<br>\nJe vous recommande vivement de le visiter !<\/em><\/p>\n<p><i class=\"fa-thin fa-circle-star\"><\/i><strong> 5\/<span style=\"font-size: 75%;\">5<\/span>-\u00e9toiles, Imbattable<\/strong><\/p>\r\n\r\n\t\t<\/div>\n\t\t\t\t\n<style>\n#col-355019168 > .col-inner {\n  padding: 20px 20px 20px 20px;\n  border-radius: 20px;\n}\n<\/style>\n\t<\/div>\n\n\t\r\n\r\n<\/div>\r\n\r\n\t\t<\/div>\n\n\t\t\n<style>\n#section_1352877696 {\n  padding-top: 30px;\n  padding-bottom: 30px;\n}\n<\/style>\n\t<\/section>\n\t\n\n\t<section class=\"section\" id=\"section_129816856\">\n\t\t<div class=\"section-bg fill\" >\n\t\t\t\t\t\t\t\t\t\n\t\t\t\n\n\t\t<\/div>\n\n\t\t\n\n\t\t<div class=\"section-content relative\">\n\t\t\t\n\n<div class=\"row align-center\"  id=\"row-1379654902\">\n\n\n\t<div id=\"col-1027799206\" class=\"col small-12 large-12\"  >\n\t\t\t\t<div class=\"col-inner text-left\"  >\n\t\t\t\n\t\t\t\n\n<div class=\"row row-large align-middle align-center row-divided\"  id=\"row-934749252\">\n\n\n\t<div id=\"col-377150165\" class=\"col medium-3 small-6 large-3\"  >\n\t\t\t\t<div class=\"col-inner text-center\"  >\n\t\t\t\n\t\t\t\n\n\t<div id=\"text-1159217894\" class=\"text\">\n\t\t\n\n<p style=\"font-size: 1.2em;  \"><i class=\"fa-regular fa-spa fa-1x\"><\/i>&nbsp; Spa de D\u00e9tente<\/p>\n\t\t\n<style>\n#text-1159217894 {\n  text-align: center;\n}\n<\/style>\n\t<\/div>\n\t\n\n\t\t<\/div>\n\t\t\t\t\t<\/div>\n\n\t\n\n\t<div id=\"col-514585675\" class=\"col medium-3 small-6 large-3\"  >\n\t\t\t\t<div class=\"col-inner\"  >\n\t\t\t\n\t\t\t\n\n\t<div id=\"text-3772433699\" class=\"text\">\n\t\t\n\n<p style=\"font-size: 1.2em;\"><i class=\"fa-regular fa-location-dot fa-1x\"><\/i>&nbsp; Emplacement Central<\/p>\n\t\t\n<style>\n#text-3772433699 {\n  text-align: center;\n}\n<\/style>\n\t<\/div>\n\t\n\n\t\t<\/div>\n\t\t\t\t\t<\/div>\n\n\t\n\n\t<div id=\"col-1362128811\" class=\"col medium-3 small-6 large-3\"  >\n\t\t\t\t<div class=\"col-inner\"  >\n\t\t\t\n\t\t\t\n\n\t<div id=\"text-2239154038\" class=\"text\">\n\t\t\n\n<p style=\"font-size: 1.2em;\"><i class=\"fa-regular fa-bed-front fa-1x\"><\/i>&nbsp; Chambres Confortables<\/p>\n\t\t\n<style>\n#text-2239154038 {\n  text-align: center;\n}\n<\/style>\n\t<\/div>\n\t\n\n\t\t<\/div>\n\t\t\t\t\t<\/div>\n\n\t\n\n\t<div id=\"col-1031834148\" class=\"col medium-3 small-6 large-3\"  >\n\t\t\t\t<div class=\"col-inner\"  >\n\t\t\t\n\t\t\t\n\n\t<div id=\"text-1132545148\" class=\"text\">\n\t\t\n\n<p style=\"font-size: 1.2em;\"><i class=\"fa-regular fa-bell-concierge fa-1x\"><\/i>&nbsp; Service Personnalis\u00e9<\/p>\n\t\t\n<style>\n#text-1132545148 {\n  text-align: center;\n}\n<\/style>\n\t<\/div>\n\t\n\n\t\t<\/div>\n\t\t\t\t\t<\/div>\n\n\t\n\n\n<style>\n#row-934749252 > .col > .col-inner {\n  padding: 10px 10px 0px 10px;\n}\n<\/style>\n<\/div>\n\n\t\t<\/div>\n\t\t\t\t\t<\/div>\n\n\t\n\n\n<style>\n#row-1379654902 > .col > .col-inner {\n  padding: 30px 20px 0px 20px;\n}\n@media (min-width:550px) {\n  #row-1379654902 > .col > .col-inner {\n    padding: 50px 20px 20px 20px;\n  }\n}\n<\/style>\n<\/div>\n\n\t\t<\/div>\n\n\t\t\n<style>\n#section_129816856 {\n  padding-top: 0px;\n  padding-bottom: 0px;\n}\n<\/style>\n\t<\/section>\n\t\n\t<div id=\"gap-1078048065\" class=\"gap-element clearfix\" style=\"display:block; height:auto;\">\n\t\t\n<style>\n#gap-1078048065 {\n  padding-top: 50px;\n}\n<\/style>\n\t<\/div>\n\t\n\n\t<section class=\"section has-mask mask-arrow-large\" id=\"section_564090522\">\n\t\t<div class=\"section-bg fill\" >\n\t\t\t<img decoding=\"async\" width=\"1920\" height=\"563\" src=\"https:\/\/rocblanc.com\/wp-content\/uploads\/2022\/11\/tejado-del-hotel-y-vistas-de-los-edificios-circundantes-Hotel-Roc-Blanc.webp\" class=\"bg attachment-original size-original\" alt=\"\" \/>\t\t\t\t\t\t<div class=\"section-bg-overlay absolute fill\"><\/div>\n\t\t\t\n\n\t\t<\/div>\n\n\t\t\n\n\t\t<div class=\"section-content relative\">\n\t\t\t\n\n<div class=\"row row-collapse align-middle align-center\"  id=\"row-1210184458\">\n\n\n\t<div id=\"col-1588274310\" class=\"col medium-6 small-12 large-6\"  >\n\t\t\t\t<div class=\"col-inner text-center dark\"  >\n\t\t\t\n\t\t\t\n\n\t<div id=\"text-102811574\" class=\"text\">\n\t\t\n\n<p style=\"font-size: 1.3em; letter-spacing: 0.3em;\"><strong>AVANTAGES DES R\u00c9SERVATIONS DIRECTES <\/strong><\/p>\n\t\t\n<style>\n#text-102811574 {\n  text-align: center;\n}\n<\/style>\n\t<\/div>\n\t\n\t<div id=\"text-2351105826\" class=\"text\">\n\t\t\n\n<p style=\"font-size: 1.1em;\"><i class=\"fa-regular fa-tags\"><\/i> Meilleurs Prix Direct \u00b7 <i class=\"fa-regular fa-shuffle\"><\/i> Tarifs Flexibles \u00b7 <i class=\"fa-regular fa-check\"><\/i> Confirmation Imm\u00e9diate de la R\u00e9servation \u00b7 <i class=\"fa-regular fa-lock\"><\/i> Paiement S\u00e9curis\u00e9<\/p>\n\t\t\n<style>\n#text-2351105826 {\n  text-align: center;\n}\n<\/style>\n\t<\/div>\n\t\n\n\t\t<\/div>\n\t\t\t\t\t<\/div>\n\n\t\n\n\t<div id=\"col-1294023170\" class=\"col medium-5 small-12 large-4\"  >\n\t\t\t\t<div class=\"col-inner text-center\"  >\n\t\t\t\n\t\t\t\n\n<a href=\"https:\/\/reservas.rocblanc.com\/rocblanc\/availability?lang=fr\" target=\"_blank\" class=\"button primary is-large box-shadow-2\" rel=\"noopener\">\n\t\t<span>r\u00e9server maintenant<\/span>\n\t<\/a>\n\n\n\n\t\t<\/div>\n\t\t\t\t\t<\/div>\n\n\t\n\n\n<style>\n#row-1210184458 > .col > .col-inner {\n  padding: 50px 20px 0px 20px;\n}\n@media (min-width:550px) {\n  #row-1210184458 > .col > .col-inner {\n    padding: 100px 0px 0px 0px;\n  }\n}\n<\/style>\n<\/div>\n\n\t\t<\/div>\n\n\t\t\n<style>\n#section_564090522 {\n  padding-top: 30px;\n  padding-bottom: 30px;\n}\n#section_564090522 .section-bg-overlay {\n  background-color: rgba(0, 0, 0, 0.6);\n}\n<\/style>\n\t<\/section>\n\t\n","protected":false},"excerpt":{"rendered":"","protected":false},"author":3,"featured_media":0,"parent":0,"menu_order":6,"comment_status":"closed","ping_status":"closed","template":"page-blank.php","meta":{"footnotes":""},"class_list":["post-1681","page","type-page","status-publish","hentry"],"_links":{"self":[{"href":"https:\/\/rocblanc.com\/fr\/wp-json\/wp\/v2\/pages\/1681","targetHints":{"allow":["GET"]}}],"collection":[{"href":"https:\/\/rocblanc.com\/fr\/wp-json\/wp\/v2\/pages"}],"about":[{"href":"https:\/\/rocblanc.com\/fr\/wp-json\/wp\/v2\/types\/page"}],"author":[{"embeddable":true,"href":"https:\/\/rocblanc.com\/fr\/wp-json\/wp\/v2\/users\/3"}],"replies":[{"embeddable":true,"href":"https:\/\/rocblanc.com\/fr\/wp-json\/wp\/v2\/comments?post=1681"}],"version-history":[{"count":0,"href":"https:\/\/rocblanc.com\/fr\/wp-json\/wp\/v2\/pages\/1681\/revisions"}],"wp:attachment":[{"href":"https:\/\/rocblanc.com\/fr\/wp-json\/wp\/v2\/media?parent=1681"}],"curies":[{"name":"wp","href":"https:\/\/api.w.org\/{rel}","templated":true}]}}