{"id":3588,"date":"2024-11-19T10:32:52","date_gmt":"2024-11-19T09:32:52","guid":{"rendered":"https:\/\/rocblanc.com\/hotel-animaux-acceptes-a-andorre\/"},"modified":"2026-05-11T16:33:15","modified_gmt":"2026-05-11T14:33:15","slug":"hotel-animaux-acceptes-a-andorre","status":"publish","type":"page","link":"https:\/\/rocblanc.com\/fr\/hotel-animaux-acceptes-a-andorre\/","title":{"rendered":"H\u00f4tel animaux accept\u00e9s \u00e0 Andorre"},"content":{"rendered":"\n\t<section class=\"section\" id=\"section_1179519131\">\n\t\t<div class=\"section-bg fill\" >\n\t\t\t\t\t\t\t\t\t<div class=\"section-bg-overlay absolute fill\"><\/div>\n\t\t\t\n\n\t\t<\/div>\n\n\t\t\n\n\t\t<div class=\"section-content relative\">\n\t\t\t\n<div class=\"row row-large align-middle\"  id=\"row-284780619\">\n\n\t<div id=\"col-933105617\" class=\"col medium-6 small-12 large-6\"  >\n\t\t\t\t<div class=\"col-inner text-left\"  >\n\t\t\t\n\t\t\t\n\t<div id=\"gap-283354391\" class=\"gap-element clearfix\" style=\"display:block; height:auto;\">\n\t\t\n<style>\n#gap-283354391 {\n  padding-top: 10px;\n}\n<\/style>\n\t<\/div>\n\t\n\t<div id=\"text-1696532217\" class=\"text nomargin\">\n\t\t\n<h1 data-line-height=\"m\">H\u00f4tel animaux admis \u00e0 Andorre<\/h1>\n\t\t\n<style>\n#text-1696532217 {\n  color: rgb(0,0,0);\n}\n#text-1696532217 > * {\n  color: rgb(0,0,0);\n}\n<\/style>\n\t<\/div>\n\t\n\t<div id=\"gap-1618850269\" class=\"gap-element clearfix\" style=\"display:block; height:auto;\">\n\t\t\n<style>\n#gap-1618850269 {\n  padding-top: 10px;\n}\n@media (min-width:550px) {\n  #gap-1618850269 {\n    padding-top: 30px;\n  }\n}\n<\/style>\n\t<\/div>\n\t\n\t<div id=\"text-2862704440\" class=\"text\">\n\t\t\n<p>Bienvenue \u00e0 <strong>l\u2019H\u00f4tel Roc Blanc<\/strong> ! Dans notre <strong>h\u00f4tel animaux admis \u00e0 Andorre<\/strong>, nous sommes fiers d\u2019accueillir nos h\u00f4tes ainsi que leurs fid\u00e8les compagnons \u00e0 quatre pattes. Nous savons que votre animal de compagnie fait partie de votre famille et c&rsquo;est pourquoi nous avons pr\u00e9par\u00e9 un espace accueillant o\u00f9 tout le monde peut vivre une exp\u00e9rience inoubliable.<\/p>\n<div><b>Prix <\/b>: 19 \u20ac par nuit et par animal (nettoyage, boisson et literie compris).<\/div>\n<div><b>Conditions :<\/b><\/div>\n<ul>\n<li>\n<div>Les animaux ne sont pas autoris\u00e9s \u00e0 rester seuls dans la chambre.<\/div>\n<\/li>\n<li>\n<div>Le personnel d&rsquo;entretien ne pourra pas effectuer de travaux d&rsquo;entretien lorsque des animaux se trouvent dans la chambre.<\/div>\n<\/li>\n<li>\n<div>Les animaux domestiques ont acc\u00e8s uniquement au salon du restaurant L&rsquo;Entrec\u00f4te au rez-de-chauss\u00e9e.<\/div>\n<\/li>\n<li>\n<div>Les animaux ne sont pas admis au buffet du petit-d\u00e9jeuner. Veuillez vous renseigner aupr\u00e8s de notre personnel pour conna\u00eetre les autres possibilit\u00e9s.<\/div>\n<\/li>\n<li>\n<div>Tout dommage, bris ou salissure caus\u00e9 par l&rsquo;animal de compagnie peut entra\u00eener un suppl\u00e9ment de prix.<\/div>\n<\/li>\n<\/ul>\n\t\t\n<style>\n#text-2862704440 {\n  font-size: 1.3rem;\n  line-height: 1.4;\n}\n<\/style>\n\t<\/div>\n\t\n\t<div id=\"gap-1424463541\" class=\"gap-element clearfix\" style=\"display:block; height:auto;\">\n\t\t\n<style>\n#gap-1424463541 {\n  padding-top: 0px;\n}\n@media (min-width:550px) {\n  #gap-1424463541 {\n    padding-top: 0px;\n  }\n}\n<\/style>\n\t<\/div>\n\t\n\t\t<\/div>\n\t\t\t\t\t<\/div>\n\n\t\n\n\t<div id=\"col-2095585360\" class=\"col medium-6 small-12 large-6 small-col-first\"  >\n\t\t\t\t<div class=\"col-inner\"  >\n\t\t\t\n\t\t\t\n<div class=\"slider-wrapper relative\" id=\"slider-232013900\" >\n    <div class=\"slider slider-nav-dots-dashes-spaced slider-nav-simple slider-nav-large slider-nav-dark slider-style-normal\"\n        data-flickity-options='{\n            \"cellAlign\": \"center\",\n            \"imagesLoaded\": true,\n            \"lazyLoad\": 1,\n            \"freeScroll\": false,\n            \"wrapAround\": true,\n            \"autoPlay\": 4000,\n            \"pauseAutoPlayOnHover\" : true,\n            \"prevNextButtons\": false,\n            \"contain\" : true,\n            \"adaptiveHeight\" : true,\n            \"dragThreshold\" : 10,\n            \"percentPosition\": true,\n            \"pageDots\": true,\n            \"rightToLeft\": false,\n            \"draggable\": true,\n            \"selectedAttraction\": 0.1,\n            \"parallax\" : 0,\n            \"friction\": 0.6        }'\n        >\n        \n\t<div class=\"img has-hover x md-x lg-x y md-y lg-y\" id=\"image_901471480\">\n\t\t\t\t\t\t\t\t<div class=\"img-inner image-cover dark\" style=\"padding-top:100%;\">\n\t\t\t<img decoding=\"async\" width=\"900\" height=\"766\" src=\"https:\/\/rocblanc.com\/wp-content\/uploads\/2024\/11\/hotel-pet-friendly-andorra.webp\" class=\"attachment-large size-large\" alt=\"\" srcset=\"https:\/\/rocblanc.com\/wp-content\/uploads\/2024\/11\/hotel-pet-friendly-andorra.webp 900w, https:\/\/rocblanc.com\/wp-content\/uploads\/2024\/11\/hotel-pet-friendly-andorra-300x255.webp 300w, https:\/\/rocblanc.com\/wp-content\/uploads\/2024\/11\/hotel-pet-friendly-andorra-768x654.webp 768w\" sizes=\"(max-width: 900px) 100vw, 900px\" \/>\t\t\t\t\t\t\n\t\t\t\t\t<\/div>\n\t\t\t\t\t\t\t\t\n<style>\n#image_901471480 {\n  width: 100%;\n}\n<\/style>\n\t<\/div>\n\t\n\t<div class=\"img has-hover x md-x lg-x y md-y lg-y\" id=\"image_48898132\">\n\t\t\t\t\t\t\t\t<div class=\"img-inner image-cover dark\" style=\"padding-top:100%;\">\n\t\t\t<img decoding=\"async\" width=\"1020\" height=\"573\" src=\"https:\/\/rocblanc.com\/wp-content\/uploads\/2024\/05\/hotel-cerca-de-caldea-roc-bla-andorra-1024x575.webp\" class=\"attachment-large size-large\" alt=\"hotel cerca de caldea con vistas a Caldea en andorra\" srcset=\"https:\/\/rocblanc.com\/wp-content\/uploads\/2024\/05\/hotel-cerca-de-caldea-roc-bla-andorra-1024x575.webp 1024w, https:\/\/rocblanc.com\/wp-content\/uploads\/2024\/05\/hotel-cerca-de-caldea-roc-bla-andorra-300x169.webp 300w, https:\/\/rocblanc.com\/wp-content\/uploads\/2024\/05\/hotel-cerca-de-caldea-roc-bla-andorra-768x432.webp 768w, https:\/\/rocblanc.com\/wp-content\/uploads\/2024\/05\/hotel-cerca-de-caldea-roc-bla-andorra-1536x863.webp 1536w, https:\/\/rocblanc.com\/wp-content\/uploads\/2024\/05\/hotel-cerca-de-caldea-roc-bla-andorra.webp 1600w\" sizes=\"(max-width: 1020px) 100vw, 1020px\" \/>\t\t\t\t\t\t\n\t\t\t\t\t<\/div>\n\t\t\t\t\t\t\t\t\n<style>\n#image_48898132 {\n  width: 100%;\n}\n<\/style>\n\t<\/div>\n\t\n\t<div class=\"img has-hover x md-x lg-x y md-y lg-y\" id=\"image_1827032308\">\n\t\t\t\t\t\t\t\t<div class=\"img-inner image-cover dark\" style=\"padding-top:100%;\">\n\t\t\t<img decoding=\"async\" width=\"1020\" height=\"574\" src=\"https:\/\/rocblanc.com\/wp-content\/uploads\/2023\/05\/double-bed-suite-roc-blanc-hotel-spa-andorra-1024x576.webp\" class=\"attachment-large size-large\" alt=\"\" srcset=\"https:\/\/rocblanc.com\/wp-content\/uploads\/2023\/05\/double-bed-suite-roc-blanc-hotel-spa-andorra-1024x576.webp 1024w, https:\/\/rocblanc.com\/wp-content\/uploads\/2023\/05\/double-bed-suite-roc-blanc-hotel-spa-andorra-300x169.webp 300w, https:\/\/rocblanc.com\/wp-content\/uploads\/2023\/05\/double-bed-suite-roc-blanc-hotel-spa-andorra-768x432.webp 768w, https:\/\/rocblanc.com\/wp-content\/uploads\/2023\/05\/double-bed-suite-roc-blanc-hotel-spa-andorra.webp 1500w\" sizes=\"(max-width: 1020px) 100vw, 1020px\" \/>\t\t\t\t\t\t\n\t\t\t\t\t<\/div>\n\t\t\t\t\t\t\t\t\n<style>\n#image_1827032308 {\n  width: 100%;\n}\n<\/style>\n\t<\/div>\n\t\n\t<div class=\"img has-hover x md-x lg-x y md-y lg-y\" id=\"image_1446562061\">\n\t\t\t\t\t\t\t\t<div class=\"img-inner image-cover dark\" style=\"padding-top:100%;\">\n\t\t\t<img decoding=\"async\" width=\"1020\" height=\"765\" src=\"https:\/\/rocblanc.com\/wp-content\/uploads\/2023\/09\/Romantic-Escape-Andorra-Hotel-Roc-Blanc-1024x768.webp\" class=\"attachment-large size-large\" alt=\"\" srcset=\"https:\/\/rocblanc.com\/wp-content\/uploads\/2023\/09\/Romantic-Escape-Andorra-Hotel-Roc-Blanc-1024x768.webp 1024w, https:\/\/rocblanc.com\/wp-content\/uploads\/2023\/09\/Romantic-Escape-Andorra-Hotel-Roc-Blanc-300x225.webp 300w, https:\/\/rocblanc.com\/wp-content\/uploads\/2023\/09\/Romantic-Escape-Andorra-Hotel-Roc-Blanc-768x576.webp 768w, https:\/\/rocblanc.com\/wp-content\/uploads\/2023\/09\/Romantic-Escape-Andorra-Hotel-Roc-Blanc.webp 1440w\" sizes=\"(max-width: 1020px) 100vw, 1020px\" \/>\t\t\t\t\t\t\n\t\t\t\t\t<\/div>\n\t\t\t\t\t\t\t\t\n<style>\n#image_1446562061 {\n  width: 100%;\n}\n<\/style>\n\t<\/div>\n\t\n     <\/div>\n\n     <div class=\"loading-spin dark large centered\"><\/div>\n\n\t<\/div>\n\n\n\t\t<\/div>\n\t\t\t\t\t<\/div>\n\n\t\n\n<style>\n#row-284780619 > .col > .col-inner {\n  padding: 0px 0px 0px 0px;\n}\n@media (min-width:550px) {\n  #row-284780619 > .col > .col-inner {\n    padding: 60px 0px 0px 0px;\n  }\n}\n<\/style>\n<\/div>\n\t\t<\/div>\n\n\t\t\n<style>\n#section_1179519131 {\n  padding-top: 0px;\n  padding-bottom: 0px;\n  background-color: rgb(193, 193, 193);\n}\n#section_1179519131 .section-bg-overlay {\n  background-color: rgba(255, 255, 255, 0.85);\n}\n<\/style>\n\t<\/section>\n\t\n\n\t<section class=\"section\" id=\"section_1236171093\">\n\t\t<div class=\"section-bg fill\" >\n\t\t\t\t\t\t\t\t\t<div class=\"section-bg-overlay absolute fill\"><\/div>\n\t\t\t\n\n\t\t<\/div>\n\n\t\t\n\n\t\t<div class=\"section-content relative\">\n\t\t\t\n<div class=\"row row-large align-middle align-center\"  id=\"row-1028871596\">\n\n\t<div id=\"col-78944386\" class=\"col small-12 large-12\"  >\n\t\t\t\t<div class=\"col-inner\"  >\n\t\t\t\n\t\t\t\n\t<div id=\"text-263918272\" class=\"text\">\n\t\t\n<h2>Conseils pour un s\u00e9jour parfait dans notre h\u00f4tel animaux admis \u00e0 Andorre<\/h2>\n\t\t\n<style>\n#text-263918272 {\n  text-align: left;\n}\n<\/style>\n\t<\/div>\n\t\n\t<div id=\"gap-2052995926\" class=\"gap-element clearfix\" style=\"display:block; height:auto;\">\n\t\t\n<style>\n#gap-2052995926 {\n  padding-top: 20px;\n}\n<\/style>\n\t<\/div>\n\t\n<h3><strong>1. Ne laissez jamais votre compagnon seul dans la chambre<\/strong><\/h3>\n<p>M\u00eame si vous souhaitez sortir un moment, nous vous demandons de ne pas laisser votre animal seul dans la chambre. Cela le rassurera et permettra \u00e0 notre personnel d\u2019acc\u00e9der \u00e0 la chambre en toute s\u00e9curit\u00e9. <\/p>\n<h3><strong>2. Toujours ensemble et tenu en laisse<\/strong><\/h3>\n<p>Pour le bien-\u00eatre de tous nos invit\u00e9s, il est essentiel que votre compagnon soit toujours tenu en laisse lors de vos d\u00e9placements dans l\u2019h\u00f4tel. Ainsi, chacun se sentira en s\u00e9curit\u00e9. <\/p>\n<h3><strong>3. Le lit, c\u2019est pour vous !<br \/><\/strong><\/h3>\n<p>Nous savons que votre animal a besoin d&rsquo;un endroit sp\u00e9cial pour se reposer.<\/p>\n<ul>\n<li>Si vous nous en informez lors de votre r\u00e9servation, vous trouverez dans votre chambre un lit et un abreuvoir pour votre animal, sans frais suppl\u00e9mentaires.<\/li>\n<li>Nous acceptons les animaux de <strong>toutes tailles et de tous poids<\/strong> : tous sont les bienvenus !<\/li>\n<li>Nous demandons \u00e0 votre compagnon \u00e0 fourrure de ne pas utiliser les draps et les serviettes. Si vous avez besoin de quoi que ce soit d&rsquo;autre, n&rsquo;h\u00e9sitez pas \u00e0 contacter la r\u00e9ception : nous sommes l\u00e0 pour vous aider. <\/li>\n<\/ul>\n<h3><strong>4. Respecter la tranquillit\u00e9 d&rsquo;esprit de chacun<\/strong><\/h3>\n<p>Il est important que votre animal de compagnie ne d\u00e9range pas le reste des clients dans les chambres adjacentes. La coexistence pacifique est notre priorit\u00e9. <\/p>\n<h3><strong>5. Espaces partag\u00e9s dans notre h\u00f4tel pour animaux en Andorre<\/strong><\/h3>\n<ul>\n<li>Vous pouvez profiter de moments avec votre animal dans le hall de l\u2019h\u00f4tel.<\/li>\n<li>Au restaurant <strong><a href=\"https:\/\/rocblanc.com\/fr\/gastronomie\/restaurant-entrecote-andorre\/\">L\u2019Entrecot<\/a><\/strong>, nous proposons des options pour partager des moments inoubliables pendant vos repas.<\/li>\n<li>Dans l\u2019espace caf\u00e9, nous pouvons pr\u00e9parer une table pour vous et votre animal (sous r\u00e9serve de disponibilit\u00e9).<\/li>\n<li>Si vous b\u00e9n\u00e9ficiez d\u2019un <a href=\"https:\/\/rocblanc.com\/fr\/gastronomie\/petit-dejeuner\/\">petit-d\u00e9jeuner<\/a> buffet inclus, adressez-vous \u00e0 notre personnel pour organiser un espace o\u00f9 vous pourrez en profiter avec votre fid\u00e8le compagnon.<\/li>\n<li>Notez que le <a href=\"https:\/\/rocblanc.com\/fr\/spa\/\">Spa <\/a>est un espace r\u00e9serv\u00e9 exclusivement aux personnes.<\/li>\n<\/ul>\n<h3><strong>6. Informations sur les co\u00fbts<\/strong><\/h3>\n<p>Le co\u00fbt par animal est de <strong>19 \u20ac par jour<\/strong>. Cette somme nous permet de vous offrir le meilleur service et les \u00e9l\u00e9ments essentiels pour que votre compagnon \u00e0 quatre pattes puisse profiter d&rsquo;un s\u00e9jour confortable. <\/p>\n<p>Nous faisons tout pour que votre s\u00e9jour soit parfait. Toutefois, tout incident ou dommage caus\u00e9 par votre animal en ne respectant pas ces consignes pourrait entra\u00eener des frais suppl\u00e9mentaires.<\/p>\n\t\t<\/div>\n\t\t\t\t\t<\/div>\n\n\t\n<\/div>\n<div class=\"row align-center\"  id=\"row-1890039363\">\n\n\t<div id=\"col-255741935\" class=\"col medium-7 small-12 large-7\"  >\n\t\t\t\t<div class=\"col-inner text-center\" style=\"background-color:#b39b6b;\" >\n\t\t\t\n\t\t\t\n\t<div id=\"text-1185901530\" class=\"text nomargin\">\n\t\t\n<h2>Profitez avec votre compagnon \u00e0 l\u2019H\u00f4tel Roc Blanc : <strong>h\u00f4tel animaux admis \u00e0 Andorre<\/strong><\/h2>\n\t\t\n<style>\n#text-1185901530 {\n  color: rgb(255,255,255);\n}\n#text-1185901530 > * {\n  color: rgb(255,255,255);\n}\n<\/style>\n\t<\/div>\n\t\n\t<div id=\"gap-1090996206\" class=\"gap-element clearfix\" style=\"display:block; height:auto;\">\n\t\t\n<style>\n#gap-1090996206 {\n  padding-top: 15px;\n}\n<\/style>\n\t<\/div>\n\t\n\t<div id=\"text-575913990\" class=\"text\">\n\t\t\n<p style=\"text-align: center;\"><span style=\"font-size: 120%;\">\u00c0 l\u2019H\u00f4tel Roc Blanc, nous sommes ravis de vous accueillir avec votre fid\u00e8le compagnon. Notre objectif est de faire de votre s\u00e9jour dans cet <strong>h\u00f4tel animaux admis \u00e0 Andorre<\/strong> un moment inoubliable pour toute votre famille. <\/span><\/p>\n<p>Pour plus d\u2019informations, n\u2019h\u00e9sitez pas \u00e0 nous appeler au <strong>+376 871 400 <\/strong>ou \u00e0 nous \u00e9crire \u00e0 hotelrocblanc@rocblanchotels.com.<\/p>\n\t\t\n<style>\n#text-575913990 {\n  color: rgb(255,255,255);\n}\n#text-575913990 > * {\n  color: rgb(255,255,255);\n}\n<\/style>\n\t<\/div>\n\t\n\t\t<\/div>\n\t\t\t\t\n<style>\n#col-255741935 > .col-inner {\n  padding: 30px 30px 30px 30px;\n}\n<\/style>\n\t<\/div>\n\n\t\n<\/div>\n\t\t<\/div>\n\n\t\t\n<style>\n#section_1236171093 {\n  padding-top: 20px;\n  padding-bottom: 20px;\n  background-color: rgb(193, 193, 193);\n}\n#section_1236171093 .section-bg-overlay {\n  background-color: rgba(255, 255, 255, 0.85);\n}\n<\/style>\n\t<\/section>\n\t\n\n\t<section class=\"section\" id=\"section_1372706542\">\n\t\t<div class=\"section-bg fill\" >\n\t\t\t\t\t\t\t\t\t<div class=\"section-bg-overlay absolute fill\"><\/div>\n\t\t\t\n\n\t\t<\/div>\n\n\t\t\n\n\t\t<div class=\"section-content relative\">\n\t\t\t\n<div class=\"row row-large align-middle\"  id=\"row-1782850978\">\n\n\t<div id=\"col-484071041\" class=\"col medium-6 small-12 large-6\"  >\n\t\t\t\t<div class=\"col-inner\"  >\n\t\t\t\n\t\t\t\n\t<div class=\"img has-hover x md-x lg-x y md-y lg-y\" id=\"image_717034492\">\n\t\t\t\t\t\t\t\t<div class=\"img-inner image-cover dark\" style=\"padding-top:120%;\">\n\t\t\t<img decoding=\"async\" width=\"1020\" height=\"681\" src=\"https:\/\/rocblanc.com\/wp-content\/uploads\/2024\/11\/hotel-pet-friendly-andorra-visitar-1024x684.jpg\" class=\"attachment-large size-large\" alt=\"\" srcset=\"https:\/\/rocblanc.com\/wp-content\/uploads\/2024\/11\/hotel-pet-friendly-andorra-visitar-1024x684.jpg 1024w, https:\/\/rocblanc.com\/wp-content\/uploads\/2024\/11\/hotel-pet-friendly-andorra-visitar-300x200.jpg 300w, https:\/\/rocblanc.com\/wp-content\/uploads\/2024\/11\/hotel-pet-friendly-andorra-visitar-768x513.jpg 768w, https:\/\/rocblanc.com\/wp-content\/uploads\/2024\/11\/hotel-pet-friendly-andorra-visitar-1536x1025.jpg 1536w, https:\/\/rocblanc.com\/wp-content\/uploads\/2024\/11\/hotel-pet-friendly-andorra-visitar-2048x1367.jpg 2048w\" sizes=\"(max-width: 1020px) 100vw, 1020px\" \/>\t\t\t\t\t\t\n\t\t\t\t\t<\/div>\n\t\t\t\t\t\t\t\t\n<style>\n#image_717034492 {\n  width: 100%;\n}\n<\/style>\n\t<\/div>\n\t\n\t\t<\/div>\n\t\t\t\t\t<\/div>\n\n\t\n\n\t<div id=\"col-1819901602\" class=\"col medium-6 small-12 large-6\"  >\n\t\t\t\t<div class=\"col-inner text-left\"  >\n\t\t\t\n\t\t\t\n\t<div id=\"gap-1924865108\" class=\"gap-element clearfix\" style=\"display:block; height:auto;\">\n\t\t\n<style>\n#gap-1924865108 {\n  padding-top: 10px;\n}\n<\/style>\n\t<\/div>\n\t\n\t<div id=\"gap-839836182\" class=\"gap-element clearfix\" style=\"display:block; height:auto;\">\n\t\t\n<style>\n#gap-839836182 {\n  padding-top: 10px;\n}\n<\/style>\n\t<\/div>\n\t\n\t<div id=\"text-844366033\" class=\"text nomargin\">\n\t\t\n<h2>Une aventure unique avec votre animal \u00e0 Andorre<\/h2>\n\t\t\n<style>\n#text-844366033 {\n  color: rgb(0,0,0);\n}\n#text-844366033 > * {\n  color: rgb(0,0,0);\n}\n<\/style>\n\t<\/div>\n\t\n\t<div id=\"gap-1051295604\" class=\"gap-element clearfix\" style=\"display:block; height:auto;\">\n\t\t\n<style>\n#gap-1051295604 {\n  padding-top: 10px;\n}\n<\/style>\n\t<\/div>\n\t\n\t<div id=\"text-3293120969\" class=\"text\">\n\t\t\n<p>Andorre est une destination id\u00e9ale pour d\u00e9couvrir la nature avec votre compagnon \u00e0 quatre pattes. Entour\u00e9e de paysages montagneux majestueux, cette petite principaut\u00e9 offre une multitude de lieux en plein air o\u00f9 votre animal pourra courir, explorer et jouer librement. <\/p>\n<ul>\n<li><strong>Parcs pour chiens :<\/strong> \u00c0 proximit\u00e9 de l\u2019h\u00f4tel, vous trouverez des espaces sp\u00e9cialement am\u00e9nag\u00e9s pour les animaux, avec des zones s\u00e9curis\u00e9es o\u00f9 votre compagnon pourra se divertir et socialiser avec d\u2019autres chiens.<\/li>\n<li><strong>Sentiers et itin\u00e9raires naturels :<\/strong> d\u00e9couvrez <a href=\"https:\/\/rocblanc.com\/fr\/experiences\/itineraire-andorre-la-vieille\/\">les meilleurs itin\u00e9raires d&rsquo;Andorre-la-Vieille <\/a> gr\u00e2ce aux nombreux sentiers et itin\u00e9raires accessibles aux animaux de compagnie. Des promenades tranquilles dans la vall\u00e9e aux itin\u00e9raires plus aventureux dans les montagnes, il y a des options pour tous les niveaux d&rsquo;\u00e9nergie. N&rsquo;oubliez pas d&rsquo;apporter de l&rsquo;eau et des friandises \u00e0 votre compagnon \u00e0 quatre pattes, il adorera la promenade !  <\/li>\n<li><strong>Coins parfaits pour se d\u00e9tendre : <\/strong>Si vous pr\u00e9f\u00e9rez un moment de calme, il existe de nombreuses zones vertes o\u00f9 vous pourrez vous asseoir et profiter de la nature pendant que votre animal se repose \u00e0 vos c\u00f4t\u00e9s.<\/li>\n<\/ul>\n<p>Avec autant de choses \u00e0 explorer, votre fid\u00e8le compagnon vivra une exp\u00e9rience unique dans un cadre m\u00ealant d\u00e9tente, amusement et beaut\u00e9 naturelle.<\/p>\n\t\t\n<style>\n#text-3293120969 {\n  font-size: 1.3rem;\n  line-height: 1.4;\n}\n<\/style>\n\t<\/div>\n\t\n\t<div id=\"gap-1806245199\" class=\"gap-element clearfix\" style=\"display:block; height:auto;\">\n\t\t\n<style>\n#gap-1806245199 {\n  padding-top: 30px;\n}\n@media (min-width:550px) {\n  #gap-1806245199 {\n    padding-top: 0px;\n  }\n}\n<\/style>\n\t<\/div>\n\t\n\t\t<\/div>\n\t\t\t\t\t<\/div>\n\n\t\n\n<style>\n#row-1782850978 > .col > .col-inner {\n  padding: 0px 0px 0px 0px;\n}\n@media (min-width:550px) {\n  #row-1782850978 > .col > .col-inner {\n    padding: 20px 0px 0px 0px;\n  }\n}\n<\/style>\n<\/div>\n\n\t<section class=\"section\" id=\"section_1165475610\">\n\t\t<div class=\"section-bg fill\" >\n\t\t\t\t\t\t\t\t\t\n\t\t\t\n\n\t\t<\/div>\n\n\t\t\n\n\t\t<div class=\"section-content relative\">\n\t\t\t\n\n<div class=\"container section-title-container\" ><h3 class=\"section-title section-title-center\"><b aria-hidden=\"true\"><\/b><span class=\"section-title-main\" >Emplacement<\/span><b aria-hidden=\"true\"><\/b><\/h3><\/div>\n\n<div class=\"row row-collapse align-middle align-center\" style=\"max-width:80%\" id=\"row-570299694\">\n\n\n\t<div id=\"col-1788453974\" class=\"col medium-5 small-12 large-5\"  >\n\t\t\t\t<div class=\"col-inner\"  >\n\t\t\t\n\t\t\t\n\n\t<div id=\"text-1964307215\" class=\"text\">\n\t\t\n\n<h2>Roc Blanc Hotel &amp; Spa<\/h2>\n\t\t\n<style>\n#text-1964307215 {\n  text-align: center;\n}\n<\/style>\n\t<\/div>\n\t\n<div class=\"text-center\"><div class=\"is-divider divider clearfix\" style=\"height:2px;\"><\/div><\/div>\n\n<div class=\"row row-small\"  id=\"row-306214569\">\n\n\n\t<div id=\"col-31653139\" class=\"col medium-12 small-12 large-6\"  >\n\t\t\t\t<div class=\"col-inner\"  >\n\t\t\t\n\t\t\t\n\n\t<div id=\"text-1586980145\" class=\"text\">\n\t\t\n\n<strong>Pla\u00e7a Copr\u00ednceps, 5<\/strong>\r\nAD700 Escaldes-Engordany\r\nAndorra\r\n\r\n<em>Notre<a href=\"https:\/\/rocblanc.com\/fr\/hotel-4-etoiles-andorre\/\">h\u00f4tel 4 \u00e9toiles<\/a> est situ\u00e9 dans le centre-ville, dans le quartier <a href=\"https:\/\/rocblanc.com\/fr\/hotel-escaldes-engordany\/\">Escaldes-Engordany<\/a> d'<a href=\"https:\/\/rocblanc.com\/fr\">Andorre-la-Vieille<\/a>, sur la c\u00e9l\u00e8bre Pla\u00e7a Copr\u00ednceps, \u00e0 proximit\u00e9 imm\u00e9diate de la rue commer\u00e7ante et du centre thermal <a href=\"\/\">Caldea<\/a>.<\/em>\r\n\r\n<a href=\"https:\/\/rocblanc.com\/fr\/emplacement\/\">Emplacement et acc\u00e8s<\/a>\n\t\t\n<style>\n#text-1586980145 {\n  text-align: center;\n}\n<\/style>\n\t<\/div>\n\t\n\n\t\t<\/div>\n\t\t\t\t\t<\/div>\n\n\t\n\n\t<div id=\"col-1831107363\" class=\"col medium-12 small-12 large-6\"  >\n\t\t\t\t<div class=\"col-inner\"  >\n\t\t\t\n\t\t\t\n\n<h4><i class=\"fa-solid fa-hotel\"><\/i> ROC BLANC HOTEL &amp; SPA<\/h4>\n<p><i class=\"fa-regular fa-bag-shopping\"><\/i> The Shopping Mile - 50 m<\/p>\n<p><i class=\"fa-regular fa-bag-shopping\"><\/i> Centre Comercial Illa Carlemany - 350 m<\/p>\n<p><i class=\"fa-regular fa-spa\"><\/i> Caldea Spa - 350 m<\/p>\n<p><i class=\"fa-regular fa-location-pin\"><\/i> Andorre-la-Vieille - 500 m<\/p>\n<p><i class=\"fa-solid fa-person-skiing\"><\/i> Ski Bus Stop - 20 m<\/p>\n<p><i class=\"fa-solid fa-person-skiing\"><\/i> Vall Nord - 9 Km<\/p>\n\n\t\t<\/div>\n\t\t\t\t\t<\/div>\n\n\t\n\n<\/div>\n\n\t\t<\/div>\n\t\t\t\t\n<style>\n#col-1788453974 > .col-inner {\n  padding: 5% 5% 5% 5%;\n}\n<\/style>\n\t<\/div>\n\n\t\n\n\t<div id=\"col-1201926102\" class=\"col medium-7 small-12 large-7\"  >\n\t\t\t\t<div class=\"col-inner text-center\"  >\n\t\t\t\n\t\t\t\n\n\t<div class=\"img has-hover x md-x lg-x y md-y lg-y\" id=\"image_1455811955\">\n\t\t<a class=\"\" href=\"https:\/\/g.co\/kgs\/aXSWsu3\" target=\"_blank\" rel=\"noopener\" >\t\t\t\t\t\t<div class=\"img-inner box-shadow-3 dark\" >\n\t\t\t<img decoding=\"async\" width=\"768\" height=\"576\" src=\"https:\/\/rocblanc.com\/wp-content\/uploads\/2024\/04\/hotel-roc-blanc-andorra-location-1-768x576.jpg\" class=\"attachment-medium_large size-medium_large\" alt=\"\" srcset=\"https:\/\/rocblanc.com\/wp-content\/uploads\/2024\/04\/hotel-roc-blanc-andorra-location-1-768x576.jpg 768w, https:\/\/rocblanc.com\/wp-content\/uploads\/2024\/04\/hotel-roc-blanc-andorra-location-1-300x225.jpg 300w, https:\/\/rocblanc.com\/wp-content\/uploads\/2024\/04\/hotel-roc-blanc-andorra-location-1.jpg 800w\" sizes=\"(max-width: 768px) 100vw, 768px\" \/>\t\t\t\t\t\t\n\t\t\t\t\t<\/div>\n\t\t\t\t\t\t<\/a>\t\t\n<style>\n#image_1455811955 {\n  width: 85%;\n}\n<\/style>\n\t<\/div>\n\t\n\n\n\t\t<\/div>\n\t\t\t\t\t<\/div>\n\n\t\n\n<\/div>\n\n\t\t<\/div>\n\n\t\t\n<style>\n#section_1165475610 {\n  padding-top: 30px;\n  padding-bottom: 30px;\n}\n<\/style>\n\t<\/section>\n\t\n\t\t<\/div>\n\n\t\t\n<style>\n#section_1372706542 {\n  padding-top: 0px;\n  padding-bottom: 0px;\n  background-color: rgb(193, 193, 193);\n}\n#section_1372706542 .section-bg-overlay {\n  background-color: rgba(255, 255, 255, 0.85);\n}\n<\/style>\n\t<\/section>\n\t\n","protected":false},"excerpt":{"rendered":"","protected":false},"author":10,"featured_media":3580,"parent":0,"menu_order":0,"comment_status":"closed","ping_status":"closed","template":"page-blank.php","meta":{"footnotes":""},"class_list":["post-3588","page","type-page","status-publish","has-post-thumbnail","hentry"],"_links":{"self":[{"href":"https:\/\/rocblanc.com\/fr\/wp-json\/wp\/v2\/pages\/3588","targetHints":{"allow":["GET"]}}],"collection":[{"href":"https:\/\/rocblanc.com\/fr\/wp-json\/wp\/v2\/pages"}],"about":[{"href":"https:\/\/rocblanc.com\/fr\/wp-json\/wp\/v2\/types\/page"}],"author":[{"embeddable":true,"href":"https:\/\/rocblanc.com\/fr\/wp-json\/wp\/v2\/users\/10"}],"replies":[{"embeddable":true,"href":"https:\/\/rocblanc.com\/fr\/wp-json\/wp\/v2\/comments?post=3588"}],"version-history":[{"count":0,"href":"https:\/\/rocblanc.com\/fr\/wp-json\/wp\/v2\/pages\/3588\/revisions"}],"wp:featuredmedia":[{"embeddable":true,"href":"https:\/\/rocblanc.com\/fr\/wp-json\/wp\/v2\/media\/3580"}],"wp:attachment":[{"href":"https:\/\/rocblanc.com\/fr\/wp-json\/wp\/v2\/media?parent=3588"}],"curies":[{"name":"wp","href":"https:\/\/api.w.org\/{rel}","templated":true}]}}