{"id":4289,"date":"2025-09-02T16:56:40","date_gmt":"2025-09-02T14:56:40","guid":{"rendered":"https:\/\/rocblanc.com\/terapias-faciales-en-andorra-la-vella\/"},"modified":"2025-09-02T17:08:32","modified_gmt":"2025-09-02T15:08:32","slug":"soins-du-visage-a-andorre-la-vieille","status":"publish","type":"page","link":"https:\/\/rocblanc.com\/fr\/soins-du-visage-a-andorre-la-vieille\/","title":{"rendered":"Soins du visage \u00e0 Andorre-la-Vieille"},"content":{"rendered":"\n\t<section class=\"section dark\" id=\"section_1280195520\">\n\t\t<div class=\"section-bg fill\" >\n\t\t\t<img decoding=\"async\" width=\"1500\" height=\"998\" src=\"https:\/\/rocblanc.com\/wp-content\/uploads\/2024\/08\/tratamientos-faciales-andorra-la-vella.webp\" class=\"bg attachment-original size-original\" alt=\"tratamientos faciales andorra la vella\" \/>\t\t\t\t\t\t<div class=\"section-bg-overlay absolute fill\"><\/div>\n\t\t\t\n\n\t\t<\/div>\n\n\t\t\n\n\t\t<div class=\"section-content relative\">\n\t\t\t\n<div class=\"row row-full-width align-center\"  id=\"row-245302360\">\n\n\t<div id=\"col-1401263473\" class=\"col medium-8 small-12 large-8\"  >\n\t\t\t\t<div class=\"col-inner\"  >\n\t\t\t\n\t\t\t\n\t<div id=\"text-2575176811\" class=\"text\">\n\t\t\n<h1 class=\"uppercase\">SOINS DU VISAGE \u00c0 ANDORRE-LA-VIEILLE<\/h1>\n<p>Prenez soin de votre peau avec les meilleurs traitements et soins du visage \u00e0 Andorre-la-Vieille<br \/>\n\t\t\n<style>\n#text-2575176811 {\n  line-height: 2.2;\n  text-align: center;\n}\n<\/style>\n\t<\/div>\n\t\n\t\t<\/div>\n\t\t\t\t\t<\/div>\n\n\t\n<\/div>\n\t\t<\/div>\n\n\t\t\n<style>\n#section_1280195520 {\n  padding-top: 0px;\n  padding-bottom: 0px;\n  min-height: 400px;\n}\n#section_1280195520 .section-bg-overlay {\n  background-color: rgba(0, 0, 0, 0.436);\n}\n#section_1280195520 .section-bg img {\n  object-position: 49% 60%;\n}\n<\/style>\n\t<\/section>\n\t\n\n\t<section class=\"section\" id=\"section_995959443\">\n\t\t<div class=\"section-bg fill\" >\n\t\t\t\t\t\t\t\t\t\n\t\t\t\n\n\t\t<\/div>\n\n\t\t\n\n\t\t<div class=\"section-content relative\">\n\t\t\t\n<div class=\"row align-center\"  id=\"row-1562428376\">\n\n\t<div id=\"col-1883062311\" class=\"col medium-10 small-12 large-10\"  >\n\t\t\t\t<div class=\"col-inner box-shadow-2\" style=\"background-color:rgb(255, 255, 255);\" >\n\t\t\t\n\t\t\t\n\t<div id=\"text-159458877\" class=\"text\">\n\t\t\n<p>D\u00e9couvrez une vari\u00e9t\u00e9 exceptionnelle de traitements et de soins du visage dans notre spa exclusif \u00e0 Andorre-la-Vieille. Des nettoyages profonds et de la revitalisation pour les peaux ternes aux th\u00e9rapies avanc\u00e9es au collag\u00e8ne et \u00e0 la diathermie avec effet lifting, chaque traitement est con\u00e7u pour rajeunir et revitaliser votre peau. <\/p>\n<p>D\u00e9couvrez le luxe des soins du visage dans un environnement qui allie bien-\u00eatre et r\u00e9sultats visibles.<br \/>\n\t\t\n<style>\n#text-159458877 {\n  text-align: center;\n}\n<\/style>\n\t<\/div>\n\t\n\t\t<\/div>\n\t\t\t\t\n<style>\n#col-1883062311 > .col-inner {\n  padding: 20px 20px 20px 20px;\n  margin: -50px 0px 0px 0px;\n}\n<\/style>\n\t<\/div>\n\n\t\n<\/div>\n\t\t<\/div>\n\n\t\t\n<style>\n#section_995959443 {\n  padding-top: 0px;\n  padding-bottom: 0px;\n}\n<\/style>\n\t<\/section>\n\t\n\n\t<section class=\"section\" id=\"section_891547319\">\n\t\t<div class=\"section-bg fill\" >\n\t\t\t\t\t\t\t\t\t\n\t\t\t\n\n\t\t<\/div>\n\n\t\t\n\n\t\t<div class=\"section-content relative\">\n\t\t\t\n<div class=\"row row-small align-middle align-center\"  id=\"row-1366360398\">\n\n\t<div id=\"col-2139470867\" class=\"col medium-12 small-12 large-5\"  >\n\t\t\t\t<div class=\"col-inner\"  >\n\t\t\t\n\t\t\t\n<h2>NOS TH\u00c9RAPIES FACIALES EN ANDORRE<\/h2>\n\t<div id=\"gap-898823687\" class=\"gap-element clearfix\" style=\"display:block; height:auto;\">\n\t\t\n<style>\n#gap-898823687 {\n  padding-top: 15px;\n}\n@media (min-width:850px) {\n  #gap-898823687 {\n    padding-top: 30px;\n  }\n}\n<\/style>\n\t<\/div>\n\t\n<p><strong>NETTOYAGE PURIFIANT <\/strong><br \/>Nettoyage facial profond avec des produits \u00e0 base d&rsquo;eau thermale, id\u00e9al pour purifier, revitaliser et \u00e9quilibrer la peau. <br \/><i class=\"fa-regular fa-clock-rotate-left\"><\/i> 60 min <i class=\"fa-regular fa-tags\"><\/i> 95 \u20ac<\/p>\n<p><strong>TH\u00c9RAPIE AU CAVIAR<\/strong><br \/>Traitement hautement hydratant et illuminateur au caviar + eau thermale pour une nutrition faciale intense. <br \/><i class=\"fa-regular fa-clock-rotate-left\"><\/i> 60 min <i class=\"fa-regular fa-tags\"><\/i> 95 \u20ac<\/p>\n<p><strong>DIATHERMIE EFFET LIFTING<\/strong><br \/>Traitement complet avec radiofr\u00e9quence et produits \u00e0 base d&rsquo;eau thermale, r\u00e9duit les rides d&rsquo;expression en am\u00e9liorant visiblement l&rsquo;apparence de la peau. <br \/>75 min 135 \u20ac<\/p>\n<\/p>\n\t\t<\/div>\n\t\t\t\t\n<style>\n#col-2139470867 > .col-inner {\n  padding: 0px 0px 0px 0;\n}\n@media (min-width:850px) {\n  #col-2139470867 > .col-inner {\n    padding: 0px 5% 0px 0px;\n  }\n}\n<\/style>\n\t<\/div>\n\n\t\n\n\t<div id=\"col-1745504672\" class=\"col medium-6 small-12 large-6 small-col-first\"  >\n\t\t\t\t<div class=\"col-inner text-center\"  >\n\t\t\t\n\t\t\t\n\n  <div class=\"banner has-hover is-full-height\" id=\"banner-919230734\">\n          <div class=\"banner-inner fill\">\n        <div class=\"banner-bg fill\" >\n            <img decoding=\"async\" width=\"683\" height=\"1024\" src=\"https:\/\/rocblanc.com\/wp-content\/uploads\/2024\/08\/tratamientos-faciales-andorra-la-vella-683x1024.jpg\" class=\"bg attachment-large size-large\" alt=\"\" \/>                                    \n                    <\/div>\n\t\t\n        <div class=\"banner-layers container\">\n            <div class=\"fill banner-link\"><\/div>            \n   <div id=\"text-box-2091871108\" class=\"text-box banner-layer x50 md-x50 lg-x50 y50 md-y50 lg-y50 res-text\">\n                                <div class=\"text-box-content text dark\">\n              \n              <div class=\"text-inner text-center\">\n                  \n              <\/div>\n           <\/div>\n                            \n<style>\n#text-box-2091871108 {\n  width: 60%;\n}\n#text-box-2091871108 .text-box-content {\n  font-size: 100%;\n}\n@media (min-width:550px) {\n  #text-box-2091871108 {\n    width: 60%;\n  }\n}\n<\/style>\n    <\/div>\n \n        <\/div>\n      <\/div>\n\n            \n<style>\n#banner-919230734 {\n  padding-top: 99.99%;\n  background-color: rgb(255, 255, 255);\n}\n@media (min-width:550px) {\n  #banner-919230734 {\n    padding-top: 400px;\n  }\n}\n@media (min-width:850px) {\n  #banner-919230734 {\n    padding-top: 100%;\n  }\n}\n<\/style>\n  <\/div>\n\n\n\t\t<\/div>\n\t\t\t\t\t<\/div>\n\n\t\n<\/div>\n\t<div id=\"gap-1745839498\" class=\"gap-element clearfix\" style=\"display:block; height:auto;\">\n\t\t\n<style>\n#gap-1745839498 {\n  padding-top: 0px;\n}\n@media (min-width:550px) {\n  #gap-1745839498 {\n    padding-top: 50px;\n  }\n}\n<\/style>\n\t<\/div>\n\t\n\t\t<\/div>\n\n\t\t\n<style>\n#section_891547319 {\n  padding-top: 0px;\n  padding-bottom: 0px;\n}\n@media (min-width:550px) {\n  #section_891547319 {\n    padding-top: 10px;\n    padding-bottom: 10px;\n  }\n}\n<\/style>\n\t<\/section>\n\t\n\n\t<section class=\"section\" id=\"section_237021186\">\n\t\t<div class=\"section-bg fill\" >\n\t\t\t\t\t\t\t\t\t\n\t\t\t\n\n\t\t<\/div>\n\n\t\t\n\n\t\t<div class=\"section-content relative\">\n\t\t\t\n<span class=\"scroll-to\" data-label=\"Scroll to: #b-rituals\" data-bullet=\"false\" data-link=\"#b-rituals\" data-title=\"b-rituals\"><a name=\"b-rituals\"><\/a><\/span>\n<div class=\"row row-small align-middle align-center\"  id=\"row-1891031428\">\n\n\t<div id=\"col-1885935783\" class=\"col medium-6 small-12 large-6 small-col-first\"  >\n\t\t\t\t<div class=\"col-inner text-center\"  >\n\t\t\t\n\t\t\t\n\n  <div class=\"banner has-hover\" id=\"banner-1322185709\">\n          <div class=\"banner-inner fill\">\n        <div class=\"banner-bg fill\" >\n            <img decoding=\"async\" width=\"900\" height=\"600\" src=\"https:\/\/rocblanc.com\/wp-content\/uploads\/2024\/08\/tratamientos-faciales-andorra-la-vella-2.webp\" class=\"bg attachment-large size-large\" alt=\"\" \/>                                    \n                    <\/div>\n\t\t\n        <div class=\"banner-layers container\">\n            <div class=\"fill banner-link\"><\/div>            \n   <div id=\"text-box-1701309990\" class=\"text-box banner-layer x50 md-x50 lg-x50 y50 md-y50 lg-y50 res-text\">\n                                <div class=\"text-box-content text dark\">\n              \n              <div class=\"text-inner text-center\">\n                  \n              <\/div>\n           <\/div>\n                            \n<style>\n#text-box-1701309990 {\n  width: 60%;\n}\n#text-box-1701309990 .text-box-content {\n  font-size: 100%;\n}\n@media (min-width:550px) {\n  #text-box-1701309990 {\n    width: 60%;\n  }\n}\n<\/style>\n    <\/div>\n \n        <\/div>\n      <\/div>\n\n            \n<style>\n#banner-1322185709 {\n  padding-top: 99.99%;\n  background-color: rgb(255, 255, 255);\n}\n@media (min-width:550px) {\n  #banner-1322185709 {\n    padding-top: 400px;\n  }\n}\n@media (min-width:850px) {\n  #banner-1322185709 {\n    padding-top: 500px;\n  }\n}\n<\/style>\n  <\/div>\n\n\n\t\t<\/div>\n\t\t\t\t\t<\/div>\n\n\t\n\n\t<div id=\"col-1451954047\" class=\"col medium-12 small-12 large-5\"  >\n\t\t\t\t<div class=\"col-inner\"  >\n\t\t\t\n\t\t\t\n\t<div id=\"gap-662647238\" class=\"gap-element clearfix\" style=\"display:block; height:auto;\">\n\t\t\n<style>\n#gap-662647238 {\n  padding-top: 15px;\n}\n@media (min-width:850px) {\n  #gap-662647238 {\n    padding-top: 30px;\n  }\n}\n<\/style>\n\t<\/div>\n\t\n<h2>R\u00c9SERVEZ VOTRE SOIN DU VISAGE \u00c0 ANDORRE<\/h2>\n<p>Pr\u00eat \u00e0 revitaliser votre peau et \u00e0 profiter d&rsquo;un moment de d\u00e9tente ? Il n&rsquo;y a pas de meilleur endroit que le Roc Blanc Hotel &amp; Spa, o\u00f9 nos soins du visage ont \u00e9t\u00e9 soigneusement con\u00e7us pour offrir des r\u00e9sultats exceptionnels et une exp\u00e9rience de bien-\u00eatre compl\u00e8te. <\/p>\n<p>N&rsquo;attendez plus pour vous offrir les soins que vous m\u00e9ritez. R\u00e9servez votre soin du visage \u00e0 Andorre-la-Vieille appelant le <a href=\"http:\/\/+376%20871%20400\">+376 871 400<\/a> ou en \u00e9crivant \u00e0 <a href=\"mailto:holisticwellness@rocblanchotels.com\"> terma@rocblanchotels.com<\/a> <\/p>\n<p>Nous vous attendons pour vous offrir une exp\u00e9rience unique de relaxation et de rajeunissement !<\/p>\n\t<div id=\"gap-21536141\" class=\"gap-element clearfix\" style=\"display:block; height:auto;\">\n\t\t\n<style>\n#gap-21536141 {\n  padding-top: 30px;\n}\n<\/style>\n\t<\/div>\n\t\n\t\t<\/div>\n\t\t\t\t\n<style>\n#col-1451954047 > .col-inner {\n  padding: 0px 0px 0px 0;\n}\n@media (min-width:850px) {\n  #col-1451954047 > .col-inner {\n    padding: 0px 0px 0px 5%;\n  }\n}\n<\/style>\n\t<\/div>\n\n\t\n<\/div>\n\t<div id=\"gap-1407084322\" class=\"gap-element clearfix\" style=\"display:block; height:auto;\">\n\t\t\n<style>\n#gap-1407084322 {\n  padding-top: 0px;\n}\n@media (min-width:550px) {\n  #gap-1407084322 {\n    padding-top: 50px;\n  }\n}\n<\/style>\n\t<\/div>\n\t\n\t\t<\/div>\n\n\t\t\n<style>\n#section_237021186 {\n  padding-top: 0px;\n  padding-bottom: 0px;\n}\n@media (min-width:550px) {\n  #section_237021186 {\n    padding-top: 10px;\n    padding-bottom: 10px;\n  }\n}\n<\/style>\n\t<\/section>\n\t\n","protected":false},"excerpt":{"rendered":"","protected":false},"author":10,"featured_media":0,"parent":0,"menu_order":0,"comment_status":"closed","ping_status":"closed","template":"","meta":{"footnotes":""},"class_list":["post-4289","page","type-page","status-publish","hentry"],"_links":{"self":[{"href":"https:\/\/rocblanc.com\/fr\/wp-json\/wp\/v2\/pages\/4289","targetHints":{"allow":["GET"]}}],"collection":[{"href":"https:\/\/rocblanc.com\/fr\/wp-json\/wp\/v2\/pages"}],"about":[{"href":"https:\/\/rocblanc.com\/fr\/wp-json\/wp\/v2\/types\/page"}],"author":[{"embeddable":true,"href":"https:\/\/rocblanc.com\/fr\/wp-json\/wp\/v2\/users\/10"}],"replies":[{"embeddable":true,"href":"https:\/\/rocblanc.com\/fr\/wp-json\/wp\/v2\/comments?post=4289"}],"version-history":[{"count":0,"href":"https:\/\/rocblanc.com\/fr\/wp-json\/wp\/v2\/pages\/4289\/revisions"}],"wp:attachment":[{"href":"https:\/\/rocblanc.com\/fr\/wp-json\/wp\/v2\/media?parent=4289"}],"curies":[{"name":"wp","href":"https:\/\/api.w.org\/{rel}","templated":true}]}}